{"id":6705,"date":"2024-08-26T08:55:00","date_gmt":"2024-08-26T08:55:00","guid":{"rendered":"https:\/\/www.bc-maps.com\/mapa-vectorial-eps\/almassera-valencia-mapa-vectorial-illustrator-eps-ai-cc-2\/"},"modified":"2024-10-19T08:52:09","modified_gmt":"2024-10-19T08:52:09","slug":"benimanet-valencia-mapa-vectorial-illustrator-eps-ai-cc","status":"publish","type":"page","link":"https:\/\/www.bc-maps.com\/mapa-vectorial-eps\/benimanet-valencia-mapa-vectorial-illustrator-eps-ai-cc\/","title":{"rendered":"Benimanet mapa vectorial Illustrator eps ai CC"},"content":{"rendered":"<h1>Planos y mapas vectoriales de <strong>Benimanet<\/strong>, Valencia<\/h1>\n<h2>Mapas vectoriales editables estructurados con capas de <strong>Benimanet<\/strong><\/h2>\n<h3>Planos vectoriales de ciudades de la provincia de Valencia<\/h3>\n<p><strong>Benimanet<\/strong>\u00a0mapa vectorial <strong>illustrator<\/strong>, podemos crear cualquier tipo de mapa del municipio, planos parciales, planos generales, planos de detalle, \u2026etc.<\/p>\n<p>En el caso de necesitar un <strong>mapa tur\u00edstico impreso<\/strong> podemos realizar todas las fases del proceso desde la creaci\u00f3n del dise\u00f1o a la entrega de un producto ya impreso totalmente personalizado, \u00a0formato plegable, talonarios e incluso en versi\u00f3n mural.<\/p>\n<p>Los mapas vectoriales se entregan en formatos editables <a href=\"http:\/\/www.adobe.es\">adobe<\/a> illustrator, eps.<\/p>\n<figure id=\"attachment_6707\" aria-describedby=\"caption-attachment-6707\" style=\"width: 300px\" class=\"wp-caption alignnone\"><a href=\"https:\/\/www.bc-maps.com\/wp-content\/uploads\/2024\/10\/Benimanet-mapa-vectorial-illustrator-eps.jpg\" target=\"_blank\" rel=\"noopener\"><img loading=\"lazy\" decoding=\"async\" class=\"Benimanet mapa vectorial illustrator eps wp-image-6707 size-medium\" title=\"Benimanet mapa vectorial illustrator eps\" src=\"https:\/\/www.bc-maps.com\/wp-content\/uploads\/2024\/10\/Benimanet-mapa-vectorial-illustrator-eps-300x242.jpg\" alt=\"Benimanet mapa vectorial illustrator eps\" width=\"300\" height=\"242\" srcset=\"https:\/\/www.bc-maps.com\/wp-content\/uploads\/2024\/10\/Benimanet-mapa-vectorial-illustrator-eps-300x242.jpg 300w, https:\/\/www.bc-maps.com\/wp-content\/uploads\/2024\/10\/Benimanet-mapa-vectorial-illustrator-eps-1024x825.jpg 1024w, https:\/\/www.bc-maps.com\/wp-content\/uploads\/2024\/10\/Benimanet-mapa-vectorial-illustrator-eps-768x619.jpg 768w, https:\/\/www.bc-maps.com\/wp-content\/uploads\/2024\/10\/Benimanet-mapa-vectorial-illustrator-eps-1536x1237.jpg 1536w, https:\/\/www.bc-maps.com\/wp-content\/uploads\/2024\/10\/Benimanet-mapa-vectorial-illustrator-eps.jpg 1701w\" sizes=\"auto, (max-width: 300px) 100vw, 300px\" \/><\/a><figcaption id=\"caption-attachment-6707\" class=\"wp-caption-text\">Benimanet mapa vectorial illustrator eps<\/figcaption><\/figure>\n<figure id=\"attachment_6709\" aria-describedby=\"caption-attachment-6709\" style=\"width: 300px\" class=\"wp-caption alignnone\"><a href=\"https:\/\/www.bc-maps.com\/wp-content\/uploads\/2024\/10\/Benimanet-mapa-vectorial-illustrator-eps-zoom.jpg\" target=\"_blank\" rel=\"noopener\"><img loading=\"lazy\" decoding=\"async\" class=\"Benimanet mapa vectorial illustrator eps zoom wp-image-6709 size-medium\" title=\"Benimanet mapa vectorial illustrator eps zoom\" src=\"https:\/\/www.bc-maps.com\/wp-content\/uploads\/2024\/10\/Benimanet-mapa-vectorial-illustrator-eps-zoom-300x300.jpg\" alt=\"Benimanet mapa vectorial illustrator eps zoom\" width=\"300\" height=\"300\" srcset=\"https:\/\/www.bc-maps.com\/wp-content\/uploads\/2024\/10\/Benimanet-mapa-vectorial-illustrator-eps-zoom-300x300.jpg 300w, https:\/\/www.bc-maps.com\/wp-content\/uploads\/2024\/10\/Benimanet-mapa-vectorial-illustrator-eps-zoom-150x150.jpg 150w, https:\/\/www.bc-maps.com\/wp-content\/uploads\/2024\/10\/Benimanet-mapa-vectorial-illustrator-eps-zoom-768x766.jpg 768w, https:\/\/www.bc-maps.com\/wp-content\/uploads\/2024\/10\/Benimanet-mapa-vectorial-illustrator-eps-zoom.jpg 1021w\" sizes=\"auto, (max-width: 300px) 100vw, 300px\" \/><\/a><figcaption id=\"caption-attachment-6709\" class=\"wp-caption-text\">Benimanet mapa vectorial illustrator eps zoom<\/figcaption><\/figure>\n<p><strong>Benim\u00e0met<\/strong> es un pedan\u00eda de Valencia que antes era un municipio independiente, ofrece varios puntos de inter\u00e9s hist\u00f3rico y cultural. La Iglesia de la Virgen de los Desamparados es uno de los edificios m\u00e1s destacados, con su bella arquitectura. Adem\u00e1s, el antiguo lavadero, restaurado y conservado, es un testimonio de la vida rural de anta\u00f1o. Benim\u00e0met tambi\u00e9n cuenta con el Parque Lineal, un amplio espacio verde ideal para el ocio al aire libre. El barrio celebra festividades tradicionales, como las Fallas y las fiestas en honor a la Virgen de los Desamparados, que re\u00fanen a la comunidad local en eventos culturales.<\/p>\n<p>El contenido de informaci\u00f3n depender\u00e1 del tama\u00f1o de la zona y la escala o medidas de reproducci\u00f3n, ya que no trabajamos con textos inferiores a 5 puntos para que sean legibles.<\/p>\n<p>La informaci\u00f3n disponible va desde\u00a0monumentos, lugares de inter\u00e9s y populares, museos, oficinas de turismo, centros comerciales, medios de transporte.<\/p>\n<p>Tambi\u00e9n podemos a\u00f1adir cualquier otra informaci\u00f3n pr\u00e1ctica que nos soliciten ustedes.<\/p>\n<p>Nuestros mapas est\u00e1n estructurados por medio de capas y son totalmente editables, modificables, \u00a0tanto \u00a0colores y\u00a0fuentes\/textos.<\/p>\n<p>Nuestro ficheros\u00a0son libres de derechos para cualquier reproducci\u00f3n, incluyendo nuestro copyright.<\/p>\n<p>Los mapas est\u00e1n creados con licencias oficiales de programas de Adobe, habitualmente entregamos en version CC, pero podemos entregar tambi\u00e9n en otras versiones.<\/p>\n","protected":false},"excerpt":{"rendered":"<p>Planos y mapas vectoriales de Benimanet, Valencia Mapas vectoriales editables estructurados con capas de Benimanet Planos vectoriales de ciudades de la provincia de Valencia Benimanet\u00a0mapa vectorial illustrator, podemos crear cualquier tipo de mapa del municipio, planos parciales, planos generales, planos de detalle, \u2026etc. En el caso de necesitar un mapa tur\u00edstico impreso podemos realizar todas &hellip; <a href=\"https:\/\/www.bc-maps.com\/mapa-vectorial-eps\/benimanet-valencia-mapa-vectorial-illustrator-eps-ai-cc\/\" class=\"more-link\">Seguir leyendo <span class=\"screen-reader-text\">Benimanet mapa vectorial Illustrator eps ai CC<\/span> <span class=\"meta-nav\">&rarr;<\/span><\/a><\/p>\n","protected":false},"author":1,"featured_media":6707,"parent":0,"menu_order":0,"comment_status":"closed","ping_status":"closed","template":"","meta":{"footnotes":""},"class_list":["post-6705","page","type-page","status-publish","has-post-thumbnail","hentry"],"_links":{"self":[{"href":"https:\/\/www.bc-maps.com\/mapa-vectorial-eps\/wp-json\/wp\/v2\/pages\/6705","targetHints":{"allow":["GET"]}}],"collection":[{"href":"https:\/\/www.bc-maps.com\/mapa-vectorial-eps\/wp-json\/wp\/v2\/pages"}],"about":[{"href":"https:\/\/www.bc-maps.com\/mapa-vectorial-eps\/wp-json\/wp\/v2\/types\/page"}],"author":[{"embeddable":true,"href":"https:\/\/www.bc-maps.com\/mapa-vectorial-eps\/wp-json\/wp\/v2\/users\/1"}],"replies":[{"embeddable":true,"href":"https:\/\/www.bc-maps.com\/mapa-vectorial-eps\/wp-json\/wp\/v2\/comments?post=6705"}],"version-history":[{"count":3,"href":"https:\/\/www.bc-maps.com\/mapa-vectorial-eps\/wp-json\/wp\/v2\/pages\/6705\/revisions"}],"predecessor-version":[{"id":6854,"href":"https:\/\/www.bc-maps.com\/mapa-vectorial-eps\/wp-json\/wp\/v2\/pages\/6705\/revisions\/6854"}],"wp:featuredmedia":[{"embeddable":true,"href":"https:\/\/www.bc-maps.com\/mapa-vectorial-eps\/wp-json\/wp\/v2\/media\/6707"}],"wp:attachment":[{"href":"https:\/\/www.bc-maps.com\/mapa-vectorial-eps\/wp-json\/wp\/v2\/media?parent=6705"}],"curies":[{"name":"wp","href":"https:\/\/api.w.org\/{rel}","templated":true}]}}