{"id":6690,"date":"2024-08-26T08:55:00","date_gmt":"2024-08-26T08:55:00","guid":{"rendered":"https:\/\/www.bc-maps.com\/mapa-vectorial-eps\/albalat-de-sorells-valencia-mapa-vectorial-illustrator-eps-ai-cc-2\/"},"modified":"2024-10-19T08:48:26","modified_gmt":"2024-10-19T08:48:26","slug":"alboraia-alboraya-valencia-mapa-vectorial-illustrator-eps-ai-cc","status":"publish","type":"page","link":"https:\/\/www.bc-maps.com\/mapa-vectorial-eps\/alboraia-alboraya-valencia-mapa-vectorial-illustrator-eps-ai-cc\/","title":{"rendered":"Alboraia \/ Alboraya mapa vectorial Illustrator eps ai CC"},"content":{"rendered":"<h1>Planos y mapas vectoriales de <strong>Alboraia \/ Alboraya<\/strong>, Valencia<\/h1>\n<h2>Mapas vectoriales editables estructurados con capas de <strong>Alboraia \/ Alboraya<\/strong><\/h2>\n<h3>Planos vectoriales de ciudades de la provincia de Valencia<\/h3>\n<p><strong>Alboraia \/ Alboraya<\/strong> mapa vectorial <strong>illustrator<\/strong>, podemos crear cualquier tipo de mapa del municipio, planos parciales, planos generales, planos de detalle, \u2026etc.<\/p>\n<p>En el caso de necesitar un <strong>mapa tur\u00edstico impreso<\/strong> podemos realizar todas las fases del proceso desde la creaci\u00f3n del dise\u00f1o a la entrega de un producto ya impreso totalmente personalizado, \u00a0formato plegable, talonarios e incluso en versi\u00f3n mural.<\/p>\n<p>Los mapas vectoriales se entregan en formatos editables <a href=\"http:\/\/www.adobe.es\">adobe<\/a> illustrator, eps.<\/p>\n<figure id=\"attachment_6693\" aria-describedby=\"caption-attachment-6693\" style=\"width: 266px\" class=\"wp-caption alignnone\"><img loading=\"lazy\" decoding=\"async\" class=\"size-medium wp-image-6693\" src=\"https:\/\/www.bc-maps.com\/wp-content\/uploads\/2024\/10\/AlboraiaAlboraya-mapa-vectorial-illustrator-eps-266x300.jpg\" alt=\"Alboraia \/ Alboraya mapa vectorial illustrator eps\" width=\"266\" height=\"300\" srcset=\"https:\/\/www.bc-maps.com\/wp-content\/uploads\/2024\/10\/AlboraiaAlboraya-mapa-vectorial-illustrator-eps-266x300.jpg 266w, https:\/\/www.bc-maps.com\/wp-content\/uploads\/2024\/10\/AlboraiaAlboraya-mapa-vectorial-illustrator-eps-908x1024.jpg 908w, https:\/\/www.bc-maps.com\/wp-content\/uploads\/2024\/10\/AlboraiaAlboraya-mapa-vectorial-illustrator-eps-768x866.jpg 768w, https:\/\/www.bc-maps.com\/wp-content\/uploads\/2024\/10\/AlboraiaAlboraya-mapa-vectorial-illustrator-eps-1362x1536.jpg 1362w, https:\/\/www.bc-maps.com\/wp-content\/uploads\/2024\/10\/AlboraiaAlboraya-mapa-vectorial-illustrator-eps.jpg 1508w\" sizes=\"auto, (max-width: 266px) 100vw, 266px\" \/><figcaption id=\"caption-attachment-6693\" class=\"wp-caption-text\">Alboraia \/ Alboraya mapa vectorial illustrator eps<\/figcaption><\/figure>\n<p>El municipio de <strong>Alboraia\/Alboraya<\/strong> se encuentra \u00a0en la comarca de l&#8217;Horta Nord, Valencia, es conocida por su rica huerta y su tradicional horchata. Entre sus lugares de inter\u00e9s destaca la Iglesia Parroquial de la Asunci\u00f3n, un bello ejemplo de arquitectura neocl\u00e1sica. El Palacio de Arzobispo es otro sitio relevante, una antigua residencia noble del siglo XVIII. La huerta de Alboraya es ideal para paseos entre campos de chufa, mientras que la zona costera de Port Saplaya, conocida como la \u00abVenecia valenciana\u00bb, ofrece un pintoresco puerto y playas. Adem\u00e1s, se puede visitar el Museo de la Horchata y la Chufa para conocer la historia de esta bebida t\u00edpica<\/p>\n<p>El contenido de informaci\u00f3n depender\u00e1 del tama\u00f1o de la zona y la escala o medidas de reproducci\u00f3n, ya que no trabajamos con textos inferiores a 5 puntos para que sean legibles.<\/p>\n<p>La informaci\u00f3n disponible va desde\u00a0monumentos, lugares de inter\u00e9s y populares, museos, oficinas de turismo, centros comerciales, medios de transporte.<\/p>\n<p>Tambi\u00e9n podemos a\u00f1adir cualquier otra informaci\u00f3n pr\u00e1ctica que nos soliciten ustedes.<\/p>\n<p>Nuestros mapas est\u00e1n estructurados por medio de capas y son totalmente editables, modificables, \u00a0tanto \u00a0colores y\u00a0fuentes\/textos.<\/p>\n<p>Nuestro ficheros\u00a0son libres de derechos para cualquier reproducci\u00f3n, incluyendo nuestro copyright.<\/p>\n<p>Los mapas est\u00e1n creados con licencias oficiales de programas de Adobe, habitualmente entregamos en version CC, pero podemos entregar tambi\u00e9n en otras versiones.<\/p>\n","protected":false},"excerpt":{"rendered":"<p>Planos y mapas vectoriales de Alboraia \/ Alboraya, Valencia Mapas vectoriales editables estructurados con capas de Alboraia \/ Alboraya Planos vectoriales de ciudades de la provincia de Valencia Alboraia \/ Alboraya mapa vectorial illustrator, podemos crear cualquier tipo de mapa del municipio, planos parciales, planos generales, planos de detalle, \u2026etc. En el caso de necesitar &hellip; <a href=\"https:\/\/www.bc-maps.com\/mapa-vectorial-eps\/alboraia-alboraya-valencia-mapa-vectorial-illustrator-eps-ai-cc\/\" class=\"more-link\">Seguir leyendo <span class=\"screen-reader-text\">Alboraia \/ Alboraya mapa vectorial Illustrator eps ai CC<\/span> <span class=\"meta-nav\">&rarr;<\/span><\/a><\/p>\n","protected":false},"author":1,"featured_media":6693,"parent":0,"menu_order":0,"comment_status":"closed","ping_status":"closed","template":"","meta":{"footnotes":""},"class_list":["post-6690","page","type-page","status-publish","has-post-thumbnail","hentry"],"_links":{"self":[{"href":"https:\/\/www.bc-maps.com\/mapa-vectorial-eps\/wp-json\/wp\/v2\/pages\/6690","targetHints":{"allow":["GET"]}}],"collection":[{"href":"https:\/\/www.bc-maps.com\/mapa-vectorial-eps\/wp-json\/wp\/v2\/pages"}],"about":[{"href":"https:\/\/www.bc-maps.com\/mapa-vectorial-eps\/wp-json\/wp\/v2\/types\/page"}],"author":[{"embeddable":true,"href":"https:\/\/www.bc-maps.com\/mapa-vectorial-eps\/wp-json\/wp\/v2\/users\/1"}],"replies":[{"embeddable":true,"href":"https:\/\/www.bc-maps.com\/mapa-vectorial-eps\/wp-json\/wp\/v2\/comments?post=6690"}],"version-history":[{"count":3,"href":"https:\/\/www.bc-maps.com\/mapa-vectorial-eps\/wp-json\/wp\/v2\/pages\/6690\/revisions"}],"predecessor-version":[{"id":6849,"href":"https:\/\/www.bc-maps.com\/mapa-vectorial-eps\/wp-json\/wp\/v2\/pages\/6690\/revisions\/6849"}],"wp:featuredmedia":[{"embeddable":true,"href":"https:\/\/www.bc-maps.com\/mapa-vectorial-eps\/wp-json\/wp\/v2\/media\/6693"}],"wp:attachment":[{"href":"https:\/\/www.bc-maps.com\/mapa-vectorial-eps\/wp-json\/wp\/v2\/media?parent=6690"}],"curies":[{"name":"wp","href":"https:\/\/api.w.org\/{rel}","templated":true}]}}