{"id":6672,"date":"2019-04-23T10:36:49","date_gmt":"2019-04-23T10:36:49","guid":{"rendered":"https:\/\/www.bc-maps.com\/mapa-vectorial-eps\/provincia-castellon-municipios-illustrator-2\/"},"modified":"2024-11-28T11:56:32","modified_gmt":"2024-11-28T11:56:32","slug":"provincia-valencia-municipios-illustrator","status":"publish","type":"page","link":"https:\/\/www.bc-maps.com\/mapa-vectorial-eps\/provincia-valencia-municipios-illustrator\/","title":{"rendered":"Municipios de la provincia de Valencia mapas vectoriales"},"content":{"rendered":"<h1>Mapas vectoriales editables de carreteras y comarcas de Valencia<\/h1>\n<h2>Mapa Vectorial de municipios de Valencia en eps, illustrator, pdf y cartografia digital.<\/h2>\n<p><img loading=\"lazy\" decoding=\"async\" class=\"alignnone  wp-image-3248\" src=\"https:\/\/www.bc-maps.com\/wp-content\/uploads\/2014\/03\/COMUNIDAD-VALENCIA-CONTROL-COURIER-164x300.jpg\" alt=\"\" width=\"291\" height=\"532\" srcset=\"https:\/\/www.bc-maps.com\/wp-content\/uploads\/2014\/03\/COMUNIDAD-VALENCIA-CONTROL-COURIER-164x300.jpg 164w, https:\/\/www.bc-maps.com\/wp-content\/uploads\/2014\/03\/COMUNIDAD-VALENCIA-CONTROL-COURIER-559x1024.jpg 559w\" sizes=\"auto, (max-width: 291px) 100vw, 291px\" \/><\/p>\n<p>BC Maps elabora su cartograf\u00eda digital \u00a0y sus mapas vectoriales adapt\u00e1ndose a la necesidad de cada cliente.<\/p>\n<figure id=\"attachment_6944\" aria-describedby=\"caption-attachment-6944\" style=\"width: 333px\" class=\"wp-caption alignnone\"><a href=\"https:\/\/www.bc-maps.com\/wp-content\/uploads\/2024\/11\/Mapa-municipios-Comarcas-Valencia-vectorial-illustrator-eps.jpg\" target=\"_blank\" rel=\"noopener\"><img loading=\"lazy\" decoding=\"async\" class=\"wp-image-6944\" title=\"Mapa municipios Comarcas Valencia vectorial illustrator eps\" src=\"https:\/\/www.bc-maps.com\/wp-content\/uploads\/2024\/11\/Mapa-municipios-Comarcas-Valencia-vectorial-illustrator-eps-300x273.jpg\" alt=\"Mapa municipios Comarcas Valencia vectorial illustrator eps\" width=\"333\" height=\"303\" srcset=\"https:\/\/www.bc-maps.com\/wp-content\/uploads\/2024\/11\/Mapa-municipios-Comarcas-Valencia-vectorial-illustrator-eps-300x273.jpg 300w, https:\/\/www.bc-maps.com\/wp-content\/uploads\/2024\/11\/Mapa-municipios-Comarcas-Valencia-vectorial-illustrator-eps-1024x932.jpg 1024w, https:\/\/www.bc-maps.com\/wp-content\/uploads\/2024\/11\/Mapa-municipios-Comarcas-Valencia-vectorial-illustrator-eps-768x699.jpg 768w, https:\/\/www.bc-maps.com\/wp-content\/uploads\/2024\/11\/Mapa-municipios-Comarcas-Valencia-vectorial-illustrator-eps-1536x1397.jpg 1536w, https:\/\/www.bc-maps.com\/wp-content\/uploads\/2024\/11\/Mapa-municipios-Comarcas-Valencia-vectorial-illustrator-eps-2048x1863.jpg 2048w\" sizes=\"auto, (max-width: 333px) 100vw, 333px\" \/><\/a><figcaption id=\"caption-attachment-6944\" class=\"wp-caption-text\">Mapa municipios Comarcas Valencia vectorial illustrator eps<\/figcaption><\/figure>\n<p style=\"font-weight: 400;\">Municipios de Valencia :<\/p>\n<p style=\"font-weight: 400;\">Ademuz, Ador, Agullent, Aielo de Malferit, Aielo de Rugat, Ayora, Alaqu\u00e0s, Albaida, Albal, Albalat de la Ribera, <a href=\"https:\/\/www.bc-maps.com\/mapa-vectorial-eps\/albalat-de-sorells-valencia-mapa-vectorial-illustrator-eps-ai-cc\/\">Albalat dels Sorells<\/a>, Albalat dels Tarongers, Alberic, <a href=\"https:\/\/www.bc-maps.com\/mapa-vectorial-eps\/alboraia-alboraya-valencia-mapa-vectorial-illustrator-eps-ai-cc\/\">Alboraia\/Alboraya<\/a>, Alborache, <a href=\"https:\/\/www.bc-maps.com\/mapa-vectorial-eps\/albuixech-valencia-mapa-vectorial-illustrator-eps-ai-cc\/\">Albuixech<\/a>, Alc\u00e0ntera de X\u00faquer, Alc\u00e0sser, Alcublas, l&#8217;Alc\u00fadia,<\/p>\n<p style=\"font-weight: 400;\">l&#8217;Alc\u00fadia de Crespins, Aldaia, Alfafar, Alfara de la Baronia, Alfara del Patriarca, Alfarb, Alfarras\u00ed, Alfauir, Algar de Palancia, Algemes\u00ed, Alg\u00edmia d&#8217;Alfara, Alginet, <a href=\"https:\/\/www.bc-maps.com\/mapa-vectorial-eps\/almassera-valencia-mapa-vectorial-illustrator-eps-ai-cc\/\">Alm\u00e0ssera,<\/a> Almiser\u00e0, Almoines, Almussafes, Alpuente, l&#8217;Alqueria de la Comtessa, Alzira, Andilla, Anna, Antella,<\/p>\n<p style=\"font-weight: 400;\">Aras de los Olmos, Atzeneta d&#8217;Albaida, Barx, Barxeta, B\u00e8lgida, Bellreguard, Bell\u00fas, Benaguasil, Benag\u00e9ber, Benavites, Beneixida, Benet\u00fasser, Beniarj\u00f3, Beniatjar, Benicolet, Benicull de X\u00faquer, Benifai\u00f3, Benifair\u00f3 de la Valldigna, Benifair\u00f3 de les Valls, Benifl\u00e1, Benig\u00e0nim, Benimodo, Benimuslem, Beniparrell, Benirredr\u00e0,<\/p>\n<p style=\"font-weight: 400;\">Benissan\u00f3, Benissoda, Benissuera, <a href=\"https:\/\/www.bc-maps.com\/mapa-vectorial-eps\/betera-valencia-mapa-vectorial-illustrator-eps-ai-cc\/\">B\u00e9tera<\/a>, Bicorp, Bocairent, Bolbaite, <a href=\"https:\/\/www.bc-maps.com\/mapa-vectorial-eps\/bon-repos-i-mirambell-valencia-mapa-vectorial-illustrator-eps-ai-cc\/\">Bonrep\u00f2s i Mirambell,<\/a> Bufali, Bugarra, Bu\u00f1ol, <a href=\"https:\/\/www.bc-maps.com\/mapa-vectorial-eps\/burjassot-valencia-mapa-vectorial-illustrator-eps-ai-cc\/\">Burjassot<\/a>, Calles, Camporrobles, Canals, Canet d&#8217;en Berenguer, Carcaixent, C\u00e0rcer, Carlet, Carr\u00edcola, Casas Altas, Casas Bajas, Casinos, Castielfabib, Castell\u00f3,<\/p>\n<p style=\"font-weight: 400;\">Castell\u00f3 de Rugat, Castellonet de la Conquesta, Catadau, Catarroja, Caudete de las Fuentes, Cerd\u00e0, Cofrentes, Corbera, Cortes de Pall\u00e1s, Cotes, Cullera, Daim\u00fas, Dome\u00f1o, Dos Aguas, <a href=\"https:\/\/www.bc-maps.com\/mapa-vectorial-eps\/eliana-valencia-mapa-vectorial-illustrator-eps-ai-cc\/\">l&#8217;Eliana<\/a>, Emperador, Enguera, l&#8217;\u00c9nova, Estivella, Estubeny, Faura, Favara,<\/p>\n<p style=\"font-weight: 400;\">Higueruelas, <a href=\"https:\/\/www.bc-maps.com\/mapa-vectorial-eps\/foios-valencia-mapa-vectorial-illustrator-eps-ai-cc\/\">Foios<\/a>, la Font de la Figuera, la Font d&#8217;en Carr\u00f2s, Fontanars dels Alforins, Fortaleny, Fuenterrobles, Gandia, G\u00e1tova, Gavarda, el Genov\u00e9s, Gilet, <a href=\"https:\/\/www.bc-maps.com\/mapa-vectorial-eps\/godella-valencia-mapa-vectorial-illustrator-eps-ai-cc\/\">Godella<\/a>, Godelleta, la Granja de la Costera,<\/p>\n<p style=\"font-weight: 400;\">Guadass\u00e9quies, Guadassuar, Guardamar de la Safor, Y\u00e1tova, La Yesa, Llanera de Ranes, Llaur\u00ed, Ll\u00edria, Llocnou d&#8217;en Fenollet, Llocnou de la Corona, Llocnou de Sant Jeroni, Llombai, la Llosa de Ranes,<\/p>\n<p style=\"font-weight: 400;\">Losa del Obispo, Llutxent, Loriguilla, Macastre, <a href=\"https:\/\/www.bc-maps.com\/mapa-vectorial-eps\/manises-valencia-mapa-vectorial-illustrator-eps-ai-cc\/\">Manises<\/a>, Manuel, Marines, Massalav\u00e9s, <a href=\"https:\/\/www.bc-maps.com\/mapa-vectorial-eps\/massalfassar-valencia-mapa-vectorial-illustrator-eps-ai-cc\/\">Massalfassar,<\/a> <a href=\"https:\/\/www.bc-maps.com\/mapa-vectorial-eps\/massamagrell-valencia-mapa-vectorial-illustrator-eps-ai-cc\/\">Massamagrell,<\/a> Massanassa,<\/p>\n<p style=\"font-weight: 400;\"><a href=\"https:\/\/www.bc-maps.com\/mapa-vectorial-eps\/meliana-valencia-mapa-vectorial-illustrator-eps-ai-cc\/\">Meliana,<\/a> Millares, Miramar, <a href=\"https:\/\/www.bc-maps.com\/mapa-vectorial-eps\/mislata-valencia-mapa-vectorial-illustrator-eps-ai-cc\/\">Mislata<\/a>, Moixent \/ Mogente, Montaverner, <a href=\"https:\/\/www.bc-maps.com\/mapa-vectorial-eps\/moncada-montcada-valencia-mapa-vectorial-illustrator-eps-ai-cc\/\">Moncada<\/a>, Montesa, Montitxelvo\/Montichelvo, Montroi\/Montroy, Montserrat, <a href=\"https:\/\/www.bc-maps.com\/mapa-vectorial-eps\/museros-valencia-mapa-vectorial-illustrator-eps-ai-cc\/\">Museros,<\/a> N\u00e0quera\/N\u00e1quera, Navarr\u00e9s, Novetl\u00e8 \/ Novel\u00e9, Oliva, l&#8217;Olleria, Olocau, Ontinyent, Otos, Paiporta,<\/p>\n<p style=\"font-weight: 400;\">Palma de Gandia, Palmera, el Palomar, <a href=\"https:\/\/www.bc-maps.com\/mapa-vectorial-eps\/paterna-valencia-mapa-vectorial-illustrator-eps-ai-cc\/\">Paterna<\/a>, Pedralba, Petr\u00e9s, Picanya, Picassent, Piles, Pinet, <a href=\"https:\/\/www.bc-maps.com\/mapa-vectorial-eps\/la-pobla-de-farnals-valencia-mapa-vectorial-illustrator-eps-ai-cc\/\">la Pobla de Farnals<\/a>, <span style=\"font-size: revert;\">Puebla de San Miguel, <a href=\"https:\/\/www.bc-maps.com\/mapa-vectorial-eps\/la-pobla-de-vallbona-valencia-mapa-vectorial-illustrator-eps-ai-cc\/\">la Pobla de Vallbona<\/a>, la Pobla del Duc, la Pobla Llarga, Poliny\u00e0 de X\u00faquer, Potries, Pu\u00e7ol, <a href=\"https:\/\/www.bc-maps.com\/mapa-vectorial-eps\/el-puig-de-santa-maria-valencia-mapa-vectorial-illustrator-eps-ai-cc\/\">el Puig de Santa Maria<\/a>, Quart de les Valls, <a href=\"https:\/\/www.bc-maps.com\/mapa-vectorial-eps\/quart-de-poblet-valencia-mapa-vectorial-illustrator-eps-ai-cc\/\">Quart de Poblet<\/a>, Quartell, Quatretonda, <\/span><\/p>\n<p style=\"font-weight: 400;\"><span style=\"font-size: revert;\">Quesa, <a href=\"https:\/\/www.bc-maps.com\/mapa-vectorial-eps\/rafelbunyol-valencia-mapa-vectorial-illustrator-eps-ai-cc\/\">Rafelbunyol<\/a>, Rafelcofer, Rafelguaraf, R\u00e1fol de Salem, Real, el Real de Gandia, Requena, Riba-roja de T\u00faria, Riola, <a href=\"http:\/\/Rocafort\" data-wplink-url-error=\"true\">Rocafort<\/a>,<\/span>Rotgl\u00e0 i Corber\u00e0, R\u00f2tova, Rugat, Sagunt \/ Sagunto, Salem, <a href=\"https:\/\/www.bc-maps.com\/mapa-vectorial-eps\/sant-antoni-de-benagerer-valencia-mapa-vectorial-illustrator-eps-ai-cc\/\">San Antoni de Benag\u00e9ber<\/a>, Sant Joanet, Sedav\u00ed, Segart, Sellent,<\/p>\n<p style=\"font-weight: 400;\">Sempere, Senyera, Serra, Siete Aguas, Silla, Simat de la Valldigna, Sinarcas, Sollana, Sot de Chera, Sueca, Sumac\u00e0rcer, <a href=\"https:\/\/www.bc-maps.com\/mapa-vectorial-eps\/tavernes-blanques-valencia-mapa-vectorial-illustrator-eps-ai-cc\/\">Tavernes Blanques<\/a>, Tavernes de la Valldigna, Teresa de Cofrentes, Terrateig, Titaguas,<\/p>\n<p style=\"font-weight: 400;\">Tu\u00e9jar, Tur\u00eds, Torrebaja, Torrella, Torrent, Torres Torres, Tous, Utiel, <a href=\"https:\/\/www.bc-maps.com\/mapa-vectorial-eps\/mapas-vectoriales\/espana\/ciudades\/valencia-ilustrator-general\/\">Val\u00e8ncia<\/a>, Vallada, Vallanca, Vall\u00e9s, Venta del Moro, Vilallonga\/Villalonga, Vilamarxant, Villar del Arzobispo, Villargordo del Cabriel, Vinalesa, Jalance, Jarafuel, X\u00e0tiva, Chella,<\/p>\n<p style=\"font-weight: 400;\">Chelva, Chera, Xeraco, Xeresa, Cheste, Gestalgar, Xirivella, Chiva, Chulilla, Zarra.<\/p>\n<p>El mapa vectorial municipios de Valencia se entrega siempre totalmente editable, <a href=\"http:\/\/www.adobe.es\">adobe illustrator<\/a>, eps, freehand, corel o pdf, svg.<\/p>\n<p>Para facilitar los cambios los mapas vectoriales est\u00e1n estructurados por medio de capas de informaci\u00f3n.<\/p>\n<p>Tambi\u00e9n podemos realizar un mapa de carreteras a diferentes escalas, variando por tanto el nivel de detalle y contenido de informaci\u00f3n.<\/p>\n<p>La opci\u00f3n del mapa de la provincia con la divisi\u00f3n en municipios y comarcas puede ayudar en delimitar zonas de influencia.<\/p>\n<p>Asimismo para trabajo de marketing e implementaci\u00f3n comercial de las empresas en nuevos mercados.<\/p>\n","protected":false},"excerpt":{"rendered":"<p>Mapas vectoriales editables de carreteras y comarcas de Valencia Mapa Vectorial de municipios de Valencia en eps, illustrator, pdf y cartografia digital. BC Maps elabora su cartograf\u00eda digital \u00a0y sus mapas vectoriales adapt\u00e1ndose a la necesidad de cada cliente. Municipios de Valencia : Ademuz, Ador, Agullent, Aielo de Malferit, Aielo de Rugat, Ayora, Alaqu\u00e0s, Albaida, &hellip; <a href=\"https:\/\/www.bc-maps.com\/mapa-vectorial-eps\/provincia-valencia-municipios-illustrator\/\" class=\"more-link\">Seguir leyendo <span class=\"screen-reader-text\">Municipios de la provincia de Valencia mapas vectoriales<\/span> <span class=\"meta-nav\">&rarr;<\/span><\/a><\/p>\n","protected":false},"author":1,"featured_media":6944,"parent":0,"menu_order":0,"comment_status":"closed","ping_status":"closed","template":"","meta":{"footnotes":""},"class_list":["post-6672","page","type-page","status-publish","has-post-thumbnail","hentry"],"_links":{"self":[{"href":"https:\/\/www.bc-maps.com\/mapa-vectorial-eps\/wp-json\/wp\/v2\/pages\/6672","targetHints":{"allow":["GET"]}}],"collection":[{"href":"https:\/\/www.bc-maps.com\/mapa-vectorial-eps\/wp-json\/wp\/v2\/pages"}],"about":[{"href":"https:\/\/www.bc-maps.com\/mapa-vectorial-eps\/wp-json\/wp\/v2\/types\/page"}],"author":[{"embeddable":true,"href":"https:\/\/www.bc-maps.com\/mapa-vectorial-eps\/wp-json\/wp\/v2\/users\/1"}],"replies":[{"embeddable":true,"href":"https:\/\/www.bc-maps.com\/mapa-vectorial-eps\/wp-json\/wp\/v2\/comments?post=6672"}],"version-history":[{"count":7,"href":"https:\/\/www.bc-maps.com\/mapa-vectorial-eps\/wp-json\/wp\/v2\/pages\/6672\/revisions"}],"predecessor-version":[{"id":6946,"href":"https:\/\/www.bc-maps.com\/mapa-vectorial-eps\/wp-json\/wp\/v2\/pages\/6672\/revisions\/6946"}],"wp:featuredmedia":[{"embeddable":true,"href":"https:\/\/www.bc-maps.com\/mapa-vectorial-eps\/wp-json\/wp\/v2\/media\/6944"}],"wp:attachment":[{"href":"https:\/\/www.bc-maps.com\/mapa-vectorial-eps\/wp-json\/wp\/v2\/media?parent=6672"}],"curies":[{"name":"wp","href":"https:\/\/api.w.org\/{rel}","templated":true}]}}