{"id":662,"date":"2012-05-09T16:50:15","date_gmt":"2012-05-09T16:50:15","guid":{"rendered":"http:\/\/www.bc-maps.com\/mapa-vectorial-eps\/?page_id=475"},"modified":"2018-10-02T09:51:23","modified_gmt":"2018-10-02T09:51:23","slug":"guadalajara","status":"publish","type":"page","link":"https:\/\/www.bc-maps.com\/mapa-vectorial-eps\/mapas-vectoriales\/espana\/ciudades\/guadalajara\/","title":{"rendered":"Guadalajara"},"content":{"rendered":"<h1>Planos y mapas vectoriales de Guadalajara<\/h1>\n<h2><a href=\"https:\/\/www.bc-maps.com\/mapa-vectorial-eps\/mapas-vectoriales\">Mapas vectoriales<\/a> editables eps, illustrator, freehand,pdf de las calles de Guadalajara<\/h2>\n<h3>Planos vectoriales de ciudades<\/h3>\n<p>Podemos crear cualquier tipo de mapa de la ciudad de Guadalajara, planos parciales, planos generales, planos de detalle,\u00a0\u00a0en formato <a href=\"http:\/\/www.adobe.com\/es\">illustrator<\/a>.<\/p>\n<figure id=\"attachment_3508\" aria-describedby=\"caption-attachment-3508\" style=\"width: 264px\" class=\"wp-caption alignnone\"><a href=\"http:\/\/www.bc-maps.com\/wp-content\/uploads\/2018\/10\/Guadalajara-mapa-vectorial-illustrator-eps-CCMM.jpg\" target=\"_blank\" rel=\"noopener\"><img loading=\"lazy\" decoding=\"async\" class=\"Guadalajara mapa vectorial illustrator eps CCMM wp-image-3508 size-medium\" title=\"Guadalajara mapa vectorial illustrator eps CCMM\" src=\"http:\/\/www.bc-maps.com\/wp-content\/uploads\/2018\/10\/Guadalajara-mapa-vectorial-illustrator-eps-CCMM-264x300.jpg\" alt=\"Guadalajara mapa vectorial illustrator eps CCMM\" width=\"264\" height=\"300\" srcset=\"https:\/\/www.bc-maps.com\/wp-content\/uploads\/2018\/10\/Guadalajara-mapa-vectorial-illustrator-eps-CCMM-264x300.jpg 264w, https:\/\/www.bc-maps.com\/wp-content\/uploads\/2018\/10\/Guadalajara-mapa-vectorial-illustrator-eps-CCMM-768x872.jpg 768w, https:\/\/www.bc-maps.com\/wp-content\/uploads\/2018\/10\/Guadalajara-mapa-vectorial-illustrator-eps-CCMM-902x1024.jpg 902w\" sizes=\"auto, (max-width: 264px) 100vw, 264px\" \/><\/a><figcaption id=\"caption-attachment-3508\" class=\"wp-caption-text\">Guadalajara mapa vectorial illustrator eps CCMM<\/figcaption><\/figure>\n<figure id=\"attachment_3506\" aria-describedby=\"caption-attachment-3506\" style=\"width: 179px\" class=\"wp-caption alignnone\"><a href=\"http:\/\/www.bc-maps.com\/wp-content\/uploads\/2018\/10\/GUADALAJARA.jpg\" target=\"_blank\" rel=\"noopener\"><img loading=\"lazy\" decoding=\"async\" class=\"Guadalajara mapa vectorial illustrator eps Ave wp-image-3506 size-medium\" title=\"Guadalajara mapa vectorial illustrator eps Ave\" src=\"http:\/\/www.bc-maps.com\/wp-content\/uploads\/2018\/10\/GUADALAJARA-179x300.jpg\" alt=\"Guadalajara mapa vectorial illustrator eps Ave\" width=\"179\" height=\"300\" srcset=\"https:\/\/www.bc-maps.com\/wp-content\/uploads\/2018\/10\/GUADALAJARA-179x300.jpg 179w, https:\/\/www.bc-maps.com\/wp-content\/uploads\/2018\/10\/GUADALAJARA.jpg 439w\" sizes=\"auto, (max-width: 179px) 100vw, 179px\" \/><\/a><figcaption id=\"caption-attachment-3506\" class=\"wp-caption-text\">Guadalajara mapa vectorial illustrator eps Ave<\/figcaption><\/figure>\n<p>El contenido depender\u00e1 del tama\u00f1o de la zona y la escala o medidas de reproducci\u00f3n, no trabajamos con textos inferiores a 5 puntos para que sean legibles.<\/p>\n<p>La informaci\u00f3n disponible va desde\u00a0monumentos, lugares de inter\u00e9s y populares, museos, oficinas de turismo, centros comerciales, medios de transporte.<\/p>\n<p>Tambi\u00e9n podemos a\u00f1adir cualquier otra informaci\u00f3n pr\u00e1ctica que nos soliciten ustedes.<\/p>\n<p>Nuestros mapas est\u00e1n estructurados por medio de capas y son totalmente editables, modificables, \u00a0tanto \u00a0colores y\u00a0fuentes\/textos.<\/p>\n<p>Nuestro ficheros\u00a0son libres de derechos para cualquier reproducci\u00f3n, incluyendo nuestro copyright.<\/p>\n<p>Los mapas\u00a0est\u00e1n creados con licencias oficiales de programas de Adobe, habitualmente entregamos en version CC, pero podemos entregar tambi\u00e9n en otras versiones.<\/p>\n<p>&nbsp;<\/p>\n","protected":false},"excerpt":{"rendered":"<p>Planos y mapas vectoriales de Guadalajara Mapas vectoriales editables eps, illustrator, freehand,pdf de las calles de Guadalajara Planos vectoriales de ciudades Podemos crear cualquier tipo de mapa de la ciudad de Guadalajara, planos parciales, planos generales, planos de detalle,\u00a0\u00a0en formato illustrator. El contenido depender\u00e1 del tama\u00f1o de la zona y la escala o medidas de &hellip; <a href=\"https:\/\/www.bc-maps.com\/mapa-vectorial-eps\/mapas-vectoriales\/espana\/ciudades\/guadalajara\/\" class=\"more-link\">Seguir leyendo <span class=\"screen-reader-text\">Guadalajara<\/span> <span class=\"meta-nav\">&rarr;<\/span><\/a><\/p>\n","protected":false},"author":1,"featured_media":0,"parent":52,"menu_order":0,"comment_status":"closed","ping_status":"open","template":"","meta":{"footnotes":""},"class_list":["post-662","page","type-page","status-publish","hentry"],"_links":{"self":[{"href":"https:\/\/www.bc-maps.com\/mapa-vectorial-eps\/wp-json\/wp\/v2\/pages\/662","targetHints":{"allow":["GET"]}}],"collection":[{"href":"https:\/\/www.bc-maps.com\/mapa-vectorial-eps\/wp-json\/wp\/v2\/pages"}],"about":[{"href":"https:\/\/www.bc-maps.com\/mapa-vectorial-eps\/wp-json\/wp\/v2\/types\/page"}],"author":[{"embeddable":true,"href":"https:\/\/www.bc-maps.com\/mapa-vectorial-eps\/wp-json\/wp\/v2\/users\/1"}],"replies":[{"embeddable":true,"href":"https:\/\/www.bc-maps.com\/mapa-vectorial-eps\/wp-json\/wp\/v2\/comments?post=662"}],"version-history":[{"count":4,"href":"https:\/\/www.bc-maps.com\/mapa-vectorial-eps\/wp-json\/wp\/v2\/pages\/662\/revisions"}],"predecessor-version":[{"id":3593,"href":"https:\/\/www.bc-maps.com\/mapa-vectorial-eps\/wp-json\/wp\/v2\/pages\/662\/revisions\/3593"}],"up":[{"embeddable":true,"href":"https:\/\/www.bc-maps.com\/mapa-vectorial-eps\/wp-json\/wp\/v2\/pages\/52"}],"wp:attachment":[{"href":"https:\/\/www.bc-maps.com\/mapa-vectorial-eps\/wp-json\/wp\/v2\/media?parent=662"}],"curies":[{"name":"wp","href":"https:\/\/api.w.org\/{rel}","templated":true}]}}