{"id":6554,"date":"2024-10-11T08:57:00","date_gmt":"2024-10-11T08:57:00","guid":{"rendered":"https:\/\/www.bc-maps.com\/mapa-vectorial-eps\/alcudia-mallorca-mapa-vectorial-illustrator-eps-ai-cc-2\/"},"modified":"2024-10-13T06:51:25","modified_gmt":"2024-10-13T06:51:25","slug":"santanyi-mallorca-mapa-vectorial-illustrator-eps-ai-cc","status":"publish","type":"page","link":"https:\/\/www.bc-maps.com\/mapa-vectorial-eps\/santanyi-mallorca-mapa-vectorial-illustrator-eps-ai-cc\/","title":{"rendered":"Santany\u00ed mapa vectorial Illustrator eps ai CC"},"content":{"rendered":"<h1>Planos y mapas tur\u00edsticos impresos de Santany\u00ed, Mallorca, u otras poblaciones de las Baleares<\/h1>\n<h2>Mapas vectoriales editables estructurados con capas del municipio de Santany\u00ed<\/h2>\n<h3>Mallorca, planos vectoriales de ciudades de la isla<\/h3>\n<p>Podemos crear cualquier tipo de mapa del municipio de Santany\u00ed planos parciales, planos generales, planos de detalle, \u2026etc.<\/p>\n<p><strong>Los mapas se entregan en formatos editables <a href=\"http:\/\/www.adobe.es\">adobe<\/a> illustrator, eps.<\/strong><\/p>\n<figure id=\"attachment_6556\" aria-describedby=\"caption-attachment-6556\" style=\"width: 279px\" class=\"wp-caption alignnone\"><a href=\"https:\/\/www.bc-maps.com\/wp-content\/uploads\/2024\/10\/Santanyi-mapa-vectorial-illustrator-eps.jpg\" target=\"_blank\" rel=\"noopener\"><img loading=\"lazy\" decoding=\"async\" class=\"wp-image-6556 size-medium\" title=\"Santany\u00ed mapa vectorial illustrator eps\" src=\"https:\/\/www.bc-maps.com\/wp-content\/uploads\/2024\/10\/Santanyi-mapa-vectorial-illustrator-eps-279x300.jpg\" alt=\"Santany\u00ed mapa vectorial illustrator eps\" width=\"279\" height=\"300\" srcset=\"https:\/\/www.bc-maps.com\/wp-content\/uploads\/2024\/10\/Santanyi-mapa-vectorial-illustrator-eps-279x300.jpg 279w, https:\/\/www.bc-maps.com\/wp-content\/uploads\/2024\/10\/Santanyi-mapa-vectorial-illustrator-eps-954x1024.jpg 954w, https:\/\/www.bc-maps.com\/wp-content\/uploads\/2024\/10\/Santanyi-mapa-vectorial-illustrator-eps-768x825.jpg 768w, https:\/\/www.bc-maps.com\/wp-content\/uploads\/2024\/10\/Santanyi-mapa-vectorial-illustrator-eps-1430x1536.jpg 1430w, https:\/\/www.bc-maps.com\/wp-content\/uploads\/2024\/10\/Santanyi-mapa-vectorial-illustrator-eps.jpg 1584w\" sizes=\"auto, (max-width: 279px) 100vw, 279px\" \/><\/a><figcaption id=\"caption-attachment-6556\" class=\"wp-caption-text\">Santany\u00ed mapa vectorial illustrator eps<\/figcaption><\/figure>\n<p><strong>Santany\u00ed<\/strong>, un encantador municipio en el sureste de Mallorca, es conocido por su belleza natural y su rica herencia cultural. La <strong>Iglesia de Sant Andreu<\/strong>, un edificio g\u00f3tico del siglo XVII, es uno de los principales puntos de inter\u00e9s. La zona costera alberga impresionantes calas, como <strong>Cala Santany\u00ed<\/strong> y <strong>Cala Llombards<\/strong>, ideales para nadar y disfrutar del sol.<\/p>\n<p>El <strong>Parque Natural de Mondrag\u00f3<\/strong>, cercano, ofrece paisajes de gran belleza y diversas rutas de senderismo. Adem\u00e1s, el mercado semanal de Santany\u00ed, famoso por su ambiente vibrante, ofrece productos locales frescos.<\/p>\n<p>El contenido de informaci\u00f3n depender\u00e1 del tama\u00f1o de la zona y la escala o medidas de reproducci\u00f3n, ya que no trabajamos con textos inferiores a 5 puntos para que sean legibles.<\/p>\n<p><strong>En el caso de necesitar un mapa tur\u00edstico impreso podemos realizar todas las fases del proceso desde la creaci\u00f3n del dise\u00f1o a la entrega de un producto ya impreso totalmente personalizado, \u00a0formato plegable, talonarios e incluso en versi\u00f3n mural.<\/strong><\/p>\n<p>La informaci\u00f3n disponible va desde\u00a0monumentos, lugares de inter\u00e9s y populares, museos, oficinas de turismo, centros comerciales, medios de transporte.<\/p>\n<p>Tambi\u00e9n podemos a\u00f1adir cualquier otra informaci\u00f3n pr\u00e1ctica que nos soliciten ustedes.<\/p>\n<p>Nuestros mapas est\u00e1n estructurados por medio de capas y son totalmente editables, modificables, \u00a0tanto \u00a0colores y\u00a0fuentes\/textos.<\/p>\n<p>Nuestro ficheros\u00a0son libres de derechos para cualquier reproducci\u00f3n, incluyendo nuestro copyright.<\/p>\n<p>Los maps\u00a0est\u00e1n creados con licencias oficiales de programas de Adobe, habitualmente entregamos en version CC, pero podemos entregar tambi\u00e9n en otras versiones.<\/p>\n","protected":false},"excerpt":{"rendered":"<p>Planos y mapas tur\u00edsticos impresos de Santany\u00ed, Mallorca, u otras poblaciones de las Baleares Mapas vectoriales editables estructurados con capas del municipio de Santany\u00ed Mallorca, planos vectoriales de ciudades de la isla Podemos crear cualquier tipo de mapa del municipio de Santany\u00ed planos parciales, planos generales, planos de detalle, \u2026etc. Los mapas se entregan en &hellip; <a href=\"https:\/\/www.bc-maps.com\/mapa-vectorial-eps\/santanyi-mallorca-mapa-vectorial-illustrator-eps-ai-cc\/\" class=\"more-link\">Seguir leyendo <span class=\"screen-reader-text\">Santany\u00ed mapa vectorial Illustrator eps ai CC<\/span> <span class=\"meta-nav\">&rarr;<\/span><\/a><\/p>\n","protected":false},"author":1,"featured_media":6556,"parent":0,"menu_order":0,"comment_status":"closed","ping_status":"closed","template":"","meta":{"footnotes":""},"class_list":["post-6554","page","type-page","status-publish","has-post-thumbnail","hentry"],"_links":{"self":[{"href":"https:\/\/www.bc-maps.com\/mapa-vectorial-eps\/wp-json\/wp\/v2\/pages\/6554","targetHints":{"allow":["GET"]}}],"collection":[{"href":"https:\/\/www.bc-maps.com\/mapa-vectorial-eps\/wp-json\/wp\/v2\/pages"}],"about":[{"href":"https:\/\/www.bc-maps.com\/mapa-vectorial-eps\/wp-json\/wp\/v2\/types\/page"}],"author":[{"embeddable":true,"href":"https:\/\/www.bc-maps.com\/mapa-vectorial-eps\/wp-json\/wp\/v2\/users\/1"}],"replies":[{"embeddable":true,"href":"https:\/\/www.bc-maps.com\/mapa-vectorial-eps\/wp-json\/wp\/v2\/comments?post=6554"}],"version-history":[{"count":3,"href":"https:\/\/www.bc-maps.com\/mapa-vectorial-eps\/wp-json\/wp\/v2\/pages\/6554\/revisions"}],"predecessor-version":[{"id":6662,"href":"https:\/\/www.bc-maps.com\/mapa-vectorial-eps\/wp-json\/wp\/v2\/pages\/6554\/revisions\/6662"}],"wp:featuredmedia":[{"embeddable":true,"href":"https:\/\/www.bc-maps.com\/mapa-vectorial-eps\/wp-json\/wp\/v2\/media\/6556"}],"wp:attachment":[{"href":"https:\/\/www.bc-maps.com\/mapa-vectorial-eps\/wp-json\/wp\/v2\/media?parent=6554"}],"curies":[{"name":"wp","href":"https:\/\/api.w.org\/{rel}","templated":true}]}}