{"id":6544,"date":"2024-10-11T08:57:00","date_gmt":"2024-10-11T08:57:00","guid":{"rendered":"https:\/\/www.bc-maps.com\/mapa-vectorial-eps\/alcudia-mallorca-mapa-vectorial-illustrator-eps-ai-cc-2\/"},"modified":"2024-10-13T06:48:02","modified_gmt":"2024-10-13T06:48:02","slug":"sant-llorenc-des-cardassar-mallorca-mapa-vectorial-illustrator-eps-ai","status":"publish","type":"page","link":"https:\/\/www.bc-maps.com\/mapa-vectorial-eps\/sant-llorenc-des-cardassar-mallorca-mapa-vectorial-illustrator-eps-ai\/","title":{"rendered":"Sant Lloren\u00e7 des Cardassar mapa vectorial Illustrator eps ai CC"},"content":{"rendered":"<h1>Planos y mapas tur\u00edsticos impresos de Sant Lloren\u00e7 des Cardassar, Mallorca, u otras poblaciones de las Baleares<\/h1>\n<h2>Mapas vectoriales editables estructurados con capas del municipio de Sant Lloren\u00e7 des Cardassar<\/h2>\n<h3>Mallorca, planos vectoriales de ciudades de la isla<\/h3>\n<p>Podemos crear cualquier tipo de mapa del municipio de Sant Lloren\u00e7 des Cardassar planos parciales, planos generales, planos de detalle, \u2026etc.<\/p>\n<p><strong>Los mapas se entregan en formatos editables <a href=\"http:\/\/www.adobe.es\">adobe<\/a> illustrator, eps.<\/strong><\/p>\n<figure id=\"attachment_6547\" aria-describedby=\"caption-attachment-6547\" style=\"width: 310px\" class=\"wp-caption alignnone\"><a href=\"https:\/\/www.bc-maps.com\/wp-content\/uploads\/2024\/10\/Sant-Llorenc-des-Cardassar-mapa-vectorial-illustrator-eps.jpg\" target=\"_blank\" rel=\"noopener\"><img loading=\"lazy\" decoding=\"async\" class=\"wp-image-6547\" title=\"Sant Lloren\u00e7 des Cardassar mapa vectorial illustrator eps\" src=\"https:\/\/www.bc-maps.com\/wp-content\/uploads\/2024\/10\/Sant-Llorenc-des-Cardassar-mapa-vectorial-illustrator-eps-283x300.jpg\" alt=\"Sant Lloren\u00e7 des Cardassar mapa vectorial illustrator eps\" width=\"310\" height=\"329\" srcset=\"https:\/\/www.bc-maps.com\/wp-content\/uploads\/2024\/10\/Sant-Llorenc-des-Cardassar-mapa-vectorial-illustrator-eps-283x300.jpg 283w, https:\/\/www.bc-maps.com\/wp-content\/uploads\/2024\/10\/Sant-Llorenc-des-Cardassar-mapa-vectorial-illustrator-eps-966x1024.jpg 966w, https:\/\/www.bc-maps.com\/wp-content\/uploads\/2024\/10\/Sant-Llorenc-des-Cardassar-mapa-vectorial-illustrator-eps-768x814.jpg 768w, https:\/\/www.bc-maps.com\/wp-content\/uploads\/2024\/10\/Sant-Llorenc-des-Cardassar-mapa-vectorial-illustrator-eps-1448x1536.jpg 1448w, https:\/\/www.bc-maps.com\/wp-content\/uploads\/2024\/10\/Sant-Llorenc-des-Cardassar-mapa-vectorial-illustrator-eps.jpg 1604w\" sizes=\"auto, (max-width: 310px) 100vw, 310px\" \/><\/a><figcaption id=\"caption-attachment-6547\" class=\"wp-caption-text\">Sant Lloren\u00e7 des Cardassar mapa vectorial illustrator eps<\/figcaption><\/figure>\n<p><strong>Sant Lloren\u00e7 des Cardassar<\/strong>, un municipio en el este de Mallorca, combina belleza natural y patrimonio cultural. Uno de los principales atractivos es la <strong>Iglesia de Sant Lloren\u00e7<\/strong>, un edificio g\u00f3tico que data del siglo XVIII, famoso por su impresionante altar. El <strong>Castillo de Capdepera<\/strong>, cercano, ofrece vistas panor\u00e1micas de la costa y es ideal para los amantes de la historia.<\/p>\n<p>Las playas de <strong>Cala Millor<\/strong> y <strong>Sa Coma<\/strong>, conocidas por sus aguas cristalinas, son perfectas para disfrutar del sol y actividades acu\u00e1ticas. Adem\u00e1s, Sant Lloren\u00e7 celebra la <strong>Fira de Sant Lloren\u00e7<\/strong> en agosto, un evento que destaca la gastronom\u00eda y la cultura local.<\/p>\n<p>El contenido de informaci\u00f3n depender\u00e1 del tama\u00f1o de la zona y la escala o medidas de reproducci\u00f3n, ya que no trabajamos con textos inferiores a 5 puntos para que sean legibles.<\/p>\n<p><strong>En el caso de necesitar un mapa tur\u00edstico impreso podemos realizar todas las fases del proceso desde la creaci\u00f3n del dise\u00f1o a la entrega de un producto ya impreso totalmente personalizado, \u00a0formato plegable, talonarios e incluso en versi\u00f3n mural.<\/strong><\/p>\n<p>La informaci\u00f3n disponible va desde\u00a0monumentos, lugares de inter\u00e9s y populares, museos, oficinas de turismo, centros comerciales, medios de transporte.<\/p>\n<p>Tambi\u00e9n podemos a\u00f1adir cualquier otra informaci\u00f3n pr\u00e1ctica que nos soliciten ustedes.<\/p>\n<p>Nuestros mapas est\u00e1n estructurados por medio de capas y son totalmente editables, modificables, \u00a0tanto \u00a0colores y\u00a0fuentes\/textos.<\/p>\n<p>Nuestro ficheros\u00a0son libres de derechos para cualquier reproducci\u00f3n, incluyendo nuestro copyright.<\/p>\n<p>Los maps\u00a0est\u00e1n creados con licencias oficiales de programas de Adobe, habitualmente entregamos en version CC, pero podemos entregar tambi\u00e9n en otras versiones.<\/p>\n","protected":false},"excerpt":{"rendered":"<p>Planos y mapas tur\u00edsticos impresos de Sant Lloren\u00e7 des Cardassar, Mallorca, u otras poblaciones de las Baleares Mapas vectoriales editables estructurados con capas del municipio de Sant Lloren\u00e7 des Cardassar Mallorca, planos vectoriales de ciudades de la isla Podemos crear cualquier tipo de mapa del municipio de Sant Lloren\u00e7 des Cardassar planos parciales, planos generales, &hellip; <a href=\"https:\/\/www.bc-maps.com\/mapa-vectorial-eps\/sant-llorenc-des-cardassar-mallorca-mapa-vectorial-illustrator-eps-ai\/\" class=\"more-link\">Seguir leyendo <span class=\"screen-reader-text\">Sant Lloren\u00e7 des Cardassar mapa vectorial Illustrator eps ai CC<\/span> <span class=\"meta-nav\">&rarr;<\/span><\/a><\/p>\n","protected":false},"author":1,"featured_media":6547,"parent":0,"menu_order":0,"comment_status":"closed","ping_status":"closed","template":"","meta":{"footnotes":""},"class_list":["post-6544","page","type-page","status-publish","has-post-thumbnail","hentry"],"_links":{"self":[{"href":"https:\/\/www.bc-maps.com\/mapa-vectorial-eps\/wp-json\/wp\/v2\/pages\/6544","targetHints":{"allow":["GET"]}}],"collection":[{"href":"https:\/\/www.bc-maps.com\/mapa-vectorial-eps\/wp-json\/wp\/v2\/pages"}],"about":[{"href":"https:\/\/www.bc-maps.com\/mapa-vectorial-eps\/wp-json\/wp\/v2\/types\/page"}],"author":[{"embeddable":true,"href":"https:\/\/www.bc-maps.com\/mapa-vectorial-eps\/wp-json\/wp\/v2\/users\/1"}],"replies":[{"embeddable":true,"href":"https:\/\/www.bc-maps.com\/mapa-vectorial-eps\/wp-json\/wp\/v2\/comments?post=6544"}],"version-history":[{"count":3,"href":"https:\/\/www.bc-maps.com\/mapa-vectorial-eps\/wp-json\/wp\/v2\/pages\/6544\/revisions"}],"predecessor-version":[{"id":6657,"href":"https:\/\/www.bc-maps.com\/mapa-vectorial-eps\/wp-json\/wp\/v2\/pages\/6544\/revisions\/6657"}],"wp:featuredmedia":[{"embeddable":true,"href":"https:\/\/www.bc-maps.com\/mapa-vectorial-eps\/wp-json\/wp\/v2\/media\/6547"}],"wp:attachment":[{"href":"https:\/\/www.bc-maps.com\/mapa-vectorial-eps\/wp-json\/wp\/v2\/media?parent=6544"}],"curies":[{"name":"wp","href":"https:\/\/api.w.org\/{rel}","templated":true}]}}