{"id":6504,"date":"2024-10-11T08:57:00","date_gmt":"2024-10-11T08:57:00","guid":{"rendered":"https:\/\/www.bc-maps.com\/mapa-vectorial-eps\/alcudia-mallorca-mapa-vectorial-illustrator-eps-ai-cc-2\/"},"modified":"2024-10-12T10:29:08","modified_gmt":"2024-10-12T10:29:08","slug":"campos-mallorca-mapa-vectorial-illustrator-eps-ai-cc","status":"publish","type":"page","link":"https:\/\/www.bc-maps.com\/mapa-vectorial-eps\/campos-mallorca-mapa-vectorial-illustrator-eps-ai-cc\/","title":{"rendered":"Campos mapa vectorial Illustrator eps ai CC"},"content":{"rendered":"<h1>Planos y mapas tur\u00edsticos impresos de Campos, Mallorca, u otras poblaciones de las Baleares<\/h1>\n<h2>Mapas vectoriales editables estructurados con capas del municipio de Campos<\/h2>\n<h3>Mallorca, planos vectoriales de ciudades de la isla<\/h3>\n<p>Podemos crear cualquier tipo de mapa del municipio de Campos \u00a0planos parciales, planos generales, planos de detalle, \u2026etc.<\/p>\n<p><strong>Los mapas se entregan en formatos editables <a href=\"http:\/\/www.adobe.es\">adobe<\/a> illustrator, eps.<\/strong><\/p>\n<figure id=\"attachment_6506\" aria-describedby=\"caption-attachment-6506\" style=\"width: 300px\" class=\"wp-caption alignnone\"><a href=\"https:\/\/www.bc-maps.com\/wp-content\/uploads\/2024\/10\/Campos-mapa-vectorial-illustrator-eps.jpg\" target=\"_blank\" rel=\"noopener\"><img loading=\"lazy\" decoding=\"async\" class=\"wp-image-6506 size-medium\" title=\"Campos mapa vectorial illustrator eps\" src=\"https:\/\/www.bc-maps.com\/wp-content\/uploads\/2024\/10\/Campos-mapa-vectorial-illustrator-eps-300x281.jpg\" alt=\"Campos mapa vectorial illustrator eps\" width=\"300\" height=\"281\" srcset=\"https:\/\/www.bc-maps.com\/wp-content\/uploads\/2024\/10\/Campos-mapa-vectorial-illustrator-eps-300x281.jpg 300w, https:\/\/www.bc-maps.com\/wp-content\/uploads\/2024\/10\/Campos-mapa-vectorial-illustrator-eps-1024x961.jpg 1024w, https:\/\/www.bc-maps.com\/wp-content\/uploads\/2024\/10\/Campos-mapa-vectorial-illustrator-eps-768x721.jpg 768w, https:\/\/www.bc-maps.com\/wp-content\/uploads\/2024\/10\/Campos-mapa-vectorial-illustrator-eps-1536x1441.jpg 1536w, https:\/\/www.bc-maps.com\/wp-content\/uploads\/2024\/10\/Campos-mapa-vectorial-illustrator-eps.jpg 1701w\" sizes=\"auto, (max-width: 300px) 100vw, 300px\" \/><\/a><figcaption id=\"caption-attachment-6506\" class=\"wp-caption-text\">Campos mapa vectorial illustrator eps<\/figcaption><\/figure>\n<p>El municipio de Campos, situado en el sureste de Mallorca, es conocido por su encanto rural y sus impresionantes playas. La playa de <strong>Es Trenc,<\/strong> con sus aguas cristalinas y arena blanca, es una de las m\u00e1s famosas de la isla. El centro hist\u00f3rico de Campos cuenta con edificios de arquitectura tradicional mallorquina, como la iglesia de San Juli\u00e1n. Los amantes de la naturaleza pueden explorar el \u00e1rea protegida de <strong>Salinas d&#8217;Es Trenc<\/strong>, donde se produce sal marina. Adem\u00e1s, el balneario de <strong>San Juan de la Font Santa<\/strong> ofrece aguas termales naturales. Campos es un destino ideal para quienes buscan tranquilidad y belleza natural.<\/p>\n<p>El contenido de informaci\u00f3n depender\u00e1 del tama\u00f1o de la zona y la escala o medidas de reproducci\u00f3n, ya que no trabajamos con textos inferiores a 5 puntos para que sean legibles.<\/p>\n<p><strong>En el caso de necesitar un mapa tur\u00edstico impreso podemos realizar todas las fases del proceso desde la creaci\u00f3n del dise\u00f1o a la entrega de un producto ya impreso totalmente personalizado, \u00a0formato plegable, talonarios e incluso en versi\u00f3n mural.<\/strong><\/p>\n<p>La informaci\u00f3n disponible va desde\u00a0monumentos, lugares de inter\u00e9s y populares, museos, oficinas de turismo, centros comerciales, medios de transporte.<\/p>\n<p>Tambi\u00e9n podemos a\u00f1adir cualquier otra informaci\u00f3n pr\u00e1ctica que nos soliciten ustedes.<\/p>\n<p>Nuestros mapas est\u00e1n estructurados por medio de capas y son totalmente editables, modificables, \u00a0tanto \u00a0colores y\u00a0fuentes\/textos.<\/p>\n<p>Nuestro ficheros\u00a0son libres de derechos para cualquier reproducci\u00f3n, incluyendo nuestro copyright.<\/p>\n<p>Los maps\u00a0est\u00e1n creados con licencias oficiales de programas de Adobe, habitualmente entregamos en version CC, pero podemos entregar tambi\u00e9n en otras versiones.<\/p>\n","protected":false},"excerpt":{"rendered":"<p>Planos y mapas tur\u00edsticos impresos de Campos, Mallorca, u otras poblaciones de las Baleares Mapas vectoriales editables estructurados con capas del municipio de Campos Mallorca, planos vectoriales de ciudades de la isla Podemos crear cualquier tipo de mapa del municipio de Campos \u00a0planos parciales, planos generales, planos de detalle, \u2026etc. Los mapas se entregan en &hellip; <a href=\"https:\/\/www.bc-maps.com\/mapa-vectorial-eps\/campos-mallorca-mapa-vectorial-illustrator-eps-ai-cc\/\" class=\"more-link\">Seguir leyendo <span class=\"screen-reader-text\">Campos mapa vectorial Illustrator eps ai CC<\/span> <span class=\"meta-nav\">&rarr;<\/span><\/a><\/p>\n","protected":false},"author":1,"featured_media":6506,"parent":0,"menu_order":0,"comment_status":"closed","ping_status":"closed","template":"","meta":{"footnotes":""},"class_list":["post-6504","page","type-page","status-publish","has-post-thumbnail","hentry"],"_links":{"self":[{"href":"https:\/\/www.bc-maps.com\/mapa-vectorial-eps\/wp-json\/wp\/v2\/pages\/6504","targetHints":{"allow":["GET"]}}],"collection":[{"href":"https:\/\/www.bc-maps.com\/mapa-vectorial-eps\/wp-json\/wp\/v2\/pages"}],"about":[{"href":"https:\/\/www.bc-maps.com\/mapa-vectorial-eps\/wp-json\/wp\/v2\/types\/page"}],"author":[{"embeddable":true,"href":"https:\/\/www.bc-maps.com\/mapa-vectorial-eps\/wp-json\/wp\/v2\/users\/1"}],"replies":[{"embeddable":true,"href":"https:\/\/www.bc-maps.com\/mapa-vectorial-eps\/wp-json\/wp\/v2\/comments?post=6504"}],"version-history":[{"count":4,"href":"https:\/\/www.bc-maps.com\/mapa-vectorial-eps\/wp-json\/wp\/v2\/pages\/6504\/revisions"}],"predecessor-version":[{"id":6625,"href":"https:\/\/www.bc-maps.com\/mapa-vectorial-eps\/wp-json\/wp\/v2\/pages\/6504\/revisions\/6625"}],"wp:featuredmedia":[{"embeddable":true,"href":"https:\/\/www.bc-maps.com\/mapa-vectorial-eps\/wp-json\/wp\/v2\/media\/6506"}],"wp:attachment":[{"href":"https:\/\/www.bc-maps.com\/mapa-vectorial-eps\/wp-json\/wp\/v2\/media?parent=6504"}],"curies":[{"name":"wp","href":"https:\/\/api.w.org\/{rel}","templated":true}]}}