{"id":6458,"date":"2024-10-08T08:57:00","date_gmt":"2024-10-08T08:57:00","guid":{"rendered":"https:\/\/www.bc-maps.com\/mapa-vectorial-eps\/algaida-mallorca-mapa-vectorial-illustrator-eps-ai-cc-2\/"},"modified":"2024-10-13T06:40:17","modified_gmt":"2024-10-13T06:40:17","slug":"montuiri-mallorca-mapa-vectorial-illustrator-eps-ai-cc","status":"publish","type":"page","link":"https:\/\/www.bc-maps.com\/mapa-vectorial-eps\/montuiri-mallorca-mapa-vectorial-illustrator-eps-ai-cc\/","title":{"rendered":"Montu\u00efri Mallorca mapa vectorial Illustrator eps ai CC"},"content":{"rendered":"<h1>Planos y mapas tur\u00edsticos impresos de Montu\u00efri, Mallorca, u otras poblaciones de las Baleares<\/h1>\n<h2>Mapas vectoriales editables estructurados con capas del municipio de Montu\u00efri<\/h2>\n<h3>Mallorca, planos vectoriales de ciudades de la isla<\/h3>\n<p>Podemos crear cualquier tipo de mapa del municipio de Montu\u00efri \u00a0planos parciales, planos generales, planos de detalle, \u2026etc.<\/p>\n<p>Los mapas se entregan en formatos editables <a href=\"http:\/\/www.adobe.es\">adobe<\/a> illustrator, eps.<\/p>\n<figure id=\"attachment_6461\" aria-describedby=\"caption-attachment-6461\" style=\"width: 241px\" class=\"wp-caption alignnone\"><a href=\"https:\/\/www.bc-maps.com\/wp-content\/uploads\/2024\/10\/Montuiri-mapa-vectorial-illustrator-eps.jpg\" target=\"_blank\" rel=\"noopener\"><img loading=\"lazy\" decoding=\"async\" class=\"wp-image-6461 size-medium\" title=\"Montuiri mapa vectorial illustrator eps\" src=\"https:\/\/www.bc-maps.com\/wp-content\/uploads\/2024\/10\/Montuiri-mapa-vectorial-illustrator-eps-241x300.jpg\" alt=\"Montuiri mapa vectorial illustrator eps\" width=\"241\" height=\"300\" srcset=\"https:\/\/www.bc-maps.com\/wp-content\/uploads\/2024\/10\/Montuiri-mapa-vectorial-illustrator-eps-241x300.jpg 241w, https:\/\/www.bc-maps.com\/wp-content\/uploads\/2024\/10\/Montuiri-mapa-vectorial-illustrator-eps-823x1024.jpg 823w, https:\/\/www.bc-maps.com\/wp-content\/uploads\/2024\/10\/Montuiri-mapa-vectorial-illustrator-eps-768x955.jpg 768w, https:\/\/www.bc-maps.com\/wp-content\/uploads\/2024\/10\/Montuiri-mapa-vectorial-illustrator-eps-1235x1536.jpg 1235w, https:\/\/www.bc-maps.com\/wp-content\/uploads\/2024\/10\/Montuiri-mapa-vectorial-illustrator-eps-1647x2048.jpg 1647w, https:\/\/www.bc-maps.com\/wp-content\/uploads\/2024\/10\/Montuiri-mapa-vectorial-illustrator-eps.jpg 1930w\" sizes=\"auto, (max-width: 241px) 100vw, 241px\" \/><\/a><figcaption id=\"caption-attachment-6461\" class=\"wp-caption-text\">Montuiri mapa vectorial illustrator eps<\/figcaption><\/figure>\n<p><strong>Montu\u00efri<\/strong>, municipio en el centro de Mallorca, es famoso por su patrimonio cultural y natural. La <strong>Iglesia de Sant Bartomeu<\/strong>, construida en el siglo XVIII, destaca por su impresionante arquitectura barroca. Un punto de inter\u00e9s \u00fanico es el <strong>Museo de la Alfarer\u00eda<\/strong>, que muestra la tradici\u00f3n de la cer\u00e1mica en la regi\u00f3n. Los alrededores ofrecen oportunidades para el senderismo, especialmente en las monta\u00f1as cercanas, como el <strong>Puig de Sant Miquel<\/strong>, que proporciona vistas panor\u00e1micas. Adem\u00e1s, Montu\u00efri celebra la <strong>Feria de la Alfarer\u00eda<\/strong> en agosto, un evento que atrae a muchos visitantes interesados en las artesan\u00edas locales<\/p>\n<p>El contenido de informaci\u00f3n depender\u00e1 del tama\u00f1o de la zona y la escala o medidas de reproducci\u00f3n, ya que no trabajamos con textos inferiores a 5 puntos para que sean legibles.<\/p>\n<p>En el caso de necesitar un mapa tur\u00edstico impreso podemos realizar todas las fases del proceso desde la creaci\u00f3n del dise\u00f1o a la entrega de un producto ya impreso totalmente personalizado, \u00a0formato plegable, talonarios e incluso en versi\u00f3n mural.<\/p>\n<p>La informaci\u00f3n disponible va desde\u00a0monumentos, lugares de inter\u00e9s y populares, museos, oficinas de turismo, centros comerciales, medios de transporte.<\/p>\n<p>Tambi\u00e9n podemos a\u00f1adir cualquier otra informaci\u00f3n pr\u00e1ctica que nos soliciten ustedes.<\/p>\n<p>Nuestros mapas est\u00e1n estructurados por medio de capas y son totalmente editables, modificables, \u00a0tanto \u00a0colores y\u00a0fuentes\/textos.<\/p>\n<p>Nuestro ficheros\u00a0son libres de derechos para cualquier reproducci\u00f3n, incluyendo nuestro copyright.<\/p>\n<p>Los maps\u00a0est\u00e1n creados con licencias oficiales de programas de Adobe, habitualmente entregamos en version CC, pero podemos entregar tambi\u00e9n en otras versiones.<\/p>\n","protected":false},"excerpt":{"rendered":"<p>Planos y mapas tur\u00edsticos impresos de Montu\u00efri, Mallorca, u otras poblaciones de las Baleares Mapas vectoriales editables estructurados con capas del municipio de Montu\u00efri Mallorca, planos vectoriales de ciudades de la isla Podemos crear cualquier tipo de mapa del municipio de Montu\u00efri \u00a0planos parciales, planos generales, planos de detalle, \u2026etc. Los mapas se entregan en &hellip; <a href=\"https:\/\/www.bc-maps.com\/mapa-vectorial-eps\/montuiri-mallorca-mapa-vectorial-illustrator-eps-ai-cc\/\" class=\"more-link\">Seguir leyendo <span class=\"screen-reader-text\">Montu\u00efri Mallorca mapa vectorial Illustrator eps ai CC<\/span> <span class=\"meta-nav\">&rarr;<\/span><\/a><\/p>\n","protected":false},"author":1,"featured_media":6461,"parent":0,"menu_order":0,"comment_status":"closed","ping_status":"closed","template":"","meta":{"footnotes":""},"class_list":["post-6458","page","type-page","status-publish","has-post-thumbnail","hentry"],"_links":{"self":[{"href":"https:\/\/www.bc-maps.com\/mapa-vectorial-eps\/wp-json\/wp\/v2\/pages\/6458","targetHints":{"allow":["GET"]}}],"collection":[{"href":"https:\/\/www.bc-maps.com\/mapa-vectorial-eps\/wp-json\/wp\/v2\/pages"}],"about":[{"href":"https:\/\/www.bc-maps.com\/mapa-vectorial-eps\/wp-json\/wp\/v2\/types\/page"}],"author":[{"embeddable":true,"href":"https:\/\/www.bc-maps.com\/mapa-vectorial-eps\/wp-json\/wp\/v2\/users\/1"}],"replies":[{"embeddable":true,"href":"https:\/\/www.bc-maps.com\/mapa-vectorial-eps\/wp-json\/wp\/v2\/comments?post=6458"}],"version-history":[{"count":3,"href":"https:\/\/www.bc-maps.com\/mapa-vectorial-eps\/wp-json\/wp\/v2\/pages\/6458\/revisions"}],"predecessor-version":[{"id":6647,"href":"https:\/\/www.bc-maps.com\/mapa-vectorial-eps\/wp-json\/wp\/v2\/pages\/6458\/revisions\/6647"}],"wp:featuredmedia":[{"embeddable":true,"href":"https:\/\/www.bc-maps.com\/mapa-vectorial-eps\/wp-json\/wp\/v2\/media\/6461"}],"wp:attachment":[{"href":"https:\/\/www.bc-maps.com\/mapa-vectorial-eps\/wp-json\/wp\/v2\/media?parent=6458"}],"curies":[{"name":"wp","href":"https:\/\/api.w.org\/{rel}","templated":true}]}}