{"id":6437,"date":"2024-10-08T08:57:00","date_gmt":"2024-10-08T08:57:00","guid":{"rendered":"https:\/\/www.bc-maps.com\/mapa-vectorial-eps\/andratx-mallorca-mapa-vectorial-illustrator-eps-ai-cc-2\/"},"modified":"2024-10-10T07:56:03","modified_gmt":"2024-10-10T07:56:03","slug":"calvia-mallorca-mapa-vectorial-illustrator-eps-ai-cc","status":"publish","type":"page","link":"https:\/\/www.bc-maps.com\/mapa-vectorial-eps\/calvia-mallorca-mapa-vectorial-illustrator-eps-ai-cc\/","title":{"rendered":"Calvi\u00e0 Mallorca mapa vectorial Illustrator eps ai CC"},"content":{"rendered":"<h1>Planos y mapas tur\u00edsticos impresos de Calvi\u00e0, Mallorca, u otras poblaciones de las Baleares<\/h1>\n<h2>Mapas vectoriales editables estructurados con capas del municipio de Calvi\u00e0<\/h2>\n<h3>Mallorca, planos vectoriales de ciudades de la isla<\/h3>\n<p>Podemos crear cualquier tipo de mapa del municipio de Calvi\u00e0 \u00a0planos parciales, planos generales, planos de detalle, \u2026etc.<\/p>\n<p>Santa Pon\u00e7a, Palmanova, Son Ferrer, Magaluf, Peguera, Cal Catal\u00e0-ses Illetes, Es Capdell\u00e0, Costa de la Calma, Costa d&#8217;en Blanes, la Porrassa, Portals Nous, Bedingt, Galatz\u00f3, Portals Vells, Sol de Mallorca, el Toro<\/p>\n<p><strong>Los mapas se entregan en formatos editables <a href=\"http:\/\/www.adobe.es\">adobe<\/a> illustrator, eps.<\/strong><\/p>\n<figure id=\"attachment_6440\" aria-describedby=\"caption-attachment-6440\" style=\"width: 300px\" class=\"wp-caption alignnone\"><a href=\"https:\/\/www.bc-maps.com\/wp-content\/uploads\/2024\/10\/Calvia-mapa-vectorial-illustrator-eps.jpg\" target=\"_blank\" rel=\"noopener\"><img loading=\"lazy\" decoding=\"async\" class=\"wp-image-6440 size-medium\" title=\"Calvia mapa vectorial illustrator eps\" src=\"https:\/\/www.bc-maps.com\/wp-content\/uploads\/2024\/10\/Calvia-mapa-vectorial-illustrator-eps-300x297.jpg\" alt=\"Calvia mapa vectorial illustrator eps\" width=\"300\" height=\"297\" srcset=\"https:\/\/www.bc-maps.com\/wp-content\/uploads\/2024\/10\/Calvia-mapa-vectorial-illustrator-eps-300x297.jpg 300w, https:\/\/www.bc-maps.com\/wp-content\/uploads\/2024\/10\/Calvia-mapa-vectorial-illustrator-eps-1024x1014.jpg 1024w, https:\/\/www.bc-maps.com\/wp-content\/uploads\/2024\/10\/Calvia-mapa-vectorial-illustrator-eps-150x150.jpg 150w, https:\/\/www.bc-maps.com\/wp-content\/uploads\/2024\/10\/Calvia-mapa-vectorial-illustrator-eps-768x761.jpg 768w, https:\/\/www.bc-maps.com\/wp-content\/uploads\/2024\/10\/Calvia-mapa-vectorial-illustrator-eps-1536x1522.jpg 1536w, https:\/\/www.bc-maps.com\/wp-content\/uploads\/2024\/10\/Calvia-mapa-vectorial-illustrator-eps.jpg 1701w\" sizes=\"auto, (max-width: 300px) 100vw, 300px\" \/><\/a><figcaption id=\"caption-attachment-6440\" class=\"wp-caption-text\">Calvia mapa vectorial illustrator eps<\/figcaption><\/figure>\n<figure id=\"attachment_6441\" aria-describedby=\"caption-attachment-6441\" style=\"width: 300px\" class=\"wp-caption alignnone\"><a href=\"https:\/\/www.bc-maps.com\/wp-content\/uploads\/2024\/10\/Calvia-mapa-vectorial-illustrator-eps-zoom.jpg\" target=\"_blank\" rel=\"noopener\"><img loading=\"lazy\" decoding=\"async\" class=\"wp-image-6441 size-medium\" title=\"Calvia mapa vectorial illustrator eps zoom\" src=\"https:\/\/www.bc-maps.com\/wp-content\/uploads\/2024\/10\/Calvia-mapa-vectorial-illustrator-eps-zoom-300x300.jpg\" alt=\"Calvia mapa vectorial illustrator eps zoom\" width=\"300\" height=\"300\" srcset=\"https:\/\/www.bc-maps.com\/wp-content\/uploads\/2024\/10\/Calvia-mapa-vectorial-illustrator-eps-zoom-300x300.jpg 300w, https:\/\/www.bc-maps.com\/wp-content\/uploads\/2024\/10\/Calvia-mapa-vectorial-illustrator-eps-zoom-150x150.jpg 150w, https:\/\/www.bc-maps.com\/wp-content\/uploads\/2024\/10\/Calvia-mapa-vectorial-illustrator-eps-zoom-768x770.jpg 768w, https:\/\/www.bc-maps.com\/wp-content\/uploads\/2024\/10\/Calvia-mapa-vectorial-illustrator-eps-zoom.jpg 1008w\" sizes=\"auto, (max-width: 300px) 100vw, 300px\" \/><\/a><figcaption id=\"caption-attachment-6441\" class=\"wp-caption-text\">Calvia mapa vectorial illustrator eps zoom<\/figcaption><\/figure>\n<figure id=\"attachment_6442\" aria-describedby=\"caption-attachment-6442\" style=\"width: 300px\" class=\"wp-caption alignnone\"><a href=\"https:\/\/www.bc-maps.com\/wp-content\/uploads\/2024\/10\/Peguera-Calvia-mapa-vectorial-illustrator-eps-zoom.jpg\" target=\"_blank\" rel=\"noopener\"><img loading=\"lazy\" decoding=\"async\" class=\"wp-image-6442 size-medium\" title=\"Peguera Calvia mapa vectorial illustrator eps zoom\" src=\"https:\/\/www.bc-maps.com\/wp-content\/uploads\/2024\/10\/Peguera-Calvia-mapa-vectorial-illustrator-eps-zoom-300x300.jpg\" alt=\"Peguera Calvia mapa vectorial illustrator eps zoom\" width=\"300\" height=\"300\" srcset=\"https:\/\/www.bc-maps.com\/wp-content\/uploads\/2024\/10\/Peguera-Calvia-mapa-vectorial-illustrator-eps-zoom-300x300.jpg 300w, https:\/\/www.bc-maps.com\/wp-content\/uploads\/2024\/10\/Peguera-Calvia-mapa-vectorial-illustrator-eps-zoom-150x150.jpg 150w, https:\/\/www.bc-maps.com\/wp-content\/uploads\/2024\/10\/Peguera-Calvia-mapa-vectorial-illustrator-eps-zoom-768x765.jpg 768w, https:\/\/www.bc-maps.com\/wp-content\/uploads\/2024\/10\/Peguera-Calvia-mapa-vectorial-illustrator-eps-zoom.jpg 1010w\" sizes=\"auto, (max-width: 300px) 100vw, 300px\" \/><\/a><figcaption id=\"caption-attachment-6442\" class=\"wp-caption-text\">Peguera Calvia mapa vectorial illustrator eps zoom<\/figcaption><\/figure>\n<figure id=\"attachment_6444\" aria-describedby=\"caption-attachment-6444\" style=\"width: 296px\" class=\"wp-caption alignnone\"><a href=\"https:\/\/www.bc-maps.com\/wp-content\/uploads\/2024\/10\/Santa-Ponca-Calvia-mapa-vectorial-illustrator-eps-zoom.jpg\" target=\"_blank\" rel=\"noopener\"><img loading=\"lazy\" decoding=\"async\" class=\"wp-image-6444 size-medium\" title=\"Santa Pon\u00e7a Calvia mapa vectorial illustrator eps zoom\" src=\"https:\/\/www.bc-maps.com\/wp-content\/uploads\/2024\/10\/Santa-Ponca-Calvia-mapa-vectorial-illustrator-eps-zoom-296x300.jpg\" alt=\"Santa Pon\u00e7a Calvia mapa vectorial illustrator eps zoom\" width=\"296\" height=\"300\" srcset=\"https:\/\/www.bc-maps.com\/wp-content\/uploads\/2024\/10\/Santa-Ponca-Calvia-mapa-vectorial-illustrator-eps-zoom-296x300.jpg 296w, https:\/\/www.bc-maps.com\/wp-content\/uploads\/2024\/10\/Santa-Ponca-Calvia-mapa-vectorial-illustrator-eps-zoom-768x777.jpg 768w, https:\/\/www.bc-maps.com\/wp-content\/uploads\/2024\/10\/Santa-Ponca-Calvia-mapa-vectorial-illustrator-eps-zoom.jpg 1000w\" sizes=\"auto, (max-width: 296px) 100vw, 296px\" \/><\/a><figcaption id=\"caption-attachment-6444\" class=\"wp-caption-text\">Santa Pon\u00e7a Calvia mapa vectorial illustrator eps zoom<\/figcaption><\/figure>\n<p>Calvi\u00e0, en Mallorca, alberga una rica variedad de edificios singulares que reflejan su historia, cultura y desarrollo moderno. Aqu\u00ed algunos de los m\u00e1s notables:<\/p>\n<h3>1. <strong>Iglesia de San Juan Bautista (Calvi\u00e0 Vila)<\/strong><\/h3>\n<ul>\n<li>Situada en el n\u00facleo hist\u00f3rico de Calvi\u00e0, esta iglesia data del siglo XIII y ha sido reformada en varias ocasiones. Su estilo arquitect\u00f3nico g\u00f3tico mallorqu\u00edn es emblem\u00e1tico de la regi\u00f3n y destaca por su fachada sencilla y su campanario.<\/li>\n<\/ul>\n<h3>2. <strong>Castell de Bendinat<\/strong><\/h3>\n<ul>\n<li>Aunque de propiedad privada y no abierto al p\u00fablico, este castillo neog\u00f3tico del siglo XIX es una de las construcciones m\u00e1s ic\u00f3nicas de la zona. Rodeado por jardines y un campo de golf, su arquitectura destaca por su elegancia y es visible desde los alrededores.<\/li>\n<\/ul>\n<h3>3. <strong>Mol\u00ed de Santa Pon\u00e7a<\/strong><\/h3>\n<ul>\n<li>Este antiguo molino de viento, restaurado y convertido en un centro de interpretaci\u00f3n, es un importante testimonio del pasado agr\u00edcola de Calvi\u00e0. Es un s\u00edmbolo del patrimonio rural mallorqu\u00edn.<\/li>\n<\/ul>\n<h3>4. <strong>Casas Se\u00f1oriales de Calvi\u00e0<\/strong><\/h3>\n<ul>\n<li>En los n\u00facleos rurales de Calvi\u00e0, como Es Capdell\u00e0, se pueden encontrar antiguas casas se\u00f1oriales y fincas tradicionales (posesions) como <strong>Son Claret<\/strong> y <strong>Son Font<\/strong>, que muestran la arquitectura t\u00edpica mallorquina con grandes patios, torres de defensa y jardines.<\/li>\n<\/ul>\n<h3>5. <strong>Gran Casino Mallorca (Magaluf)<\/strong><\/h3>\n<ul>\n<li>Un edificio moderno y vanguardista, alberga uno de los casinos m\u00e1s importantes de la isla. Es un referente del ocio en la zona y forma parte del desarrollo tur\u00edstico de Magaluf.<\/li>\n<\/ul>\n<h3>6. <strong>Port Adriano<\/strong><\/h3>\n<ul>\n<li>Dise\u00f1ado por el prestigioso arquitecto Philippe Starck, Port Adriano es uno de los puertos m\u00e1s modernos y lujosos del Mediterr\u00e1neo. Su dise\u00f1o innovador y exclusivo lo convierte en un edificio singular, destacando por su funcionalidad y est\u00e9tica contempor\u00e1nea.<\/li>\n<\/ul>\n<p>Estos edificios reflejan la mezcla de historia, tradici\u00f3n y modernidad que caracteriza a Calvi\u00e0, una localidad que ha sabido preservar su patrimonio al tiempo que evoluciona como destino tur\u00edstico de primer nivel.<\/p>\n<p>El contenido de informaci\u00f3n depender\u00e1 del tama\u00f1o de la zona y la escala o medidas de reproducci\u00f3n, ya que no trabajamos con textos inferiores a 5 puntos para que sean legibles.<\/p>\n<p>En el caso de necesitar un mapa tur\u00edstico impreso podemos realizar todas las fases del proceso desde la creaci\u00f3n del dise\u00f1o a la entrega de un producto ya impreso totalmente personalizado, \u00a0formato plegable, talonarios e incluso en versi\u00f3n mural.<\/p>\n<p>La informaci\u00f3n disponible va desde\u00a0monumentos, lugares de inter\u00e9s y populares, museos, oficinas de turismo, centros comerciales, medios de transporte.<\/p>\n<p>Tambi\u00e9n podemos a\u00f1adir cualquier otra informaci\u00f3n pr\u00e1ctica que nos soliciten ustedes.<\/p>\n<p>Nuestros mapas est\u00e1n estructurados por medio de capas y son totalmente editables, modificables, \u00a0tanto \u00a0colores y\u00a0fuentes\/textos.<\/p>\n<p>Nuestro ficheros\u00a0son libres de derechos para cualquier reproducci\u00f3n, incluyendo nuestro copyright.<\/p>\n<p>Los maps\u00a0est\u00e1n creados con licencias oficiales de programas de Adobe, habitualmente entregamos en version CC, pero podemos entregar tambi\u00e9n en otras versiones.<\/p>\n","protected":false},"excerpt":{"rendered":"<p>Planos y mapas tur\u00edsticos impresos de Calvi\u00e0, Mallorca, u otras poblaciones de las Baleares Mapas vectoriales editables estructurados con capas del municipio de Calvi\u00e0 Mallorca, planos vectoriales de ciudades de la isla Podemos crear cualquier tipo de mapa del municipio de Calvi\u00e0 \u00a0planos parciales, planos generales, planos de detalle, \u2026etc. Santa Pon\u00e7a, Palmanova, Son Ferrer, &hellip; <a href=\"https:\/\/www.bc-maps.com\/mapa-vectorial-eps\/calvia-mallorca-mapa-vectorial-illustrator-eps-ai-cc\/\" class=\"more-link\">Seguir leyendo <span class=\"screen-reader-text\">Calvi\u00e0 Mallorca mapa vectorial Illustrator eps ai CC<\/span> <span class=\"meta-nav\">&rarr;<\/span><\/a><\/p>\n","protected":false},"author":1,"featured_media":6440,"parent":0,"menu_order":0,"comment_status":"closed","ping_status":"closed","template":"","meta":{"footnotes":""},"class_list":["post-6437","page","type-page","status-publish","has-post-thumbnail","hentry"],"_links":{"self":[{"href":"https:\/\/www.bc-maps.com\/mapa-vectorial-eps\/wp-json\/wp\/v2\/pages\/6437","targetHints":{"allow":["GET"]}}],"collection":[{"href":"https:\/\/www.bc-maps.com\/mapa-vectorial-eps\/wp-json\/wp\/v2\/pages"}],"about":[{"href":"https:\/\/www.bc-maps.com\/mapa-vectorial-eps\/wp-json\/wp\/v2\/types\/page"}],"author":[{"embeddable":true,"href":"https:\/\/www.bc-maps.com\/mapa-vectorial-eps\/wp-json\/wp\/v2\/users\/1"}],"replies":[{"embeddable":true,"href":"https:\/\/www.bc-maps.com\/mapa-vectorial-eps\/wp-json\/wp\/v2\/comments?post=6437"}],"version-history":[{"count":5,"href":"https:\/\/www.bc-maps.com\/mapa-vectorial-eps\/wp-json\/wp\/v2\/pages\/6437\/revisions"}],"predecessor-version":[{"id":6480,"href":"https:\/\/www.bc-maps.com\/mapa-vectorial-eps\/wp-json\/wp\/v2\/pages\/6437\/revisions\/6480"}],"wp:featuredmedia":[{"embeddable":true,"href":"https:\/\/www.bc-maps.com\/mapa-vectorial-eps\/wp-json\/wp\/v2\/media\/6440"}],"wp:attachment":[{"href":"https:\/\/www.bc-maps.com\/mapa-vectorial-eps\/wp-json\/wp\/v2\/media?parent=6437"}],"curies":[{"name":"wp","href":"https:\/\/api.w.org\/{rel}","templated":true}]}}