{"id":6385,"date":"2024-10-02T08:57:00","date_gmt":"2024-10-02T08:57:00","guid":{"rendered":"http:\/\/www.bc-maps.com\/mapa-vectorial-eps\/buger-mallorca-mapa-vectorial-illustrator-eps-ai-cc-2\/"},"modified":"2024-10-13T06:55:44","modified_gmt":"2024-10-13T06:55:44","slug":"soller-mallorca-mapa-vectorial-illustrator-eps-ai-cc","status":"publish","type":"page","link":"https:\/\/www.bc-maps.com\/mapa-vectorial-eps\/soller-mallorca-mapa-vectorial-illustrator-eps-ai-cc\/","title":{"rendered":"S\u00f3ller Mallorca mapa vectorial Illustrator eps ai CC"},"content":{"rendered":"<p>un hermoso edificio de estilo g\u00f3tico con un impresionante altar. El <strong>tranv\u00eda de S\u00f3ller<\/strong>, que conecta el pueblo con el puerto, ofrece un recorrido pintoresco a trav\u00e9s de paisajes espectaculares.<\/p>\n<p>Adem\u00e1s, la <strong>plaza de la Constituci\u00f3n<\/strong> es un lugar animado lleno de caf\u00e9s y restaurantes, ideal para disfrutar de la vida local. Las <strong>Cuevas de S\u00f3ller<\/strong> y el <strong>Jard\u00edn Bot\u00e1nico de S\u00f3ller<\/strong> son perfectos para los amantes de la naturaleza.<\/p>\n<h1>Planos y mapas tur\u00edsticos impresos de S\u00f3ller, Mallorca, u otras poblaciones de las Baleares<\/h1>\n<h2>Mapas vectoriales editables estructurados con capas del municipio de S\u00f3ller<\/h2>\n<h3>Mallorca, planos vectoriales de ciudades de la isla<\/h3>\n<p>Podemos crear cualquier tipo de mapa del municipio de S\u00f3ller \u00a0planos parciales, planos generales, planos de detalle, \u2026etc.<\/p>\n<p><strong>Los mapas se entregan en formatos editables <a href=\"http:\/\/www.adobe.es\">adobe<\/a> illustrator, eps.<\/strong><\/p>\n<figure id=\"attachment_6274\" aria-describedby=\"caption-attachment-6274\" style=\"width: 300px\" class=\"wp-caption alignnone\"><a href=\"http:\/\/www.bc-maps.com\/wp-content\/uploads\/2024\/10\/Soller-mapa-vectorial-illustrator-eps.jpg\" target=\"_blank\" rel=\"noopener\"><img loading=\"lazy\" decoding=\"async\" class=\"wp-image-6274 size-medium\" title=\"S\u00f3ller mapa vectorial illustrator eps\" src=\"http:\/\/www.bc-maps.com\/wp-content\/uploads\/2024\/10\/Soller-mapa-vectorial-illustrator-eps-300x300.jpg\" alt=\"S\u00f3ller mapa vectorial illustrator eps\" width=\"300\" height=\"300\" srcset=\"https:\/\/www.bc-maps.com\/wp-content\/uploads\/2024\/10\/Soller-mapa-vectorial-illustrator-eps-300x300.jpg 300w, https:\/\/www.bc-maps.com\/wp-content\/uploads\/2024\/10\/Soller-mapa-vectorial-illustrator-eps-1024x1024.jpg 1024w, https:\/\/www.bc-maps.com\/wp-content\/uploads\/2024\/10\/Soller-mapa-vectorial-illustrator-eps-150x150.jpg 150w, https:\/\/www.bc-maps.com\/wp-content\/uploads\/2024\/10\/Soller-mapa-vectorial-illustrator-eps-768x768.jpg 768w, https:\/\/www.bc-maps.com\/wp-content\/uploads\/2024\/10\/Soller-mapa-vectorial-illustrator-eps-1536x1536.jpg 1536w, https:\/\/www.bc-maps.com\/wp-content\/uploads\/2024\/10\/Soller-mapa-vectorial-illustrator-eps.jpg 1701w\" sizes=\"auto, (max-width: 300px) 100vw, 300px\" \/><\/a><figcaption id=\"caption-attachment-6274\" class=\"wp-caption-text\">S\u00f3ller mapa vectorial illustrator eps<\/figcaption><\/figure>\n<figure id=\"attachment_6276\" aria-describedby=\"caption-attachment-6276\" style=\"width: 300px\" class=\"wp-caption alignnone\"><a href=\"http:\/\/www.bc-maps.com\/wp-content\/uploads\/2024\/10\/Soller-mapa-vectorial-illustrator-eps-zoom.jpg\" target=\"_blank\" rel=\"noopener\"><img loading=\"lazy\" decoding=\"async\" class=\"wp-image-6276 size-medium\" title=\"S\u00f3ller mapa vectorial illustrator eps zoom\" src=\"http:\/\/www.bc-maps.com\/wp-content\/uploads\/2024\/10\/Soller-mapa-vectorial-illustrator-eps-zoom-300x291.jpg\" alt=\"S\u00f3ller mapa vectorial illustrator eps zoom\" width=\"300\" height=\"291\" srcset=\"https:\/\/www.bc-maps.com\/wp-content\/uploads\/2024\/10\/Soller-mapa-vectorial-illustrator-eps-zoom-300x291.jpg 300w, https:\/\/www.bc-maps.com\/wp-content\/uploads\/2024\/10\/Soller-mapa-vectorial-illustrator-eps-zoom-768x745.jpg 768w, https:\/\/www.bc-maps.com\/wp-content\/uploads\/2024\/10\/Soller-mapa-vectorial-illustrator-eps-zoom.jpg 1010w\" sizes=\"auto, (max-width: 300px) 100vw, 300px\" \/><\/a><figcaption id=\"caption-attachment-6276\" class=\"wp-caption-text\">S\u00f3ller mapa vectorial illustrator eps zoom<\/figcaption><\/figure>\n<figure id=\"attachment_6275\" aria-describedby=\"caption-attachment-6275\" style=\"width: 300px\" class=\"wp-caption alignnone\"><a href=\"http:\/\/www.bc-maps.com\/wp-content\/uploads\/2024\/10\/Port-de-Soller-mapa-vectorial-illustrator-eps-zoom.jpg\" target=\"_blank\" rel=\"noopener\"><img loading=\"lazy\" decoding=\"async\" class=\"wp-image-6275 size-medium\" title=\"Port S\u00f3ller mapa vectorial illustrator eps zoom\" src=\"http:\/\/www.bc-maps.com\/wp-content\/uploads\/2024\/10\/Port-de-Soller-mapa-vectorial-illustrator-eps-zoom-300x300.jpg\" alt=\"Port S\u00f3ller mapa vectorial illustrator eps zoom\" width=\"300\" height=\"300\" srcset=\"https:\/\/www.bc-maps.com\/wp-content\/uploads\/2024\/10\/Port-de-Soller-mapa-vectorial-illustrator-eps-zoom-300x300.jpg 300w, https:\/\/www.bc-maps.com\/wp-content\/uploads\/2024\/10\/Port-de-Soller-mapa-vectorial-illustrator-eps-zoom-150x150.jpg 150w, https:\/\/www.bc-maps.com\/wp-content\/uploads\/2024\/10\/Port-de-Soller-mapa-vectorial-illustrator-eps-zoom-768x768.jpg 768w, https:\/\/www.bc-maps.com\/wp-content\/uploads\/2024\/10\/Port-de-Soller-mapa-vectorial-illustrator-eps-zoom.jpg 1017w\" sizes=\"auto, (max-width: 300px) 100vw, 300px\" \/><\/a><figcaption id=\"caption-attachment-6275\" class=\"wp-caption-text\">Port S\u00f3ller mapa vectorial illustrator eps zoom<\/figcaption><\/figure>\n<p><strong>S\u00f3ller,<\/strong> un encantador municipio en la Serra de Tramuntana, es conocido por su impresionante belleza natural y su rica historia. Uno de sus principales atractivos es la <strong>Iglesia de Sant Bartomeu<\/strong>, un hermoso edificio de estilo g\u00f3tico con un impresionante altar. El <strong>tranv\u00eda de S\u00f3ller<\/strong>, que conecta el pueblo con el puerto, ofrece un recorrido pintoresco a trav\u00e9s de paisajes espectaculares.<\/p>\n<p>Adem\u00e1s, la <strong>plaza de la Constituci\u00f3n<\/strong> es un lugar animado lleno de caf\u00e9s y restaurantes, ideal para disfrutar de la vida local. Las <strong>Cuevas de S\u00f3ller<\/strong> y el <strong>Jard\u00edn Bot\u00e1nico de S\u00f3ller<\/strong> son perfectos para los amantes de la naturaleza.<\/p>\n<p>El contenido de informaci\u00f3n depender\u00e1 del tama\u00f1o de la zona y la escala o medidas de reproducci\u00f3n, ya que no trabajamos con textos inferiores a 5 puntos para que sean legibles.<\/p>\n<p><strong>En el caso de necesitar un mapa tur\u00edstico impreso podemos realizar todas las fases del proceso desde la creaci\u00f3n del dise\u00f1o a la entrega de un producto ya impreso totalmente personalizado, \u00a0formato plegable, talonarios e incluso en versi\u00f3n mural.<\/strong><\/p>\n<p>La informaci\u00f3n disponible va desde\u00a0monumentos, lugares de inter\u00e9s y populares, museos, oficinas de turismo, centros comerciales, medios de transporte.<\/p>\n<p>Tambi\u00e9n podemos a\u00f1adir cualquier otra informaci\u00f3n pr\u00e1ctica que nos soliciten ustedes.<\/p>\n<p>Nuestros mapas est\u00e1n estructurados por medio de capas y son totalmente editables, modificables, \u00a0tanto \u00a0colores y\u00a0fuentes\/textos.<\/p>\n<p>Nuestro ficheros\u00a0son libres de derechos para cualquier reproducci\u00f3n, incluyendo nuestro copyright.<\/p>\n<p>Los maps\u00a0est\u00e1n creados con licencias oficiales de programas de Adobe, habitualmente entregamos en version CC, pero podemos entregar tambi\u00e9n en otras versiones.<\/p>\n","protected":false},"excerpt":{"rendered":"<p>un hermoso edificio de estilo g\u00f3tico con un impresionante altar. El tranv\u00eda de S\u00f3ller, que conecta el pueblo con el puerto, ofrece un recorrido pintoresco a trav\u00e9s de paisajes espectaculares. Adem\u00e1s, la plaza de la Constituci\u00f3n es un lugar animado lleno de caf\u00e9s y restaurantes, ideal para disfrutar de la vida local. Las Cuevas de &hellip; <a href=\"https:\/\/www.bc-maps.com\/mapa-vectorial-eps\/soller-mallorca-mapa-vectorial-illustrator-eps-ai-cc\/\" class=\"more-link\">Seguir leyendo <span class=\"screen-reader-text\">S\u00f3ller Mallorca mapa vectorial Illustrator eps ai CC<\/span> <span class=\"meta-nav\">&rarr;<\/span><\/a><\/p>\n","protected":false},"author":1,"featured_media":6274,"parent":0,"menu_order":0,"comment_status":"closed","ping_status":"closed","template":"","meta":{"footnotes":""},"class_list":["post-6385","page","type-page","status-publish","has-post-thumbnail","hentry"],"_links":{"self":[{"href":"https:\/\/www.bc-maps.com\/mapa-vectorial-eps\/wp-json\/wp\/v2\/pages\/6385","targetHints":{"allow":["GET"]}}],"collection":[{"href":"https:\/\/www.bc-maps.com\/mapa-vectorial-eps\/wp-json\/wp\/v2\/pages"}],"about":[{"href":"https:\/\/www.bc-maps.com\/mapa-vectorial-eps\/wp-json\/wp\/v2\/types\/page"}],"author":[{"embeddable":true,"href":"https:\/\/www.bc-maps.com\/mapa-vectorial-eps\/wp-json\/wp\/v2\/users\/1"}],"replies":[{"embeddable":true,"href":"https:\/\/www.bc-maps.com\/mapa-vectorial-eps\/wp-json\/wp\/v2\/comments?post=6385"}],"version-history":[{"count":3,"href":"https:\/\/www.bc-maps.com\/mapa-vectorial-eps\/wp-json\/wp\/v2\/pages\/6385\/revisions"}],"predecessor-version":[{"id":6668,"href":"https:\/\/www.bc-maps.com\/mapa-vectorial-eps\/wp-json\/wp\/v2\/pages\/6385\/revisions\/6668"}],"wp:featuredmedia":[{"embeddable":true,"href":"https:\/\/www.bc-maps.com\/mapa-vectorial-eps\/wp-json\/wp\/v2\/media\/6274"}],"wp:attachment":[{"href":"https:\/\/www.bc-maps.com\/mapa-vectorial-eps\/wp-json\/wp\/v2\/media?parent=6385"}],"curies":[{"name":"wp","href":"https:\/\/api.w.org\/{rel}","templated":true}]}}