{"id":6376,"date":"2024-10-02T08:57:00","date_gmt":"2024-10-02T08:57:00","guid":{"rendered":"http:\/\/www.bc-maps.com\/mapa-vectorial-eps\/consell-mallorca-mapa-vectorial-illustrator-eps-ai-cc-2\/"},"modified":"2024-10-18T15:22:46","modified_gmt":"2024-10-18T15:22:46","slug":"valldemossa-mallorca-mapa-vectorial-illustrator-eps-ai-cc","status":"publish","type":"page","link":"https:\/\/www.bc-maps.com\/mapa-vectorial-eps\/valldemossa-mallorca-mapa-vectorial-illustrator-eps-ai-cc\/","title":{"rendered":"Valldemossa Mallorca mapa vectorial Illustrator eps ai CC"},"content":{"rendered":"<h1>Planos y mapas tur\u00edsticos impresos de Valldemossa, Mallorca, u otras poblaciones de las Baleares<\/h1>\n<h2>Mapas vectoriales editables estructurados con capas del municipio de Valldemossa <span style=\"font-size: 22px;\">Mallorca, planos vectoriales de ciudades de la isla<\/span><\/h2>\n<p>Podemos crear cualquier tipo de mapa del municipio de Valldemossa planos parciales, planos generales, planos de detalle, \u2026etc.<\/p>\n<p><strong>Los mapas se entregan en formatos editables <a href=\"http:\/\/www.adobe.es\">adobe<\/a> illustrator, eps.<\/strong><\/p>\n<figure id=\"attachment_6378\" aria-describedby=\"caption-attachment-6378\" style=\"width: 288px\" class=\"wp-caption alignnone\"><a href=\"http:\/\/www.bc-maps.com\/wp-content\/uploads\/2024\/10\/Valldemossa-mapa-vectorial-illustrator-eps.jpg\" target=\"_blank\" rel=\"noopener\"><img loading=\"lazy\" decoding=\"async\" class=\"Valldemossa mapa vectorial illustrator eps wp-image-6378 size-medium\" title=\"Valldemossa mapa vectorial illustrator eps\" src=\"http:\/\/www.bc-maps.com\/wp-content\/uploads\/2024\/10\/Valldemossa-mapa-vectorial-illustrator-eps-288x300.jpg\" alt=\"Valldemossa mapa vectorial illustrator eps\" width=\"288\" height=\"300\" srcset=\"https:\/\/www.bc-maps.com\/wp-content\/uploads\/2024\/10\/Valldemossa-mapa-vectorial-illustrator-eps-288x300.jpg 288w, https:\/\/www.bc-maps.com\/wp-content\/uploads\/2024\/10\/Valldemossa-mapa-vectorial-illustrator-eps-984x1024.jpg 984w, https:\/\/www.bc-maps.com\/wp-content\/uploads\/2024\/10\/Valldemossa-mapa-vectorial-illustrator-eps-768x799.jpg 768w, https:\/\/www.bc-maps.com\/wp-content\/uploads\/2024\/10\/Valldemossa-mapa-vectorial-illustrator-eps-1475x1536.jpg 1475w, https:\/\/www.bc-maps.com\/wp-content\/uploads\/2024\/10\/Valldemossa-mapa-vectorial-illustrator-eps.jpg 1634w\" sizes=\"auto, (max-width: 288px) 100vw, 288px\" \/><\/a><figcaption id=\"caption-attachment-6378\" class=\"wp-caption-text\">Valldemossa mapa vectorial illustrator eps<\/figcaption><\/figure>\n<figure id=\"attachment_6417\" aria-describedby=\"caption-attachment-6417\" style=\"width: 300px\" class=\"wp-caption alignnone\"><a href=\"https:\/\/www.bc-maps.com\/wp-content\/uploads\/2024\/10\/Valdemossa-mapa-vectorial-illustrator-eps-zoom.jpg\" target=\"_blank\" rel=\"noopener\"><img loading=\"lazy\" decoding=\"async\" class=\"wp-image-6417 size-medium\" title=\"Valdemossa mapa vectorial illustrator eps zoom\" src=\"https:\/\/www.bc-maps.com\/wp-content\/uploads\/2024\/10\/Valdemossa-mapa-vectorial-illustrator-eps-zoom-300x300.jpg\" alt=\"Valdemossa mapa vectorial illustrator eps zoom\" width=\"300\" height=\"300\" srcset=\"https:\/\/www.bc-maps.com\/wp-content\/uploads\/2024\/10\/Valdemossa-mapa-vectorial-illustrator-eps-zoom-300x300.jpg 300w, https:\/\/www.bc-maps.com\/wp-content\/uploads\/2024\/10\/Valdemossa-mapa-vectorial-illustrator-eps-zoom-150x150.jpg 150w, https:\/\/www.bc-maps.com\/wp-content\/uploads\/2024\/10\/Valdemossa-mapa-vectorial-illustrator-eps-zoom-768x770.jpg 768w, https:\/\/www.bc-maps.com\/wp-content\/uploads\/2024\/10\/Valdemossa-mapa-vectorial-illustrator-eps-zoom.jpg 1017w\" sizes=\"auto, (max-width: 300px) 100vw, 300px\" \/><\/a><figcaption id=\"caption-attachment-6417\" class=\"wp-caption-text\">Valdemossa mapa vectorial illustrator eps zoom<\/figcaption><\/figure>\n<p><strong>Valldemossa,<\/strong> un encantador pueblo en la Serra de Tramuntana, es famoso por su belleza natural y su rica historia. Uno de sus principales atractivos es el <strong>Monasterio de Cartuja<\/strong>, donde el compositor Fr\u00e9d\u00e9ric Chopin pas\u00f3 un invierno, lo que atrae a muchos amantes de la m\u00fasica. La <strong>Iglesia de San Bartolom\u00e9<\/strong>, con su impresionante campanario, es otro punto de inter\u00e9s.<\/p>\n<p>Los visitantes pueden disfrutar de un paseo por sus calles empedradas y explorar las tradicionales <strong>casas de piedra<\/strong>. Adem\u00e1s, la <strong>Ruta de los Olivos<\/strong>, que ofrece vistas panor\u00e1micas del valle, es ideal para los amantes del senderismo<\/p>\n<p>El contenido de informaci\u00f3n depender\u00e1 del tama\u00f1o de la zona y la escala o medidas de reproducci\u00f3n, ya que no trabajamos con textos inferiores a 5 puntos para que sean legibles.<\/p>\n<p><strong>En el caso de necesitar un mapa tur\u00edstico impreso podemos realizar todas las fases del proceso desde la creaci\u00f3n del dise\u00f1o a la entrega de un producto ya impreso totalmente personalizado, \u00a0formato plegable, talonarios e incluso en versi\u00f3n mural.<\/strong><\/p>\n<p>La informaci\u00f3n disponible va desde\u00a0monumentos, lugares de inter\u00e9s y populares, museos, oficinas de turismo, centros comerciales, medios de transporte.<\/p>\n<p>Tambi\u00e9n podemos a\u00f1adir cualquier otra informaci\u00f3n pr\u00e1ctica que nos soliciten ustedes.<\/p>\n<p>Nuestros mapas est\u00e1n estructurados por medio de capas y son totalmente editables, modificables, \u00a0tanto \u00a0colores y\u00a0fuentes\/textos.<\/p>\n<p>Nuestro ficheros\u00a0son libres de derechos para cualquier reproducci\u00f3n, incluyendo nuestro copyright.<\/p>\n<p>Los mapas est\u00e1n creados con licencias oficiales de programas de Adobe, habitualmente entregamos en version CC, pero podemos entregar tambi\u00e9n en otras versiones.<\/p>\n","protected":false},"excerpt":{"rendered":"<p>Planos y mapas tur\u00edsticos impresos de Valldemossa, Mallorca, u otras poblaciones de las Baleares Mapas vectoriales editables estructurados con capas del municipio de Valldemossa Mallorca, planos vectoriales de ciudades de la isla Podemos crear cualquier tipo de mapa del municipio de Valldemossa planos parciales, planos generales, planos de detalle, \u2026etc. Los mapas se entregan en &hellip; <a href=\"https:\/\/www.bc-maps.com\/mapa-vectorial-eps\/valldemossa-mallorca-mapa-vectorial-illustrator-eps-ai-cc\/\" class=\"more-link\">Seguir leyendo <span class=\"screen-reader-text\">Valldemossa Mallorca mapa vectorial Illustrator eps ai CC<\/span> <span class=\"meta-nav\">&rarr;<\/span><\/a><\/p>\n","protected":false},"author":1,"featured_media":6378,"parent":0,"menu_order":0,"comment_status":"closed","ping_status":"closed","template":"","meta":{"footnotes":""},"class_list":["post-6376","page","type-page","status-publish","has-post-thumbnail","hentry"],"_links":{"self":[{"href":"https:\/\/www.bc-maps.com\/mapa-vectorial-eps\/wp-json\/wp\/v2\/pages\/6376","targetHints":{"allow":["GET"]}}],"collection":[{"href":"https:\/\/www.bc-maps.com\/mapa-vectorial-eps\/wp-json\/wp\/v2\/pages"}],"about":[{"href":"https:\/\/www.bc-maps.com\/mapa-vectorial-eps\/wp-json\/wp\/v2\/types\/page"}],"author":[{"embeddable":true,"href":"https:\/\/www.bc-maps.com\/mapa-vectorial-eps\/wp-json\/wp\/v2\/users\/1"}],"replies":[{"embeddable":true,"href":"https:\/\/www.bc-maps.com\/mapa-vectorial-eps\/wp-json\/wp\/v2\/comments?post=6376"}],"version-history":[{"count":5,"href":"https:\/\/www.bc-maps.com\/mapa-vectorial-eps\/wp-json\/wp\/v2\/pages\/6376\/revisions"}],"predecessor-version":[{"id":6682,"href":"https:\/\/www.bc-maps.com\/mapa-vectorial-eps\/wp-json\/wp\/v2\/pages\/6376\/revisions\/6682"}],"wp:featuredmedia":[{"embeddable":true,"href":"https:\/\/www.bc-maps.com\/mapa-vectorial-eps\/wp-json\/wp\/v2\/media\/6378"}],"wp:attachment":[{"href":"https:\/\/www.bc-maps.com\/mapa-vectorial-eps\/wp-json\/wp\/v2\/media?parent=6376"}],"curies":[{"name":"wp","href":"https:\/\/api.w.org\/{rel}","templated":true}]}}