{"id":6362,"date":"2024-10-02T08:57:00","date_gmt":"2024-10-02T08:57:00","guid":{"rendered":"http:\/\/www.bc-maps.com\/mapa-vectorial-eps\/alaro-mallorca-mapa-vectorial-illustrator-eps-ai-cc-2\/"},"modified":"2024-10-13T06:52:15","modified_gmt":"2024-10-13T06:52:15","slug":"selva-mallorca-mapa-vectorial-illustrator-eps-ai-cc","status":"publish","type":"page","link":"https:\/\/www.bc-maps.com\/mapa-vectorial-eps\/selva-mallorca-mapa-vectorial-illustrator-eps-ai-cc\/","title":{"rendered":"Selva Mallorca mapa vectorial Illustrator eps ai CC"},"content":{"rendered":"<h1>Planos y mapas tur\u00edsticos impresos de Selva, Mallorca, u otras poblaciones de las Baleares<\/h1>\n<h2>Mapas vectoriales editables estructurados con capas del municipio de Selva<\/h2>\n<h3>Mallorca, planos vectoriales de ciudades de la isla<\/h3>\n<p>Podemos crear cualquier tipo de mapa del municipio de Selva \u00a0planos parciales, planos generales, planos de detalle, \u2026etc.<\/p>\n<p>Los mapas se entregan en formatos editables <a href=\"http:\/\/www.adobe.es\">adobe<\/a> illustrator, eps.<\/p>\n<figure id=\"attachment_6285\" aria-describedby=\"caption-attachment-6285\" style=\"width: 269px\" class=\"wp-caption alignnone\"><a href=\"http:\/\/www.bc-maps.com\/wp-content\/uploads\/2024\/10\/Alaro-mapa-vectorial-illustrator-eps.jpg\" target=\"_blank\" rel=\"noopener\"><img loading=\"lazy\" decoding=\"async\" class=\"wp-image-6285 size-medium\" title=\"Alar\u00f3 mapa vectorial illustrator eps\" src=\"http:\/\/www.bc-maps.com\/wp-content\/uploads\/2024\/10\/Alaro-mapa-vectorial-illustrator-eps-269x300.jpg\" alt=\"Alar\u00f3 mapa vectorial illustrator eps\" width=\"269\" height=\"300\" srcset=\"https:\/\/www.bc-maps.com\/wp-content\/uploads\/2024\/10\/Alaro-mapa-vectorial-illustrator-eps-269x300.jpg 269w, https:\/\/www.bc-maps.com\/wp-content\/uploads\/2024\/10\/Alaro-mapa-vectorial-illustrator-eps-917x1024.jpg 917w, https:\/\/www.bc-maps.com\/wp-content\/uploads\/2024\/10\/Alaro-mapa-vectorial-illustrator-eps-768x858.jpg 768w, https:\/\/www.bc-maps.com\/wp-content\/uploads\/2024\/10\/Alaro-mapa-vectorial-illustrator-eps-1375x1536.jpg 1375w, https:\/\/www.bc-maps.com\/wp-content\/uploads\/2024\/10\/Alaro-mapa-vectorial-illustrator-eps.jpg 1523w\" sizes=\"auto, (max-width: 269px) 100vw, 269px\" \/><\/a><figcaption id=\"caption-attachment-6285\" class=\"wp-caption-text\">Alar\u00f3 mapa vectorial illustrator eps<\/figcaption><\/figure>\n<p><strong>Selva<\/strong>, municipio en el norte de Mallorca, es conocido por su belleza natural y su patrimonio cultural. Uno de los principales atractivos es la <strong>Iglesia de Santa Mar\u00eda<\/strong>, un impresionante edificio g\u00f3tico que data del siglo XIII. Desde Selva, los visitantes pueden acceder a rutas de senderismo en la <strong>Serra de Tramuntana<\/strong>, ideales para explorar la flora y fauna local.<\/p>\n<p>Adem\u00e1s, el <strong>Mercado de Selva<\/strong>, que se celebra los domingos, ofrece productos frescos y artesan\u00edas locales. La <strong>Finca de Son Muda<\/strong>, famosa por sus cultivos, tambi\u00e9n es un punto de inter\u00e9s.<\/p>\n<p>El contenido de informaci\u00f3n depender\u00e1 del tama\u00f1o de la zona y la escala o medidas de reproducci\u00f3n, ya que no trabajamos con textos inferiores a 5 puntos para que sean legibles.<\/p>\n<p>En el caso de necesitar un mapa tur\u00edstico impreso podemos realizar todas las fases del proceso desde la creaci\u00f3n del dise\u00f1o a la entrega de un producto ya impreso totalmente personalizado, \u00a0formato plegable, talonarios e incluso en versi\u00f3n mural.<\/p>\n<p>La informaci\u00f3n disponible va desde\u00a0monumentos, lugares de inter\u00e9s y populares, museos, oficinas de turismo, centros comerciales, medios de transporte.<\/p>\n<p>Tambi\u00e9n podemos a\u00f1adir cualquier otra informaci\u00f3n pr\u00e1ctica que nos soliciten ustedes.<\/p>\n<p>Nuestros mapas est\u00e1n estructurados por medio de capas y son totalmente editables, modificables, \u00a0tanto \u00a0colores y\u00a0fuentes\/textos.<\/p>\n<p>Nuestro ficheros\u00a0son libres de derechos para cualquier reproducci\u00f3n, incluyendo nuestro copyright.<\/p>\n<p>Los mapas est\u00e1n creados con licencias oficiales de programas de Adobe, habitualmente entregamos en version CC, pero podemos entregar tambi\u00e9n en otras versiones.<\/p>\n","protected":false},"excerpt":{"rendered":"<p>Planos y mapas tur\u00edsticos impresos de Selva, Mallorca, u otras poblaciones de las Baleares Mapas vectoriales editables estructurados con capas del municipio de Selva Mallorca, planos vectoriales de ciudades de la isla Podemos crear cualquier tipo de mapa del municipio de Selva \u00a0planos parciales, planos generales, planos de detalle, \u2026etc. Los mapas se entregan en &hellip; <a href=\"https:\/\/www.bc-maps.com\/mapa-vectorial-eps\/selva-mallorca-mapa-vectorial-illustrator-eps-ai-cc\/\" class=\"more-link\">Seguir leyendo <span class=\"screen-reader-text\">Selva Mallorca mapa vectorial Illustrator eps ai CC<\/span> <span class=\"meta-nav\">&rarr;<\/span><\/a><\/p>\n","protected":false},"author":1,"featured_media":6364,"parent":0,"menu_order":0,"comment_status":"closed","ping_status":"closed","template":"","meta":{"footnotes":""},"class_list":["post-6362","page","type-page","status-publish","has-post-thumbnail","hentry"],"_links":{"self":[{"href":"https:\/\/www.bc-maps.com\/mapa-vectorial-eps\/wp-json\/wp\/v2\/pages\/6362","targetHints":{"allow":["GET"]}}],"collection":[{"href":"https:\/\/www.bc-maps.com\/mapa-vectorial-eps\/wp-json\/wp\/v2\/pages"}],"about":[{"href":"https:\/\/www.bc-maps.com\/mapa-vectorial-eps\/wp-json\/wp\/v2\/types\/page"}],"author":[{"embeddable":true,"href":"https:\/\/www.bc-maps.com\/mapa-vectorial-eps\/wp-json\/wp\/v2\/users\/1"}],"replies":[{"embeddable":true,"href":"https:\/\/www.bc-maps.com\/mapa-vectorial-eps\/wp-json\/wp\/v2\/comments?post=6362"}],"version-history":[{"count":4,"href":"https:\/\/www.bc-maps.com\/mapa-vectorial-eps\/wp-json\/wp\/v2\/pages\/6362\/revisions"}],"predecessor-version":[{"id":6664,"href":"https:\/\/www.bc-maps.com\/mapa-vectorial-eps\/wp-json\/wp\/v2\/pages\/6362\/revisions\/6664"}],"wp:featuredmedia":[{"embeddable":true,"href":"https:\/\/www.bc-maps.com\/mapa-vectorial-eps\/wp-json\/wp\/v2\/media\/6364"}],"wp:attachment":[{"href":"https:\/\/www.bc-maps.com\/mapa-vectorial-eps\/wp-json\/wp\/v2\/media?parent=6362"}],"curies":[{"name":"wp","href":"https:\/\/api.w.org\/{rel}","templated":true}]}}