{"id":6357,"date":"2024-10-02T08:55:00","date_gmt":"2024-10-02T08:55:00","guid":{"rendered":"http:\/\/www.bc-maps.com\/mapa-vectorial-eps\/banyalbufar-mallorca-mapa-vectorial-illustrator-eps-ai-cc-2\/"},"modified":"2024-10-13T06:50:45","modified_gmt":"2024-10-13T06:50:45","slug":"santa-maria-del-cami-mallorca-mapa-vectorial-illustrator-eps-ai-cc","status":"publish","type":"page","link":"https:\/\/www.bc-maps.com\/mapa-vectorial-eps\/santa-maria-del-cami-mallorca-mapa-vectorial-illustrator-eps-ai-cc\/","title":{"rendered":"Santa Maria del Cam\u00ed Mallorca mapa vectorial Illustrator eps ai CC"},"content":{"rendered":"<h1>Planos y mapas tur\u00edsticos impresos de Santa Maria del Cam\u00ed, Mallorca, u otras poblaciones de las Baleares<\/h1>\n<h2>Mapas vectoriales editables estructurados con capas del municipio de Santa Maria del Cam\u00ed<\/h2>\n<h3>Mallorca, planos vectoriales de ciudades de la isla<\/h3>\n<p>Podemos crear cualquier tipo de mapa del municipio de Santa Maria del Cam\u00ed planos parciales, planos generales, planos de detalle, \u2026etc.<\/p>\n<p><strong>Los mapas se entregan en formatos editables <a href=\"http:\/\/www.adobe.es\">adobe<\/a> illustrator, eps.<\/strong><\/p>\n<figure id=\"attachment_6359\" aria-describedby=\"caption-attachment-6359\" style=\"width: 299px\" class=\"wp-caption alignnone\"><a href=\"http:\/\/www.bc-maps.com\/wp-content\/uploads\/2024\/10\/Santa-Maria-del-Cami-mapa-vectorial-illustrator-eps.jpg\" target=\"_blank\" rel=\"noopener\"><img loading=\"lazy\" decoding=\"async\" class=\"wp-image-6359\" title=\"Santa Maria del Cami mapa vectorial illustrator eps\" src=\"http:\/\/www.bc-maps.com\/wp-content\/uploads\/2024\/10\/Santa-Maria-del-Cami-mapa-vectorial-illustrator-eps-228x300.jpg\" alt=\"Santa Maria del Cami mapa vectorial illustrator eps\" width=\"299\" height=\"393\" srcset=\"https:\/\/www.bc-maps.com\/wp-content\/uploads\/2024\/10\/Santa-Maria-del-Cami-mapa-vectorial-illustrator-eps-228x300.jpg 228w, https:\/\/www.bc-maps.com\/wp-content\/uploads\/2024\/10\/Santa-Maria-del-Cami-mapa-vectorial-illustrator-eps-777x1024.jpg 777w, https:\/\/www.bc-maps.com\/wp-content\/uploads\/2024\/10\/Santa-Maria-del-Cami-mapa-vectorial-illustrator-eps-768x1013.jpg 768w, https:\/\/www.bc-maps.com\/wp-content\/uploads\/2024\/10\/Santa-Maria-del-Cami-mapa-vectorial-illustrator-eps-1165x1536.jpg 1165w, https:\/\/www.bc-maps.com\/wp-content\/uploads\/2024\/10\/Santa-Maria-del-Cami-mapa-vectorial-illustrator-eps.jpg 1290w\" sizes=\"auto, (max-width: 299px) 100vw, 299px\" \/><\/a><figcaption id=\"caption-attachment-6359\" class=\"wp-caption-text\">Santa Maria del Cami mapa vectorial illustrator eps<\/figcaption><\/figure>\n<figure id=\"attachment_6415\" aria-describedby=\"caption-attachment-6415\" style=\"width: 294px\" class=\"wp-caption alignnone\"><a href=\"https:\/\/www.bc-maps.com\/wp-content\/uploads\/2024\/10\/Santa-Maria-del-Cami-mapa-vectorial-illustrator-eps-zoom.jpg\" target=\"_blank\" rel=\"noopener\"><img loading=\"lazy\" decoding=\"async\" class=\"wp-image-6415 size-medium\" title=\"Santa Maria del Cam\u00ed mapa vectorial illustrator eps zoom\" src=\"https:\/\/www.bc-maps.com\/wp-content\/uploads\/2024\/10\/Santa-Maria-del-Cami-mapa-vectorial-illustrator-eps-zoom-294x300.jpg\" alt=\"Santa Maria del Cam\u00ed mapa vectorial illustrator eps zoom\" width=\"294\" height=\"300\" srcset=\"https:\/\/www.bc-maps.com\/wp-content\/uploads\/2024\/10\/Santa-Maria-del-Cami-mapa-vectorial-illustrator-eps-zoom-294x300.jpg 294w, https:\/\/www.bc-maps.com\/wp-content\/uploads\/2024\/10\/Santa-Maria-del-Cami-mapa-vectorial-illustrator-eps-zoom-1003x1024.jpg 1003w, https:\/\/www.bc-maps.com\/wp-content\/uploads\/2024\/10\/Santa-Maria-del-Cami-mapa-vectorial-illustrator-eps-zoom-768x784.jpg 768w, https:\/\/www.bc-maps.com\/wp-content\/uploads\/2024\/10\/Santa-Maria-del-Cami-mapa-vectorial-illustrator-eps-zoom.jpg 1006w\" sizes=\"auto, (max-width: 294px) 100vw, 294px\" \/><\/a><figcaption id=\"caption-attachment-6415\" class=\"wp-caption-text\">Santa Maria del Cam\u00ed mapa vectorial illustrator eps zoom<\/figcaption><\/figure>\n<p><strong>Santa Maria del Cam\u00ed <\/strong>es conocido por su rica cultura y tradici\u00f3n agr\u00edcola. Uno de los principales lugares de inter\u00e9s es la <strong>Iglesia de Santa Mar\u00eda<\/strong>, construida en el siglo XVIII, que destaca por su arquitectura barroca. El <strong>Mercado de Santa Mar\u00eda<\/strong>, que se celebra los domingos, ofrece una variedad de productos locales frescos, artesan\u00edas y un ambiente vibrante.<\/p>\n<p>Los alrededores tambi\u00e9n son ideales para explorar la naturaleza, con rutas de senderismo en la <strong>Serra de Tramuntana<\/strong>. Adem\u00e1s, el municipio alberga la <strong>Bodega de Santa Mar\u00eda<\/strong>, donde se pueden degustar vinos locales.<\/p>\n<p>El contenido de informaci\u00f3n depender\u00e1 del tama\u00f1o de la zona y la escala o medidas de reproducci\u00f3n, ya que no trabajamos con textos inferiores a 5 puntos para que sean legibles.<\/p>\n<p><strong>En el caso de necesitar un mapa tur\u00edstico impreso podemos realizar todas las fases del proceso desde la creaci\u00f3n del dise\u00f1o a la entrega de un producto ya impreso totalmente personalizado, \u00a0formato plegable, talonarios e incluso en versi\u00f3n mural.<\/strong><\/p>\n<p>La informaci\u00f3n disponible va desde\u00a0monumentos, lugares de inter\u00e9s y populares, museos, oficinas de turismo, centros comerciales, medios de transporte.<\/p>\n<p>Tambi\u00e9n podemos a\u00f1adir cualquier otra informaci\u00f3n pr\u00e1ctica que nos soliciten ustedes.<\/p>\n<p>Nuestros mapas est\u00e1n estructurados por medio de capas y son totalmente editables, modificables, \u00a0tanto \u00a0colores y\u00a0fuentes\/textos.<\/p>\n<p>Nuestro ficheros\u00a0son libres de derechos para cualquier reproducci\u00f3n, incluyendo nuestro copyright.<\/p>\n<p>Los mapas est\u00e1n creados con licencias oficiales de programas de Adobe, habitualmente entregamos en version CC, pero podemos entregar tambi\u00e9n en otras versiones.<\/p>\n","protected":false},"excerpt":{"rendered":"<p>Planos y mapas tur\u00edsticos impresos de Santa Maria del Cam\u00ed, Mallorca, u otras poblaciones de las Baleares Mapas vectoriales editables estructurados con capas del municipio de Santa Maria del Cam\u00ed Mallorca, planos vectoriales de ciudades de la isla Podemos crear cualquier tipo de mapa del municipio de Santa Maria del Cam\u00ed planos parciales, planos generales, &hellip; <a href=\"https:\/\/www.bc-maps.com\/mapa-vectorial-eps\/santa-maria-del-cami-mallorca-mapa-vectorial-illustrator-eps-ai-cc\/\" class=\"more-link\">Seguir leyendo <span class=\"screen-reader-text\">Santa Maria del Cam\u00ed Mallorca mapa vectorial Illustrator eps ai CC<\/span> <span class=\"meta-nav\">&rarr;<\/span><\/a><\/p>\n","protected":false},"author":1,"featured_media":6359,"parent":0,"menu_order":0,"comment_status":"closed","ping_status":"closed","template":"","meta":{"footnotes":""},"class_list":["post-6357","page","type-page","status-publish","has-post-thumbnail","hentry"],"_links":{"self":[{"href":"https:\/\/www.bc-maps.com\/mapa-vectorial-eps\/wp-json\/wp\/v2\/pages\/6357","targetHints":{"allow":["GET"]}}],"collection":[{"href":"https:\/\/www.bc-maps.com\/mapa-vectorial-eps\/wp-json\/wp\/v2\/pages"}],"about":[{"href":"https:\/\/www.bc-maps.com\/mapa-vectorial-eps\/wp-json\/wp\/v2\/types\/page"}],"author":[{"embeddable":true,"href":"https:\/\/www.bc-maps.com\/mapa-vectorial-eps\/wp-json\/wp\/v2\/users\/1"}],"replies":[{"embeddable":true,"href":"https:\/\/www.bc-maps.com\/mapa-vectorial-eps\/wp-json\/wp\/v2\/comments?post=6357"}],"version-history":[{"count":4,"href":"https:\/\/www.bc-maps.com\/mapa-vectorial-eps\/wp-json\/wp\/v2\/pages\/6357\/revisions"}],"predecessor-version":[{"id":6661,"href":"https:\/\/www.bc-maps.com\/mapa-vectorial-eps\/wp-json\/wp\/v2\/pages\/6357\/revisions\/6661"}],"wp:featuredmedia":[{"embeddable":true,"href":"https:\/\/www.bc-maps.com\/mapa-vectorial-eps\/wp-json\/wp\/v2\/media\/6359"}],"wp:attachment":[{"href":"https:\/\/www.bc-maps.com\/mapa-vectorial-eps\/wp-json\/wp\/v2\/media?parent=6357"}],"curies":[{"name":"wp","href":"https:\/\/api.w.org\/{rel}","templated":true}]}}