{"id":6352,"date":"2024-10-02T08:57:00","date_gmt":"2024-10-02T08:57:00","guid":{"rendered":"http:\/\/www.bc-maps.com\/mapa-vectorial-eps\/buger-mallorca-mapa-vectorial-illustrator-eps-ai-cc-2\/"},"modified":"2024-10-13T06:37:17","modified_gmt":"2024-10-13T06:37:17","slug":"mancor-de-la-vall-mallorca-mapa-vectorial-illustrator-eps-ai-cc","status":"publish","type":"page","link":"https:\/\/www.bc-maps.com\/mapa-vectorial-eps\/mancor-de-la-vall-mallorca-mapa-vectorial-illustrator-eps-ai-cc\/","title":{"rendered":"Mancor de la Vall Mallorca mapa vectorial Illustrator eps ai CC"},"content":{"rendered":"<h1>Planos y mapas tur\u00edsticos impresos de Mancor de la Vall, Mallorca, u otras poblaciones de las Baleares<\/h1>\n<h2>Mapas vectoriales editables estructurados con capas del municipio de Mancor de la Vall<\/h2>\n<h3>Mallorca, planos vectoriales de ciudades de la isla<\/h3>\n<p>Podemos crear cualquier tipo de mapa del municipio de Mancor de la Vall \u00a0planos parciales, planos generales, planos de detalle, \u2026etc.<\/p>\n<p><strong>Los mapas se entregan en formatos editables <a href=\"http:\/\/www.adobe.es\">adobe<\/a> illustrator, eps.<\/strong><\/p>\n<figure id=\"attachment_6354\" aria-describedby=\"caption-attachment-6354\" style=\"width: 239px\" class=\"wp-caption alignnone\"><a href=\"http:\/\/www.bc-maps.com\/wp-content\/uploads\/2024\/10\/macor-de-la-Vall-mapa-vectorial-illustrator-eps.jpg\" target=\"_blank\" rel=\"noopener\"><img loading=\"lazy\" decoding=\"async\" class=\"wp-image-6354 size-medium\" title=\"Mancor de la Vall mapa vectorial illustrator eps\" src=\"http:\/\/www.bc-maps.com\/wp-content\/uploads\/2024\/10\/macor-de-la-Vall-mapa-vectorial-illustrator-eps-239x300.jpg\" alt=\"Mancor de la Vall mapa vectorial illustrator eps\" width=\"239\" height=\"300\" srcset=\"https:\/\/www.bc-maps.com\/wp-content\/uploads\/2024\/10\/macor-de-la-Vall-mapa-vectorial-illustrator-eps-239x300.jpg 239w, https:\/\/www.bc-maps.com\/wp-content\/uploads\/2024\/10\/macor-de-la-Vall-mapa-vectorial-illustrator-eps-816x1024.jpg 816w, https:\/\/www.bc-maps.com\/wp-content\/uploads\/2024\/10\/macor-de-la-Vall-mapa-vectorial-illustrator-eps-768x964.jpg 768w, https:\/\/www.bc-maps.com\/wp-content\/uploads\/2024\/10\/macor-de-la-Vall-mapa-vectorial-illustrator-eps-1224x1536.jpg 1224w, https:\/\/www.bc-maps.com\/wp-content\/uploads\/2024\/10\/macor-de-la-Vall-mapa-vectorial-illustrator-eps.jpg 1355w\" sizes=\"auto, (max-width: 239px) 100vw, 239px\" \/><\/a><figcaption id=\"caption-attachment-6354\" class=\"wp-caption-text\">Mancor de la Vall mapa vectorial illustrator eps<\/figcaption><\/figure>\n<p><strong>Mancor de la Vall<\/strong> es un encantador pueblo de Mallorca situado en las estribaciones de la Sierra de Tramuntana. Este destino es ideal para los amantes del senderismo, el ciclismo y la escalada, ofreciendo espectaculares rutas en un entorno natural impresionante. Entre sus lugares de inter\u00e9s destacan la <strong>Iglesia Parroquial de Sant Joan Baptista<\/strong>, del siglo XVII, y el <strong>Monasterio de Santa Ll\u00facia<\/strong>, que se encuentra a las afueras del pueblo. Adem\u00e1s, el \u00e1rea alberga vestigios arqueol\u00f3gicos como los <strong>talayots<\/strong> y la <strong>Cova de Montaura<\/strong><\/p>\n<p>El contenido de informaci\u00f3n depender\u00e1 del tama\u00f1o de la zona y la escala o medidas de reproducci\u00f3n, ya que no trabajamos con textos inferiores a 5 puntos para que sean legibles.<\/p>\n<p><strong>En el caso de necesitar un mapa tur\u00edstico impreso podemos realizar todas las fases del proceso desde la creaci\u00f3n del dise\u00f1o a la entrega de un producto ya impreso totalmente personalizado, \u00a0formato plegable, talonarios e incluso en versi\u00f3n mural.<\/strong><\/p>\n<p>La informaci\u00f3n disponible va desde\u00a0monumentos, lugares de inter\u00e9s y populares, museos, oficinas de turismo, centros comerciales, medios de transporte.<\/p>\n<p>Tambi\u00e9n podemos a\u00f1adir cualquier otra informaci\u00f3n pr\u00e1ctica que nos soliciten ustedes.<\/p>\n<p>Nuestros mapas est\u00e1n estructurados por medio de capas y son totalmente editables, modificables, \u00a0tanto \u00a0colores y\u00a0fuentes\/textos.<\/p>\n<p>Nuestro ficheros\u00a0son libres de derechos para cualquier reproducci\u00f3n, incluyendo nuestro copyright.<\/p>\n<p>Los maps\u00a0est\u00e1n creados con licencias oficiales de programas de Adobe, habitualmente entregamos en version CC, pero podemos entregar tambi\u00e9n en otras versiones.<\/p>\n","protected":false},"excerpt":{"rendered":"<p>Planos y mapas tur\u00edsticos impresos de Mancor de la Vall, Mallorca, u otras poblaciones de las Baleares Mapas vectoriales editables estructurados con capas del municipio de Mancor de la Vall Mallorca, planos vectoriales de ciudades de la isla Podemos crear cualquier tipo de mapa del municipio de Mancor de la Vall \u00a0planos parciales, planos generales, &hellip; <a href=\"https:\/\/www.bc-maps.com\/mapa-vectorial-eps\/mancor-de-la-vall-mallorca-mapa-vectorial-illustrator-eps-ai-cc\/\" class=\"more-link\">Seguir leyendo <span class=\"screen-reader-text\">Mancor de la Vall Mallorca mapa vectorial Illustrator eps ai CC<\/span> <span class=\"meta-nav\">&rarr;<\/span><\/a><\/p>\n","protected":false},"author":1,"featured_media":6354,"parent":0,"menu_order":0,"comment_status":"closed","ping_status":"closed","template":"","meta":{"footnotes":""},"class_list":["post-6352","page","type-page","status-publish","has-post-thumbnail","hentry"],"_links":{"self":[{"href":"https:\/\/www.bc-maps.com\/mapa-vectorial-eps\/wp-json\/wp\/v2\/pages\/6352","targetHints":{"allow":["GET"]}}],"collection":[{"href":"https:\/\/www.bc-maps.com\/mapa-vectorial-eps\/wp-json\/wp\/v2\/pages"}],"about":[{"href":"https:\/\/www.bc-maps.com\/mapa-vectorial-eps\/wp-json\/wp\/v2\/types\/page"}],"author":[{"embeddable":true,"href":"https:\/\/www.bc-maps.com\/mapa-vectorial-eps\/wp-json\/wp\/v2\/users\/1"}],"replies":[{"embeddable":true,"href":"https:\/\/www.bc-maps.com\/mapa-vectorial-eps\/wp-json\/wp\/v2\/comments?post=6352"}],"version-history":[{"count":4,"href":"https:\/\/www.bc-maps.com\/mapa-vectorial-eps\/wp-json\/wp\/v2\/pages\/6352\/revisions"}],"predecessor-version":[{"id":6644,"href":"https:\/\/www.bc-maps.com\/mapa-vectorial-eps\/wp-json\/wp\/v2\/pages\/6352\/revisions\/6644"}],"wp:featuredmedia":[{"embeddable":true,"href":"https:\/\/www.bc-maps.com\/mapa-vectorial-eps\/wp-json\/wp\/v2\/media\/6354"}],"wp:attachment":[{"href":"https:\/\/www.bc-maps.com\/mapa-vectorial-eps\/wp-json\/wp\/v2\/media?parent=6352"}],"curies":[{"name":"wp","href":"https:\/\/api.w.org\/{rel}","templated":true}]}}