{"id":6343,"date":"2024-10-02T08:55:00","date_gmt":"2024-10-02T08:55:00","guid":{"rendered":"http:\/\/www.bc-maps.com\/mapa-vectorial-eps\/binissalem-mallorca-mapa-vectorial-illustrator-eps-ai-cc-2\/"},"modified":"2024-10-13T06:33:25","modified_gmt":"2024-10-13T06:33:25","slug":"lloseta-mallorca-mapa-vectorial-illustrator-eps-ai-cc","status":"publish","type":"page","link":"https:\/\/www.bc-maps.com\/mapa-vectorial-eps\/lloseta-mallorca-mapa-vectorial-illustrator-eps-ai-cc\/","title":{"rendered":"Lloseta Mallorca mapa vectorial Illustrator eps ai CC"},"content":{"rendered":"<h1>Planos y mapas tur\u00edsticos impresos de Lloseta, Mallorca, u otras poblaciones de las Baleares<\/h1>\n<h2>Mapas vectoriales editables estructurados con capas del municipio de Lloseta<\/h2>\n<h3>Mallorca, planos vectoriales de ciudades de la isla<\/h3>\n<p>Podemos crear cualquier tipo de mapa del municipio de Lloseta planos parciales, planos generales, planos de detalle, \u2026etc.<\/p>\n<p><strong>Los mapas se entregan en formatos editables <a href=\"http:\/\/www.adobe.es\">adobe<\/a> illustrator, eps.<\/strong><\/p>\n<figure id=\"attachment_6345\" aria-describedby=\"caption-attachment-6345\" style=\"width: 285px\" class=\"wp-caption alignnone\"><a href=\"http:\/\/www.bc-maps.com\/wp-content\/uploads\/2024\/10\/Lloseta-mapa-vectorial-illustrator-eps.jpg\" target=\"_blank\" rel=\"noopener\"><img loading=\"lazy\" decoding=\"async\" class=\"wp-image-6345 size-medium\" title=\"Lloseta mapa vectorial illustrator eps\" src=\"http:\/\/www.bc-maps.com\/wp-content\/uploads\/2024\/10\/Lloseta-mapa-vectorial-illustrator-eps-285x300.jpg\" alt=\"Lloseta mapa vectorial illustrator eps\" width=\"285\" height=\"300\" srcset=\"https:\/\/www.bc-maps.com\/wp-content\/uploads\/2024\/10\/Lloseta-mapa-vectorial-illustrator-eps-285x300.jpg 285w, https:\/\/www.bc-maps.com\/wp-content\/uploads\/2024\/10\/Lloseta-mapa-vectorial-illustrator-eps-974x1024.jpg 974w, https:\/\/www.bc-maps.com\/wp-content\/uploads\/2024\/10\/Lloseta-mapa-vectorial-illustrator-eps-768x807.jpg 768w, https:\/\/www.bc-maps.com\/wp-content\/uploads\/2024\/10\/Lloseta-mapa-vectorial-illustrator-eps-1461x1536.jpg 1461w, https:\/\/www.bc-maps.com\/wp-content\/uploads\/2024\/10\/Lloseta-mapa-vectorial-illustrator-eps.jpg 1701w\" sizes=\"auto, (max-width: 285px) 100vw, 285px\" \/><\/a><figcaption id=\"caption-attachment-6345\" class=\"wp-caption-text\">Lloseta mapa vectorial illustrator eps<\/figcaption><\/figure>\n<figure id=\"attachment_6413\" aria-describedby=\"caption-attachment-6413\" style=\"width: 298px\" class=\"wp-caption alignnone\"><a href=\"https:\/\/www.bc-maps.com\/wp-content\/uploads\/2024\/10\/Lloseta-mapa-vectorial-illustrator-eps-zoom.jpg\" target=\"_blank\" rel=\"noopener\"><img loading=\"lazy\" decoding=\"async\" class=\"wp-image-6413 size-medium\" title=\"Lloseta mapa vectorial illustrator eps zoom\" src=\"https:\/\/www.bc-maps.com\/wp-content\/uploads\/2024\/10\/Lloseta-mapa-vectorial-illustrator-eps-zoom-298x300.jpg\" alt=\"Lloseta mapa vectorial illustrator eps zoom\" width=\"298\" height=\"300\" srcset=\"https:\/\/www.bc-maps.com\/wp-content\/uploads\/2024\/10\/Lloseta-mapa-vectorial-illustrator-eps-zoom-298x300.jpg 298w, https:\/\/www.bc-maps.com\/wp-content\/uploads\/2024\/10\/Lloseta-mapa-vectorial-illustrator-eps-zoom-150x150.jpg 150w, https:\/\/www.bc-maps.com\/wp-content\/uploads\/2024\/10\/Lloseta-mapa-vectorial-illustrator-eps-zoom-768x774.jpg 768w, https:\/\/www.bc-maps.com\/wp-content\/uploads\/2024\/10\/Lloseta-mapa-vectorial-illustrator-eps-zoom.jpg 1016w\" sizes=\"auto, (max-width: 298px) 100vw, 298px\" \/><\/a><figcaption id=\"caption-attachment-6413\" class=\"wp-caption-text\">Lloseta mapa vectorial illustrator eps zoom<\/figcaption><\/figure>\n<p><strong>Lloseta<\/strong>, ubicado en el centro de Mallorca, es un peque\u00f1o municipio conocido por su encanto tradicional y su rica historia. El <strong>Palacio de Ayamans<\/strong>, un edificio hist\u00f3rico del siglo XVII, es uno de los puntos m\u00e1s emblem\u00e1ticos del pueblo. La iglesia parroquial de <strong>Nuestra Se\u00f1ora de los \u00c1ngeles<\/strong> tambi\u00e9n destaca por su arquitectura. Lloseta es famoso por sus festividades y tradiciones locales, como la <strong>Feria de la Pedra<\/strong>, que celebra la artesan\u00eda de la piedra, muy presente en la zona. El entorno natural es ideal para el senderismo, especialmente en los alrededores de la <strong>Serra de Tramuntana<\/strong>, cercana al municipio.<\/p>\n<p>El contenido de informaci\u00f3n depender\u00e1 del tama\u00f1o de la zona y la escala o medidas de reproducci\u00f3n, ya que no trabajamos con textos inferiores a 5 puntos para que sean legibles.<\/p>\n<p><strong>En el caso de necesitar un mapa tur\u00edstico impreso podemos realizar todas las fases del proceso desde la creaci\u00f3n del dise\u00f1o a la entrega de un producto ya impreso totalmente personalizado, \u00a0formato plegable, talonarios e incluso en versi\u00f3n mural.<\/strong><\/p>\n<p>La informaci\u00f3n disponible va desde\u00a0monumentos, lugares de inter\u00e9s y populares, museos, oficinas de turismo, centros comerciales, medios de transporte.<\/p>\n<p>Tambi\u00e9n podemos a\u00f1adir cualquier otra informaci\u00f3n pr\u00e1ctica que nos soliciten ustedes.<\/p>\n<p>Nuestros mapas est\u00e1n estructurados por medio de capas y son totalmente editables, modificables, \u00a0tanto \u00a0colores y\u00a0fuentes\/textos.<\/p>\n<p>Nuestro ficheros\u00a0son libres de derechos para cualquier reproducci\u00f3n, incluyendo nuestro copyright.<\/p>\n<p>Los mapas est\u00e1n creados con licencias oficiales de programas de Adobe, habitualmente entregamos en version CC, pero podemos entregar tambi\u00e9n en otras versiones.<\/p>\n","protected":false},"excerpt":{"rendered":"<p>Planos y mapas tur\u00edsticos impresos de Lloseta, Mallorca, u otras poblaciones de las Baleares Mapas vectoriales editables estructurados con capas del municipio de Lloseta Mallorca, planos vectoriales de ciudades de la isla Podemos crear cualquier tipo de mapa del municipio de Lloseta planos parciales, planos generales, planos de detalle, \u2026etc. Los mapas se entregan en &hellip; <a href=\"https:\/\/www.bc-maps.com\/mapa-vectorial-eps\/lloseta-mallorca-mapa-vectorial-illustrator-eps-ai-cc\/\" class=\"more-link\">Seguir leyendo <span class=\"screen-reader-text\">Lloseta Mallorca mapa vectorial Illustrator eps ai CC<\/span> <span class=\"meta-nav\">&rarr;<\/span><\/a><\/p>\n","protected":false},"author":1,"featured_media":6345,"parent":0,"menu_order":0,"comment_status":"closed","ping_status":"closed","template":"","meta":{"footnotes":""},"class_list":["post-6343","page","type-page","status-publish","has-post-thumbnail","hentry"],"_links":{"self":[{"href":"https:\/\/www.bc-maps.com\/mapa-vectorial-eps\/wp-json\/wp\/v2\/pages\/6343","targetHints":{"allow":["GET"]}}],"collection":[{"href":"https:\/\/www.bc-maps.com\/mapa-vectorial-eps\/wp-json\/wp\/v2\/pages"}],"about":[{"href":"https:\/\/www.bc-maps.com\/mapa-vectorial-eps\/wp-json\/wp\/v2\/types\/page"}],"author":[{"embeddable":true,"href":"https:\/\/www.bc-maps.com\/mapa-vectorial-eps\/wp-json\/wp\/v2\/users\/1"}],"replies":[{"embeddable":true,"href":"https:\/\/www.bc-maps.com\/mapa-vectorial-eps\/wp-json\/wp\/v2\/comments?post=6343"}],"version-history":[{"count":4,"href":"https:\/\/www.bc-maps.com\/mapa-vectorial-eps\/wp-json\/wp\/v2\/pages\/6343\/revisions"}],"predecessor-version":[{"id":6640,"href":"https:\/\/www.bc-maps.com\/mapa-vectorial-eps\/wp-json\/wp\/v2\/pages\/6343\/revisions\/6640"}],"wp:featuredmedia":[{"embeddable":true,"href":"https:\/\/www.bc-maps.com\/mapa-vectorial-eps\/wp-json\/wp\/v2\/media\/6345"}],"wp:attachment":[{"href":"https:\/\/www.bc-maps.com\/mapa-vectorial-eps\/wp-json\/wp\/v2\/media?parent=6343"}],"curies":[{"name":"wp","href":"https:\/\/api.w.org\/{rel}","templated":true}]}}