{"id":6333,"date":"2024-10-02T08:57:00","date_gmt":"2024-10-02T08:57:00","guid":{"rendered":"http:\/\/www.bc-maps.com\/mapa-vectorial-eps\/esporles-mallorca-mapa-vectorial-illustrator-eps-ai-cc-2\/"},"modified":"2024-10-13T06:28:26","modified_gmt":"2024-10-13T06:28:26","slug":"estellencs-mallorca-mapa-vectorial-illustrator-eps-ai-cc","status":"publish","type":"page","link":"https:\/\/www.bc-maps.com\/mapa-vectorial-eps\/estellencs-mallorca-mapa-vectorial-illustrator-eps-ai-cc\/","title":{"rendered":"Estellencs Mallorca mapa vectorial Illustrator eps ai CC"},"content":{"rendered":"<h1>Planos y mapas tur\u00edsticos impresos de Estellencs, Mallorca, u otras poblaciones de las Baleares<\/h1>\n<h2>Mapas vectoriales editables estructurados con capas del municipio de Estellencs, <span style=\"font-size: 22px;\">Mallorca, planos vectoriales de ciudades de la isla<\/span><\/h2>\n<p>Podemos crear cualquier tipo de mapa del municipio de Estellencs planos parciales, planos generales, planos de detalle, \u2026etc.<\/p>\n<p><strong>Los mapas se entregan en formatos editables <a href=\"http:\/\/www.adobe.es\">adobe<\/a> illustrator, eps.<\/strong><\/p>\n<figure id=\"attachment_6335\" aria-describedby=\"caption-attachment-6335\" style=\"width: 300px\" class=\"wp-caption alignnone\"><a href=\"http:\/\/www.bc-maps.com\/wp-content\/uploads\/2024\/10\/Estellencs-mapa-vectorial-illustrator-eps.jpg\" target=\"_blank\" rel=\"noopener\"><img loading=\"lazy\" decoding=\"async\" class=\"wp-image-6335 size-medium\" title=\"Estellencs mapa vectorial illustrator eps\" src=\"http:\/\/www.bc-maps.com\/wp-content\/uploads\/2024\/10\/Estellencs-mapa-vectorial-illustrator-eps-300x249.jpg\" alt=\"Estellencs mapa vectorial illustrator eps\" width=\"300\" height=\"249\" srcset=\"https:\/\/www.bc-maps.com\/wp-content\/uploads\/2024\/10\/Estellencs-mapa-vectorial-illustrator-eps-300x249.jpg 300w, https:\/\/www.bc-maps.com\/wp-content\/uploads\/2024\/10\/Estellencs-mapa-vectorial-illustrator-eps-1024x850.jpg 1024w, https:\/\/www.bc-maps.com\/wp-content\/uploads\/2024\/10\/Estellencs-mapa-vectorial-illustrator-eps-768x638.jpg 768w, https:\/\/www.bc-maps.com\/wp-content\/uploads\/2024\/10\/Estellencs-mapa-vectorial-illustrator-eps-1536x1275.jpg 1536w, https:\/\/www.bc-maps.com\/wp-content\/uploads\/2024\/10\/Estellencs-mapa-vectorial-illustrator-eps.jpg 1701w\" sizes=\"auto, (max-width: 300px) 100vw, 300px\" \/><\/a><figcaption id=\"caption-attachment-6335\" class=\"wp-caption-text\">Estellencs mapa vectorial illustrator eps<\/figcaption><\/figure>\n<p><strong>Estellencs<\/strong>, un peque\u00f1o y pintoresco pueblo en la costa de la Serra de Tramuntana, es ideal para quienes buscan tranquilidad y naturaleza. Sus estrechas calles empedradas y casas de piedra ofrecen un ambiente aut\u00e9ntico y tradicional. La <strong>playa de Estellencs<\/strong>, una cala rocosa con aguas cristalinas, es perfecta para nadar y relajarse. El <strong>Mirador de Ses \u00c0nimes<\/strong>, cerca del pueblo, ofrece vistas espectaculares del mar y la costa escarpada. Los amantes del senderismo pueden disfrutar de rutas hacia el <strong>Puig de Galatz\u00f3<\/strong>, una de las monta\u00f1as m\u00e1s emblem\u00e1ticas de Mallorca. Estellencs es un refugio de paz y belleza natural<\/p>\n<p>El contenido de informaci\u00f3n depender\u00e1 del tama\u00f1o de la zona y la escala o medidas de reproducci\u00f3n, ya que no trabajamos con textos inferiores a 5 puntos para que sean legibles.<\/p>\n<p><strong>En el caso de necesitar un mapa tur\u00edstico impreso podemos realizar todas las fases del proceso desde la creaci\u00f3n del dise\u00f1o a la entrega de un producto ya impreso totalmente personalizado, \u00a0formato plegable, talonarios e incluso en versi\u00f3n mural.<\/strong><\/p>\n<p>La informaci\u00f3n disponible va desde\u00a0monumentos, lugares de inter\u00e9s y populares, museos, oficinas de turismo, centros comerciales, medios de transporte.<\/p>\n<p>Tambi\u00e9n podemos a\u00f1adir cualquier otra informaci\u00f3n pr\u00e1ctica que nos soliciten ustedes.<\/p>\n<p>Nuestros mapas est\u00e1n estructurados por medio de capas y son totalmente editables, modificables, \u00a0tanto \u00a0colores y\u00a0fuentes\/textos.<\/p>\n<p>Nuestro ficheros\u00a0son libres de derechos para cualquier reproducci\u00f3n, incluyendo nuestro copyright.<\/p>\n<p>Los mapas est\u00e1n creados con licencias oficiales de programas de Adobe, habitualmente entregamos en version CC, pero podemos entregar tambi\u00e9n en otras versiones.<\/p>\n","protected":false},"excerpt":{"rendered":"<p>Planos y mapas tur\u00edsticos impresos de Estellencs, Mallorca, u otras poblaciones de las Baleares Mapas vectoriales editables estructurados con capas del municipio de Estellencs, Mallorca, planos vectoriales de ciudades de la isla Podemos crear cualquier tipo de mapa del municipio de Estellencs planos parciales, planos generales, planos de detalle, \u2026etc. Los mapas se entregan en &hellip; <a href=\"https:\/\/www.bc-maps.com\/mapa-vectorial-eps\/estellencs-mallorca-mapa-vectorial-illustrator-eps-ai-cc\/\" class=\"more-link\">Seguir leyendo <span class=\"screen-reader-text\">Estellencs Mallorca mapa vectorial Illustrator eps ai CC<\/span> <span class=\"meta-nav\">&rarr;<\/span><\/a><\/p>\n","protected":false},"author":1,"featured_media":6335,"parent":0,"menu_order":0,"comment_status":"closed","ping_status":"closed","template":"","meta":{"footnotes":""},"class_list":["post-6333","page","type-page","status-publish","has-post-thumbnail","hentry"],"_links":{"self":[{"href":"https:\/\/www.bc-maps.com\/mapa-vectorial-eps\/wp-json\/wp\/v2\/pages\/6333","targetHints":{"allow":["GET"]}}],"collection":[{"href":"https:\/\/www.bc-maps.com\/mapa-vectorial-eps\/wp-json\/wp\/v2\/pages"}],"about":[{"href":"https:\/\/www.bc-maps.com\/mapa-vectorial-eps\/wp-json\/wp\/v2\/types\/page"}],"author":[{"embeddable":true,"href":"https:\/\/www.bc-maps.com\/mapa-vectorial-eps\/wp-json\/wp\/v2\/users\/1"}],"replies":[{"embeddable":true,"href":"https:\/\/www.bc-maps.com\/mapa-vectorial-eps\/wp-json\/wp\/v2\/comments?post=6333"}],"version-history":[{"count":3,"href":"https:\/\/www.bc-maps.com\/mapa-vectorial-eps\/wp-json\/wp\/v2\/pages\/6333\/revisions"}],"predecessor-version":[{"id":6634,"href":"https:\/\/www.bc-maps.com\/mapa-vectorial-eps\/wp-json\/wp\/v2\/pages\/6333\/revisions\/6634"}],"wp:featuredmedia":[{"embeddable":true,"href":"https:\/\/www.bc-maps.com\/mapa-vectorial-eps\/wp-json\/wp\/v2\/media\/6335"}],"wp:attachment":[{"href":"https:\/\/www.bc-maps.com\/mapa-vectorial-eps\/wp-json\/wp\/v2\/media?parent=6333"}],"curies":[{"name":"wp","href":"https:\/\/api.w.org\/{rel}","templated":true}]}}