{"id":6282,"date":"2024-10-08T08:57:00","date_gmt":"2024-10-08T08:57:00","guid":{"rendered":"http:\/\/www.bc-maps.com\/mapa-vectorial-eps\/soller-mallorca-mapa-vectorial-illustrator-eps-ai-cc-2\/"},"modified":"2024-10-08T18:36:22","modified_gmt":"2024-10-08T18:36:22","slug":"andratx-mallorca-mapa-vectorial-illustrator-eps-ai-cc","status":"publish","type":"page","link":"https:\/\/www.bc-maps.com\/mapa-vectorial-eps\/andratx-mallorca-mapa-vectorial-illustrator-eps-ai-cc\/","title":{"rendered":"Andratx Mallorca mapa vectorial Illustrator eps ai CC"},"content":{"rendered":"<h1>Planos y mapas tur\u00edsticos impresos de Andratx, Mallorca, u otras poblaciones de las Baleares<\/h1>\n<h2>Mapas vectoriales editables estructurados con capas del municipio de Andratx<\/h2>\n<h3>Mallorca, planos vectoriales de ciudades de la isla<\/h3>\n<p>Podemos crear cualquier tipo de mapa del municipio de Andratx \u00a0planos parciales, planos generales, planos de detalle, \u2026etc.<\/p>\n<p>Andratx, situado en el suroeste de Mallorca, es conocido por su hermoso entorno natural y su puerto pintoresco, <strong>Puerto de Andratx<\/strong>, con vistas impresionantes al mar. El pueblo tambi\u00e9n ofrece cultura, como la <strong>Iglesia de Santa Mar\u00eda de Andratx<\/strong> y el <strong>Centro Cultural Sa Taronja<\/strong>. Los amantes del senderismo pueden explorar el cercano <strong>Parque Natural de la Serra de Tramuntana<\/strong>, con rutas que ofrecen paisajes \u00fanicos de la isla.<\/p>\n<p><strong>Los mapas se entregan en formatos editables <a href=\"http:\/\/www.adobe.es\">adobe<\/a> illustrator, eps.<\/strong><\/p>\n<figure id=\"attachment_6434\" aria-describedby=\"caption-attachment-6434\" style=\"width: 296px\" class=\"wp-caption alignnone\"><a href=\"https:\/\/www.bc-maps.com\/wp-content\/uploads\/2024\/10\/Andratx-mapa-vectorial-illustrator-eps-zoom.jpg\" target=\"_blank\" rel=\"noopener\"><img loading=\"lazy\" decoding=\"async\" class=\"wp-image-6434 size-medium\" title=\"Andratx mapa vectorial illustrator eps zoom\" src=\"https:\/\/www.bc-maps.com\/wp-content\/uploads\/2024\/10\/Andratx-mapa-vectorial-illustrator-eps-zoom-296x300.jpg\" alt=\"Andratx mapa vectorial illustrator eps zoom\" width=\"296\" height=\"300\" srcset=\"https:\/\/www.bc-maps.com\/wp-content\/uploads\/2024\/10\/Andratx-mapa-vectorial-illustrator-eps-zoom-296x300.jpg 296w, https:\/\/www.bc-maps.com\/wp-content\/uploads\/2024\/10\/Andratx-mapa-vectorial-illustrator-eps-zoom-768x778.jpg 768w, https:\/\/www.bc-maps.com\/wp-content\/uploads\/2024\/10\/Andratx-mapa-vectorial-illustrator-eps-zoom.jpg 1001w\" sizes=\"auto, (max-width: 296px) 100vw, 296px\" \/><\/a><figcaption id=\"caption-attachment-6434\" class=\"wp-caption-text\">Andratx mapa vectorial illustrator eps zoom<\/figcaption><\/figure>\n<figure id=\"attachment_6435\" aria-describedby=\"caption-attachment-6435\" style=\"width: 300px\" class=\"wp-caption alignnone\"><a href=\"https:\/\/www.bc-maps.com\/wp-content\/uploads\/2024\/10\/Andratx-mapa-vectorial-illustrator-eps.jpg\" target=\"_blank\" rel=\"noopener\"><img loading=\"lazy\" decoding=\"async\" class=\"wp-image-6435 size-medium\" title=\"Andratx mapa vectorial illustrator eps\" src=\"https:\/\/www.bc-maps.com\/wp-content\/uploads\/2024\/10\/Andratx-mapa-vectorial-illustrator-eps-300x279.jpg\" alt=\"Andratx mapa vectorial illustrator eps\" width=\"300\" height=\"279\" srcset=\"https:\/\/www.bc-maps.com\/wp-content\/uploads\/2024\/10\/Andratx-mapa-vectorial-illustrator-eps-300x279.jpg 300w, https:\/\/www.bc-maps.com\/wp-content\/uploads\/2024\/10\/Andratx-mapa-vectorial-illustrator-eps-1024x953.jpg 1024w, https:\/\/www.bc-maps.com\/wp-content\/uploads\/2024\/10\/Andratx-mapa-vectorial-illustrator-eps-768x715.jpg 768w, https:\/\/www.bc-maps.com\/wp-content\/uploads\/2024\/10\/Andratx-mapa-vectorial-illustrator-eps-1536x1429.jpg 1536w, https:\/\/www.bc-maps.com\/wp-content\/uploads\/2024\/10\/Andratx-mapa-vectorial-illustrator-eps.jpg 1701w\" sizes=\"auto, (max-width: 300px) 100vw, 300px\" \/><\/a><figcaption id=\"caption-attachment-6435\" class=\"wp-caption-text\">Andratx mapa vectorial illustrator eps<\/figcaption><\/figure>\n<p>El contenido de informaci\u00f3n depender\u00e1 del tama\u00f1o de la zona y la escala o medidas de reproducci\u00f3n, ya que no trabajamos con textos inferiores a 5 puntos para que sean legibles.<\/p>\n<p>En el caso de necesitar un mapa tur\u00edstico impreso podemos realizar todas las fases del proceso desde la creaci\u00f3n del dise\u00f1o a la entrega de un producto ya impreso totalmente personalizado, \u00a0formato plegable, talonarios e incluso en versi\u00f3n mural.<\/p>\n<p>La informaci\u00f3n disponible va desde\u00a0monumentos, lugares de inter\u00e9s y populares, museos, oficinas de turismo, centros comerciales, medios de transporte.<\/p>\n<p>Tambi\u00e9n podemos a\u00f1adir cualquier otra informaci\u00f3n pr\u00e1ctica que nos soliciten ustedes.<\/p>\n<p>Nuestros mapas est\u00e1n estructurados por medio de capas y son totalmente editables, modificables, \u00a0tanto \u00a0colores y\u00a0fuentes\/textos.<\/p>\n<p>Nuestro ficheros\u00a0son libres de derechos para cualquier reproducci\u00f3n, incluyendo nuestro copyright.<\/p>\n<p>Los maps\u00a0est\u00e1n creados con licencias oficiales de programas de Adobe, habitualmente entregamos en version CC, pero podemos entregar tambi\u00e9n en otras versiones.<\/p>\n","protected":false},"excerpt":{"rendered":"<p>Planos y mapas tur\u00edsticos impresos de Andratx, Mallorca, u otras poblaciones de las Baleares Mapas vectoriales editables estructurados con capas del municipio de Andratx Mallorca, planos vectoriales de ciudades de la isla Podemos crear cualquier tipo de mapa del municipio de Andratx \u00a0planos parciales, planos generales, planos de detalle, \u2026etc. Andratx, situado en el suroeste &hellip; <a href=\"https:\/\/www.bc-maps.com\/mapa-vectorial-eps\/andratx-mallorca-mapa-vectorial-illustrator-eps-ai-cc\/\" class=\"more-link\">Seguir leyendo <span class=\"screen-reader-text\">Andratx Mallorca mapa vectorial Illustrator eps ai CC<\/span> <span class=\"meta-nav\">&rarr;<\/span><\/a><\/p>\n","protected":false},"author":1,"featured_media":6435,"parent":0,"menu_order":0,"comment_status":"closed","ping_status":"closed","template":"","meta":{"footnotes":""},"class_list":["post-6282","page","type-page","status-publish","has-post-thumbnail","hentry"],"_links":{"self":[{"href":"https:\/\/www.bc-maps.com\/mapa-vectorial-eps\/wp-json\/wp\/v2\/pages\/6282","targetHints":{"allow":["GET"]}}],"collection":[{"href":"https:\/\/www.bc-maps.com\/mapa-vectorial-eps\/wp-json\/wp\/v2\/pages"}],"about":[{"href":"https:\/\/www.bc-maps.com\/mapa-vectorial-eps\/wp-json\/wp\/v2\/types\/page"}],"author":[{"embeddable":true,"href":"https:\/\/www.bc-maps.com\/mapa-vectorial-eps\/wp-json\/wp\/v2\/users\/1"}],"replies":[{"embeddable":true,"href":"https:\/\/www.bc-maps.com\/mapa-vectorial-eps\/wp-json\/wp\/v2\/comments?post=6282"}],"version-history":[{"count":8,"href":"https:\/\/www.bc-maps.com\/mapa-vectorial-eps\/wp-json\/wp\/v2\/pages\/6282\/revisions"}],"predecessor-version":[{"id":6477,"href":"https:\/\/www.bc-maps.com\/mapa-vectorial-eps\/wp-json\/wp\/v2\/pages\/6282\/revisions\/6477"}],"wp:featuredmedia":[{"embeddable":true,"href":"https:\/\/www.bc-maps.com\/mapa-vectorial-eps\/wp-json\/wp\/v2\/media\/6435"}],"wp:attachment":[{"href":"https:\/\/www.bc-maps.com\/mapa-vectorial-eps\/wp-json\/wp\/v2\/media?parent=6282"}],"curies":[{"name":"wp","href":"https:\/\/api.w.org\/{rel}","templated":true}]}}