{"id":6261,"date":"2024-10-02T08:56:47","date_gmt":"2024-10-02T08:56:47","guid":{"rendered":"http:\/\/www.bc-maps.com\/mapa-vectorial-eps\/mapas-vectoriales\/espana\/ciudades\/mapas-planos-vectoriales-ciudades-comunidad-madrid-2\/"},"modified":"2024-10-12T07:35:43","modified_gmt":"2024-10-12T07:35:43","slug":"mapas-planos-vectoriales-eps-illustrator-ciudades-municipios-isla-mallorca","status":"publish","type":"page","link":"https:\/\/www.bc-maps.com\/mapa-vectorial-eps\/mapas-vectoriales\/espana\/ciudades\/mapas-planos-vectoriales-eps-illustrator-ciudades-municipios-isla-mallorca\/","title":{"rendered":"Mapas vectoriales illustrator eps, ciudades y municipios de la isla de Mallorca"},"content":{"rendered":"<h1>Planos y mapas tur\u00edsticos impresos de las poblaciones de la isla de Mallorca<\/h1>\n<h2>Mapas vectoriales editables eps, illustrator, pdf de ciudades de la isla de Mallorca<\/h2>\n<h3>Planos vectoriales de ciudades<\/h3>\n<p>Podemos crear cualquier tipo de mapa de los diferentes municipios de la isla de Mallorca, planos\/mapas parciales, planos generales, planos de detalle\u2026etc, tanto vectoriales como impresos totalmente personalizados.<\/p>\n<p>En el caso de mapas vectoriales, formato adobe illustrator , eps, o pdf, el contenido de informaci\u00f3n depender\u00e1 del tama\u00f1o de la zona y la escala o medidas de reproducci\u00f3n, ya que no trabajamos con textos inferiores a 5 puntos para que sean legibles.<\/p>\n<p>En el caso de necesitar un mapa tur\u00edstico impreso podemos realizar todas las fases del proceso desde la creaci\u00f3n del dise\u00f1o a la entrega de un producto ya impreso totalmente personalizado, \u00a0formato plegable, talonarios e incluso en versi\u00f3n mural.<\/p>\n<p style=\"font-weight: 400;\"><strong><a href=\"https:\/\/www.bc-maps.com\/mapa-vectorial-eps\/palma-mallorca-mapa-vectorial-illustrator-eps-ai-editable-capas\/\">Palma<\/a>, <a href=\"https:\/\/www.bc-maps.com\/mapa-vectorial-eps\/calvia-mallorca-mapa-vectorial-illustrator-eps-ai-cc\/\">Calvi\u00e0<\/a>, <a href=\"https:\/\/www.bc-maps.com\/mapa-vectorial-eps\/manacor-mallorca-mapa-vectorial-illustrator-eps-ai-cc\/\">Manacor,<\/a> <a href=\"https:\/\/www.bc-maps.com\/mapa-vectorial-eps\/llucmajor-mallorca-mapa-vectorial-illustrator-eps-ai-cc\/\">Llucmajor<\/a>, <a href=\"https:\/\/www.bc-maps.com\/mapa-vectorial-eps\/marratxi-mallorca-mapa-vectorial-illustrator-eps-ai-cc\/\">Marratx\u00ed<\/a>, <a href=\"https:\/\/www.bc-maps.com\/mapa-vectorial-eps\/inca-mallorca-mapa-vectorial-illustrator-eps-ai-cc\/\">Inca<\/a>, <a href=\"https:\/\/www.bc-maps.com\/mapa-vectorial-eps\/alcudia-mallorca-mapa-vectorial-illustrator-eps-ai-cc\/\">Alc\u00fadia<\/a>, <a href=\"https:\/\/www.bc-maps.com\/mapa-vectorial-eps\/felanitx-mallorca-mapa-vectorial-illustrator-eps-ai-cc\/\">Felanitx<\/a>, <a href=\"https:\/\/www.bc-maps.com\/mapa-vectorial-eps\/pollenca-mallorca-mapa-vectorial-illustrator-eps-ai-cc\/\">Pollen\u00e7a<\/a>, <a href=\"https:\/\/www.bc-maps.com\/mapa-vectorial-eps\/soller-mallorca-mapa-vectorial-illustrator-eps-ai-cc\/\">S\u00f3ller,<\/a> <a href=\"https:\/\/www.bc-maps.com\/mapa-vectorial-eps\/santanyi-mallorca-mapa-vectorial-illustrator-eps-ai-cc\/\">Santany\u00ed,<\/a> <a href=\"https:\/\/www.bc-maps.com\/mapa-vectorial-eps\/sa-pobla-mallorca-mapa-vectorial-illustrator-eps-ai-cc\/\">Sa Pobla,<\/a> <a href=\"https:\/\/www.bc-maps.com\/mapa-vectorial-eps\/son-servera-mallorca-mapa-vectorial-illustrator-eps-ai-cc\/\">Son Servera<\/a>, <a href=\"https:\/\/www.bc-maps.com\/mapa-vectorial-eps\/andratx-mallorca-mapa-vectorial-illustrator-eps-ai-cc\/\">Andratx<\/a>, <a href=\"https:\/\/www.bc-maps.com\/mapa-vectorial-eps\/santa-margalida-mallorca-mapa-vectorial-illustrator-eps-ai-cc\/\">Santa Margalida<\/a>, <a href=\"https:\/\/www.bc-maps.com\/mapa-vectorial-eps\/capdepera-mallorca-mapa-vectorial-illustrator-eps-ai-cc\/\">Capdepera,<\/a> <a href=\"https:\/\/www.bc-maps.com\/mapa-vectorial-eps\/campos-mallorca-mapa-vectorial-illustrator-eps-ai-cc\/\">Campos<\/a>, <a href=\"https:\/\/www.bc-maps.com\/mapa-vectorial-eps\/sant-llorenc-des-cardassar-mallorca-mapa-vectorial-illustrator-eps-ai\/\">Sant Lloren\u00e7 des Cardassar<\/a>, <a href=\"https:\/\/www.bc-maps.com\/mapa-vectorial-eps\/binissalem-mallorca-mapa-vectorial-illustrator-eps-ai-cc\/\">Binissalem<\/a>, <a href=\"https:\/\/www.bc-maps.com\/mapa-vectorial-eps\/arta-mallorca-mapa-vectorial-illustrator-eps-ai-cc\/\">Art\u00e0,<\/a> <a href=\"https:\/\/www.bc-maps.com\/mapa-vectorial-eps\/muro-mallorca-mapa-vectorial-illustrator-eps-ai-cc\/\">Muro<\/a>, <a href=\"https:\/\/www.bc-maps.com\/mapa-vectorial-eps\/santa-maria-del-cami-mallorca-mapa-vectorial-illustrator-eps-ai-cc\/\">Santa Maria del Cam\u00ed<\/a>, <a href=\"https:\/\/www.bc-maps.com\/mapa-vectorial-eps\/bunyola-mallorca-mapa-vectorial-illustrator-eps-ai-cc\/\">Bunyola<\/a>, <a href=\"https:\/\/www.bc-maps.com\/mapa-vectorial-eps\/lloseta-mallorca-mapa-vectorial-illustrator-eps-ai-cc\/\">Lloseta<\/a>, <a href=\"https:\/\/www.bc-maps.com\/mapa-vectorial-eps\/alaro-mallorca-mapa-vectorial-illustrator-eps-ai-cc-2\/\">Alar\u00f3<\/a>, <a href=\"https:\/\/www.bc-maps.com\/mapa-vectorial-eps\/porreres-mallorca-mapa-vectorial-illustrator-eps-ai-cc\/\">Porreres<\/a>, <a href=\"https:\/\/www.bc-maps.com\/mapa-vectorial-eps\/algaida-mallorca-mapa-vectorial-illustrator-eps-ai-cc\/\">Algaida<\/a>, <a href=\"https:\/\/www.bc-maps.com\/mapa-vectorial-eps\/ses-salines-mallorca-mapa-vectorial-illustrator-eps-ai-cc\/\">Ses Salines<\/a>, <a href=\"https:\/\/www.bc-maps.com\/mapa-vectorial-eps\/esporles-mallorca-mapa-vectorial-illustrator-eps-ai-cc\/\">Esporles<\/a>, <a href=\"https:\/\/www.bc-maps.com\/mapa-vectorial-eps\/consell-mallorca-mapa-vectorial-illustrator-eps-ai-cc\/\">Consell<\/a>, <a href=\"https:\/\/www.bc-maps.com\/mapa-vectorial-eps\/selva-mallorca-mapa-vectorial-illustrator-eps-ai-cc\/\">Selva<\/a>, <a href=\"https:\/\/www.bc-maps.com\/mapa-vectorial-eps\/sineu-mallorca-mapa-vectorial-illustrator-eps-ai-cc\/\">Sineu<\/a>, <a href=\"https:\/\/www.bc-maps.com\/mapa-vectorial-eps\/sencelles-mallorca-mapa-vectorial-illustrator-eps-ai-cc\/\">Sencelles<\/a>, <a href=\"https:\/\/www.bc-maps.com\/mapa-vectorial-eps\/vilafranca-de-bonany-mallorca-mapa-vectorial-illustrator-eps-ai-cc\/\">Vilafranca de Bonany<\/a>, <a href=\"https:\/\/www.bc-maps.com\/mapa-vectorial-eps\/petra-mallorca-mapa-vectorial-illustrator-eps-ai-cc\/\">Petra<\/a>, <a href=\"https:\/\/www.bc-maps.com\/mapa-vectorial-eps\/montuiri-mallorca-mapa-vectorial-illustrator-eps-ai-cc\/\">Montu\u00efri<\/a>, <a href=\"https:\/\/www.bc-maps.com\/mapa-vectorial-eps\/campanet-mallorca-mapa-vectorial-illustrator-eps-ai-cc\/\">Campanet<\/a>, <a href=\"https:\/\/www.bc-maps.com\/mapa-vectorial-eps\/llubi-mallorca-mapa-vectorial-illustrator-eps-ai-cc\/\">Llub\u00ed,<\/a> <a href=\"https:\/\/www.bc-maps.com\/mapa-vectorial-eps\/maria-la-salut-mallorca-mapa-vectorial-illustrator-eps-ai-cc\/\">Maria de la Salut<\/a>, <a href=\"https:\/\/www.bc-maps.com\/mapa-vectorial-eps\/sant-joan-mallorca-mapa-vectorial-illustrator-eps-ai-cc\/\">Sant Joan<\/a>, <a href=\"https:\/\/www.bc-maps.com\/mapa-vectorial-eps\/valldemossa-mallorca-mapa-vectorial-illustrator-eps-ai-cc\/\">Valldemossa<\/a>, <a href=\"https:\/\/www.bc-maps.com\/mapa-vectorial-eps\/puigpunyent-mallorca-mapa-vectorial-illustrator-eps-ai-cc\/\">Puigpunyent<\/a>, <a href=\"https:\/\/www.bc-maps.com\/mapa-vectorial-eps\/santa-eugenia-mallorca-mapa-vectorial-illustrator-eps-ai-cc\/\">Santa Eug\u00e8nia,<\/a> <a href=\"https:\/\/www.bc-maps.com\/mapa-vectorial-eps\/lloret-de-vistalegre-mallorca-mapa-vectorial-illustrator-eps-ai-cc\/\">Lloret de Vistalegre<\/a>, <a href=\"https:\/\/www.bc-maps.com\/mapa-vectorial-eps\/mancor-de-la-vall-mallorca-mapa-vectorial-illustrator-eps-ai-cc\/\">Mancor de la Vall<\/a>, <a href=\"https:\/\/www.bc-maps.com\/mapa-vectorial-eps\/costitx-mallorca-mapa-vectorial-illustrator-eps-ai-cc\/\">Costitx<\/a>, <a href=\"https:\/\/www.bc-maps.com\/mapa-vectorial-eps\/buger-mallorca-mapa-vectorial-illustrator-eps-ai-cc\/\">B\u00fager,<\/a> <a href=\"https:\/\/www.bc-maps.com\/mapa-vectorial-eps\/ariany-mallorca-mapa-vectorial-illustrator-eps-ai-cc\/\">Ariany,<\/a> <a href=\"https:\/\/www.bc-maps.com\/mapa-vectorial-eps\/deia-mallorca-mapa-vectorial-illustrator-eps-ai-cc\/\">Dei\u00e0<\/a>, <a href=\"https:\/\/www.bc-maps.com\/mapa-vectorial-eps\/fornalutx-mallorca-mapa-vectorial-illustrator-eps-ai-cc\/\">Fornalutx<\/a>, <a href=\"https:\/\/www.bc-maps.com\/mapa-vectorial-eps\/banyalbufar-mallorca-mapa-vectorial-illustrator-eps-ai-cc\/\">Banyalbufar<\/a>, <a href=\"https:\/\/www.bc-maps.com\/mapa-vectorial-eps\/estellencs-mallorca-mapa-vectorial-illustrator-eps-ai-cc\/\">Estellencs<\/a>, <a href=\"https:\/\/www.bc-maps.com\/mapa-vectorial-eps\/escorca-mallorca-mapa-vectorial-illustrator-eps-ai-cc\/\">Escorca<\/a><\/strong><\/p>\n<figure id=\"attachment_5100\" aria-describedby=\"caption-attachment-5100\" style=\"width: 344px\" class=\"wp-caption alignnone\"><a href=\"http:\/\/www.bc-maps.com\/wp-content\/uploads\/2022\/11\/Andratx-Mallorca-mapa-plano-vectorial-illustrator-eps-editable.jpg\" target=\"_blank\" rel=\"noopener\"><img loading=\"lazy\" decoding=\"async\" class=\"wp-image-5100\" title=\"Andratx-Mallorca-mapa-plano-vectorial-illustrator-eps-editable\" src=\"http:\/\/www.bc-maps.com\/wp-content\/uploads\/2022\/11\/Andratx-Mallorca-mapa-plano-vectorial-illustrator-eps-editable-300x212.jpg\" alt=\"Andratx-Mallorca-mapa-plano-vectorial-illustrator-eps-editable\" width=\"344\" height=\"243\" srcset=\"https:\/\/www.bc-maps.com\/wp-content\/uploads\/2022\/11\/Andratx-Mallorca-mapa-plano-vectorial-illustrator-eps-editable-300x212.jpg 300w, https:\/\/www.bc-maps.com\/wp-content\/uploads\/2022\/11\/Andratx-Mallorca-mapa-plano-vectorial-illustrator-eps-editable-1024x725.jpg 1024w, https:\/\/www.bc-maps.com\/wp-content\/uploads\/2022\/11\/Andratx-Mallorca-mapa-plano-vectorial-illustrator-eps-editable-768x544.jpg 768w, https:\/\/www.bc-maps.com\/wp-content\/uploads\/2022\/11\/Andratx-Mallorca-mapa-plano-vectorial-illustrator-eps-editable-1536x1087.jpg 1536w, https:\/\/www.bc-maps.com\/wp-content\/uploads\/2022\/11\/Andratx-Mallorca-mapa-plano-vectorial-illustrator-eps-editable.jpg 1755w\" sizes=\"auto, (max-width: 344px) 100vw, 344px\" \/><\/a><figcaption id=\"caption-attachment-5100\" class=\"wp-caption-text\">Andratx-Mallorca-mapa-plano-vectorial-illustrator-eps-editable<\/figcaption><\/figure>\n<figure id=\"attachment_5165\" aria-describedby=\"caption-attachment-5165\" style=\"width: 353px\" class=\"wp-caption alignnone\"><a href=\"http:\/\/www.bc-maps.com\/wp-content\/uploads\/2022\/11\/palma-Mallorca-mapa-plano-vectorial-illustrator-eps-editable-scaled.jpg\" target=\"_blank\" rel=\"noopener\"><img loading=\"lazy\" decoding=\"async\" class=\"wp-image-5165\" title=\"Palma-Mallorca-mapa-plano-vectorial-illustrator-eps-editable\" src=\"http:\/\/www.bc-maps.com\/wp-content\/uploads\/2022\/11\/palma-Mallorca-mapa-plano-vectorial-illustrator-eps-editable-300x290.jpg\" alt=\"Palma-Mallorca-mapa-plano-vectorial-illustrator-eps-editable\" width=\"353\" height=\"341\" srcset=\"https:\/\/www.bc-maps.com\/wp-content\/uploads\/2022\/11\/palma-Mallorca-mapa-plano-vectorial-illustrator-eps-editable-300x290.jpg 300w, https:\/\/www.bc-maps.com\/wp-content\/uploads\/2022\/11\/palma-Mallorca-mapa-plano-vectorial-illustrator-eps-editable-1024x990.jpg 1024w, https:\/\/www.bc-maps.com\/wp-content\/uploads\/2022\/11\/palma-Mallorca-mapa-plano-vectorial-illustrator-eps-editable-768x742.jpg 768w, https:\/\/www.bc-maps.com\/wp-content\/uploads\/2022\/11\/palma-Mallorca-mapa-plano-vectorial-illustrator-eps-editable-1536x1485.jpg 1536w, https:\/\/www.bc-maps.com\/wp-content\/uploads\/2022\/11\/palma-Mallorca-mapa-plano-vectorial-illustrator-eps-editable-2048x1980.jpg 2048w\" sizes=\"auto, (max-width: 353px) 100vw, 353px\" \/><\/a><figcaption id=\"caption-attachment-5165\" class=\"wp-caption-text\">Palma-Mallorca-mapa-plano-vectorial-illustrator-eps-editable<\/figcaption><\/figure>\n<p>La informaci\u00f3n disponible va desde\u00a0monumentos, lugares de inter\u00e9s y populares, museos, oficinas de turismo, centros comerciales, medios de transporte.<\/p>\n<p>Tambi\u00e9n podemos a\u00f1adir cualquier otra informaci\u00f3n pr\u00e1ctica que nos soliciten ustedes, como pueden ser metro, cercan\u00edas, Ave ..etc<\/p>\n<p>Nuestros mapas est\u00e1n estructurados por medio de capas y son totalmente editables, modificables, \u00a0tanto \u00a0colores y\u00a0fuentes\/textos.<\/p>\n<p>Nuestro ficheros\u00a0son libres de derechos para cualquier reproducci\u00f3n, incluyendo nuestro copyright.<\/p>\n<p>Los maps\u00a0est\u00e1n creados con licencias oficiales de programas de <a href=\"http:\/\/www.adobe.com\/es\">Adobe,<\/a> habitualmente entregamos en version CC, pero podemos entregar tambi\u00e9n en otras versiones.<\/p>\n","protected":false},"excerpt":{"rendered":"<p>Planos y mapas tur\u00edsticos impresos de las poblaciones de la isla de Mallorca Mapas vectoriales editables eps, illustrator, pdf de ciudades de la isla de Mallorca Planos vectoriales de ciudades Podemos crear cualquier tipo de mapa de los diferentes municipios de la isla de Mallorca, planos\/mapas parciales, planos generales, planos de detalle\u2026etc, tanto vectoriales como &hellip; <a href=\"https:\/\/www.bc-maps.com\/mapa-vectorial-eps\/mapas-vectoriales\/espana\/ciudades\/mapas-planos-vectoriales-eps-illustrator-ciudades-municipios-isla-mallorca\/\" class=\"more-link\">Seguir leyendo <span class=\"screen-reader-text\">Mapas vectoriales illustrator eps, ciudades y municipios de la isla de Mallorca<\/span> <span class=\"meta-nav\">&rarr;<\/span><\/a><\/p>\n","protected":false},"author":1,"featured_media":5154,"parent":52,"menu_order":1,"comment_status":"closed","ping_status":"closed","template":"","meta":{"footnotes":""},"class_list":["post-6261","page","type-page","status-publish","has-post-thumbnail","hentry"],"_links":{"self":[{"href":"https:\/\/www.bc-maps.com\/mapa-vectorial-eps\/wp-json\/wp\/v2\/pages\/6261","targetHints":{"allow":["GET"]}}],"collection":[{"href":"https:\/\/www.bc-maps.com\/mapa-vectorial-eps\/wp-json\/wp\/v2\/pages"}],"about":[{"href":"https:\/\/www.bc-maps.com\/mapa-vectorial-eps\/wp-json\/wp\/v2\/types\/page"}],"author":[{"embeddable":true,"href":"https:\/\/www.bc-maps.com\/mapa-vectorial-eps\/wp-json\/wp\/v2\/users\/1"}],"replies":[{"embeddable":true,"href":"https:\/\/www.bc-maps.com\/mapa-vectorial-eps\/wp-json\/wp\/v2\/comments?post=6261"}],"version-history":[{"count":4,"href":"https:\/\/www.bc-maps.com\/mapa-vectorial-eps\/wp-json\/wp\/v2\/pages\/6261\/revisions"}],"predecessor-version":[{"id":6613,"href":"https:\/\/www.bc-maps.com\/mapa-vectorial-eps\/wp-json\/wp\/v2\/pages\/6261\/revisions\/6613"}],"up":[{"embeddable":true,"href":"https:\/\/www.bc-maps.com\/mapa-vectorial-eps\/wp-json\/wp\/v2\/pages\/52"}],"wp:featuredmedia":[{"embeddable":true,"href":"https:\/\/www.bc-maps.com\/mapa-vectorial-eps\/wp-json\/wp\/v2\/media\/5154"}],"wp:attachment":[{"href":"https:\/\/www.bc-maps.com\/mapa-vectorial-eps\/wp-json\/wp\/v2\/media?parent=6261"}],"curies":[{"name":"wp","href":"https:\/\/api.w.org\/{rel}","templated":true}]}}