{"id":6240,"date":"2024-09-26T08:55:00","date_gmt":"2024-09-26T08:55:00","guid":{"rendered":"http:\/\/www.bc-maps.com\/mapa-vectorial-eps\/nules-castellon-mapa-vectorial-illustrator-eps-ai-cc-2\/"},"modified":"2024-09-30T16:12:31","modified_gmt":"2024-09-30T16:12:31","slug":"almassora-castellon-mapa-vectorial-illustrator-eps-ai-cc","status":"publish","type":"page","link":"https:\/\/www.bc-maps.com\/mapa-vectorial-eps\/almassora-castellon-mapa-vectorial-illustrator-eps-ai-cc\/","title":{"rendered":"Almassora mapa vectorial Illustrator eps ai CC"},"content":{"rendered":"<h1>Planos y mapas vectoriales de Almassora, Castellon<\/h1>\n<h2>Mapas vectoriales editables estructurados con capas de Almassora<\/h2>\n<h3>Planos vectoriales de ciudades de la provincia de Castell\u00f3n<\/h3>\n<p>Podemos crear cualquier tipo de mapa de Almassora \u00a0planos parciales, planos generales, planos de detalle, \u2026etc.<\/p>\n<p>Los mapas se entregan en formatos editables <a href=\"http:\/\/www.adobe.es\">adobe<\/a> illustrator, eps.<\/p>\n<figure id=\"attachment_6244\" aria-describedby=\"caption-attachment-6244\" style=\"width: 300px\" class=\"wp-caption alignnone\"><a href=\"http:\/\/www.bc-maps.com\/wp-content\/uploads\/2024\/09\/Almazora-mapa-vectorial-illustrator-eps.jpg\" target=\"_blank\" rel=\"noopener\"><img loading=\"lazy\" decoding=\"async\" class=\"wp-image-6244 size-medium\" title=\"Almazora mapa vectorial illustrator eps\" src=\"http:\/\/www.bc-maps.com\/wp-content\/uploads\/2024\/09\/Almazora-mapa-vectorial-illustrator-eps-300x245.jpg\" alt=\"Almazora mapa vectorial illustrator eps\" width=\"300\" height=\"245\" srcset=\"https:\/\/www.bc-maps.com\/wp-content\/uploads\/2024\/09\/Almazora-mapa-vectorial-illustrator-eps-300x245.jpg 300w, https:\/\/www.bc-maps.com\/wp-content\/uploads\/2024\/09\/Almazora-mapa-vectorial-illustrator-eps-1024x835.jpg 1024w, https:\/\/www.bc-maps.com\/wp-content\/uploads\/2024\/09\/Almazora-mapa-vectorial-illustrator-eps-768x626.jpg 768w, https:\/\/www.bc-maps.com\/wp-content\/uploads\/2024\/09\/Almazora-mapa-vectorial-illustrator-eps-1536x1252.jpg 1536w, https:\/\/www.bc-maps.com\/wp-content\/uploads\/2024\/09\/Almazora-mapa-vectorial-illustrator-eps.jpg 1701w\" sizes=\"auto, (max-width: 300px) 100vw, 300px\" \/><\/a><figcaption id=\"caption-attachment-6244\" class=\"wp-caption-text\">Almazora mapa vectorial illustrator eps<\/figcaption><\/figure>\n<figure id=\"attachment_6243\" aria-describedby=\"caption-attachment-6243\" style=\"width: 298px\" class=\"wp-caption alignnone\"><a href=\"http:\/\/www.bc-maps.com\/wp-content\/uploads\/2024\/09\/Almassora-mapa-vectorial-illustrator-eps-zoom.jpg\" target=\"_blank\" rel=\"noopener\"><img loading=\"lazy\" decoding=\"async\" class=\"wp-image-6243 size-medium\" title=\"Almassora mapa vectorial illustrator eps zoom\" src=\"http:\/\/www.bc-maps.com\/wp-content\/uploads\/2024\/09\/Almassora-mapa-vectorial-illustrator-eps-zoom-298x300.jpg\" alt=\"Almassora mapa vectorial illustrator eps zoom\" width=\"298\" height=\"300\" srcset=\"https:\/\/www.bc-maps.com\/wp-content\/uploads\/2024\/09\/Almassora-mapa-vectorial-illustrator-eps-zoom-298x300.jpg 298w, https:\/\/www.bc-maps.com\/wp-content\/uploads\/2024\/09\/Almassora-mapa-vectorial-illustrator-eps-zoom-150x150.jpg 150w, https:\/\/www.bc-maps.com\/wp-content\/uploads\/2024\/09\/Almassora-mapa-vectorial-illustrator-eps-zoom.jpg 567w\" sizes=\"auto, (max-width: 298px) 100vw, 298px\" \/><\/a><figcaption id=\"caption-attachment-6243\" class=\"wp-caption-text\">Almassora mapa vectorial illustrator eps zoom<\/figcaption><\/figure>\n<p>El contenido de informaci\u00f3n depender\u00e1 del tama\u00f1o de la zona y la escala o medidas de reproducci\u00f3n, ya que no trabajamos con textos inferiores a 5 puntos para que sean legibles.<\/p>\n<p>El contenido depender\u00e1 del tama\u00f1o de la zona y la escala o medidas de reproducci\u00f3n, no trabajamos con textos inferiores a 5 puntos para que sean legibles.<\/p>\n<p>La informaci\u00f3n disponible va desde\u00a0monumentos, lugares de inter\u00e9s y populares, museos, oficinas de turismo, centros comerciales, medios de transporte.<\/p>\n<p>Tambi\u00e9n podemos a\u00f1adir cualquier otra informaci\u00f3n pr\u00e1ctica que nos soliciten ustedes.<\/p>\n<p>Nuestros mapas est\u00e1n estructurados por medio de capas y son totalmente editables, modificables, \u00a0tanto \u00a0colores y\u00a0fuentes\/textos.<\/p>\n<p>Nuestro ficheros\u00a0son libres de derechos para cualquier reproducci\u00f3n, incluyendo nuestro copyright.<\/p>\n<p>Los maps\u00a0est\u00e1n creados con licencias oficiales de programas de Adobe, habitualmente entregamos en version CC, pero podemos entregar tambi\u00e9n en otras versiones.<\/p>\n","protected":false},"excerpt":{"rendered":"<p>Planos y mapas vectoriales de Almassora, Castellon Mapas vectoriales editables estructurados con capas de Almassora Planos vectoriales de ciudades de la provincia de Castell\u00f3n Podemos crear cualquier tipo de mapa de Almassora \u00a0planos parciales, planos generales, planos de detalle, \u2026etc. Los mapas se entregan en formatos editables adobe illustrator, eps. El contenido de informaci\u00f3n depender\u00e1 &hellip; <a href=\"https:\/\/www.bc-maps.com\/mapa-vectorial-eps\/almassora-castellon-mapa-vectorial-illustrator-eps-ai-cc\/\" class=\"more-link\">Seguir leyendo <span class=\"screen-reader-text\">Almassora mapa vectorial Illustrator eps ai CC<\/span> <span class=\"meta-nav\">&rarr;<\/span><\/a><\/p>\n","protected":false},"author":1,"featured_media":6244,"parent":0,"menu_order":0,"comment_status":"closed","ping_status":"closed","template":"","meta":{"footnotes":""},"class_list":["post-6240","page","type-page","status-publish","has-post-thumbnail","hentry"],"_links":{"self":[{"href":"https:\/\/www.bc-maps.com\/mapa-vectorial-eps\/wp-json\/wp\/v2\/pages\/6240","targetHints":{"allow":["GET"]}}],"collection":[{"href":"https:\/\/www.bc-maps.com\/mapa-vectorial-eps\/wp-json\/wp\/v2\/pages"}],"about":[{"href":"https:\/\/www.bc-maps.com\/mapa-vectorial-eps\/wp-json\/wp\/v2\/types\/page"}],"author":[{"embeddable":true,"href":"https:\/\/www.bc-maps.com\/mapa-vectorial-eps\/wp-json\/wp\/v2\/users\/1"}],"replies":[{"embeddable":true,"href":"https:\/\/www.bc-maps.com\/mapa-vectorial-eps\/wp-json\/wp\/v2\/comments?post=6240"}],"version-history":[{"count":2,"href":"https:\/\/www.bc-maps.com\/mapa-vectorial-eps\/wp-json\/wp\/v2\/pages\/6240\/revisions"}],"predecessor-version":[{"id":6245,"href":"https:\/\/www.bc-maps.com\/mapa-vectorial-eps\/wp-json\/wp\/v2\/pages\/6240\/revisions\/6245"}],"wp:featuredmedia":[{"embeddable":true,"href":"https:\/\/www.bc-maps.com\/mapa-vectorial-eps\/wp-json\/wp\/v2\/media\/6244"}],"wp:attachment":[{"href":"https:\/\/www.bc-maps.com\/mapa-vectorial-eps\/wp-json\/wp\/v2\/media?parent=6240"}],"curies":[{"name":"wp","href":"https:\/\/api.w.org\/{rel}","templated":true}]}}