{"id":6222,"date":"2024-09-29T08:56:47","date_gmt":"2024-09-29T08:56:47","guid":{"rendered":"http:\/\/www.bc-maps.com\/mapa-vectorial-eps\/mapas-vectoriales\/espana\/ciudades\/mapas-planos-vectoriales-ciudades-comunidad-madrid-2\/"},"modified":"2024-09-30T16:33:38","modified_gmt":"2024-09-30T16:33:38","slug":"mapas-planos-vectoriales-ciudades-provincia-castello-castellon","status":"publish","type":"page","link":"https:\/\/www.bc-maps.com\/mapa-vectorial-eps\/mapas-vectoriales\/espana\/ciudades\/mapas-planos-vectoriales-ciudades-provincia-castello-castellon\/","title":{"rendered":"Mapas vectoriales illustrator eps, ciudades de la provincia de Castell\u00f3"},"content":{"rendered":"<h1>Planos y mapas vectoriales de la provincia de Castell\u00f3\/Castell\u00f3n<\/h1>\n<h2>Mapas vectoriales editables eps illustrator, pdf de ciudades de Castell\u00f3\/Castell\u00f3n<\/h2>\n<h3>Planos vectoriales de ciudades<\/h3>\n<p>Podemos crear cualquier tipo de mapa de las diferentes ciudades de la provincia de Castell\u00f3n, planos\/mapas parciales, planos generales, planos de detalle\u2026etc.<\/p>\n<p>El contenido de informaci\u00f3n depender\u00e1 del tama\u00f1o de la zona y la escala o medidas de reproducci\u00f3n, ya que no trabajamos con textos inferiores a 5 puntos para que sean legibles.<\/p>\n<p style=\"font-weight: 400;\">Castell\u00f3n de la Plana\/Castell\u00f3 de la Plana, <a href=\"https:\/\/www.bc-maps.com\/mapa-vectorial-eps\/vila-real-villarreal-castellon-mapa-vectorial-illustrator-eps-ai-cc\/\">Villarreal\/Vila-real<\/a>, <a href=\"https:\/\/www.bc-maps.com\/mapa-vectorial-eps\/borriana-burriana-castellon-mapa-vectorial-illustrator-eps-ai-cc\/\">Burriana\/Borriana<\/a>, Vall de Ux\u00f3\/la Vall d&#8217;Uix\u00f3, <a href=\"https:\/\/www.bc-maps.com\/mapa-vectorial-eps\/vinaroz-mapa-vectorial-illustrator-eps-ai-cc\/\">Vinaroz\/Vinar\u00f2s<\/a>, Benicarl\u00f3\/Benicarl\u00f3, Almazora\/Almassora, Onda , Benicasim\/Benic\u00e0ssim, <a href=\"https:\/\/www.bc-maps.com\/mapa-vectorial-eps\/nules-castellon-mapa-vectorial-illustrator-eps-ai-cc\/\">Nules\/Nules<\/a>, Oropesa del Oropesa de Mar\/Orpesa, Alcora\/l\u2019Alcora, Segorbe\/Sogorb, Pe\u00f1\u00edscola\/Pen\u00edscola, Monc\u00f3far\/Moncofa, Alcal\u00e1 de Chivert\/Alcal\u00e0 de Xivert, Almenara\/Almenara, Borriol, Torreblanca, Bech\u00ed\/Betx\u00ed, <a href=\"https:\/\/www.bc-maps.com\/mapa-vectorial-eps\/les-alqueries-castellon-mapa-vectorial-illustrator-eps-ai-cc\/\">Alquer\u00edas del Ni\u00f1o Perdido\/les Alqueries<\/a>, Altura, San Juan de Mor\u00f3\/Sant Joan de Mor\u00f3, Cabanes, Villavieja\/Vilavella, la Vall d&#8217;Alba, Chilches\/Xilxes, Morella, Villafranca del Cid\/Vilafranca, C\u00e1lig\/C\u00e0lig, San Mateo\/Sant Mateu, Artana, Villafam\u00e9s, Cuevas de Vinrom\u00e1\/les Coves de Vinrom\u00e0, J\u00e9rica\/X\u00e8rica, Viver, Soneja\/Soneixa, Lucena del Cid\/Llucena, Traiguera, Adzaneta\/Atzeneta del Maestrat, Puebla-Tornesa\/la obla Tornesa, Alboc\u00e1cer\/Alboc\u00e0sser, San Jorge\/Sant Jordi, Ribesalbes, Benlloch\/Benlloc, <a href=\"https:\/\/www.bc-maps.com\/mapa-vectorial-eps\/almassora-castellon-mapa-vectorial-illustrator-eps-ai-cc\/\">Almassora\/Almazora<\/a><\/p>\n<figure id=\"attachment_1974\" aria-describedby=\"caption-attachment-1974\" style=\"width: 400px\" class=\"wp-caption alignnone\"><a href=\"http:\/\/www.bc-maps.com\/wp-content\/uploads\/2013\/08\/VINAROS-MAPA-2013.jpg\" target=\"_blank\" rel=\"noopener\"><img loading=\"lazy\" decoding=\"async\" class=\"wp-image-1974\" src=\"http:\/\/www.bc-maps.com\/wp-content\/uploads\/2013\/08\/VINAROS-MAPA-2013-212x300.jpg\" alt=\"Mapa turistico Vinaros (Castello),\" width=\"400\" height=\"566\" srcset=\"https:\/\/www.bc-maps.com\/wp-content\/uploads\/2013\/08\/VINAROS-MAPA-2013-212x300.jpg 212w, https:\/\/www.bc-maps.com\/wp-content\/uploads\/2013\/08\/VINAROS-MAPA-2013-724x1024.jpg 724w, https:\/\/www.bc-maps.com\/wp-content\/uploads\/2013\/08\/VINAROS-MAPA-2013.jpg 1123w\" sizes=\"auto, (max-width: 400px) 100vw, 400px\" \/><\/a><figcaption id=\"caption-attachment-1974\" class=\"wp-caption-text\">Mapa turistico Vinaros (Castello),<\/figcaption><\/figure>\n<p>El contenido depender\u00e1 del tama\u00f1o de la zona y la escala o medidas de reproducci\u00f3n, no trabajamos con textos inferiores a 5 puntos para que sean legibles.<\/p>\n<p>La informaci\u00f3n disponible va desde\u00a0monumentos, lugares de inter\u00e9s y populares, museos, oficinas de turismo, centros comerciales, medios de transporte.<\/p>\n<p>Tambi\u00e9n podemos a\u00f1adir cualquier otra informaci\u00f3n pr\u00e1ctica que nos soliciten ustedes, como pueden ser metro, cercan\u00edas, Ave ..etc<\/p>\n<p>Nuestros mapas est\u00e1n estructurados por medio de capas y son totalmente editables, modificables, \u00a0tanto \u00a0colores y\u00a0fuentes\/textos.<\/p>\n<p>Nuestro ficheros\u00a0son libres de derechos para cualquier reproducci\u00f3n, incluyendo nuestro copyright.<\/p>\n<p>Los maps\u00a0est\u00e1n creados con licencias oficiales de programas de <a href=\"http:\/\/www.adobe.com\/es\">Adobe,<\/a> habitualmente entregamos en version CC, pero podemos entregar tambi\u00e9n en otras versiones.<\/p>\n","protected":false},"excerpt":{"rendered":"<p>Planos y mapas vectoriales de la provincia de Castell\u00f3\/Castell\u00f3n Mapas vectoriales editables eps illustrator, pdf de ciudades de Castell\u00f3\/Castell\u00f3n Planos vectoriales de ciudades Podemos crear cualquier tipo de mapa de las diferentes ciudades de la provincia de Castell\u00f3n, planos\/mapas parciales, planos generales, planos de detalle\u2026etc. El contenido de informaci\u00f3n depender\u00e1 del tama\u00f1o de la zona &hellip; <a href=\"https:\/\/www.bc-maps.com\/mapa-vectorial-eps\/mapas-vectoriales\/espana\/ciudades\/mapas-planos-vectoriales-ciudades-provincia-castello-castellon\/\" class=\"more-link\">Seguir leyendo <span class=\"screen-reader-text\">Mapas vectoriales illustrator eps, ciudades de la provincia de Castell\u00f3<\/span> <span class=\"meta-nav\">&rarr;<\/span><\/a><\/p>\n","protected":false},"author":1,"featured_media":4103,"parent":52,"menu_order":1,"comment_status":"closed","ping_status":"closed","template":"","meta":{"footnotes":""},"class_list":["post-6222","page","type-page","status-publish","has-post-thumbnail","hentry"],"_links":{"self":[{"href":"https:\/\/www.bc-maps.com\/mapa-vectorial-eps\/wp-json\/wp\/v2\/pages\/6222","targetHints":{"allow":["GET"]}}],"collection":[{"href":"https:\/\/www.bc-maps.com\/mapa-vectorial-eps\/wp-json\/wp\/v2\/pages"}],"about":[{"href":"https:\/\/www.bc-maps.com\/mapa-vectorial-eps\/wp-json\/wp\/v2\/types\/page"}],"author":[{"embeddable":true,"href":"https:\/\/www.bc-maps.com\/mapa-vectorial-eps\/wp-json\/wp\/v2\/users\/1"}],"replies":[{"embeddable":true,"href":"https:\/\/www.bc-maps.com\/mapa-vectorial-eps\/wp-json\/wp\/v2\/comments?post=6222"}],"version-history":[{"count":3,"href":"https:\/\/www.bc-maps.com\/mapa-vectorial-eps\/wp-json\/wp\/v2\/pages\/6222\/revisions"}],"predecessor-version":[{"id":6260,"href":"https:\/\/www.bc-maps.com\/mapa-vectorial-eps\/wp-json\/wp\/v2\/pages\/6222\/revisions\/6260"}],"up":[{"embeddable":true,"href":"https:\/\/www.bc-maps.com\/mapa-vectorial-eps\/wp-json\/wp\/v2\/pages\/52"}],"wp:featuredmedia":[{"embeddable":true,"href":"https:\/\/www.bc-maps.com\/mapa-vectorial-eps\/wp-json\/wp\/v2\/media\/4103"}],"wp:attachment":[{"href":"https:\/\/www.bc-maps.com\/mapa-vectorial-eps\/wp-json\/wp\/v2\/media?parent=6222"}],"curies":[{"name":"wp","href":"https:\/\/api.w.org\/{rel}","templated":true}]}}