{"id":6217,"date":"2024-09-29T08:56:47","date_gmt":"2024-09-29T08:56:47","guid":{"rendered":"http:\/\/www.bc-maps.com\/mapa-vectorial-eps\/mapas-vectoriales\/espana\/ciudades\/madrid-2\/"},"modified":"2024-09-27T11:10:08","modified_gmt":"2024-09-27T11:10:08","slug":"mapas-planos-vectoriales-ciudades-comunidad-madrid","status":"publish","type":"page","link":"https:\/\/www.bc-maps.com\/mapa-vectorial-eps\/mapas-vectoriales\/espana\/ciudades\/mapas-planos-vectoriales-ciudades-comunidad-madrid\/","title":{"rendered":"Mapas vectoriales illustrator eps, ciudades Comunidad de Madrid"},"content":{"rendered":"<h1>Planos y mapas vectoriales de la Comunidad de Madrid<\/h1>\n<h2>Mapas vectoriales editables eps, illustrator, pdf de ciudades de Madrid.<\/h2>\n<h3>Planos vectoriales de ciudades<\/h3>\n<p>Podemos crear cualquier tipo de mapa de los diferentes municipios de la Comunidad de Madrid, planos\/mapas parciales, planos generales, planos de detalle\u2026etc.<\/p>\n<p>El contenido de informaci\u00f3n depender\u00e1 del tama\u00f1o de la zona y la escala o medidas de reproducci\u00f3n, ya que no trabajamos con textos inferiores a 5 puntos para que sean legibles.<\/p>\n<p style=\"font-weight: 400;\"><a href=\"https:\/\/www.bc-maps.com\/mapa-vectorial-eps\/mapas-vectoriales\/espana\/ciudades\/mapa-vectorial-madrid-illustrator\/\">Madrid<\/a>, <a href=\"https:\/\/www.bc-maps.com\/mapa-vectorial-eps\/mostoles-ilustrator-eps\/\">M\u00f3stoles<\/a>, <a href=\"https:\/\/www.bc-maps.com\/mapa-vectorial-eps\/alcala-de-henares-ilustrator-eps\/\">Alcal\u00e1 de Henares<\/a>, Fuenlabrada, Legan\u00e9s, Getafe, <a href=\"https:\/\/www.bc-maps.com\/mapa-vectorial-eps\/alcorcon-ilustrator-eps\/\">Alcorc\u00f3n<\/a>, <a href=\"https:\/\/www.bc-maps.com\/mapa-vectorial-eps\/torrejon-de-ardoz-ilustrator-eps\/\">Torrej\u00f3n de Ardoz<\/a>, Parla, Alcobendas, Rivas-Vaciamadrid, Las Rozas, San Sebasti\u00e1n de los Reyes, <a href=\"https:\/\/www.bc-maps.com\/mapa-vectorial-eps\/coslada-mapa-vectorial-illustrator-eps-ai-cc\/\">Coslada<\/a>, Valdemoro, Majadahonda, Collado Villalba, <a href=\"https:\/\/www.bc-maps.com\/mapa-vectorial-eps\/boadilla-del-monte-mapa-vectorial-illustrator-eps-ai-cc\/\">Boadilla del Monte<\/a>, Aranjuez, Arganda del Rey, Pinto, Colmenar Viejo, <a href=\"https:\/\/www.bc-maps.com\/mapa-vectorial-eps\/pozuelo-de-alarcon-mapa-vectorial-illustrator-eps-ai-cc\/\">Pozuelo de Alarc\u00f3n<\/a>, Tres Cantos, San Fernando de Henares, Galapagar, Arroyomolinos, Navalcarnero, Villaviciosa de Od\u00f3n, Sese\u00f1a, Ciempozuelos, Torrelodones, Mejorada del Campo, Villanueva de la Ca\u00f1ada, Algete, San Mart\u00edn de la Vega, Humanes de Madrid, San Lorenzo del Escorial, Villanueva del Pardillo, Guadarrama, El Escorial, Villalbilla, Meco, Alpedrete, Moralzarzal, San Agust\u00edn del Guadalix, Valdemorillo, Velilla de San Antonio, Brunete, Daganzo de Arriba, Gri\u00f1\u00f3n, El \u00c1lamo (Madrid), Torrej\u00f3n de la Calzada, Colmenarejo, El Molar (Madrid), Sevilla La Nueva, Manzanares el Real, Soto del Real, Loeches, San Mart\u00edn de Valdeiglesias, Hoyo de Manzanares, Colmenar de Oreja, Morata de Taju\u00f1a, Torres de la Alameda, Villarejo de Salvan\u00e9s, Camarma de Esteruelas, Cobe\u00f1a, Cercedilla, Collado Mediano, Villa del Prado, Fuente el Saz de Jarama, Nuevo Bazt\u00e1n, Miraflores de la Sierra, Cubas de la Sagra, Guadalix de la Sierra, Campo Real, Pedrezuela, Becerril de la Sierra, Chinch\u00f3n, Moraleja de Enmedio, Cerceda, Torrelaguna, Valdetorres de Jarama, Ajalvir, Los Molinos, Torrej\u00f3n de Velasco, Robledo de Chavela, Serranillos del Valle, Valdeolmos-Alalpardo, Talamanca de Jarama, Casarrubuelos, Quijorna, Villaconejos, Aldea del Fresno, Navacerrada, Cadalso de los Vidrios, Navas del Rey, Perales de<\/p>\n<figure id=\"attachment_2790\" aria-describedby=\"caption-attachment-2790\" style=\"width: 300px\" class=\"wp-caption alignnone\"><a href=\"http:\/\/www.bc-maps.com\/wp-content\/uploads\/2017\/05\/Madrid-mapa-plano-vectorial-illustrator-eps.jpg\"><img loading=\"lazy\" decoding=\"async\" class=\"wp-image-2790 size-medium\" title=\"Madrid mapa plano vectorial illustrator eps\" src=\"http:\/\/www.bc-maps.com\/wp-content\/uploads\/2017\/05\/Madrid-mapa-plano-vectorial-illustrator-eps-300x233.jpg\" alt=\"Madrid mapa plano vectorial illustrator eps\" width=\"300\" height=\"233\" srcset=\"https:\/\/www.bc-maps.com\/wp-content\/uploads\/2017\/05\/Madrid-mapa-plano-vectorial-illustrator-eps-300x233.jpg 300w, https:\/\/www.bc-maps.com\/wp-content\/uploads\/2017\/05\/Madrid-mapa-plano-vectorial-illustrator-eps-768x598.jpg 768w, https:\/\/www.bc-maps.com\/wp-content\/uploads\/2017\/05\/Madrid-mapa-plano-vectorial-illustrator-eps-1024x797.jpg 1024w\" sizes=\"auto, (max-width: 300px) 100vw, 300px\" \/><\/a><figcaption id=\"caption-attachment-2790\" class=\"wp-caption-text\">Madrid mapa plano vectorial illustrator eps<\/figcaption><\/figure>\n<figure id=\"attachment_6215\" aria-describedby=\"caption-attachment-6215\" style=\"width: 300px\" class=\"wp-caption alignnone\"><a href=\"http:\/\/www.bc-maps.com\/wp-content\/uploads\/2024\/09\/Boadilla-del-Monte-mapa-vectorial-illustrator-editable-eps-scaled.jpg\" target=\"_blank\" rel=\"noopener\"><img loading=\"lazy\" decoding=\"async\" class=\"wp-image-6215 size-medium\" title=\"Boadilla del Monte mapa vectorial illustrator editable eps\" src=\"http:\/\/www.bc-maps.com\/wp-content\/uploads\/2024\/09\/Boadilla-del-Monte-mapa-vectorial-illustrator-editable-eps-300x272.jpg\" alt=\"Boadilla del Monte mapa vectorial illustrator editable eps\" width=\"300\" height=\"272\" srcset=\"https:\/\/www.bc-maps.com\/wp-content\/uploads\/2024\/09\/Boadilla-del-Monte-mapa-vectorial-illustrator-editable-eps-300x272.jpg 300w, https:\/\/www.bc-maps.com\/wp-content\/uploads\/2024\/09\/Boadilla-del-Monte-mapa-vectorial-illustrator-editable-eps-1024x930.jpg 1024w, https:\/\/www.bc-maps.com\/wp-content\/uploads\/2024\/09\/Boadilla-del-Monte-mapa-vectorial-illustrator-editable-eps-768x697.jpg 768w, https:\/\/www.bc-maps.com\/wp-content\/uploads\/2024\/09\/Boadilla-del-Monte-mapa-vectorial-illustrator-editable-eps-1536x1394.jpg 1536w, https:\/\/www.bc-maps.com\/wp-content\/uploads\/2024\/09\/Boadilla-del-Monte-mapa-vectorial-illustrator-editable-eps-2048x1859.jpg 2048w\" sizes=\"auto, (max-width: 300px) 100vw, 300px\" \/><\/a><figcaption id=\"caption-attachment-6215\" class=\"wp-caption-text\">Boadilla del Monte mapa vectorial illustrator editable eps<\/figcaption><\/figure>\n<figure id=\"attachment_3365\" aria-describedby=\"caption-attachment-3365\" style=\"width: 300px\" class=\"wp-caption alignnone\"><a href=\"http:\/\/www.bc-maps.com\/wp-content\/uploads\/2018\/07\/Mapa-vectorial-illustrator-eps-Madrid-MH.jpg\" target=\"_blank\" rel=\"noopener noreferrer\"><img loading=\"lazy\" decoding=\"async\" class=\"wp-image-3365 size-medium\" title=\"Mapa vectorial illustrator eps Madrid MH\" src=\"http:\/\/www.bc-maps.com\/wp-content\/uploads\/2018\/07\/Mapa-vectorial-illustrator-eps-Madrid-MH-300x214.jpg\" alt=\"Mapa vectorial illustrator eps Madrid MH\" width=\"300\" height=\"214\" srcset=\"https:\/\/www.bc-maps.com\/wp-content\/uploads\/2018\/07\/Mapa-vectorial-illustrator-eps-Madrid-MH-300x214.jpg 300w, https:\/\/www.bc-maps.com\/wp-content\/uploads\/2018\/07\/Mapa-vectorial-illustrator-eps-Madrid-MH-768x547.jpg 768w, https:\/\/www.bc-maps.com\/wp-content\/uploads\/2018\/07\/Mapa-vectorial-illustrator-eps-Madrid-MH-1024x729.jpg 1024w\" sizes=\"auto, (max-width: 300px) 100vw, 300px\" \/><\/a><figcaption id=\"caption-attachment-3365\" class=\"wp-caption-text\">Mapa vectorial illustrator eps Madrid MH<\/figcaption><\/figure>\n<p>Taju\u00f1a, Valdilecha, Pelayos de la Presa, Navalagamella, La Cabrera, Tielmes, Los Santos de la Humosa, Villamanta, Bustarviejo, Chapiner\u00eda, Venturada, Fresno de Torote, Fuentidue\u00f1a de Tajo, Villar del Olmo, Caraba\u00f1a, El Vell\u00f3n, Cenicientos, Buitrago del Lozoya, Colmenar del Arroyo, Batres, Fresnedillas de la Oliva, Zarzalejo, Belmonte de Tajo, Rascafr\u00eda, Valdeavero, Villanueva de Perales, Navalafuente, Villamantilla, Santa Mar\u00eda de la Alameda, Lozoyuela-Navas-Sieteiglesias, Estremera, Anchuelo, Titulcia, Orusco de Taju\u00f1a, Pozuelo del Rey, Torremocha de Jarama, Valdemanco, Valdelaguna, Santorcaz, Pezuela de las Torres, Cabanillas de la Sierra, Ribatejada, El Berrueco, Valdemaqueda, Corpa, Villamanrique de Tajo, Puentes Viejas, Ambite, Valdaracete, Valdepi\u00e9lagos, Lozoya, Rozas de Puerto Real, Brea de Tajo, Patones, Valverde de Alcal\u00e1, Canencia, Garganta de los Montes, Olmeda de las Fuentes, Montejo de la Sierra, Gargantilla del Lozoya y Pinilla de Buitrago, Redue\u00f1a, Villavieja del Lozoya, Alameda del Valle, Berzosa del Lozoya, Braojos, Gascones, Horcajo de la Sierra-Aoslos, Pinilla del Valle, Pi\u00f1u\u00e9car-Gandullas, Cervera de Buitrago, Pr\u00e1dena del Rinc\u00f3n, Navarredonda y San Mam\u00e9s, Robledillo de la Jara, Horcajuelo de la Sierra, La Serna del Monte, El Atazar, Somosierra, Puebla de la Sierra, La Hiruela, Robregordo, Madarcos, La Acebeda,<\/p>\n<p>El contenido depender\u00e1 del tama\u00f1o de la zona y la escala o medidas de reproducci\u00f3n, no trabajamos con textos inferiores a 5 puntos para que sean legibles.<\/p>\n<p>La informaci\u00f3n disponible va desde\u00a0monumentos, lugares de inter\u00e9s y populares, museos, oficinas de turismo, centros comerciales, medios de transporte.<\/p>\n<p>Tambi\u00e9n podemos a\u00f1adir cualquier otra informaci\u00f3n pr\u00e1ctica que nos soliciten ustedes, como pueden ser metro, cercan\u00edas, Ave ..etc<\/p>\n<p>Nuestros mapas est\u00e1n estructurados por medio de capas y son totalmente editables, modificables, \u00a0tanto \u00a0colores y\u00a0fuentes\/textos.<\/p>\n<p>Nuestro ficheros\u00a0son libres de derechos para cualquier reproducci\u00f3n, incluyendo nuestro copyright.<\/p>\n<p>Los maps\u00a0est\u00e1n creados con licencias oficiales de programas de <a href=\"http:\/\/www.adobe.com\/es\">Adobe,<\/a> habitualmente entregamos en version CC, pero podemos entregar tambi\u00e9n en otras versiones.<\/p>\n","protected":false},"excerpt":{"rendered":"<p>Planos y mapas vectoriales de la Comunidad de Madrid Mapas vectoriales editables eps, illustrator, pdf de ciudades de Madrid. Planos vectoriales de ciudades Podemos crear cualquier tipo de mapa de los diferentes municipios de la Comunidad de Madrid, planos\/mapas parciales, planos generales, planos de detalle\u2026etc. El contenido de informaci\u00f3n depender\u00e1 del tama\u00f1o de la zona &hellip; <a href=\"https:\/\/www.bc-maps.com\/mapa-vectorial-eps\/mapas-vectoriales\/espana\/ciudades\/mapas-planos-vectoriales-ciudades-comunidad-madrid\/\" class=\"more-link\">Seguir leyendo <span class=\"screen-reader-text\">Mapas vectoriales illustrator eps, ciudades Comunidad de Madrid<\/span> <span class=\"meta-nav\">&rarr;<\/span><\/a><\/p>\n","protected":false},"author":1,"featured_media":2790,"parent":52,"menu_order":1,"comment_status":"closed","ping_status":"closed","template":"","meta":{"footnotes":""},"class_list":["post-6217","page","type-page","status-publish","has-post-thumbnail","hentry"],"_links":{"self":[{"href":"https:\/\/www.bc-maps.com\/mapa-vectorial-eps\/wp-json\/wp\/v2\/pages\/6217","targetHints":{"allow":["GET"]}}],"collection":[{"href":"https:\/\/www.bc-maps.com\/mapa-vectorial-eps\/wp-json\/wp\/v2\/pages"}],"about":[{"href":"https:\/\/www.bc-maps.com\/mapa-vectorial-eps\/wp-json\/wp\/v2\/types\/page"}],"author":[{"embeddable":true,"href":"https:\/\/www.bc-maps.com\/mapa-vectorial-eps\/wp-json\/wp\/v2\/users\/1"}],"replies":[{"embeddable":true,"href":"https:\/\/www.bc-maps.com\/mapa-vectorial-eps\/wp-json\/wp\/v2\/comments?post=6217"}],"version-history":[{"count":2,"href":"https:\/\/www.bc-maps.com\/mapa-vectorial-eps\/wp-json\/wp\/v2\/pages\/6217\/revisions"}],"predecessor-version":[{"id":6220,"href":"https:\/\/www.bc-maps.com\/mapa-vectorial-eps\/wp-json\/wp\/v2\/pages\/6217\/revisions\/6220"}],"up":[{"embeddable":true,"href":"https:\/\/www.bc-maps.com\/mapa-vectorial-eps\/wp-json\/wp\/v2\/pages\/52"}],"wp:featuredmedia":[{"embeddable":true,"href":"https:\/\/www.bc-maps.com\/mapa-vectorial-eps\/wp-json\/wp\/v2\/media\/2790"}],"wp:attachment":[{"href":"https:\/\/www.bc-maps.com\/mapa-vectorial-eps\/wp-json\/wp\/v2\/media?parent=6217"}],"curies":[{"name":"wp","href":"https:\/\/api.w.org\/{rel}","templated":true}]}}