{"id":6061,"date":"2024-02-05T10:32:20","date_gmt":"2024-02-05T10:32:20","guid":{"rendered":"http:\/\/www.bc-maps.com\/mapa-vectorial-eps\/mapa-vectorial-aragon-municipios-carreteras-illustrator-eps-2\/"},"modified":"2024-10-12T07:37:25","modified_gmt":"2024-10-12T07:37:25","slug":"mapa-vectorial-baleares-municipios-carreteras-illustrator-eps","status":"publish","type":"page","link":"https:\/\/www.bc-maps.com\/mapa-vectorial-eps\/mapa-vectorial-baleares-municipios-carreteras-illustrator-eps\/","title":{"rendered":"Mapa vectorial illustrator eps de municipios de Baleares con carreteras"},"content":{"rendered":"<h1>Mapas vectoriales de municipios de Baleares, sus islas y\u00a0sus comarcas<\/h1>\n<h2>Planos editables eps illustrator de ciudades y de carreteras de Baleares<\/h2>\n<h2>Mapas digitales de c\u00f3digos postales y municipios de Baleares<\/h2>\n<figure id=\"attachment_4372\" aria-describedby=\"caption-attachment-4372\" style=\"width: 351px\" class=\"wp-caption alignnone\"><img loading=\"lazy\" decoding=\"async\" class=\" wp-image-4372\" src=\"http:\/\/www.bc-maps.com\/wp-content\/uploads\/2021\/09\/Mapa-mural-Baleares-Haya-300x210.jpg\" alt=\"Mapa vectorial municipios de Baleares illustrator eps con carreteras\" width=\"351\" height=\"246\" srcset=\"https:\/\/www.bc-maps.com\/wp-content\/uploads\/2021\/09\/Mapa-mural-Baleares-Haya-300x210.jpg 300w, https:\/\/www.bc-maps.com\/wp-content\/uploads\/2021\/09\/Mapa-mural-Baleares-Haya-1024x717.jpg 1024w, https:\/\/www.bc-maps.com\/wp-content\/uploads\/2021\/09\/Mapa-mural-Baleares-Haya-768x537.jpg 768w, https:\/\/www.bc-maps.com\/wp-content\/uploads\/2021\/09\/Mapa-mural-Baleares-Haya.jpg 1512w\" sizes=\"auto, (max-width: 351px) 100vw, 351px\" \/><figcaption id=\"caption-attachment-4372\" class=\"wp-caption-text\">Mapa vectorial municipios de Baleares illustrator eps con carreteras<\/figcaption><\/figure>\n<p>Podemos crear mapas de municipios de Baleares, \u00a0por islas, mapas de ciudades y mapas de comarcas.<\/p>\n<p>Los mapas se entregan en formatos editables<span class=\"apple-converted-space\">\u00a0<\/span><a href=\"http:\/\/www.adobe.es\">adobe<\/a><span class=\"apple-converted-space\">\u00a0<\/span>illustrator, eps.<\/p>\n<p>Mapas de las <strong>islas de Baleares<\/strong>:<\/p>\n<p><a href=\"https:\/\/www.bc-maps.com\/mapa-vectorial-eps\/isla-mallorca-mapa-vectorial-illustrator-eps-ai-editable-capas\/\">Mallorca<\/a>, <a href=\"https:\/\/www.bc-maps.com\/mapa-vectorial-eps\/isla-menorca-mapa-vectorial-illustrator-eps-ai-editable-capas\/\">Menorca,<\/a> <a href=\"https:\/\/www.bc-maps.com\/mapa-vectorial-eps\/illa-eivissa-mapa-vectorial-illustrator-eps-ai-editable-capas\/\">Eivissa<\/a>, <a href=\"https:\/\/www.bc-maps.com\/mapa-vectorial-eps\/isla-formentera-mapa-vectorial-illustrator-eps-ai-editable-capas\/\">Formentera<\/a><\/p>\n<p>Los mapas de ciudades pueden contener el nombre de todas las calles o solo las principales, as\u00ed como los lugares de inter\u00e9s m\u00e1s importantes.<\/p>\n<p>Mapas de <strong>ciudades de Baleares, <\/strong>\u00a0algunos ejemplos :<\/p>\n<p style=\"font-weight: 400;\"><strong><a href=\"https:\/\/www.bc-maps.com\/mapa-vectorial-eps\/palma-mallorca-mapa-vectorial-illustrator-eps-ai-editable-capas\/\">Palma<\/a>, <a href=\"https:\/\/www.bc-maps.com\/mapa-vectorial-eps\/calvia-mallorca-mapa-vectorial-illustrator-eps-ai-cc\/\">Calvi\u00e0<\/a>, <a href=\"https:\/\/www.bc-maps.com\/mapa-vectorial-eps\/manacor-mallorca-mapa-vectorial-illustrator-eps-ai-cc\/\">Manacor,<\/a> <a href=\"https:\/\/www.bc-maps.com\/mapa-vectorial-eps\/llucmajor-mallorca-mapa-vectorial-illustrator-eps-ai-cc\/\">Llucmajor<\/a>, <a href=\"https:\/\/www.bc-maps.com\/mapa-vectorial-eps\/marratxi-mallorca-mapa-vectorial-illustrator-eps-ai-cc\/\">Marratx\u00ed<\/a>, <a href=\"https:\/\/www.bc-maps.com\/mapa-vectorial-eps\/inca-mallorca-mapa-vectorial-illustrator-eps-ai-cc\/\">Inca<\/a>, <a href=\"https:\/\/www.bc-maps.com\/mapa-vectorial-eps\/alcudia-mallorca-mapa-vectorial-illustrator-eps-ai-cc\/\">Alc\u00fadia<\/a>, <a href=\"https:\/\/www.bc-maps.com\/mapa-vectorial-eps\/felanitx-mallorca-mapa-vectorial-illustrator-eps-ai-cc\/\">Felanitx<\/a>, <a href=\"https:\/\/www.bc-maps.com\/mapa-vectorial-eps\/pollenca-mallorca-mapa-vectorial-illustrator-eps-ai-cc\/\">Pollen\u00e7a<\/a>, <a href=\"https:\/\/www.bc-maps.com\/mapa-vectorial-eps\/soller-mallorca-mapa-vectorial-illustrator-eps-ai-cc\/\">S\u00f3ller,<\/a> <a href=\"https:\/\/www.bc-maps.com\/mapa-vectorial-eps\/santanyi-mallorca-mapa-vectorial-illustrator-eps-ai-cc\/\">Santany\u00ed,<\/a> <a href=\"https:\/\/www.bc-maps.com\/mapa-vectorial-eps\/sa-pobla-mallorca-mapa-vectorial-illustrator-eps-ai-cc\/\">Sa Pobla,<\/a> <a href=\"https:\/\/www.bc-maps.com\/mapa-vectorial-eps\/son-servera-mallorca-mapa-vectorial-illustrator-eps-ai-cc\/\">Son Servera<\/a>, <a href=\"https:\/\/www.bc-maps.com\/mapa-vectorial-eps\/andratx-mallorca-mapa-vectorial-illustrator-eps-ai-cc\/\">Andratx<\/a>, <a href=\"https:\/\/www.bc-maps.com\/mapa-vectorial-eps\/santa-margalida-mallorca-mapa-vectorial-illustrator-eps-ai-cc\/\">Santa Margalida<\/a>, <a href=\"https:\/\/www.bc-maps.com\/mapa-vectorial-eps\/capdepera-mallorca-mapa-vectorial-illustrator-eps-ai-cc\/\">Capdepera,<\/a> <a href=\"https:\/\/www.bc-maps.com\/mapa-vectorial-eps\/campos-mallorca-mapa-vectorial-illustrator-eps-ai-cc\/\">Campos<\/a>, <a href=\"https:\/\/www.bc-maps.com\/mapa-vectorial-eps\/sant-llorenc-des-cardassar-mallorca-mapa-vectorial-illustrator-eps-ai\/\">Sant Lloren\u00e7 des Cardassar<\/a>, <a href=\"https:\/\/www.bc-maps.com\/mapa-vectorial-eps\/binissalem-mallorca-mapa-vectorial-illustrator-eps-ai-cc\/\">Binissalem<\/a>, <a href=\"https:\/\/www.bc-maps.com\/mapa-vectorial-eps\/arta-mallorca-mapa-vectorial-illustrator-eps-ai-cc\/\">Art\u00e0,<\/a> <a href=\"https:\/\/www.bc-maps.com\/mapa-vectorial-eps\/muro-mallorca-mapa-vectorial-illustrator-eps-ai-cc\/\">Muro<\/a>, <a href=\"https:\/\/www.bc-maps.com\/mapa-vectorial-eps\/santa-maria-del-cami-mallorca-mapa-vectorial-illustrator-eps-ai-cc\/\">Santa Maria del Cam\u00ed<\/a>, <a href=\"https:\/\/www.bc-maps.com\/mapa-vectorial-eps\/bunyola-mallorca-mapa-vectorial-illustrator-eps-ai-cc\/\">Bunyola<\/a>, <a href=\"https:\/\/www.bc-maps.com\/mapa-vectorial-eps\/lloseta-mallorca-mapa-vectorial-illustrator-eps-ai-cc\/\">Lloseta<\/a>, <a href=\"https:\/\/www.bc-maps.com\/mapa-vectorial-eps\/alaro-mallorca-mapa-vectorial-illustrator-eps-ai-cc-2\/\">Alar\u00f3<\/a>, <a href=\"https:\/\/www.bc-maps.com\/mapa-vectorial-eps\/porreres-mallorca-mapa-vectorial-illustrator-eps-ai-cc\/\">Porreres<\/a>, <a href=\"https:\/\/www.bc-maps.com\/mapa-vectorial-eps\/algaida-mallorca-mapa-vectorial-illustrator-eps-ai-cc\/\">Algaida<\/a>, <a href=\"https:\/\/www.bc-maps.com\/mapa-vectorial-eps\/ses-salines-mallorca-mapa-vectorial-illustrator-eps-ai-cc\/\">Ses Salines<\/a>, <a href=\"https:\/\/www.bc-maps.com\/mapa-vectorial-eps\/esporles-mallorca-mapa-vectorial-illustrator-eps-ai-cc\/\">Esporles<\/a>, <a href=\"https:\/\/www.bc-maps.com\/mapa-vectorial-eps\/consell-mallorca-mapa-vectorial-illustrator-eps-ai-cc\/\">Consell<\/a>, <a href=\"https:\/\/www.bc-maps.com\/mapa-vectorial-eps\/selva-mallorca-mapa-vectorial-illustrator-eps-ai-cc\/\">Selva<\/a>, <a href=\"https:\/\/www.bc-maps.com\/mapa-vectorial-eps\/sineu-mallorca-mapa-vectorial-illustrator-eps-ai-cc\/\">Sineu<\/a>, <a href=\"https:\/\/www.bc-maps.com\/mapa-vectorial-eps\/sencelles-mallorca-mapa-vectorial-illustrator-eps-ai-cc\/\">Sencelles<\/a>, <a href=\"https:\/\/www.bc-maps.com\/mapa-vectorial-eps\/vilafranca-de-bonany-mallorca-mapa-vectorial-illustrator-eps-ai-cc\/\">Vilafranca de Bonany<\/a>, <a href=\"https:\/\/www.bc-maps.com\/mapa-vectorial-eps\/petra-mallorca-mapa-vectorial-illustrator-eps-ai-cc\/\">Petra<\/a>, <a href=\"https:\/\/www.bc-maps.com\/mapa-vectorial-eps\/montuiri-mallorca-mapa-vectorial-illustrator-eps-ai-cc\/\">Montu\u00efri<\/a>, <a href=\"https:\/\/www.bc-maps.com\/mapa-vectorial-eps\/campanet-mallorca-mapa-vectorial-illustrator-eps-ai-cc\/\">Campanet<\/a>, <a href=\"https:\/\/www.bc-maps.com\/mapa-vectorial-eps\/llubi-mallorca-mapa-vectorial-illustrator-eps-ai-cc\/\">Llub\u00ed,<\/a> <a href=\"https:\/\/www.bc-maps.com\/mapa-vectorial-eps\/maria-la-salut-mallorca-mapa-vectorial-illustrator-eps-ai-cc\/\">Maria de la Salut<\/a>, <a href=\"https:\/\/www.bc-maps.com\/mapa-vectorial-eps\/sant-joan-mallorca-mapa-vectorial-illustrator-eps-ai-cc\/\">Sant Joan<\/a>, <a href=\"https:\/\/www.bc-maps.com\/mapa-vectorial-eps\/valldemossa-mallorca-mapa-vectorial-illustrator-eps-ai-cc\/\">Valldemossa<\/a>, <a href=\"https:\/\/www.bc-maps.com\/mapa-vectorial-eps\/puigpunyent-mallorca-mapa-vectorial-illustrator-eps-ai-cc\/\">Puigpunyent<\/a>, <a href=\"https:\/\/www.bc-maps.com\/mapa-vectorial-eps\/santa-eugenia-mallorca-mapa-vectorial-illustrator-eps-ai-cc\/\">Santa Eug\u00e8nia,<\/a> <a href=\"https:\/\/www.bc-maps.com\/mapa-vectorial-eps\/lloret-de-vistalegre-mallorca-mapa-vectorial-illustrator-eps-ai-cc\/\">Lloret de Vistalegre<\/a>, <a href=\"https:\/\/www.bc-maps.com\/mapa-vectorial-eps\/mancor-de-la-vall-mallorca-mapa-vectorial-illustrator-eps-ai-cc\/\">Mancor de la Vall<\/a>, <a href=\"https:\/\/www.bc-maps.com\/mapa-vectorial-eps\/costitx-mallorca-mapa-vectorial-illustrator-eps-ai-cc\/\">Costitx<\/a>, <a href=\"https:\/\/www.bc-maps.com\/mapa-vectorial-eps\/buger-mallorca-mapa-vectorial-illustrator-eps-ai-cc\/\">B\u00fager,<\/a> <a href=\"https:\/\/www.bc-maps.com\/mapa-vectorial-eps\/ariany-mallorca-mapa-vectorial-illustrator-eps-ai-cc\/\">Ariany,<\/a> <a href=\"https:\/\/www.bc-maps.com\/mapa-vectorial-eps\/deia-mallorca-mapa-vectorial-illustrator-eps-ai-cc\/\">Dei\u00e0<\/a>, <a href=\"https:\/\/www.bc-maps.com\/mapa-vectorial-eps\/fornalutx-mallorca-mapa-vectorial-illustrator-eps-ai-cc\/\">Fornalutx<\/a>, <a href=\"https:\/\/www.bc-maps.com\/mapa-vectorial-eps\/banyalbufar-mallorca-mapa-vectorial-illustrator-eps-ai-cc\/\">Banyalbufar<\/a>, <a href=\"https:\/\/www.bc-maps.com\/mapa-vectorial-eps\/estellencs-mallorca-mapa-vectorial-illustrator-eps-ai-cc\/\">Estellencs<\/a>, <a href=\"https:\/\/www.bc-maps.com\/mapa-vectorial-eps\/escorca-mallorca-mapa-vectorial-illustrator-eps-ai-cc\/\">Escorca<\/a><\/strong><\/p>\n<p style=\"font-weight: 400;\"><strong><a href=\"https:\/\/www.bc-maps.com\/mapa-vectorial-eps\/eivissa-ciutat-mapa-vectorial-illustrator-eps-ai-editable-capas-2\/\">Eivissa<\/a>, <a href=\"https:\/\/www.bc-maps.com\/mapa-vectorial-eps\/mapas-vectoriales\/espana\/ciudades\/santa-eularia-des-riu\/\">Santa Eul\u00e0ria des Riu<\/a>, Sant Josep de sa Talaia, <a href=\"https:\/\/www.bc-maps.com\/mapa-vectorial-eps\/mapas-vectoriales\/espana\/ciudades\/sant-antoni-de-portmany\/\">Sant Antoni de Portmany<\/a>, Sant Joan de Labritja, Formentera.<\/strong><\/p>\n<p style=\"font-weight: 400;\"><strong><a href=\"https:\/\/www.bc-maps.com\/mapa-vectorial-eps\/ciutadella-mapa-vectorial-illustrator-eps-ai-editable-capas\/\">Ciutadella<\/a>, Ma\u00f3, Alaior, es Castell, Sant Llu\u00eds, Es Mercadal, Ferreries, Es Migjorn Gran<\/strong><\/p>\n<p>El contenido de informaci\u00f3n depender\u00e1 del tama\u00f1o de la zona y la escala o medidas de reproducci\u00f3n.<\/p>\n<p>No trabajamos con textos inferiores a 5 puntos para que sean legibles.<\/p>\n<p>Todos nuestros mapas est\u00e1n estructurados por medio de capas y son totalmente editables, colores y textos.<\/p>\n<p>Los mapas son libres de derechos de reproducci\u00f3n, incluyendo nuestro copyright, s\u00f3lo pagar\u00e1 por ellos una vez independientemente de los usos que realice.<\/p>\n","protected":false},"excerpt":{"rendered":"<p>Mapas vectoriales de municipios de Baleares, sus islas y\u00a0sus comarcas Planos editables eps illustrator de ciudades y de carreteras de Baleares Mapas digitales de c\u00f3digos postales y municipios de Baleares Podemos crear mapas de municipios de Baleares, \u00a0por islas, mapas de ciudades y mapas de comarcas. Los mapas se entregan en formatos editables\u00a0adobe\u00a0illustrator, eps. Mapas &hellip; <a href=\"https:\/\/www.bc-maps.com\/mapa-vectorial-eps\/mapa-vectorial-baleares-municipios-carreteras-illustrator-eps\/\" class=\"more-link\">Seguir leyendo <span class=\"screen-reader-text\">Mapa vectorial illustrator eps de municipios de Baleares con carreteras<\/span> <span class=\"meta-nav\">&rarr;<\/span><\/a><\/p>\n","protected":false},"author":1,"featured_media":4372,"parent":0,"menu_order":0,"comment_status":"closed","ping_status":"closed","template":"","meta":{"footnotes":""},"class_list":["post-6061","page","type-page","status-publish","has-post-thumbnail","hentry"],"_links":{"self":[{"href":"https:\/\/www.bc-maps.com\/mapa-vectorial-eps\/wp-json\/wp\/v2\/pages\/6061","targetHints":{"allow":["GET"]}}],"collection":[{"href":"https:\/\/www.bc-maps.com\/mapa-vectorial-eps\/wp-json\/wp\/v2\/pages"}],"about":[{"href":"https:\/\/www.bc-maps.com\/mapa-vectorial-eps\/wp-json\/wp\/v2\/types\/page"}],"author":[{"embeddable":true,"href":"https:\/\/www.bc-maps.com\/mapa-vectorial-eps\/wp-json\/wp\/v2\/users\/1"}],"replies":[{"embeddable":true,"href":"https:\/\/www.bc-maps.com\/mapa-vectorial-eps\/wp-json\/wp\/v2\/comments?post=6061"}],"version-history":[{"count":5,"href":"https:\/\/www.bc-maps.com\/mapa-vectorial-eps\/wp-json\/wp\/v2\/pages\/6061\/revisions"}],"predecessor-version":[{"id":6614,"href":"https:\/\/www.bc-maps.com\/mapa-vectorial-eps\/wp-json\/wp\/v2\/pages\/6061\/revisions\/6614"}],"wp:featuredmedia":[{"embeddable":true,"href":"https:\/\/www.bc-maps.com\/mapa-vectorial-eps\/wp-json\/wp\/v2\/media\/4372"}],"wp:attachment":[{"href":"https:\/\/www.bc-maps.com\/mapa-vectorial-eps\/wp-json\/wp\/v2\/media?parent=6061"}],"curies":[{"name":"wp","href":"https:\/\/api.w.org\/{rel}","templated":true}]}}