{"id":6035,"date":"2024-02-05T10:32:20","date_gmt":"2024-02-05T10:32:20","guid":{"rendered":"http:\/\/www.bc-maps.com\/mapa-vectorial-eps\/mapa-vectorial-euskadi-municipios-carreteras-illustrator-eps-2\/"},"modified":"2024-02-07T17:51:14","modified_gmt":"2024-02-07T17:51:14","slug":"mapa-vectoria-la-rioja-municipios-carreteras-illustrator-eps","status":"publish","type":"page","link":"https:\/\/www.bc-maps.com\/mapa-vectorial-eps\/mapa-vectoria-la-rioja-municipios-carreteras-illustrator-eps\/","title":{"rendered":"Mapa vectorial illustrator eps de municipios de La Rioja con carreteras"},"content":{"rendered":"<h1>Mapas vectoriales de municipios de La Rioja y sus comarcas<\/h1>\n<h2>Planos editables eps illustrator de ciudades y de carreteras de La Rioja<\/h2>\n<h2>Mapas digitales de c\u00f3digos postales y municipios de La Rioja<\/h2>\n<figure id=\"attachment_6046\" aria-describedby=\"caption-attachment-6046\" style=\"width: 352px\" class=\"wp-caption alignnone\"><a href=\"http:\/\/www.bc-maps.com\/wp-content\/uploads\/2024\/02\/Mapa-vectorial-illustrator-municipios-carreteras-la-Rioja-Espana.jpg\" target=\"_blank\" rel=\"noopener\"><img loading=\"lazy\" decoding=\"async\" class=\"wp-image-6046\" title=\"Mapa vectorial illustrator municipios La Rioja con carreteras\" src=\"http:\/\/www.bc-maps.com\/wp-content\/uploads\/2024\/02\/Mapa-vectorial-illustrator-municipios-carreteras-la-Rioja-Espana-300x184.jpg\" alt=\"Mapa vectorial illustrator municipios La Rioja con carreteras\" width=\"352\" height=\"216\" srcset=\"https:\/\/www.bc-maps.com\/wp-content\/uploads\/2024\/02\/Mapa-vectorial-illustrator-municipios-carreteras-la-Rioja-Espana-300x184.jpg 300w, https:\/\/www.bc-maps.com\/wp-content\/uploads\/2024\/02\/Mapa-vectorial-illustrator-municipios-carreteras-la-Rioja-Espana-1024x627.jpg 1024w, https:\/\/www.bc-maps.com\/wp-content\/uploads\/2024\/02\/Mapa-vectorial-illustrator-municipios-carreteras-la-Rioja-Espana-768x470.jpg 768w, https:\/\/www.bc-maps.com\/wp-content\/uploads\/2024\/02\/Mapa-vectorial-illustrator-municipios-carreteras-la-Rioja-Espana-1536x941.jpg 1536w, https:\/\/www.bc-maps.com\/wp-content\/uploads\/2024\/02\/Mapa-vectorial-illustrator-municipios-carreteras-la-Rioja-Espana-2048x1254.jpg 2048w\" sizes=\"auto, (max-width: 352px) 100vw, 352px\" \/><\/a><figcaption id=\"caption-attachment-6046\" class=\"wp-caption-text\">Mapa vectorial illustrator municipios La Rioja con carreteras<\/figcaption><\/figure>\n<p>Podemos crear mapas de municipios de La Rioja, \u00a0por provincias, mapas de ciudades y mapas de comarcas.<\/p>\n<p>Los mapas se entregan en formatos editables<span class=\"apple-converted-space\">\u00a0<\/span><a href=\"http:\/\/www.adobe.es\">adobe<\/a><span class=\"apple-converted-space\">\u00a0<\/span>illustrator, eps.<\/p>\n<p>Mapas de municipios de La Rioja<\/p>\n<p>Los mapas de ciudades pueden contener el nombre de todas las calles o solo las principales, as\u00ed como los lugares de inter\u00e9s m\u00e1s importantes.<\/p>\n<p>Mapas de <strong>ciudades La Rioja<\/strong>, algunos ejemplos :<\/p>\n<p><a href=\"https:\/\/www.bc-maps.com\/mapa-vectorial-eps\/mapas-vectoriales\/espana\/ciudades\/logrono\/\">Logro\u00f1o<\/a>, Calahorra, Arnedo, Haro, Santo Domingo de la Calzada<\/p>\n<p>El contenido de informaci\u00f3n depender\u00e1 del tama\u00f1o de la zona y la escala o medidas de reproducci\u00f3n.<\/p>\n<p>No trabajamos con textos inferiores a 5 puntos para que sean legibles.<\/p>\n<p>Todos nuestros mapas est\u00e1n estructurados por medio de capas y son totalmente editables, colores y textos.<\/p>\n<p>Los mapas son libres de derechos de reproducci\u00f3n, incluyendo nuestro copyright, s\u00f3lo pagar\u00e1 por ellos una vez independientemente de los usos que realice.<\/p>\n","protected":false},"excerpt":{"rendered":"<p>Mapas vectoriales de municipios de La Rioja y sus comarcas Planos editables eps illustrator de ciudades y de carreteras de La Rioja Mapas digitales de c\u00f3digos postales y municipios de La Rioja Podemos crear mapas de municipios de La Rioja, \u00a0por provincias, mapas de ciudades y mapas de comarcas. Los mapas se entregan en formatos &hellip; <a href=\"https:\/\/www.bc-maps.com\/mapa-vectorial-eps\/mapa-vectoria-la-rioja-municipios-carreteras-illustrator-eps\/\" class=\"more-link\">Seguir leyendo <span class=\"screen-reader-text\">Mapa vectorial illustrator eps de municipios de La Rioja con carreteras<\/span> <span class=\"meta-nav\">&rarr;<\/span><\/a><\/p>\n","protected":false},"author":1,"featured_media":6046,"parent":0,"menu_order":0,"comment_status":"closed","ping_status":"closed","template":"","meta":{"footnotes":""},"class_list":["post-6035","page","type-page","status-publish","has-post-thumbnail","hentry"],"_links":{"self":[{"href":"https:\/\/www.bc-maps.com\/mapa-vectorial-eps\/wp-json\/wp\/v2\/pages\/6035","targetHints":{"allow":["GET"]}}],"collection":[{"href":"https:\/\/www.bc-maps.com\/mapa-vectorial-eps\/wp-json\/wp\/v2\/pages"}],"about":[{"href":"https:\/\/www.bc-maps.com\/mapa-vectorial-eps\/wp-json\/wp\/v2\/types\/page"}],"author":[{"embeddable":true,"href":"https:\/\/www.bc-maps.com\/mapa-vectorial-eps\/wp-json\/wp\/v2\/users\/1"}],"replies":[{"embeddable":true,"href":"https:\/\/www.bc-maps.com\/mapa-vectorial-eps\/wp-json\/wp\/v2\/comments?post=6035"}],"version-history":[{"count":2,"href":"https:\/\/www.bc-maps.com\/mapa-vectorial-eps\/wp-json\/wp\/v2\/pages\/6035\/revisions"}],"predecessor-version":[{"id":6047,"href":"https:\/\/www.bc-maps.com\/mapa-vectorial-eps\/wp-json\/wp\/v2\/pages\/6035\/revisions\/6047"}],"wp:featuredmedia":[{"embeddable":true,"href":"https:\/\/www.bc-maps.com\/mapa-vectorial-eps\/wp-json\/wp\/v2\/media\/6046"}],"wp:attachment":[{"href":"https:\/\/www.bc-maps.com\/mapa-vectorial-eps\/wp-json\/wp\/v2\/media?parent=6035"}],"curies":[{"name":"wp","href":"https:\/\/api.w.org\/{rel}","templated":true}]}}