{"id":6026,"date":"2024-02-05T10:32:20","date_gmt":"2024-02-05T10:32:20","guid":{"rendered":"http:\/\/www.bc-maps.com\/mapa-vectorial-eps\/mapa-vectorial-andalucia-municipios-carreteras-illustrator-eps-2\/"},"modified":"2024-02-07T17:51:36","modified_gmt":"2024-02-07T17:51:36","slug":"mapa-vectorial-comunidad-madrid-municipios-carreteras-illustrator-eps","status":"publish","type":"page","link":"https:\/\/www.bc-maps.com\/mapa-vectorial-eps\/mapa-vectorial-comunidad-madrid-municipios-carreteras-illustrator-eps\/","title":{"rendered":"Mapa vectorial illustrator eps de municipios de la Comunidad de Madrid con carreteras"},"content":{"rendered":"<h1>Mapas vectoriales de municipios de la Comunidad de Madrid y sus comarcas<\/h1>\n<h2>Planos editables eps illustrator de ciudades y de carreteras de la Comunidad de Madrid<\/h2>\n<h2>Mapas digitales de c\u00f3digos postales y municipios de la Comunidad de Madrid<\/h2>\n<figure id=\"attachment_6049\" aria-describedby=\"caption-attachment-6049\" style=\"width: 370px\" class=\"wp-caption alignnone\"><a href=\"http:\/\/www.bc-maps.com\/wp-content\/uploads\/2024\/02\/Mapa-vectorial-illustrator-municipios-carreteras-Comunidad-Madrid.jpg\" target=\"_blank\" rel=\"noopener\"><img loading=\"lazy\" decoding=\"async\" class=\"wp-image-6049\" title=\"Mapa vectorial illustrator municipios carreteras Comunidad de Madrid\" src=\"http:\/\/www.bc-maps.com\/wp-content\/uploads\/2024\/02\/Mapa-vectorial-illustrator-municipios-carreteras-Comunidad-Madrid-293x300.jpg\" alt=\"Mapa vectorial illustrator municipios carreteras Comunidad de Madrid\" width=\"370\" height=\"379\" srcset=\"https:\/\/www.bc-maps.com\/wp-content\/uploads\/2024\/02\/Mapa-vectorial-illustrator-municipios-carreteras-Comunidad-Madrid-293x300.jpg 293w, https:\/\/www.bc-maps.com\/wp-content\/uploads\/2024\/02\/Mapa-vectorial-illustrator-municipios-carreteras-Comunidad-Madrid-1000x1024.jpg 1000w, https:\/\/www.bc-maps.com\/wp-content\/uploads\/2024\/02\/Mapa-vectorial-illustrator-municipios-carreteras-Comunidad-Madrid-768x786.jpg 768w, https:\/\/www.bc-maps.com\/wp-content\/uploads\/2024\/02\/Mapa-vectorial-illustrator-municipios-carreteras-Comunidad-Madrid-1500x1536.jpg 1500w, https:\/\/www.bc-maps.com\/wp-content\/uploads\/2024\/02\/Mapa-vectorial-illustrator-municipios-carreteras-Comunidad-Madrid-2001x2048.jpg 2001w\" sizes=\"auto, (max-width: 370px) 100vw, 370px\" \/><\/a><figcaption id=\"caption-attachment-6049\" class=\"wp-caption-text\">Mapa vectorial illustrator municipios carreteras Comunidad de Madrid<\/figcaption><\/figure>\n<p>Podemos crear mapas de municipios de la Comunidad de Madrid, \u00a0por provincias, mapas de ciudades y mapas de comarcas.<\/p>\n<p>Los mapas se entregan en formatos editables<span class=\"apple-converted-space\">\u00a0<\/span><a href=\"http:\/\/www.adobe.es\">adobe<\/a><span class=\"apple-converted-space\">\u00a0<\/span>illustrator, eps.<\/p>\n<p>Los mapas de ciudades pueden contener el nombre de todas las calles o solo las principales, as\u00ed como los lugares de inter\u00e9s m\u00e1s importantes.<\/p>\n<p>Mapas de\u00a0<strong>ciudades la Comunidad de Madrid<\/strong>, algunos ejemplos :<\/p>\n<p><a href=\"https:\/\/www.bc-maps.com\/mapa-vectorial-eps\/mapas-vectoriales\/espana\/ciudades\/mapa-vectorial-madrid-illustrator\/\">Madrid<\/a> , <a href=\"https:\/\/www.bc-maps.com\/mapa-vectorial-eps\/mostoles-ilustrator-eps\/\">M\u00f3stoles<\/a> , <a href=\"https:\/\/www.bc-maps.com\/mapa-vectorial-eps\/alcala-de-henares-ilustrator-eps\/\">Alcal\u00e1 de Henares<\/a> , Fuenlabrada , Legan\u00e9s , Alcorc\u00f3n , Getafe , <a href=\"https:\/\/www.bc-maps.com\/mapa-vectorial-eps\/torrejon-de-ardoz-ilustrator-eps\/\">Torrej\u00f3n de Ardoz<\/a> , Alcobendas<\/p>\n<p>El contenido de informaci\u00f3n depender\u00e1 del tama\u00f1o de la zona y la escala o medidas de reproducci\u00f3n.<\/p>\n<p>No trabajamos con textos inferiores a 5 puntos para que sean legibles.<\/p>\n<p>Todos nuestros mapas est\u00e1n estructurados por medio de capas y son totalmente editables, colores y textos.<\/p>\n<p>Los mapas son libres de derechos de reproducci\u00f3n, incluyendo nuestro copyright, s\u00f3lo pagar\u00e1 por ellos una vez independientemente de los usos que realice.<\/p>\n","protected":false},"excerpt":{"rendered":"<p>Mapas vectoriales de municipios de la Comunidad de Madrid y sus comarcas Planos editables eps illustrator de ciudades y de carreteras de la Comunidad de Madrid Mapas digitales de c\u00f3digos postales y municipios de la Comunidad de Madrid Podemos crear mapas de municipios de la Comunidad de Madrid, \u00a0por provincias, mapas de ciudades y mapas &hellip; <a href=\"https:\/\/www.bc-maps.com\/mapa-vectorial-eps\/mapa-vectorial-comunidad-madrid-municipios-carreteras-illustrator-eps\/\" class=\"more-link\">Seguir leyendo <span class=\"screen-reader-text\">Mapa vectorial illustrator eps de municipios de la Comunidad de Madrid con carreteras<\/span> <span class=\"meta-nav\">&rarr;<\/span><\/a><\/p>\n","protected":false},"author":1,"featured_media":6049,"parent":0,"menu_order":0,"comment_status":"closed","ping_status":"closed","template":"","meta":{"footnotes":""},"class_list":["post-6026","page","type-page","status-publish","has-post-thumbnail","hentry"],"_links":{"self":[{"href":"https:\/\/www.bc-maps.com\/mapa-vectorial-eps\/wp-json\/wp\/v2\/pages\/6026","targetHints":{"allow":["GET"]}}],"collection":[{"href":"https:\/\/www.bc-maps.com\/mapa-vectorial-eps\/wp-json\/wp\/v2\/pages"}],"about":[{"href":"https:\/\/www.bc-maps.com\/mapa-vectorial-eps\/wp-json\/wp\/v2\/types\/page"}],"author":[{"embeddable":true,"href":"https:\/\/www.bc-maps.com\/mapa-vectorial-eps\/wp-json\/wp\/v2\/users\/1"}],"replies":[{"embeddable":true,"href":"https:\/\/www.bc-maps.com\/mapa-vectorial-eps\/wp-json\/wp\/v2\/comments?post=6026"}],"version-history":[{"count":3,"href":"https:\/\/www.bc-maps.com\/mapa-vectorial-eps\/wp-json\/wp\/v2\/pages\/6026\/revisions"}],"predecessor-version":[{"id":6050,"href":"https:\/\/www.bc-maps.com\/mapa-vectorial-eps\/wp-json\/wp\/v2\/pages\/6026\/revisions\/6050"}],"wp:featuredmedia":[{"embeddable":true,"href":"https:\/\/www.bc-maps.com\/mapa-vectorial-eps\/wp-json\/wp\/v2\/media\/6049"}],"wp:attachment":[{"href":"https:\/\/www.bc-maps.com\/mapa-vectorial-eps\/wp-json\/wp\/v2\/media?parent=6026"}],"curies":[{"name":"wp","href":"https:\/\/api.w.org\/{rel}","templated":true}]}}