{"id":6018,"date":"2024-01-20T10:32:20","date_gmt":"2024-01-20T10:32:20","guid":{"rendered":"http:\/\/www.bc-maps.com\/mapa-vectorial-eps\/mapa-vectorial-andalucia-municipios-carreteras-illustrator-eps-2\/"},"modified":"2024-02-01T09:34:05","modified_gmt":"2024-02-01T09:34:05","slug":"mapa-vectorial-extremadura-municipios-carreteras-illustrator-eps","status":"publish","type":"page","link":"https:\/\/www.bc-maps.com\/mapa-vectorial-eps\/mapa-vectorial-extremadura-municipios-carreteras-illustrator-eps\/","title":{"rendered":"Mapa vectorial illustrator eps de municipios de Extremadura con carreteras"},"content":{"rendered":"<h1>Mapas vectoriales de municipios de Extremadura y sus comarcas<\/h1>\n<h2>Planos editables eps illustrator de ciudades y de carreteras de Extremadura<\/h2>\n<h2>Mapas digitales de c\u00f3digos postales y municipios de Extremadura<\/h2>\n<figure id=\"attachment_6022\" aria-describedby=\"caption-attachment-6022\" style=\"width: 363px\" class=\"wp-caption alignnone\"><a href=\"http:\/\/www.bc-maps.com\/wp-content\/uploads\/2024\/02\/Mapa-vectorial-illustrator-municipios-carreteras-Extremadura-scaled.jpg\" target=\"_blank\" rel=\"Extremadura Mapa carreteras illustrator municipios noopener vectorial\"><img loading=\"lazy\" decoding=\"async\" class=\"wp-image-6022\" title=\"Mapa vectorial illustrator municipios carreteras Extremadura\" src=\"http:\/\/www.bc-maps.com\/wp-content\/uploads\/2024\/02\/Mapa-vectorial-illustrator-municipios-carreteras-Extremadura-273x300.jpg\" alt=\"Mapa vectorial illustrator municipios carreteras Extremadura\" width=\"363\" height=\"399\" srcset=\"https:\/\/www.bc-maps.com\/wp-content\/uploads\/2024\/02\/Mapa-vectorial-illustrator-municipios-carreteras-Extremadura-273x300.jpg 273w, https:\/\/www.bc-maps.com\/wp-content\/uploads\/2024\/02\/Mapa-vectorial-illustrator-municipios-carreteras-Extremadura-931x1024.jpg 931w, https:\/\/www.bc-maps.com\/wp-content\/uploads\/2024\/02\/Mapa-vectorial-illustrator-municipios-carreteras-Extremadura-768x845.jpg 768w, https:\/\/www.bc-maps.com\/wp-content\/uploads\/2024\/02\/Mapa-vectorial-illustrator-municipios-carreteras-Extremadura-1396x1536.jpg 1396w, https:\/\/www.bc-maps.com\/wp-content\/uploads\/2024\/02\/Mapa-vectorial-illustrator-municipios-carreteras-Extremadura-1862x2048.jpg 1862w\" sizes=\"auto, (max-width: 363px) 100vw, 363px\" \/><\/a><figcaption id=\"caption-attachment-6022\" class=\"wp-caption-text\">Mapa vectorial illustrator municipios carreteras Extremadura<\/figcaption><\/figure>\n<p>Podemos crear mapas de municipios de Extremadura, por provincias, mapas de ciudades y mapas de comarcas.<\/p>\n<p>Los mapas se entregan en formatos editables<span class=\"apple-converted-space\">\u00a0<\/span><a href=\"http:\/\/www.adobe.es\">adobe<\/a><span class=\"apple-converted-space\">\u00a0<\/span>illustrator, eps.<\/p>\n<p>Mapas de las <strong>provincias extreme\u00f1as<\/strong>:<\/p>\n<p><a href=\"https:\/\/www.bc-maps.com\/mapa-vectorial-eps\/provincia-caceres-illustrator\/\">C\u00e1ceres<\/a>, <a href=\"https:\/\/www.bc-maps.com\/mapa-vectorial-eps\/provincia-badajoz-illustrator\/\">Badajoz<\/a><\/p>\n<p>Los mapas de ciudades pueden contener el nombre de todas las calles o solo las principales, as\u00ed como los lugares de inter\u00e9s m\u00e1s importantes.<\/p>\n<p>Mapas de <strong>ciudades\u00a0<\/strong><b>extreme\u00f1as<\/b>, algunos ejemplos :<\/p>\n<p><a href=\"https:\/\/www.bc-maps.com\/mapa-vectorial-eps\/merida-mapa-vectorial-illustrator-eps-ai-cc\/\">M\u00e9rida<\/a>, <a href=\"https:\/\/www.bc-maps.com\/mapa-vectorial-eps\/mapas-vectoriales-ciudades-noche\/\">C\u00e1ceres<\/a>, Badajoz, <a href=\"https:\/\/www.bc-maps.com\/mapa-vectorial-eps\/mapas-vectoriales\/espana\/ciudades\/plasencia\/\">Plasencia<\/a><\/p>\n<p>El contenido de informaci\u00f3n depender\u00e1 del tama\u00f1o de la zona y la escala o medidas de reproducci\u00f3n.<\/p>\n<p>No trabajamos con textos inferiores a 5 puntos para que sean legibles.<\/p>\n<p>Todos nuestros mapas est\u00e1n estructurados por medio de capas y son totalmente editables, colores y textos.<\/p>\n<p>Los mapas son libres de derechos de reproducci\u00f3n, incluyendo nuestro copyright, s\u00f3lo pagar\u00e1 por ellos una vez independientemente de los usos que realice.<\/p>\n","protected":false},"excerpt":{"rendered":"<p>Mapas vectoriales de municipios de Extremadura y sus comarcas Planos editables eps illustrator de ciudades y de carreteras de Extremadura Mapas digitales de c\u00f3digos postales y municipios de Extremadura Podemos crear mapas de municipios de Extremadura, por provincias, mapas de ciudades y mapas de comarcas. Los mapas se entregan en formatos editables\u00a0adobe\u00a0illustrator, eps. Mapas de &hellip; <a href=\"https:\/\/www.bc-maps.com\/mapa-vectorial-eps\/mapa-vectorial-extremadura-municipios-carreteras-illustrator-eps\/\" class=\"more-link\">Seguir leyendo <span class=\"screen-reader-text\">Mapa vectorial illustrator eps de municipios de Extremadura con carreteras<\/span> <span class=\"meta-nav\">&rarr;<\/span><\/a><\/p>\n","protected":false},"author":1,"featured_media":4125,"parent":0,"menu_order":0,"comment_status":"closed","ping_status":"closed","template":"","meta":{"footnotes":""},"class_list":["post-6018","page","type-page","status-publish","has-post-thumbnail","hentry"],"_links":{"self":[{"href":"https:\/\/www.bc-maps.com\/mapa-vectorial-eps\/wp-json\/wp\/v2\/pages\/6018","targetHints":{"allow":["GET"]}}],"collection":[{"href":"https:\/\/www.bc-maps.com\/mapa-vectorial-eps\/wp-json\/wp\/v2\/pages"}],"about":[{"href":"https:\/\/www.bc-maps.com\/mapa-vectorial-eps\/wp-json\/wp\/v2\/types\/page"}],"author":[{"embeddable":true,"href":"https:\/\/www.bc-maps.com\/mapa-vectorial-eps\/wp-json\/wp\/v2\/users\/1"}],"replies":[{"embeddable":true,"href":"https:\/\/www.bc-maps.com\/mapa-vectorial-eps\/wp-json\/wp\/v2\/comments?post=6018"}],"version-history":[{"count":3,"href":"https:\/\/www.bc-maps.com\/mapa-vectorial-eps\/wp-json\/wp\/v2\/pages\/6018\/revisions"}],"predecessor-version":[{"id":6024,"href":"https:\/\/www.bc-maps.com\/mapa-vectorial-eps\/wp-json\/wp\/v2\/pages\/6018\/revisions\/6024"}],"wp:featuredmedia":[{"embeddable":true,"href":"https:\/\/www.bc-maps.com\/mapa-vectorial-eps\/wp-json\/wp\/v2\/media\/4125"}],"wp:attachment":[{"href":"https:\/\/www.bc-maps.com\/mapa-vectorial-eps\/wp-json\/wp\/v2\/media?parent=6018"}],"curies":[{"name":"wp","href":"https:\/\/api.w.org\/{rel}","templated":true}]}}