{"id":6013,"date":"2025-01-20T10:32:20","date_gmt":"2025-01-20T10:32:20","guid":{"rendered":"http:\/\/www.bc-maps.com\/mapa-vectorial-eps\/mapa-almeria-municipios-ilustrator-2\/"},"modified":"2025-02-28T19:26:24","modified_gmt":"2025-02-28T19:26:24","slug":"mapa-vectorial-andalucia-municipios-comarcas-codigos-posteles-illustrator-eps","status":"publish","type":"page","link":"https:\/\/www.bc-maps.com\/mapa-vectorial-eps\/mapa-vectorial-andalucia-municipios-comarcas-codigos-posteles-illustrator-eps\/","title":{"rendered":"Mapa vectorial illustrator eps de municipios y comarcas de Andalucia"},"content":{"rendered":"<h1>Mapas vectoriales de municipios de Andaluc\u00eda y sus comarcas<\/h1>\n<h2>Planos editables eps illustrator de ciudades y de comarcas de Andaluc\u00eda<\/h2>\n<h2>Mapas digitales de c\u00f3digos postales y municipios de Andaluc\u00eda<\/h2>\n<figure id=\"attachment_7539\" aria-describedby=\"caption-attachment-7539\" style=\"width: 390px\" class=\"wp-caption alignnone\"><a href=\"https:\/\/www.bc-maps.com\/wp-content\/uploads\/2025\/02\/Mapa-vectorial-illustrator-eps-municipios-comarcas-Andalucia.jpg\" target=\"_blank\" rel=\"noopener\"><img loading=\"lazy\" decoding=\"async\" class=\"wp-image-7539\" title=\"Mapa vectorial illustrator eps municipios y comarcas de Andalucia\" src=\"https:\/\/www.bc-maps.com\/wp-content\/uploads\/2025\/02\/Mapa-vectorial-illustrator-eps-municipios-comarcas-Andalucia-300x176.jpg\" alt=\"Mapa vectorial illustrator eps municipios y comarcas de Andalucia\" width=\"390\" height=\"229\" srcset=\"https:\/\/www.bc-maps.com\/wp-content\/uploads\/2025\/02\/Mapa-vectorial-illustrator-eps-municipios-comarcas-Andalucia-300x176.jpg 300w, https:\/\/www.bc-maps.com\/wp-content\/uploads\/2025\/02\/Mapa-vectorial-illustrator-eps-municipios-comarcas-Andalucia-1024x600.jpg 1024w, https:\/\/www.bc-maps.com\/wp-content\/uploads\/2025\/02\/Mapa-vectorial-illustrator-eps-municipios-comarcas-Andalucia-768x450.jpg 768w, https:\/\/www.bc-maps.com\/wp-content\/uploads\/2025\/02\/Mapa-vectorial-illustrator-eps-municipios-comarcas-Andalucia-1536x900.jpg 1536w, https:\/\/www.bc-maps.com\/wp-content\/uploads\/2025\/02\/Mapa-vectorial-illustrator-eps-municipios-comarcas-Andalucia-2048x1200.jpg 2048w\" sizes=\"auto, (max-width: 390px) 100vw, 390px\" \/><\/a><figcaption id=\"caption-attachment-7539\" class=\"wp-caption-text\">Mapa vectorial illustrator eps municipios y comarcas de Andalucia<\/figcaption><\/figure>\n<p>Podemos crear mapas de municipios de Andaluc\u00eda, \u00a0por provincias, comarcas, mapas de ciudades y mapas de comarcas.<\/p>\n<p>Los mapas se entregan en formatos editables<span class=\"apple-converted-space\">\u00a0<\/span><a href=\"http:\/\/www.adobe.es\">adobe<\/a><span class=\"apple-converted-space\">\u00a0<\/span>illustrator, eps.<\/p>\n<p>Mapas de las <strong>provincias andaluzas<\/strong>:<\/p>\n<p><a href=\"https:\/\/www.bc-maps.com\/mapa-vectorial-eps\/provincia-huelva-illustrator\/\">Huelva<\/a>, <a href=\"https:\/\/www.bc-maps.com\/mapa-vectorial-eps\/mapa-provincia-sevilla-illustrator\/\">Sevilla,<\/a> <a href=\"https:\/\/www.bc-maps.com\/mapa-vectorial-eps\/provincia-cadiz-illustrator\/\">C\u00e1diz<\/a>, <a href=\"https:\/\/www.bc-maps.com\/mapa-vectorial-eps\/provincia-cordoba-illustrator\/\">C\u00f3rdoba<\/a>, <a href=\"https:\/\/www.bc-maps.com\/mapa-vectorial-eps\/provincia-malaga-illustrator\/\">M\u00e1laga<\/a>, <a href=\"https:\/\/www.bc-maps.com\/mapa-vectorial-eps\/provincia-jaen-illustrator\/\">Ja\u00e9n<\/a>, <a href=\"https:\/\/www.bc-maps.com\/mapa-vectorial-eps\/provincia-granada-illustrator\/\">Granada<\/a> y <a href=\"https:\/\/www.bc-maps.com\/mapa-vectorial-eps\/mapa-almeria-municipios-ilustrator\/\">Almer\u00eda<\/a><\/p>\n<p>Los mapas de ciudades pueden contener el nombre de todas las calles o solo las principales, as\u00ed como los lugares de inter\u00e9s m\u00e1s importantes.<\/p>\n<p>Mapas de <strong>ciudades andaluzas<\/strong>, algunos ejemplos :<\/p>\n<p><a href=\"https:\/\/www.bc-maps.com\/mapa-vectorial-eps\/mapas-vectoriales\/espana\/ciudades\/sevilla\/\">Sevilla<\/a>, <a href=\"https:\/\/www.bc-maps.com\/mapa-vectorial-eps\/granada-ilustrator-eps\/\">Granada,<\/a> <a href=\"https:\/\/www.bc-maps.com\/mapa-vectorial-eps\/isla-cristina-mapa-vectorial-illustrator-eps-ai-cc\/\">Isla Cristina<\/a>, <a href=\"https:\/\/www.bc-maps.com\/mapa-vectorial-eps\/el-ejido-mapa-vectorial-illustrator-eps-ai-cc\/\">EL Ejido<\/a>, <a href=\"https:\/\/www.bc-maps.com\/mapa-vectorial-eps\/malaga-ilustrator-eps\/\">M\u00e1laga, \u00a0<\/a><a href=\"https:\/\/www.bc-maps.com\/mapa-vectorial-eps\/mapa-jerez-illustrator-eps\/\">Jerez<\/a>, <a href=\"https:\/\/www.bc-maps.com\/mapa-vectorial-eps\/mapas-vectoriales\/espana\/ciudades\/cadiz-ilustrator\/\">C\u00e1diz<\/a><\/p>\n<p>El contenido de informaci\u00f3n depender\u00e1 del tama\u00f1o de la zona y la escala o medidas de reproducci\u00f3n.<\/p>\n<p>No trabajamos con textos inferiores a 5 puntos para que sean legibles.<\/p>\n<p>Todos nuestros mapas est\u00e1n estructurados por medio de capas y son totalmente editables, colores y textos.<\/p>\n<p>Los mapas son libres de derechos de reproducci\u00f3n, incluyendo nuestro copyright, s\u00f3lo pagar\u00e1 por ellos una vez independientemente de los usos que realice.<\/p>\n","protected":false},"excerpt":{"rendered":"<p>Mapas vectoriales de municipios de Andaluc\u00eda y sus comarcas Planos editables eps illustrator de ciudades y de comarcas de Andaluc\u00eda Mapas digitales de c\u00f3digos postales y municipios de Andaluc\u00eda Podemos crear mapas de municipios de Andaluc\u00eda, \u00a0por provincias, comarcas, mapas de ciudades y mapas de comarcas. Los mapas se entregan en formatos editables\u00a0adobe\u00a0illustrator, eps. Mapas &hellip; <a href=\"https:\/\/www.bc-maps.com\/mapa-vectorial-eps\/mapa-vectorial-andalucia-municipios-comarcas-codigos-posteles-illustrator-eps\/\" class=\"more-link\">Seguir leyendo <span class=\"screen-reader-text\">Mapa vectorial illustrator eps de municipios y comarcas de Andalucia<\/span> <span class=\"meta-nav\">&rarr;<\/span><\/a><\/p>\n","protected":false},"author":1,"featured_media":7539,"parent":0,"menu_order":0,"comment_status":"closed","ping_status":"closed","template":"","meta":{"footnotes":""},"class_list":["post-6013","page","type-page","status-publish","has-post-thumbnail","hentry"],"_links":{"self":[{"href":"https:\/\/www.bc-maps.com\/mapa-vectorial-eps\/wp-json\/wp\/v2\/pages\/6013","targetHints":{"allow":["GET"]}}],"collection":[{"href":"https:\/\/www.bc-maps.com\/mapa-vectorial-eps\/wp-json\/wp\/v2\/pages"}],"about":[{"href":"https:\/\/www.bc-maps.com\/mapa-vectorial-eps\/wp-json\/wp\/v2\/types\/page"}],"author":[{"embeddable":true,"href":"https:\/\/www.bc-maps.com\/mapa-vectorial-eps\/wp-json\/wp\/v2\/users\/1"}],"replies":[{"embeddable":true,"href":"https:\/\/www.bc-maps.com\/mapa-vectorial-eps\/wp-json\/wp\/v2\/comments?post=6013"}],"version-history":[{"count":5,"href":"https:\/\/www.bc-maps.com\/mapa-vectorial-eps\/wp-json\/wp\/v2\/pages\/6013\/revisions"}],"predecessor-version":[{"id":7541,"href":"https:\/\/www.bc-maps.com\/mapa-vectorial-eps\/wp-json\/wp\/v2\/pages\/6013\/revisions\/7541"}],"wp:featuredmedia":[{"embeddable":true,"href":"https:\/\/www.bc-maps.com\/mapa-vectorial-eps\/wp-json\/wp\/v2\/media\/7539"}],"wp:attachment":[{"href":"https:\/\/www.bc-maps.com\/mapa-vectorial-eps\/wp-json\/wp\/v2\/media?parent=6013"}],"curies":[{"name":"wp","href":"https:\/\/api.w.org\/{rel}","templated":true}]}}