{"id":588,"date":"2012-05-09T08:35:19","date_gmt":"2012-05-09T08:35:19","guid":{"rendered":"http:\/\/www.bc-maps.com\/mapa-vectorial-eps\/?page_id=500"},"modified":"2021-10-05T09:28:44","modified_gmt":"2021-10-05T09:28:44","slug":"monzon","status":"publish","type":"page","link":"https:\/\/www.bc-maps.com\/mapa-vectorial-eps\/mapas-vectoriales\/espana\/ciudades\/monzon\/","title":{"rendered":"Monz\u00f3n mapa vectorial illustrator eps editable"},"content":{"rendered":"<h1>Planos y mapas vectoriales de Monz\u00f3n<\/h1>\n<h2><a href=\"https:\/\/www.bc-maps.com\/mapa-vectorial-eps\/mapas-vectoriales\">Mapas vectoriales<\/a> editables eps, illustrator, freehand,pdf de las calles de Monz\u00f3n<\/h2>\n<h3>Planos vectoriales de ciudades de Huesca<\/h3>\n<p>Podemos crear cualquier tipo de mapa de la ciudad de Monz\u00f3n, \u00a0planos parciales, planos generales, planos de detalle,\u00a0\u00a0en formato <a href=\"http:\/\/www.adobe.com\/es\">illustrator<\/a>.<\/p>\n<figure id=\"attachment_3554\" aria-describedby=\"caption-attachment-3554\" style=\"width: 300px\" class=\"wp-caption alignnone\"><a href=\"http:\/\/www.bc-maps.com\/wp-content\/uploads\/2018\/10\/MONZON-FINAL-96.jpg\" target=\"_blank\" rel=\"noopener\"><img loading=\"lazy\" decoding=\"async\" class=\"Monz\u00f3n mapa vectorial illustrator eps wp-image-3554 size-medium\" title=\"Monz\u00f3n mapa vectorial illustrator eps \" src=\"http:\/\/www.bc-maps.com\/wp-content\/uploads\/2018\/10\/MONZON-FINAL-96-300x215.jpg\" alt=\"Monz\u00f3n mapa vectorial illustrator eps \" width=\"300\" height=\"215\" srcset=\"https:\/\/www.bc-maps.com\/wp-content\/uploads\/2018\/10\/MONZON-FINAL-96-300x215.jpg 300w, https:\/\/www.bc-maps.com\/wp-content\/uploads\/2018\/10\/MONZON-FINAL-96-768x550.jpg 768w, https:\/\/www.bc-maps.com\/wp-content\/uploads\/2018\/10\/MONZON-FINAL-96-1024x733.jpg 1024w, https:\/\/www.bc-maps.com\/wp-content\/uploads\/2018\/10\/MONZON-FINAL-96.jpg 1191w\" sizes=\"auto, (max-width: 300px) 100vw, 300px\" \/><\/a><figcaption id=\"caption-attachment-3554\" class=\"wp-caption-text\">Monz\u00f3n mapa vectorial illustrator eps<\/figcaption><\/figure>\n<p>El contenido depender\u00e1 del tama\u00f1o de la zona y la escala o medidas de reproducci\u00f3n, no trabajamos con textos inferiores a 5 puntos para que sean legibles.<\/p>\n<p>La informaci\u00f3n disponible va desde\u00a0monumentos, lugares de inter\u00e9s y populares, museos, oficinas de turismo, centros comerciales, medios de transporte.<\/p>\n<p>Tambi\u00e9n podemos a\u00f1adir cualquier otra informaci\u00f3n pr\u00e1ctica que nos soliciten ustedes, hoteles, restaurantes, instalaciones deportivas.<\/p>\n<p>Es una ciudad asociada a los templarios y sede episcopal, es famosa por su fortaleza, sus numerosas fiestas hist\u00f3ricas y sus monumentos.<\/p>\n<p>Nuestros mapas est\u00e1n estructurados por medio de capas y son totalmente editables, modificables, \u00a0tanto \u00a0colores y\u00a0fuentes\/textos.<\/p>\n<p>Nuestro ficheros\u00a0son libres de derechos para cualquier reproducci\u00f3n, incluyendo nuestro copyright.<\/p>\n<p>Los maps\u00a0est\u00e1n creados con licencias oficiales de programas de Adobe, habitualmente entregamos en version CC.<\/p>\n<p>&nbsp;<\/p>\n","protected":false},"excerpt":{"rendered":"<p>Planos y mapas vectoriales de Monz\u00f3n Mapas vectoriales editables eps, illustrator, freehand,pdf de las calles de Monz\u00f3n Planos vectoriales de ciudades de Huesca Podemos crear cualquier tipo de mapa de la ciudad de Monz\u00f3n, \u00a0planos parciales, planos generales, planos de detalle,\u00a0\u00a0en formato illustrator. El contenido depender\u00e1 del tama\u00f1o de la zona y la escala o &hellip; <a href=\"https:\/\/www.bc-maps.com\/mapa-vectorial-eps\/mapas-vectoriales\/espana\/ciudades\/monzon\/\" class=\"more-link\">Seguir leyendo <span class=\"screen-reader-text\">Monz\u00f3n mapa vectorial illustrator eps editable<\/span> <span class=\"meta-nav\">&rarr;<\/span><\/a><\/p>\n","protected":false},"author":1,"featured_media":0,"parent":52,"menu_order":0,"comment_status":"closed","ping_status":"closed","template":"","meta":{"footnotes":""},"class_list":["post-588","page","type-page","status-publish","hentry"],"_links":{"self":[{"href":"https:\/\/www.bc-maps.com\/mapa-vectorial-eps\/wp-json\/wp\/v2\/pages\/588","targetHints":{"allow":["GET"]}}],"collection":[{"href":"https:\/\/www.bc-maps.com\/mapa-vectorial-eps\/wp-json\/wp\/v2\/pages"}],"about":[{"href":"https:\/\/www.bc-maps.com\/mapa-vectorial-eps\/wp-json\/wp\/v2\/types\/page"}],"author":[{"embeddable":true,"href":"https:\/\/www.bc-maps.com\/mapa-vectorial-eps\/wp-json\/wp\/v2\/users\/1"}],"replies":[{"embeddable":true,"href":"https:\/\/www.bc-maps.com\/mapa-vectorial-eps\/wp-json\/wp\/v2\/comments?post=588"}],"version-history":[{"count":6,"href":"https:\/\/www.bc-maps.com\/mapa-vectorial-eps\/wp-json\/wp\/v2\/pages\/588\/revisions"}],"predecessor-version":[{"id":4934,"href":"https:\/\/www.bc-maps.com\/mapa-vectorial-eps\/wp-json\/wp\/v2\/pages\/588\/revisions\/4934"}],"up":[{"embeddable":true,"href":"https:\/\/www.bc-maps.com\/mapa-vectorial-eps\/wp-json\/wp\/v2\/pages\/52"}],"wp:attachment":[{"href":"https:\/\/www.bc-maps.com\/mapa-vectorial-eps\/wp-json\/wp\/v2\/media?parent=588"}],"curies":[{"name":"wp","href":"https:\/\/api.w.org\/{rel}","templated":true}]}}