{"id":5409,"date":"2013-10-28T10:38:36","date_gmt":"2013-10-28T10:38:36","guid":{"rendered":"http:\/\/www.bc-maps.com\/mapa-vectorial-eps\/manchester-ilustrator-2\/"},"modified":"2024-12-03T09:25:24","modified_gmt":"2024-12-03T09:25:24","slug":"mapa-vectorial-manchester-ilustrator-eps-cc","status":"publish","type":"page","link":"https:\/\/www.bc-maps.com\/mapa-vectorial-eps\/mapa-vectorial-manchester-ilustrator-eps-cc\/","title":{"rendered":"Mapa vectorial Manchester illustrator eps"},"content":{"rendered":"<h1>Planos y mapas vectoriales de\u00a0Manchester<\/h1>\n<h2>Mapas vectoriales editables con de las calles de\u00a0Manchester<\/h2>\n<h3>Planos vectoriales de\u00a0Manchester<\/h3>\n<p>Podemos crear cualquier tipo de mapa de la ciudad de Manchester, planos parciales, planos generales, planos de detalle\u2026etc.<\/p>\n<p>Un <strong>mapa vectorial en illustrator eps<\/strong> de <strong>Manchester <\/strong>es un archivo digital que representa gr\u00e1ficamente la geograf\u00eda, la infraestructura y otros elementos geoespaciales de la ciudad en forma de vectores.<\/p>\n<figure id=\"attachment_3138\" aria-describedby=\"caption-attachment-3138\" style=\"width: 235px\" class=\"wp-caption alignnone\"><a href=\"https:\/\/www.bc-maps.com\/wp-content\/uploads\/2013\/10\/Manchester-mapa-vectorial-illustrator-eps.jpg\" target=\"_blank\" rel=\"noopener noreferrer\"><img loading=\"lazy\" decoding=\"async\" class=\"wp-image-3138 size-medium\" title=\"Manchester mapa vectorial illustrator eps\" src=\"https:\/\/www.bc-maps.com\/wp-content\/uploads\/2013\/10\/Manchester-mapa-vectorial-illustrator-eps-235x300.jpg\" alt=\"Manchester mapa vectorial illustrator eps\" width=\"235\" height=\"300\" srcset=\"https:\/\/www.bc-maps.com\/wp-content\/uploads\/2013\/10\/Manchester-mapa-vectorial-illustrator-eps-235x300.jpg 235w, https:\/\/www.bc-maps.com\/wp-content\/uploads\/2013\/10\/Manchester-mapa-vectorial-illustrator-eps-768x980.jpg 768w, https:\/\/www.bc-maps.com\/wp-content\/uploads\/2013\/10\/Manchester-mapa-vectorial-illustrator-eps-803x1024.jpg 803w, https:\/\/www.bc-maps.com\/wp-content\/uploads\/2013\/10\/Manchester-mapa-vectorial-illustrator-eps.jpg 1343w\" sizes=\"auto, (max-width: 235px) 100vw, 235px\" \/><\/a><figcaption id=\"caption-attachment-3138\" class=\"wp-caption-text\">Manchester mapa vectorial illustrator eps<\/figcaption><\/figure>\n<p>Los mapas se entregan en formatos editables <strong><a href=\"http:\/\/www.adobe.es\">adobe<\/a> illustrator, eps<\/strong><\/p>\n<p>Estas son algunas de las caracter\u00edsticas comunes de un mapa vectorial:<\/p>\n<p>1. Escalabilidad: Los mapas vectoriales son escalables, lo que significa que se pueden ampliar o reducir sin perder calidad.<\/p>\n<p>2. Geometr\u00eda precisa: Los elementos en un mapa vectorial se representan mediante formas geom\u00e9tricas, como l\u00edneas, puntos y pol\u00edgonos. Estas formas se definen matem\u00e1ticamente, lo que garantiza una representaci\u00f3n precisa de la geograf\u00eda y las caracter\u00edsticas del terreno.<\/p>\n<p>3. Capas y atributos: Un mapa vectorial puede contener diferentes capas que representan diferentes tipos de informaci\u00f3n, como carreteras, r\u00edos, edificios, \u00e1reas verdes, entre otros. .<\/p>\n<p>4. Edici\u00f3n y personalizaci\u00f3n: Los mapas vectoriales son editables, lo que permite agregar, eliminar o modificar elementos seg\u00fan las necesidades del usuario. Tambi\u00e9n se pueden personalizar mediante la selecci\u00f3n de colores, estilos de l\u00ednea y s\u00edmbolos.<\/p>\n<p>5. Compatibilidad: Los mapas vectoriales suelen estar disponibles en formatos est\u00e1ndar, como SVG (Scalable Vector Graphics), AI (Adobe Illustrator), EPS (Encapsulated PostScript) o DXF (Drawing Exchange Format), lo que permite su visualizaci\u00f3n y edici\u00f3n en diferentes software de dise\u00f1o y cartograf\u00eda.<\/p>\n<p>Estas caracter\u00edsticas hacen que los mapas vectoriales sean \u00fatiles para an\u00e1lisis espacial, planificaci\u00f3n urbana, navegaci\u00f3n, representaci\u00f3n cartogr\u00e1fica y otras aplicaciones donde la precisi\u00f3n y la flexibilidad son importantes.<a title=\"Mapa vectorial Sudamerica\" href=\"https:\/\/www.bc-maps.com\/mapa-vectorial-eps\/wp-content\/uploads\/2012\/05\/SUDAMERICA.jpg\" target=\"_self\" rel=\"noopener\"><br \/>\n<\/a><\/p>\n<div class=\"mceTemp\"><\/div>\n<p>Manchester mapa vectorial illustrator epsEl contenido de informaci\u00f3n depender\u00e1 del tama\u00f1o de la zona y la escala o medidas de reproducci\u00f3n, ya que no trabajamos con textos inferiores a 5 puntos para que sean legibles.<\/p>\n","protected":false},"excerpt":{"rendered":"<p>Planos y mapas vectoriales de\u00a0Manchester Mapas vectoriales editables con de las calles de\u00a0Manchester Planos vectoriales de\u00a0Manchester Podemos crear cualquier tipo de mapa de la ciudad de Manchester, planos parciales, planos generales, planos de detalle\u2026etc. Un mapa vectorial en illustrator eps de Manchester es un archivo digital que representa gr\u00e1ficamente la geograf\u00eda, la infraestructura y otros &hellip; <a href=\"https:\/\/www.bc-maps.com\/mapa-vectorial-eps\/mapa-vectorial-manchester-ilustrator-eps-cc\/\" class=\"more-link\">Seguir leyendo <span class=\"screen-reader-text\">Mapa vectorial Manchester illustrator eps<\/span> <span class=\"meta-nav\">&rarr;<\/span><\/a><\/p>\n","protected":false},"author":1,"featured_media":3138,"parent":0,"menu_order":0,"comment_status":"closed","ping_status":"closed","template":"","meta":{"footnotes":""},"class_list":["post-5409","page","type-page","status-publish","has-post-thumbnail","hentry"],"_links":{"self":[{"href":"https:\/\/www.bc-maps.com\/mapa-vectorial-eps\/wp-json\/wp\/v2\/pages\/5409","targetHints":{"allow":["GET"]}}],"collection":[{"href":"https:\/\/www.bc-maps.com\/mapa-vectorial-eps\/wp-json\/wp\/v2\/pages"}],"about":[{"href":"https:\/\/www.bc-maps.com\/mapa-vectorial-eps\/wp-json\/wp\/v2\/types\/page"}],"author":[{"embeddable":true,"href":"https:\/\/www.bc-maps.com\/mapa-vectorial-eps\/wp-json\/wp\/v2\/users\/1"}],"replies":[{"embeddable":true,"href":"https:\/\/www.bc-maps.com\/mapa-vectorial-eps\/wp-json\/wp\/v2\/comments?post=5409"}],"version-history":[{"count":3,"href":"https:\/\/www.bc-maps.com\/mapa-vectorial-eps\/wp-json\/wp\/v2\/pages\/5409\/revisions"}],"predecessor-version":[{"id":6999,"href":"https:\/\/www.bc-maps.com\/mapa-vectorial-eps\/wp-json\/wp\/v2\/pages\/5409\/revisions\/6999"}],"wp:featuredmedia":[{"embeddable":true,"href":"https:\/\/www.bc-maps.com\/mapa-vectorial-eps\/wp-json\/wp\/v2\/media\/3138"}],"wp:attachment":[{"href":"https:\/\/www.bc-maps.com\/mapa-vectorial-eps\/wp-json\/wp\/v2\/media?parent=5409"}],"curies":[{"name":"wp","href":"https:\/\/api.w.org\/{rel}","templated":true}]}}