{"id":524,"date":"2012-05-03T10:04:08","date_gmt":"2012-05-03T10:04:08","guid":{"rendered":"http:\/\/www.bc-maps.com\/mapa-vectorial-eps\/?page_id=524"},"modified":"2021-10-05T09:29:08","modified_gmt":"2021-10-05T09:29:08","slug":"pego","status":"publish","type":"page","link":"https:\/\/www.bc-maps.com\/mapa-vectorial-eps\/mapas-vectoriales\/espana\/ciudades\/pego\/","title":{"rendered":"Pego mapa vectorial illustrator eps editable"},"content":{"rendered":"<h1>Planos y mapas vectoriales de Pego<\/h1>\n<h2><a href=\"https:\/\/www.bc-maps.com\/mapa-vectorial-eps\/mapas-vectoriales\">Mapas vectoriales<\/a> editables eps, illustrator, freehand,pdf de las calles de Pego<\/h2>\n<h3>Planos vectoriales de ciudades de Alicante<\/h3>\n<p>Podemos crear cualquier tipo de mapa de la ciudad de Pego , planos parciales, planos generales, planos de detalle,\u00a0\u00a0en formato <a href=\"http:\/\/www.adobe.com\/es\">illustrator<\/a>.<\/p>\n<figure id=\"attachment_2478\" aria-describedby=\"caption-attachment-2478\" style=\"width: 300px\" class=\"wp-caption alignnone\"><a href=\"http:\/\/www.bc-maps.com\/wp-content\/uploads\/2016\/10\/Mapa-Ayuntamiento-Pego-2016.jpg\" target=\"_blank\" rel=\"noopener\"><img loading=\"lazy\" decoding=\"async\" class=\"Pego mapa vectorial illustrator eps casco wp-image-2478 size-medium\" title=\"Pego mapa vectorial illustrator eps casco\" src=\"http:\/\/www.bc-maps.com\/wp-content\/uploads\/2016\/10\/Mapa-Ayuntamiento-Pego-2016-300x212.jpg\" alt=\"Pego mapa vectorial illustrator eps casco\" width=\"300\" height=\"212\" srcset=\"https:\/\/www.bc-maps.com\/wp-content\/uploads\/2016\/10\/Mapa-Ayuntamiento-Pego-2016-300x212.jpg 300w, https:\/\/www.bc-maps.com\/wp-content\/uploads\/2016\/10\/Mapa-Ayuntamiento-Pego-2016-768x543.jpg 768w, https:\/\/www.bc-maps.com\/wp-content\/uploads\/2016\/10\/Mapa-Ayuntamiento-Pego-2016-1024x724.jpg 1024w\" sizes=\"auto, (max-width: 300px) 100vw, 300px\" \/><\/a><figcaption id=\"caption-attachment-2478\" class=\"wp-caption-text\">Pego mapa vectorial illustrator eps casco<\/figcaption><\/figure>\n<p>El contenido depender\u00e1 del tama\u00f1o de la zona y la escala o medidas de reproducci\u00f3n, no trabajamos con textos inferiores a 5 puntos para que sean legibles.<\/p>\n<p>La informaci\u00f3n disponible va desde\u00a0monumentos, lugares de inter\u00e9s y populares, museos, oficinas de turismo, centros comerciales, medios de transporte.<\/p>\n<p>Tambi\u00e9n podemos a\u00f1adir cualquier otra informaci\u00f3n pr\u00e1ctica que nos soliciten ustedes, hoteles, instalaciones deportivas.<\/p>\n<p>Nuestros mapas est\u00e1n estructurados por medio de capas y son totalmente editables, modificables, \u00a0tanto \u00a0colores y\u00a0fuentes\/textos.<\/p>\n<p>Nuestro ficheros\u00a0son libres de derechos para cualquier reproducci\u00f3n, incluyendo nuestro copyright.<\/p>\n<p>Los mapas\u00a0est\u00e1n creados con licencias oficiales de programas de Adobe, habitualmente entregamos en version CC.<\/p>\n<p>Visitar la \u00a0Capilla del Ecce-Homo, la Casa de Cultura\u00a0y el\u00a0Parque Natural del Marjal<\/p>\n","protected":false},"excerpt":{"rendered":"<p>Planos y mapas vectoriales de Pego Mapas vectoriales editables eps, illustrator, freehand,pdf de las calles de Pego Planos vectoriales de ciudades de Alicante Podemos crear cualquier tipo de mapa de la ciudad de Pego , planos parciales, planos generales, planos de detalle,\u00a0\u00a0en formato illustrator. El contenido depender\u00e1 del tama\u00f1o de la zona y la escala &hellip; <a href=\"https:\/\/www.bc-maps.com\/mapa-vectorial-eps\/mapas-vectoriales\/espana\/ciudades\/pego\/\" class=\"more-link\">Seguir leyendo <span class=\"screen-reader-text\">Pego mapa vectorial illustrator eps editable<\/span> <span class=\"meta-nav\">&rarr;<\/span><\/a><\/p>\n","protected":false},"author":1,"featured_media":0,"parent":52,"menu_order":0,"comment_status":"closed","ping_status":"closed","template":"","meta":{"footnotes":""},"class_list":["post-524","page","type-page","status-publish","hentry"],"_links":{"self":[{"href":"https:\/\/www.bc-maps.com\/mapa-vectorial-eps\/wp-json\/wp\/v2\/pages\/524","targetHints":{"allow":["GET"]}}],"collection":[{"href":"https:\/\/www.bc-maps.com\/mapa-vectorial-eps\/wp-json\/wp\/v2\/pages"}],"about":[{"href":"https:\/\/www.bc-maps.com\/mapa-vectorial-eps\/wp-json\/wp\/v2\/types\/page"}],"author":[{"embeddable":true,"href":"https:\/\/www.bc-maps.com\/mapa-vectorial-eps\/wp-json\/wp\/v2\/users\/1"}],"replies":[{"embeddable":true,"href":"https:\/\/www.bc-maps.com\/mapa-vectorial-eps\/wp-json\/wp\/v2\/comments?post=524"}],"version-history":[{"count":7,"href":"https:\/\/www.bc-maps.com\/mapa-vectorial-eps\/wp-json\/wp\/v2\/pages\/524\/revisions"}],"predecessor-version":[{"id":4938,"href":"https:\/\/www.bc-maps.com\/mapa-vectorial-eps\/wp-json\/wp\/v2\/pages\/524\/revisions\/4938"}],"up":[{"embeddable":true,"href":"https:\/\/www.bc-maps.com\/mapa-vectorial-eps\/wp-json\/wp\/v2\/pages\/52"}],"wp:attachment":[{"href":"https:\/\/www.bc-maps.com\/mapa-vectorial-eps\/wp-json\/wp\/v2\/media?parent=524"}],"curies":[{"name":"wp","href":"https:\/\/api.w.org\/{rel}","templated":true}]}}