{"id":5237,"date":"2012-06-15T10:31:37","date_gmt":"2012-06-15T10:31:37","guid":{"rendered":"http:\/\/www.bc-maps.com\/mapa-vectorial-eps\/colombia-ilustrator-2\/"},"modified":"2024-10-07T15:40:01","modified_gmt":"2024-10-07T15:40:01","slug":"mapa-colombia-illustrator-eps","status":"publish","type":"page","link":"https:\/\/www.bc-maps.com\/mapa-vectorial-eps\/mapa-colombia-illustrator-eps\/","title":{"rendered":"Colombia mapa politico y carreteras en Illustrator"},"content":{"rendered":"<h1>Mapas vectoriales de Colombia<\/h1>\n<h2>Planos\u00a0editables eps illustrator politicos y de carreteras de Colombia<\/h2>\n<h2>Mapas digitales de departamentos de Colombia<\/h2>\n<p>Podemos crear cualquier tipo de mapa de Colombia, mapas parciales, mapas generales, mapas tem\u00e1ticos\u2026etc.<\/p>\n<p>Un <strong>mapa vectorial en illustrator eps<\/strong> de <strong>Colombia<\/strong> es un archivo digital que representa gr\u00e1ficamente la geograf\u00eda, la infraestructura y otros elementos geoespaciales del pa\u00eds \u00a0en forma de vectores.<\/p>\n<p>Los mapas se entregan en formatos editables <strong><a href=\"http:\/\/www.adobe.es\">adobe<\/a> illustrator, eps<\/strong><\/p>\n<p>Estas son algunas de las caracter\u00edsticas comunes de un mapa vectorial:<\/p>\n<p>1. Escalabilidad: Los mapas vectoriales son escalables, lo que significa que se pueden ampliar o reducir sin perder calidad.<\/p>\n<p>2. Geometr\u00eda precisa: Los elementos en un mapa vectorial se representan mediante formas geom\u00e9tricas, como l\u00edneas, puntos y pol\u00edgonos. Estas formas se definen matem\u00e1ticamente, lo que garantiza una representaci\u00f3n precisa de la geograf\u00eda y las caracter\u00edsticas del terreno.<\/p>\n<p>3. Capas y atributos: Un mapa vectorial puede contener diferentes capas que representan diferentes tipos de informaci\u00f3n, como carreteras, r\u00edos, edificios, \u00e1reas verdes, entre otros. .<\/p>\n<p>4. Edici\u00f3n y personalizaci\u00f3n: Los mapas vectoriales son editables, lo que permite agregar, eliminar o modificar elementos seg\u00fan las necesidades del usuario. Tambi\u00e9n se pueden personalizar mediante la selecci\u00f3n de colores, estilos de l\u00ednea y s\u00edmbolos.<\/p>\n<p>5. Compatibilidad: Los mapas vectoriales suelen estar disponibles en formatos est\u00e1ndar, como SVG (Scalable Vector Graphics), AI (Adobe Illustrator), EPS (Encapsulated PostScript) o DXF (Drawing Exchange Format), lo que permite su visualizaci\u00f3n y edici\u00f3n en diferentes software de dise\u00f1o y cartograf\u00eda.<\/p>\n<p>Estas caracter\u00edsticas hacen que los mapas vectoriales sean \u00fatiles para an\u00e1lisis espacial, planificaci\u00f3n urbana, navegaci\u00f3n, representaci\u00f3n cartogr\u00e1fica y otras aplicaciones donde la precisi\u00f3n y la flexibilidad son importantes.<\/p>\n<p>El contenido de informaci\u00f3n depender\u00e1 del tama\u00f1o de la zona y la escala o medidas de reproducci\u00f3n, ya que no trabajamos con textos inferiores a 5 puntos para que sean legibles.<\/p>\n<figure id=\"attachment_2933\" aria-describedby=\"caption-attachment-2933\" style=\"width: 220px\" class=\"wp-caption alignnone\"><a href=\"https:\/\/www.bc-maps.com\/wp-content\/uploads\/2012\/06\/COLOMBIA-POLITICO.jpg\" target=\"_blank\" rel=\"noopener noreferrer\"><img loading=\"lazy\" decoding=\"async\" class=\"wp-image-2933 size-medium\" title=\"Colombia mapa vectorial illustrator eps\" src=\"https:\/\/www.bc-maps.com\/wp-content\/uploads\/2012\/06\/COLOMBIA-POLITICO-220x300.jpg\" alt=\"Colombia mapa vectorial illustrator eps\" width=\"220\" height=\"300\" srcset=\"https:\/\/www.bc-maps.com\/wp-content\/uploads\/2012\/06\/COLOMBIA-POLITICO-220x300.jpg 220w, https:\/\/www.bc-maps.com\/wp-content\/uploads\/2012\/06\/COLOMBIA-POLITICO-768x1047.jpg 768w, https:\/\/www.bc-maps.com\/wp-content\/uploads\/2012\/06\/COLOMBIA-POLITICO-751x1024.jpg 751w\" sizes=\"auto, (max-width: 220px) 100vw, 220px\" \/><\/a><figcaption id=\"caption-attachment-2933\" class=\"wp-caption-text\">Colombia mapa vectorial illustrator eps<\/figcaption><\/figure>\n<p><a href=\"https:\/\/www.bc-maps.com\/wp-content\/uploads\/2012\/06\/MUNICIPIOS-COLOMBIA.jpg\" target=\"_blank\" rel=\"noopener noreferrer\"><img loading=\"lazy\" decoding=\"async\" class=\"alignnone wp-image-2935 size-medium\" title=\"Colombia municipios mapa vectorial illustrator eps\" src=\"https:\/\/www.bc-maps.com\/wp-content\/uploads\/2012\/06\/MUNICIPIOS-COLOMBIA-220x300.jpg\" alt=\"Colombia municipios mapa vectorial illustrator eps\" width=\"220\" height=\"300\" srcset=\"https:\/\/www.bc-maps.com\/wp-content\/uploads\/2012\/06\/MUNICIPIOS-COLOMBIA-220x300.jpg 220w, https:\/\/www.bc-maps.com\/wp-content\/uploads\/2012\/06\/MUNICIPIOS-COLOMBIA-768x1047.jpg 768w, https:\/\/www.bc-maps.com\/wp-content\/uploads\/2012\/06\/MUNICIPIOS-COLOMBIA-751x1024.jpg 751w\" sizes=\"auto, (max-width: 220px) 100vw, 220px\" \/><\/a><br \/>\nMunicipios Colombia mapa vectorial illustrator eps<\/p>\n<figure id=\"attachment_2936\" aria-describedby=\"caption-attachment-2936\" style=\"width: 162px\" class=\"wp-caption alignnone\"><a href=\"http:\/\/www.bc-maps.com\/wp-content\/uploads\/2012\/06\/GUERRILLAS-COLOMBIA.jpg\" target=\"_blank\" rel=\"noopener noreferrer\"><img loading=\"lazy\" decoding=\"async\" class=\"wp-image-2936 size-medium\" title=\"Colombia guerrillas mapa vectorial illustrator eps\" src=\"http:\/\/www.bc-maps.com\/wp-content\/uploads\/2012\/06\/GUERRILLAS-COLOMBIA-162x300.jpg\" alt=\"Colombia guerrillas mapa vectorial illustrator eps\" width=\"162\" height=\"300\" srcset=\"https:\/\/www.bc-maps.com\/wp-content\/uploads\/2012\/06\/GUERRILLAS-COLOMBIA-162x300.jpg 162w, https:\/\/www.bc-maps.com\/wp-content\/uploads\/2012\/06\/GUERRILLAS-COLOMBIA.jpg 397w\" sizes=\"auto, (max-width: 162px) 100vw, 162px\" \/><\/a><figcaption id=\"caption-attachment-2936\" class=\"wp-caption-text\">Colombia guerrillas mapa vectorial illustrator eps<\/figcaption><\/figure>\n<p><strong>Departamentos<\/strong><\/p>\n<p>Amazonas, \u00a0Antioquia, \u00a0Arauca, \u00a0Atl\u00e1ntico, \u00a0Bol\u00edvar, \u00a0Boyac\u00e1, \u00a0Caldas, \u00a0Caquet\u00e1, \u00a0Casanare, \u00a0Cauca, \u00a0Cesar, \u00a0Choc\u00f3, \u00a0Cundinamarca, \u00a0C\u00f3rdoba, \u00a0Guain\u00eda, \u00a0Guaviare, \u00a0Huila, \u00a0La Guajira, \u00a0Magdalena, \u00a0Meta, \u00a0Nari\u00f1o, \u00a0Norte de Santander, \u00a0Putumayo, \u00a0Quind\u00edo, \u00a0Risaralda, \u00a0San Andr\u00e9s y Providencia, \u00a0Santander, \u00a0Sucre, \u00a0Tolima, \u00a0Valle del Cauca, \u00a0Vaup\u00e9s, \u00a0Vichada<\/p>\n<p><strong>Principales ciudades<\/strong><\/p>\n<p>Bogot\u00e1, Arauca, Armenia, Barranquilla, Cartagena de Indias, C\u00facuta, Florencia, Leticia, Manizales, Medell\u00edn, Mocoa, Monter\u00eda, Neiva, Popay\u00e1n, Puerto In\u00edrida, Quibd\u00f3, Riohacha, San Jos\u00e9 del Guaviare, San Juan de Pasto, Santa Marta, Tunja, Valledupar, Villavicencio, Yopal<\/p>\n<figure id=\"attachment_2939\" aria-describedby=\"caption-attachment-2939\" style=\"width: 300px\" class=\"wp-caption alignnone\"><a href=\"http:\/\/www.bc-maps.com\/wp-content\/uploads\/2012\/06\/CARTAGENA-DE-INDIAS-2.jpg\" target=\"_blank\" rel=\"noopener noreferrer\"><img loading=\"lazy\" decoding=\"async\" class=\"wp-image-2939 size-medium\" title=\"Cartagena de Indias mapa vectorial illustrator eps\" src=\"http:\/\/www.bc-maps.com\/wp-content\/uploads\/2012\/06\/CARTAGENA-DE-INDIAS-2-300x300.jpg\" alt=\"Cartagena de Indias mapa vectorial illustrator eps\" width=\"300\" height=\"300\" srcset=\"https:\/\/www.bc-maps.com\/wp-content\/uploads\/2012\/06\/CARTAGENA-DE-INDIAS-2-300x300.jpg 300w, https:\/\/www.bc-maps.com\/wp-content\/uploads\/2012\/06\/CARTAGENA-DE-INDIAS-2-150x150.jpg 150w, https:\/\/www.bc-maps.com\/wp-content\/uploads\/2012\/06\/CARTAGENA-DE-INDIAS-2-768x768.jpg 768w, https:\/\/www.bc-maps.com\/wp-content\/uploads\/2012\/06\/CARTAGENA-DE-INDIAS-2-1024x1024.jpg 1024w, https:\/\/www.bc-maps.com\/wp-content\/uploads\/2012\/06\/CARTAGENA-DE-INDIAS-2.jpg 1890w\" sizes=\"auto, (max-width: 300px) 100vw, 300px\" \/><\/a><figcaption id=\"caption-attachment-2939\" class=\"wp-caption-text\">Cartagena de Indias mapa vectorial illustrator eps<\/figcaption><\/figure>\n","protected":false},"excerpt":{"rendered":"<p>Mapas vectoriales de Colombia Planos\u00a0editables eps illustrator politicos y de carreteras de Colombia Mapas digitales de departamentos de Colombia Podemos crear cualquier tipo de mapa de Colombia, mapas parciales, mapas generales, mapas tem\u00e1ticos\u2026etc. Un mapa vectorial en illustrator eps de Colombia es un archivo digital que representa gr\u00e1ficamente la geograf\u00eda, la infraestructura y otros elementos &hellip; <a href=\"https:\/\/www.bc-maps.com\/mapa-vectorial-eps\/mapa-colombia-illustrator-eps\/\" class=\"more-link\">Seguir leyendo <span class=\"screen-reader-text\">Colombia mapa politico y carreteras en Illustrator<\/span> <span class=\"meta-nav\">&rarr;<\/span><\/a><\/p>\n","protected":false},"author":1,"featured_media":2933,"parent":0,"menu_order":0,"comment_status":"closed","ping_status":"closed","template":"","meta":{"footnotes":""},"class_list":["post-5237","page","type-page","status-publish","has-post-thumbnail","hentry"],"_links":{"self":[{"href":"https:\/\/www.bc-maps.com\/mapa-vectorial-eps\/wp-json\/wp\/v2\/pages\/5237","targetHints":{"allow":["GET"]}}],"collection":[{"href":"https:\/\/www.bc-maps.com\/mapa-vectorial-eps\/wp-json\/wp\/v2\/pages"}],"about":[{"href":"https:\/\/www.bc-maps.com\/mapa-vectorial-eps\/wp-json\/wp\/v2\/types\/page"}],"author":[{"embeddable":true,"href":"https:\/\/www.bc-maps.com\/mapa-vectorial-eps\/wp-json\/wp\/v2\/users\/1"}],"replies":[{"embeddable":true,"href":"https:\/\/www.bc-maps.com\/mapa-vectorial-eps\/wp-json\/wp\/v2\/comments?post=5237"}],"version-history":[{"count":2,"href":"https:\/\/www.bc-maps.com\/mapa-vectorial-eps\/wp-json\/wp\/v2\/pages\/5237\/revisions"}],"predecessor-version":[{"id":6421,"href":"https:\/\/www.bc-maps.com\/mapa-vectorial-eps\/wp-json\/wp\/v2\/pages\/5237\/revisions\/6421"}],"wp:featuredmedia":[{"embeddable":true,"href":"https:\/\/www.bc-maps.com\/mapa-vectorial-eps\/wp-json\/wp\/v2\/media\/2933"}],"wp:attachment":[{"href":"https:\/\/www.bc-maps.com\/mapa-vectorial-eps\/wp-json\/wp\/v2\/media?parent=5237"}],"curies":[{"name":"wp","href":"https:\/\/api.w.org\/{rel}","templated":true}]}}