{"id":52,"date":"2010-11-17T16:04:36","date_gmt":"2010-11-17T16:04:36","guid":{"rendered":"http:\/\/www.bc-maps.com\/mapa-vectorial-eps\/"},"modified":"2025-12-02T16:38:40","modified_gmt":"2025-12-02T16:38:40","slug":"ciudades","status":"publish","type":"page","link":"https:\/\/www.bc-maps.com\/mapa-vectorial-eps\/mapas-vectoriales\/espana\/ciudades\/","title":{"rendered":"Ciudades"},"content":{"rendered":"\n<h1 class=\"wp-block-heading\">Mapas illustrator de ciudades de Espa\u00f1a<\/h1>\n\n\n\n<h2 class=\"wp-block-heading\">Mapas y planos callejeros vectoriales de cualquier poblaci\u00f3n.<\/h2>\n\n\n\n<h3 class=\"wp-block-heading\">Planos de las calles de todas las ciudades de Espa\u00f1a<\/h3>\n\n\n\n<p>BC Maps elabora mapas en illustrator adapt\u00e1ndose a la necesidad de cada cliente .<\/p>\n\n\n\n<p>El mapa vectorial se entrega siempre totalmente editable, textos como colores, y estructurado por medio de capas en formatos adobe illustrator.<\/p>\n\n\n\n<figure class=\"wp-block-gallery has-nested-images columns-default is-cropped wp-block-gallery-1 is-layout-flex wp-block-gallery-is-layout-flex\">\n<figure class=\"wp-block-image size-large alignnone\"><a href=\"https:\/\/www.bc-maps.com\/wp-content\/uploads\/2011\/09\/mapa-vectorial-illustrator-eps-Sevilla-full.jpg\" target=\"_blank\" rel=\"noopener noreferrer\"><img loading=\"lazy\" decoding=\"async\" width=\"1024\" height=\"938\" data-id=\"3442\" src=\"https:\/\/www.bc-maps.com\/wp-content\/uploads\/2011\/09\/mapa-vectorial-illustrator-eps-Sevilla-full-1024x938.jpg\" alt=\"mapa vectorial illustrator eps Sevilla full\" class=\"wp-image-3442\" srcset=\"https:\/\/www.bc-maps.com\/wp-content\/uploads\/2011\/09\/mapa-vectorial-illustrator-eps-Sevilla-full-1024x938.jpg 1024w, https:\/\/www.bc-maps.com\/wp-content\/uploads\/2011\/09\/mapa-vectorial-illustrator-eps-Sevilla-full-300x275.jpg 300w, https:\/\/www.bc-maps.com\/wp-content\/uploads\/2011\/09\/mapa-vectorial-illustrator-eps-Sevilla-full-768x703.jpg 768w, https:\/\/www.bc-maps.com\/wp-content\/uploads\/2011\/09\/mapa-vectorial-illustrator-eps-Sevilla-full.jpg 1772w\" sizes=\"auto, (max-width: 1024px) 100vw, 1024px\" \/><\/a><figcaption class=\"wp-element-caption\">mapa vectorial illustrator eps Sevilla full<\/figcaption><\/figure>\n<\/figure>\n\n\n\n<figure class=\"wp-block-gallery has-nested-images columns-default is-cropped wp-block-gallery-2 is-layout-flex wp-block-gallery-is-layout-flex\">\n<figure class=\"wp-block-image size-large alignnone\"><a href=\"https:\/\/www.bc-maps.com\/wp-content\/uploads\/2018\/06\/Mapa-vectorial-illustrator-eps-Barcelona-zoom-Planbus.jpg\" target=\"_blank\" rel=\"Mapa vectorial illustrator eps Barcelona zoom Busplus noopener noreferrer\"><img loading=\"lazy\" decoding=\"async\" width=\"1024\" height=\"955\" data-id=\"3370\" src=\"https:\/\/www.bc-maps.com\/wp-content\/uploads\/2018\/06\/Mapa-vectorial-illustrator-eps-Barcelona-zoom-Planbus-1024x955.jpg\" alt=\"Mapa vectorial illustrator eps Barcelona zoom Busplus\" class=\"wp-image-3370\" srcset=\"https:\/\/www.bc-maps.com\/wp-content\/uploads\/2018\/06\/Mapa-vectorial-illustrator-eps-Barcelona-zoom-Planbus-1024x955.jpg 1024w, https:\/\/www.bc-maps.com\/wp-content\/uploads\/2018\/06\/Mapa-vectorial-illustrator-eps-Barcelona-zoom-Planbus-300x280.jpg 300w, https:\/\/www.bc-maps.com\/wp-content\/uploads\/2018\/06\/Mapa-vectorial-illustrator-eps-Barcelona-zoom-Planbus-768x716.jpg 768w, https:\/\/www.bc-maps.com\/wp-content\/uploads\/2018\/06\/Mapa-vectorial-illustrator-eps-Barcelona-zoom-Planbus.jpg 1772w\" sizes=\"auto, (max-width: 1024px) 100vw, 1024px\" \/><\/a><figcaption class=\"wp-element-caption\">Mapa vectorial illustrator eps Barcelona zoom Busplus<\/figcaption><\/figure>\n<\/figure>\n\n\n\n<p>Creamos mapas de ciudades de todo el mundo para gu\u00edas de viajes, cat\u00e1logos, administraciones p\u00fablicas\u2026etc.<\/p>\n\n\n\n<p>Un amplio abanico de empresas, en especial editoriales, y ayuntamientos disponen en los \u00faltimos a\u00f1os de mapas suministrados por nuestra empresa.<\/p>\n\n\n\n<p>Los mapas est\u00e1n creados con licencias oficiales de programas de <a href=\"http:\/\/www.adobe.com\/es\">Adobe,<\/a> habitualmente entregamos en version CC, pero podemos entregar tambi\u00e9n en otras versiones.<\/p>\n\n\n\n<p>Mapa vectorial eps illustrator A Coru\u00f1a, Adra , Aguadulce, <a title=\"Mapa en Illustrator de Albacete\" href=\"https:\/\/www.bc-maps.com\/mapa-vectorial-eps\/illustrator-albacete\/\"><strong>Mapa vectorial eps illustrator Albacete<\/strong><\/a>, Alba de Tormes , Alberca, Albir , La Albufeira , Alcal\u00e1 de Henares, Alhama , <a title=\"Mapa en Illustrator de Alacant\/Alicante\" href=\"https:\/\/www.bc-maps.com\/mapa-vectorial-eps\/illustrator-alacant-alicante\/\"><strong>Mapa vectorial eps illustrator&nbsp;Alicante<\/strong><\/a>, Allora , Almer\u00eda, Almerimar , Almodovar , Almu\u00f1ecar , La Alpujarra, Altamira, Altea , Antequera , La Antilla , Aranjuez , Arenys de Mar , \u00c1vila, Avil\u00e9s,&nbsp; Badalona, Baelo Claudia , Baena , <a title=\"Mapa en Illustrator de BARCELONA\" href=\"https:\/\/www.bc-maps.com\/mapa-vectorial-eps\/illustrator-barcelona\/\"><strong>Mapa Vectorial eps illustrator Barcelona eps<\/strong><\/a> , Barciense, Las Batuecas, Baza, Bejar, Belagua, Belorado, Benalm\u00e1dena, Benidorm, <a title=\"Mapa en Illustrator de Bilbo-Bilbao\" href=\"https:\/\/www.bc-maps.com\/mapa-vectorial-eps\/illustrator-bilbo-bilbao\/\"><strong>Mapa vectorial eps illustrator&nbsp;Bilbao<\/strong><\/a>, Borja,<\/p>\n\n\n\n<p>Briviesca, Bubi\u00f3n, Burgos, Burjasot , Cabra , Cabrera , C\u00e1ceres, Mapa vectorial eps illustrator&nbsp;C\u00e1diz, Calahonda, La Calahorra, Calpe , El Campello ,Candelario, Capileira, Carihuela, Cari\u00f1ena, <strong><a title=\"Mapa en Illustrator de Carmona\" href=\"https:\/\/www.bc-maps.com\/mapa-vectorial-eps\/illustrator-carmona\/\">Mapa vectorial eps illustrator&nbsp;Carmona<\/a><\/strong>, Carratraca, Cartagena, Casarabonela , Casares , Caspe , Castell de Ferrol, Castell\u00f3n, Castillejo, Castillo de Javier, Castrojeriz , Catalayud, Chiclana, Chinch\u00f3n, <a title=\"Mapa en Illustrator de Ciudad Real\" href=\"https:\/\/www.bc-maps.com\/mapa-vectorial-eps\/mapa-illustrator-ciudad-real-eps\/\"><strong>Mapa vectorial eps Ciudad Real<\/strong> <\/a>, Ciudad Rodrigo , Conil de La Frontera, Consuegra , <a title=\"Mapa vectorial eps C\u00f3rdoba\" href=\"https:\/\/www.bc-maps.com\/mapa-vectorial-eps\/mapas-vectoriales\/espana\/ciudades\/cordoba\/\" target=\"_self\" rel=\"noopener\"><strong>Mapa vectorial eps illustrator&nbsp;C\u00f3rdoba<\/strong><\/a>, Covarrubias, Mapa vectorial eps Cuenca, Sant Cugat, Daroca , Denia, <a title=\"Mapa en Illustrator de Donostia-San Sebasti\u00e1n\" href=\"https:\/\/www.bc-maps.com\/mapa-vectorial-eps\/mapa-eps-illustrator-donostia-san-sebastian\/\"><strong>Mapa vectorial eps illustrator Donostia-San Sebasti\u00e1n<\/strong><\/a>, \u00c9cija, , <a title=\"Mapa vectoria eps Eivissa\" href=\"https:\/\/www.bc-maps.com\/mapa-vectorial-eps\/mapas-vectoriales\/espana\/ciudades\/eivissa-ibiza\/\" target=\"_self\" rel=\"noopener\"><strong>Mapa vectorial eps illustrator&nbsp;Eivissa<\/strong><\/a>,<\/p>\n\n\n\n<p>Ejea de los Caballeros, Escalona, Escatr\u00f3n, El Escorial, Espejo, Espinosa de los Monteros , Esquivias ,Estella , Estepona, Figueres , Finestrat , Formentera , Fr\u00edas , Fuengirola, Fuerteventura, Fuentetodos , Gij\u00f3n, <a title=\"Mapa vectorial eps Girona\" href=\"https:\/\/www.bc-maps.com\/mapa-vectorial-eps\/mapas-vectoriales\/espana\/ciudades\/girona\/\" target=\"_self\" rel=\"noopener\"><strong>Mapa vectorial eps illustrator&nbsp;Girona<\/strong><\/a>, La Gomera, <a title=\"Mapa Vectorial Illustrator eps Granada\" href=\"https:\/\/www.bc-maps.com\/mapa-vectorial-eps\/mapas-vectoriales\/espana\/ciudades\/granada\/\" target=\"_self\" rel=\"noopener\"><strong>Mapa vectorial eps illustrator&nbsp;Granada<\/strong><\/a>, Gran Canaria, <a title=\"Mapa Vectorial eps Illustrator Guadalajara\" href=\"https:\/\/www.bc-maps.com\/mapa-vectorial-eps\/mapas-vectoriales\/espana\/ciudades\/guadalajara\/\" target=\"_self\" rel=\"noopener\"><strong>Mapa vectorial eps illustrator&nbsp;Guadalajara<\/strong><\/a>, Guadalupe,<\/p>\n\n\n\n<p>Guadamur, Guadix , Guardamar del Segura, El Hierro, Huelva , <a title=\"Mapa vectorial eps Illustrator Huesca\" href=\"https:\/\/www.bc-maps.com\/mapa-vectorial-eps\/mapas-vectoriales\/espana\/ciudades\/huesca\/\" target=\"_self\" rel=\"noopener\"><strong>Mapa vectorial eps illustrator&nbsp;Huesca<\/strong><\/a>, Hu\u00e9scar&nbsp; Illanoz , Illescas, Illora, Isla Canela, <a title=\"Mapa vectorial eps Illustrator Isla Cristina\" href=\"https:\/\/www.bc-maps.com\/mapa-vectorial-eps\/mapas-vectoriales\/espana\/ciudades\/isla-cristina\/\" target=\"_self\" rel=\"noopener\"><strong>Mapa vectorial eps illustrator&nbsp;Isla Cristina<\/strong><\/a>,Islantilla, It\u00e1lica, Isaba, Itero, Ja\u00e9n , X\u00e0tiva\/J\u00e1tiva , J\u00e1vea, Jerez , <a title=\"Mapa vectorial la Granja\" href=\"https:\/\/www.bc-maps.com\/mapa-vectorial-eps\/mapas-vectoriales\/espana\/ciudades\/la-granja\/\" target=\"_self\" rel=\"noopener\"><strong>Mapa vectorial La Granja<\/strong><\/a>, La Herradura, La Palma, Lagartera, Lanjar\u00f3 , Lanzarote, <a title=\"Mapa vectorial Las Palmas\" href=\"https:\/\/www.bc-maps.com\/mapa-vectorial-eps\/mapas-vectoriales\/espana\/ciudades\/las-palmas\/\" target=\"_self\" rel=\"noopener\"><strong>Mapa vectorial eps illustrator&nbsp;Las Palmas<\/strong><\/a>, <strong><a title=\"Mapa vectorial eps Le\u00f3n\" href=\"https:\/\/www.bc-maps.com\/mapa-vectorial-eps\/mapas-vectoriales\/espana\/ciudades\/leon\/\" target=\"_self\" rel=\"noopener\">Mapa vectorial eps illustrator&nbsp;Le\u00f3n<\/a><\/strong>, <strong><a title=\"Mapa vectorial eps Lleida\" href=\"https:\/\/www.bc-maps.com\/mapa-vectorial-eps\/mapas-vectoriales\/espana\/ciudades\/lleida\/\" target=\"_self\" rel=\"noopener\">Mapa vectorial eps illustrator&nbsp;Lleida<\/a><\/strong>, &nbsp;Lloret de Mar, Logro\u00f1o, Loja, <strong><a title=\"Mapa vectorial eps Lugo\" href=\"https:\/\/www.bc-maps.com\/mapa-vectorial-eps\/mapas-vectoriales\/espana\/ciudades\/lugo\/\" target=\"_self\" rel=\"noopener\">Mapa vectorial eps Lugo<\/a><\/strong>, <a href=\"https:\/\/www.bc-maps.com\/mapa-vectorial-eps\/mapas-vectoriales\/espana\/ciudades\/madrid\/\"><strong>Mapa vectorial eps illustrator Madrid<\/strong><\/a>, <strong><a title=\"Mapa en Illustrator de M\u00e1laga\" href=\"https:\/\/www.bc-maps.com\/mapa-vectorial-eps\/mapa-illustrator-eps-illustrator-malaga\/\">Mapa vectorial illustrator eps M\u00e1laga<\/a><\/strong> , Maqueda ,<\/p>\n\n\n\n<p>Marbella , Matar\u00f3, Matalasca\u00f1as, Mecina, Medina Azahara, Medina de Pomar, <strong><a title=\"Mapa vectorial illustrator eps Merida\" href=\"https:\/\/www.bc-maps.com\/mapa-vectorial-eps\/mapas-vectoriales\/espana\/ciudades\/merida\/\" target=\"_self\" rel=\"noopener\">Mapa vectorial eps illustrator&nbsp;M\u00e9rida<\/a><\/strong>, Mijas, Miranda del Casta\u00f1ar, Mogarraz, Montefr\u00edo, Montilla, Montoro, Montserrat , Moradillo de Sedano, Morella, Moriles, <strong><a href=\"https:\/\/www.bc-maps.com\/mapa-vectorial-eps\/mapa-vectorial-illustrator-eps-murcia\/\"><span style=\"color: #000000;\"><span style=\"color: #339966;\">Mapa vectorial eps illustrator Murcia<\/span><\/span><\/a><\/strong>, Nerja, Nuevalos, Nuevo Portil , Oca\u00f1a, Ochagav\u00eda, Oj\u00e9n, Olite, Olmillos, Ourense, Orgaz, Oropesa, Orvija, Osuna , Oviedo, Palencia, <a href=\"https:\/\/www.bc-maps.com\/mapa-vectorial-eps\/mapas-vectoriales\/espana\/ciudades\/palma\/\"><strong>Mapa Vectorial eps illustrator Palma<\/strong><\/a>, Palmar ,<\/p>\n\n\n\n<p>Palos de la Frontera, Pampaneira , Pamplona , <a title=\"Mapa vectorial eps Pego\" href=\"https:\/\/www.bc-maps.com\/mapa-vectorial-eps\/mapas-vectoriales\/espana\/ciudades\/pego\/\" target=\"_self\" rel=\"noopener\"><strong>Mapa vectorial eps illustrator&nbsp;Pego<\/strong><\/a>, Pe\u00f1aranda del Duero, Pe\u00f1\u00edscola , Pilar de Horadada, Pinos Puente, Pizarra, <strong><a title=\"Mapa vectorial eps Plasencia\" href=\"https:\/\/www.bc-maps.com\/mapa-vectorial-eps\/mapas-vectoriales\/espana\/ciudades\/plasencia\/\" target=\"_self\" rel=\"noopener\">Mapa vectorial eps Plasencia<\/a><\/strong>, Pontevedra, Priego, Puentearenas, Puente del Arzobispo, Puente la Reina, Puerto Ban\u00fas , El Puerto de Santa Mar\u00eda, Punta Umbr\u00eda, Quintanar de la Orden , Quintanilla de las Vi\u00f1as, La R\u00e1bida , Rebolledo de la Torre, Redecilla del Camino, Rinc\u00f3n de la Victoria, <a href=\"https:\/\/www.bc-maps.com\/mapa-vectorial-eps\/mapas-vectoriales\/espana\/ciudades\/Roquetas\/\"><strong>Mapa vectorial eps illustrator Roquetas de Mar<\/strong><\/a>, El Rompido, Roncal, Roncesvalles, Ronda , Rota , <strong><a title=\"Mapa vectorial eps Sabadell\" href=\"https:\/\/www.bc-maps.com\/mapa-vectorial-eps\/mapas-vectoriales\/espana\/ciudades\/sabadell\/\" target=\"_self\" rel=\"noopener\">Mapa vectorial eps Sabadell<\/a><\/strong>, Sagunto,<\/p>\n\n\n\n<p>San Jos\u00e9 del Monte, San Juan de Ortega, <strong><a title=\"Mapa vectorial eps illustrator Salamanca\" href=\"https:\/\/www.bc-maps.com\/mapa-vectorial-eps\/mapas-vectoriales\/espana\/ciudades\/salamanca\/\" target=\"_self\" rel=\"noopener\">Mapa vectorial eps illustrator&nbsp;Salamanca<\/a><\/strong>, Salas de los Infantes, Salobre\u00f1a, Sang\u00fcesa, San Pedro de Alc\u00e1ntara, San Salvador de Leyre, &nbsp;<strong><a title=\"Mapa vectorial eps Sant Antoni de Portmany\" href=\"http:\/\/https:\/\/www.bc-maps.com\/mapa-vectorial-eps\/mapas-vectoria<br \/><br \/><br \/> les\/espana\/ciudades\/sant-antony-de-portmany\/\u00bb target=\u00bb_self\u00bb rel=\u00bbnoopener\u00bb>Mapa vectorial eps illustrator&nbsp;Sant Antoni de Portmany<\/a><\/strong>, Sant Pere de Ribes, Sant Sadurn\u00ed d&#8217;Anoia, <strong><a title=\"Mapa vectorial Santa Eularia des Riu\" href=\"https:\/\/www.bc-maps.com\/mapa-vectorial-eps\/mapas-vectoriales\/espana\/ciudades\/santa-eularia-des-riu\/\" target=\"_self\" rel=\"noopener\">Mapa vectorial eps Santa Eul\u00e0ria des Riu<\/a><\/strong>, Santa Fe (Granada) , Santa Pola (Alicante) , Santander , Santiago de Compostela , <strong>Mapa vectorial eps illustrator&nbsp;Santillana del Mar<\/strong> , Santiponce, <strong>Mapa vectorial eps illustrator&nbsp;Sant Pol de Mar<\/strong>, Sedano, <strong><a title=\"Mapa vectorial eps Segovia\" href=\"https:\/\/www.bc-maps.com\/mapa-vectorial-eps\/mapas-vectoriales\/espana\/ciudades\/segovia\/\" target=\"_self\" rel=\"noopener\">Mapa vectorial eps illustrator&nbsp;Segovia<\/a><\/strong>,<\/p>\n\n\n\n<p>Sequeros,&nbsp;<a href=\"https:\/\/www.bc-maps.com\/mapa-vectorial-eps\/mapas-vectoriales\/espana\/ciudades\/sevilla\/\"><strong>Mapa vectorial eps illustrator Sevilla<\/strong><\/a>, Sig\u00fcenza, Silos, Sitges, Soportuja, Soria, Sos del Rey Cat\u00f3lico, Tabarca, Tafalla, Talavera de la Reina, Tarazona, Tarifa, <strong><a title=\"Mapa vectorial illustrator eps Tarragona\" href=\"https:\/\/www.bc-maps.com\/mapa-vectorial-eps\/mapas-vectoriales\/espana\/ciudades\/tarragona\/\" target=\"_self\" rel=\"noopener\">Mapa vectorial illustrator eps Tarragona<\/a><\/strong> , Tauste, Tembleque, <strong><a title=\"Mapa vectorial eps Santa Cruz de Tenerife\" href=\"https:\/\/www.bc-maps.com\/mapa-vectorial-eps\/mapas-vectoriales\/espana\/ciudades\/santa-cruz-de-tenerife\/\" target=\"_self\" rel=\"noopener\">Mapa vectorial eps illustrator&nbsp;Santa Cruz de Tenerife<\/a><\/strong>, Terrasa, Teruel,<strong>El Toboso<\/strong><a href=\"https:\/\/www.bc-maps.com\/mapa-vectorial-eps\/mapas-vectoriales\/espana\/ciudades\/toledo\/\"><strong>,Mapa vectorial eps illustrator Toledo<\/strong><\/a>, Torcal de Antequera, Torremolinos, Torrenueva, Torrevieja, Torrijos, Tossa de Mar , El Toyo , Tr\u00e9velez, Trujillo, Tudela, Uncastillo,<\/p>\n\n\n\n<p><a href=\"https:\/\/www.bc-maps.com\/mapa-vectorial-eps\/mapas-vectoriales\/espana\/ciudades\/valencia\/\"><strong>Mapa vectorial eps illustrator Valencia<\/strong><\/a>, <strong>Mapa vectorial eps illustrator&nbsp;Valladolid<\/strong> , Valor, V\u00e9lez, Vera, Viana, <strong><a title=\"Mapa vectorial eps illustrator Vigo\" href=\"https:\/\/www.bc-maps.com\/mapa-vectorial-eps\/mapas-vectoriales\/espana\/ciudades\/vigo\/\" target=\"_self\" rel=\"noopener\">Mapa vectorial eps illustrator&nbsp;Vigo<\/a><\/strong>, Vilafranca del Pened\u00e8s, <strong><a title=\"Mapa vectorial eps illustrator Vinar\u00f2s\" href=\"https:\/\/www.bc-maps.com\/mapa-vectorial-eps\/mapas-vectoriales\/espana\/ciudades\/vinaros\/\" target=\"_self\" rel=\"noopener\">Mapa vectorial eps illustrator&nbsp;Vin\u00e0ros<\/a><\/strong>, Vitoria-Gasteiz, Yesa,&nbsp; Zahara de Los Atunes, Zamora , <a href=\"https:\/\/www.bc-maps.com\/mapa-vectorial-eps\/mapas-vectoriales\/espana\/ciudades\/zaragoza\/\"><strong>Mapa vectorial eps illustrator Zaragoza<\/strong><\/a>.<\/p>\n","protected":false},"excerpt":{"rendered":"<p>Mapas illustrator de ciudades de Espa\u00f1a Mapas y planos callejeros vectoriales de cualquier poblaci\u00f3n. Planos de las calles de todas las ciudades de Espa\u00f1a BC Maps elabora mapas en illustrator adapt\u00e1ndose a la necesidad de cada cliente . El mapa vectorial se entrega siempre totalmente editable, textos como colores, y estructurado por medio de capas &hellip; <a href=\"https:\/\/www.bc-maps.com\/mapa-vectorial-eps\/mapas-vectoriales\/espana\/ciudades\/\" class=\"more-link\">Seguir leyendo <span class=\"screen-reader-text\">Ciudades<\/span> <span class=\"meta-nav\">&rarr;<\/span><\/a><\/p>\n","protected":false},"author":1,"featured_media":3365,"parent":36,"menu_order":1,"comment_status":"closed","ping_status":"closed","template":"","meta":{"footnotes":""},"class_list":["post-52","page","type-page","status-publish","has-post-thumbnail","hentry"],"_links":{"self":[{"href":"https:\/\/www.bc-maps.com\/mapa-vectorial-eps\/wp-json\/wp\/v2\/pages\/52","targetHints":{"allow":["GET"]}}],"collection":[{"href":"https:\/\/www.bc-maps.com\/mapa-vectorial-eps\/wp-json\/wp\/v2\/pages"}],"about":[{"href":"https:\/\/www.bc-maps.com\/mapa-vectorial-eps\/wp-json\/wp\/v2\/types\/page"}],"author":[{"embeddable":true,"href":"https:\/\/www.bc-maps.com\/mapa-vectorial-eps\/wp-json\/wp\/v2\/users\/1"}],"replies":[{"embeddable":true,"href":"https:\/\/www.bc-maps.com\/mapa-vectorial-eps\/wp-json\/wp\/v2\/comments?post=52"}],"version-history":[{"count":12,"href":"https:\/\/www.bc-maps.com\/mapa-vectorial-eps\/wp-json\/wp\/v2\/pages\/52\/revisions"}],"predecessor-version":[{"id":8224,"href":"https:\/\/www.bc-maps.com\/mapa-vectorial-eps\/wp-json\/wp\/v2\/pages\/52\/revisions\/8224"}],"up":[{"embeddable":true,"href":"https:\/\/www.bc-maps.com\/mapa-vectorial-eps\/wp-json\/wp\/v2\/pages\/36"}],"wp:featuredmedia":[{"embeddable":true,"href":"https:\/\/www.bc-maps.com\/mapa-vectorial-eps\/wp-json\/wp\/v2\/media\/3365"}],"wp:attachment":[{"href":"https:\/\/www.bc-maps.com\/mapa-vectorial-eps\/wp-json\/wp\/v2\/media?parent=52"}],"curies":[{"name":"wp","href":"https:\/\/api.w.org\/{rel}","templated":true}]}}