{"id":5196,"date":"2022-11-01T08:53:46","date_gmt":"2022-11-01T08:53:46","guid":{"rendered":"http:\/\/www.bc-maps.com\/mapa-vectorial-eps\/bloques-economicos-mapa-libro-texto-mexico-vectorial-illustrator-eps-ai-editable-2\/"},"modified":"2022-11-02T17:26:28","modified_gmt":"2022-11-02T17:26:28","slug":"mapa-ganaderia-mapa-libro-texto-mexico-vectorial-illustrator-eps-ai-editable","status":"publish","type":"page","link":"https:\/\/www.bc-maps.com\/mapa-vectorial-eps\/mapa-ganaderia-mapa-libro-texto-mexico-vectorial-illustrator-eps-ai-editable\/","title":{"rendered":"Mapa ganader\u00eda de M\u00e9xico, mapas libro texto, vectorial Illustrator eps ai editable por capas"},"content":{"rendered":"<h1>Mapas tem\u00e1ticos y gr\u00e1ficos vectoriales de M\u00e9xico para libro de texto<\/h1>\n<h2>Mapas y gr\u00e1ficos vectoriales editables estructurados por capas para Primaria, Secundaria y Bachillerato<\/h2>\n<p>Podemos crear cualquier tipo de mapas y gr\u00e1ficos para libros de texto, mapas tem\u00e1ticos, mapa de coropletas, mapas hist\u00f3ricos<\/p>\n<p>Los mapas se entregan en formatos editables <a href=\"http:\/\/www.adobe.com\/es\">adobe<\/a> illustrator, eps, corel, freehand,\u00a0se pueden entregar en cualquier lengua, castellano, catalanidad, valenciano, euskera, gallego, franc\u00e9s, ingl\u00e9s&#8230;etc<\/p>\n<figure id=\"attachment_5198\" aria-describedby=\"caption-attachment-5198\" style=\"width: 338px\" class=\"wp-caption alignnone\"><a href=\"http:\/\/www.bc-maps.com\/wp-content\/uploads\/2022\/11\/mapa-ganaderia-Mexico-libro-texto-vectorial-illustrator-eps.jpg\" target=\"_blank\" rel=\"noopener\"><img loading=\"lazy\" decoding=\"async\" class=\"wp-image-5198\" src=\"http:\/\/www.bc-maps.com\/wp-content\/uploads\/2022\/11\/mapa-ganaderia-Mexico-libro-texto-vectorial-illustrator-eps-300x243.jpg\" alt=\"mapa-ganaderia-Mexico-libro-texto-vectorial-illustrator-eps\" width=\"338\" height=\"274\" srcset=\"https:\/\/www.bc-maps.com\/wp-content\/uploads\/2022\/11\/mapa-ganaderia-Mexico-libro-texto-vectorial-illustrator-eps-300x243.jpg 300w, https:\/\/www.bc-maps.com\/wp-content\/uploads\/2022\/11\/mapa-ganaderia-Mexico-libro-texto-vectorial-illustrator-eps-768x621.jpg 768w, https:\/\/www.bc-maps.com\/wp-content\/uploads\/2022\/11\/mapa-ganaderia-Mexico-libro-texto-vectorial-illustrator-eps.jpg 799w\" sizes=\"auto, (max-width: 338px) 100vw, 338px\" \/><\/a><figcaption id=\"caption-attachment-5198\" class=\"wp-caption-text\">mapa-ganaderia-Mexico-libro-texto-vectorial-illustrator-eps<\/figcaption><\/figure>\n<p>El contenido de informaci\u00f3n depender\u00e1 del tama\u00f1o de la zona y la escala o medidas de reproducci\u00f3n, ya que no trabajamos con textos inferiores a 5 puntos para que sean legibles.<\/p>\n<p>El contenido depender\u00e1 del tama\u00f1o de la zona y la escala o medidas de reproducci\u00f3n, no trabajamos con textos inferiores a 5 puntos para que sean legibles.<\/p>\n<p>Tambi\u00e9n podemos a\u00f1adir cualquier otra informaci\u00f3n pr\u00e1ctica que nos soliciten ustedes.<\/p>\n<p>Nuestros mapas est\u00e1n estructurados por medio de capas y son totalmente editables, modificables, \u00a0tanto \u00a0colores y\u00a0fuentes\/textos.<\/p>\n<p>Nuestro ficheros\u00a0son libres de derechos para cualquier reproducci\u00f3n, incluyendo nuestro copyright.<\/p>\n<p>Los maps\u00a0est\u00e1n creados con licencias oficiales de programas de<a href=\"https:\/\/www.adobe.com\/es\/\"> Adobe<\/a>, habitualmente entregamos en version CC, pero podemos entregar tambi\u00e9n en otras versiones.<\/p>\n<p>SI lo desean tambi\u00e9n podemos entregar el mapa impreso y personalizado en la medida y plegado que les interese creando lo que conocemos como <a href=\"https:\/\/www.bc-maps.com\/mapa-vectorial-eps\/mapa-ibiza-resort-7-pines-2021\/\">mapa personalizado<\/a><\/p>\n","protected":false},"excerpt":{"rendered":"<p>Mapas tem\u00e1ticos y gr\u00e1ficos vectoriales de M\u00e9xico para libro de texto Mapas y gr\u00e1ficos vectoriales editables estructurados por capas para Primaria, Secundaria y Bachillerato Podemos crear cualquier tipo de mapas y gr\u00e1ficos para libros de texto, mapas tem\u00e1ticos, mapa de coropletas, mapas hist\u00f3ricos Los mapas se entregan en formatos editables adobe illustrator, eps, corel, freehand,\u00a0se &hellip; <a href=\"https:\/\/www.bc-maps.com\/mapa-vectorial-eps\/mapa-ganaderia-mapa-libro-texto-mexico-vectorial-illustrator-eps-ai-editable\/\" class=\"more-link\">Seguir leyendo <span class=\"screen-reader-text\">Mapa ganader\u00eda de M\u00e9xico, mapas libro texto, vectorial Illustrator eps ai editable por capas<\/span> <span class=\"meta-nav\">&rarr;<\/span><\/a><\/p>\n","protected":false},"author":1,"featured_media":5198,"parent":0,"menu_order":0,"comment_status":"closed","ping_status":"closed","template":"","meta":{"footnotes":""},"class_list":["post-5196","page","type-page","status-publish","has-post-thumbnail","hentry"],"_links":{"self":[{"href":"https:\/\/www.bc-maps.com\/mapa-vectorial-eps\/wp-json\/wp\/v2\/pages\/5196","targetHints":{"allow":["GET"]}}],"collection":[{"href":"https:\/\/www.bc-maps.com\/mapa-vectorial-eps\/wp-json\/wp\/v2\/pages"}],"about":[{"href":"https:\/\/www.bc-maps.com\/mapa-vectorial-eps\/wp-json\/wp\/v2\/types\/page"}],"author":[{"embeddable":true,"href":"https:\/\/www.bc-maps.com\/mapa-vectorial-eps\/wp-json\/wp\/v2\/users\/1"}],"replies":[{"embeddable":true,"href":"https:\/\/www.bc-maps.com\/mapa-vectorial-eps\/wp-json\/wp\/v2\/comments?post=5196"}],"version-history":[{"count":2,"href":"https:\/\/www.bc-maps.com\/mapa-vectorial-eps\/wp-json\/wp\/v2\/pages\/5196\/revisions"}],"predecessor-version":[{"id":5200,"href":"https:\/\/www.bc-maps.com\/mapa-vectorial-eps\/wp-json\/wp\/v2\/pages\/5196\/revisions\/5200"}],"wp:featuredmedia":[{"embeddable":true,"href":"https:\/\/www.bc-maps.com\/mapa-vectorial-eps\/wp-json\/wp\/v2\/media\/5198"}],"wp:attachment":[{"href":"https:\/\/www.bc-maps.com\/mapa-vectorial-eps\/wp-json\/wp\/v2\/media?parent=5196"}],"curies":[{"name":"wp","href":"https:\/\/api.w.org\/{rel}","templated":true}]}}