{"id":5136,"date":"2022-11-01T08:53:46","date_gmt":"2022-11-01T08:53:46","guid":{"rendered":"http:\/\/www.bc-maps.com\/mapa-vectorial-eps\/eivissa-dalt-vila-mapa-vectorial-illustrator-eps-ai-editable-capas-2\/"},"modified":"2022-11-02T08:36:51","modified_gmt":"2022-11-02T08:36:51","slug":"illa-eivissa-mapa-vectorial-illustrator-eps-ai-editable-capas","status":"publish","type":"page","link":"https:\/\/www.bc-maps.com\/mapa-vectorial-eps\/illa-eivissa-mapa-vectorial-illustrator-eps-ai-editable-capas\/","title":{"rendered":"Illa de Eivissa mapa vectorial Illustrator eps ai editable por capas"},"content":{"rendered":"<h1>de Planos y mapas vectoriales de Illa Eivissa mapa vectorial Illustrator eps ai editable por capas<\/h1>\n<h2>Mapas vectoriales editables estructurados por capas de Illa de Eivissa<\/h2>\n<h3>Planos vectoriales de ciudades de la Isla de Eivissa<\/h3>\n<p>Podemos crear cualquier tipo de mapa de Illa de Eivissa mapas parciales, mapas generales, mapas de detalle, \u2026etc.<\/p>\n<p>Los mapas se entregan en formatos editables <a href=\"http:\/\/www.adobe.com\/es\">adobe<\/a> illustrator, eps, corel, freehand.<\/p>\n<figure id=\"attachment_5139\" aria-describedby=\"caption-attachment-5139\" style=\"width: 300px\" class=\"wp-caption alignnone\"><a href=\"http:\/\/www.bc-maps.com\/wp-content\/uploads\/2022\/11\/Eivissa-illa-mapa-plano-vectorial-illustrator-eps-editable.jpg\" target=\"_blank\" rel=\"noopener\"><img loading=\"lazy\" decoding=\"async\" class=\"wp-image-5139 size-medium\" src=\"http:\/\/www.bc-maps.com\/wp-content\/uploads\/2022\/11\/Eivissa-illa-mapa-plano-vectorial-illustrator-eps-editable-300x221.jpg\" alt=\"Eivissa-illa-mapa-plano-vectorial-illustrator-eps-editable\" width=\"300\" height=\"221\" srcset=\"https:\/\/www.bc-maps.com\/wp-content\/uploads\/2022\/11\/Eivissa-illa-mapa-plano-vectorial-illustrator-eps-editable-300x221.jpg 300w, https:\/\/www.bc-maps.com\/wp-content\/uploads\/2022\/11\/Eivissa-illa-mapa-plano-vectorial-illustrator-eps-editable-1024x756.jpg 1024w, https:\/\/www.bc-maps.com\/wp-content\/uploads\/2022\/11\/Eivissa-illa-mapa-plano-vectorial-illustrator-eps-editable-768x567.jpg 768w, https:\/\/www.bc-maps.com\/wp-content\/uploads\/2022\/11\/Eivissa-illa-mapa-plano-vectorial-illustrator-eps-editable-1536x1133.jpg 1536w, https:\/\/www.bc-maps.com\/wp-content\/uploads\/2022\/11\/Eivissa-illa-mapa-plano-vectorial-illustrator-eps-editable-2048x1511.jpg 2048w\" sizes=\"auto, (max-width: 300px) 100vw, 300px\" \/><\/a><figcaption id=\"caption-attachment-5139\" class=\"wp-caption-text\">Eivissa-illa-mapa-plano-vectorial-illustrator-eps-editable<\/figcaption><\/figure>\n<p>El contenido de informaci\u00f3n depender\u00e1 del tama\u00f1o de la zona y la escala o medidas de reproducci\u00f3n, ya que no trabajamos con textos inferiores a 5 puntos para que sean legibles.<\/p>\n<p>El contenido depender\u00e1 del tama\u00f1o de la zona y la escala o medidas de reproducci\u00f3n, no trabajamos con textos inferiores a 5 puntos para que sean legibles.<\/p>\n<p>La informaci\u00f3n disponible va desde\u00a0monumentos, lugares de inter\u00e9s y populares, museos, oficinas de turismo, centros comerciales, medios de transporte.<\/p>\n<p>Tambi\u00e9n podemos a\u00f1adir cualquier otra informaci\u00f3n pr\u00e1ctica que nos soliciten ustedes.<\/p>\n<p>Nuestros mapas est\u00e1n estructurados por medio de capas y son totalmente editables, modificables, \u00a0tanto \u00a0colores y\u00a0fuentes\/textos.<\/p>\n<p>Nuestro ficheros\u00a0son libres de derechos para cualquier reproducci\u00f3n, incluyendo nuestro copyright.<\/p>\n<p>Los maps\u00a0est\u00e1n creados con licencias oficiales de programas de<a href=\"https:\/\/www.adobe.com\/es\/\"> Adobe<\/a>, habitualmente entregamos en version CC, pero podemos entregar tambi\u00e9n en otras versiones.<\/p>\n<p>SI lo desean tambi\u00e9n podemos entregar el mapa impreso y personalizado en la medida y plegado que les interese creando lo que conocemos como <a href=\"https:\/\/www.bc-maps.com\/mapa-vectorial-eps\/mapa-ibiza-resort-7-pines-2021\/\">mapa personalizado<\/a><\/p>\n","protected":false},"excerpt":{"rendered":"<p>de Planos y mapas vectoriales de Illa Eivissa mapa vectorial Illustrator eps ai editable por capas Mapas vectoriales editables estructurados por capas de Illa de Eivissa Planos vectoriales de ciudades de la Isla de Eivissa Podemos crear cualquier tipo de mapa de Illa de Eivissa mapas parciales, mapas generales, mapas de detalle, \u2026etc. Los mapas &hellip; <a href=\"https:\/\/www.bc-maps.com\/mapa-vectorial-eps\/illa-eivissa-mapa-vectorial-illustrator-eps-ai-editable-capas\/\" class=\"more-link\">Seguir leyendo <span class=\"screen-reader-text\">Illa de Eivissa mapa vectorial Illustrator eps ai editable por capas<\/span> <span class=\"meta-nav\">&rarr;<\/span><\/a><\/p>\n","protected":false},"author":1,"featured_media":5139,"parent":0,"menu_order":0,"comment_status":"closed","ping_status":"closed","template":"","meta":{"footnotes":""},"class_list":["post-5136","page","type-page","status-publish","has-post-thumbnail","hentry"],"_links":{"self":[{"href":"https:\/\/www.bc-maps.com\/mapa-vectorial-eps\/wp-json\/wp\/v2\/pages\/5136","targetHints":{"allow":["GET"]}}],"collection":[{"href":"https:\/\/www.bc-maps.com\/mapa-vectorial-eps\/wp-json\/wp\/v2\/pages"}],"about":[{"href":"https:\/\/www.bc-maps.com\/mapa-vectorial-eps\/wp-json\/wp\/v2\/types\/page"}],"author":[{"embeddable":true,"href":"https:\/\/www.bc-maps.com\/mapa-vectorial-eps\/wp-json\/wp\/v2\/users\/1"}],"replies":[{"embeddable":true,"href":"https:\/\/www.bc-maps.com\/mapa-vectorial-eps\/wp-json\/wp\/v2\/comments?post=5136"}],"version-history":[{"count":2,"href":"https:\/\/www.bc-maps.com\/mapa-vectorial-eps\/wp-json\/wp\/v2\/pages\/5136\/revisions"}],"predecessor-version":[{"id":5140,"href":"https:\/\/www.bc-maps.com\/mapa-vectorial-eps\/wp-json\/wp\/v2\/pages\/5136\/revisions\/5140"}],"wp:featuredmedia":[{"embeddable":true,"href":"https:\/\/www.bc-maps.com\/mapa-vectorial-eps\/wp-json\/wp\/v2\/media\/5139"}],"wp:attachment":[{"href":"https:\/\/www.bc-maps.com\/mapa-vectorial-eps\/wp-json\/wp\/v2\/media?parent=5136"}],"curies":[{"name":"wp","href":"https:\/\/api.w.org\/{rel}","templated":true}]}}