{"id":508,"date":"2012-05-03T09:52:04","date_gmt":"2012-05-03T09:52:04","guid":{"rendered":"http:\/\/www.bc-maps.com\/mapa-vectorial-eps\/?page_id=508"},"modified":"2021-10-05T09:29:34","modified_gmt":"2021-10-05T09:29:34","slug":"sant-antoni-de-portmany","status":"publish","type":"page","link":"https:\/\/www.bc-maps.com\/mapa-vectorial-eps\/mapas-vectoriales\/espana\/ciudades\/sant-antoni-de-portmany\/","title":{"rendered":"Sant Antony de Portmany mapa vectorial illustrator eps editable"},"content":{"rendered":"<h1>Planos y mapas vectoriales de Sant Antoni de Portmany<\/h1>\n<h2>Mapas vectoriales editables eps, illustrator, freehand,pdf de las calles de Sant Antoni de Portmany<\/h2>\n<h3>Planos vectoriales de ciudades de la isla de Ibiza\/Eivissa<\/h3>\n<p>Podemos crear cualquier tipo de mapa de la ciudad de Sant Antoni de Portmany, planos parciales, planos generales, planos de detalle\u2026etc.<\/p>\n<figure id=\"attachment_3467\" aria-describedby=\"caption-attachment-3467\" style=\"width: 300px\" class=\"wp-caption alignnone\"><a href=\"http:\/\/www.bc-maps.com\/wp-content\/uploads\/2012\/05\/mapa-vectorial-illustrator-eps-Sant-Antoni-de-Portmany.jpg\" target=\"_blank\" rel=\"noopener noreferrer\"><img loading=\"lazy\" decoding=\"async\" class=\"mapa vectorial illustrator eps Sant Antoni de Portmany wp-image-3467 size-medium\" title=\"mapa vectorial illustrator eps Sant Antoni de Portmany\" src=\"http:\/\/www.bc-maps.com\/wp-content\/uploads\/2012\/05\/mapa-vectorial-illustrator-eps-Sant-Antoni-de-Portmany-300x250.jpg\" alt=\"mapa vectorial illustrator eps Sant Antoni de Portmany\" width=\"300\" height=\"250\" srcset=\"https:\/\/www.bc-maps.com\/wp-content\/uploads\/2012\/05\/mapa-vectorial-illustrator-eps-Sant-Antoni-de-Portmany-300x250.jpg 300w, https:\/\/www.bc-maps.com\/wp-content\/uploads\/2012\/05\/mapa-vectorial-illustrator-eps-Sant-Antoni-de-Portmany-768x641.jpg 768w, https:\/\/www.bc-maps.com\/wp-content\/uploads\/2012\/05\/mapa-vectorial-illustrator-eps-Sant-Antoni-de-Portmany-1024x854.jpg 1024w, https:\/\/www.bc-maps.com\/wp-content\/uploads\/2012\/05\/mapa-vectorial-illustrator-eps-Sant-Antoni-de-Portmany.jpg 1495w\" sizes=\"auto, (max-width: 300px) 100vw, 300px\" \/><\/a><figcaption id=\"caption-attachment-3467\" class=\"wp-caption-text\">mapa vectorial illustrator eps Sant Antoni de Portmany<\/figcaption><\/figure>\n<p>La informaci\u00f3n disponible va desde\u00a0monumentos, lugares de inter\u00e9s y populares, museos, oficinas de turismo, centros comerciales, medios de transporte.<\/p>\n<p>Tambi\u00e9n podemos a\u00f1adir cualquier otra informaci\u00f3n pr\u00e1ctica que nos soliciten ustedes.<\/p>\n<p>Nuestros mapas est\u00e1n estructurados por medio de capas y son totalmente editables, modificables, \u00a0tanto \u00a0colores y\u00a0fuentes\/textos.<\/p>\n<p>Nuestro ficheros\u00a0son libres de derechos para cualquier reproducci\u00f3n, incluyendo nuestro copyright.<\/p>\n<p>Los maps\u00a0est\u00e1n creados con licencias oficiales de programas de <a href=\"http:\/\/www.adobe.com\/es\">Adobe,<\/a> habitualmente entregamos en version CC, pero podemos entregar tambi\u00e9n en otras versiones.<\/p>\n<p>El contenido de informaci\u00f3n depender\u00e1 del tama\u00f1o de la zona y la escala o medidas de reproducci\u00f3n, ya que no trabajamos con textos inferiores a 5 puntos para que sean legibles.<\/p>\n","protected":false},"excerpt":{"rendered":"<p>Planos y mapas vectoriales de Sant Antoni de Portmany Mapas vectoriales editables eps, illustrator, freehand,pdf de las calles de Sant Antoni de Portmany Planos vectoriales de ciudades de la isla de Ibiza\/Eivissa Podemos crear cualquier tipo de mapa de la ciudad de Sant Antoni de Portmany, planos parciales, planos generales, planos de detalle\u2026etc. La informaci\u00f3n &hellip; <a href=\"https:\/\/www.bc-maps.com\/mapa-vectorial-eps\/mapas-vectoriales\/espana\/ciudades\/sant-antoni-de-portmany\/\" class=\"more-link\">Seguir leyendo <span class=\"screen-reader-text\">Sant Antony de Portmany mapa vectorial illustrator eps editable<\/span> <span class=\"meta-nav\">&rarr;<\/span><\/a><\/p>\n","protected":false},"author":1,"featured_media":0,"parent":52,"menu_order":0,"comment_status":"closed","ping_status":"closed","template":"","meta":{"footnotes":""},"class_list":["post-508","page","type-page","status-publish","hentry"],"_links":{"self":[{"href":"https:\/\/www.bc-maps.com\/mapa-vectorial-eps\/wp-json\/wp\/v2\/pages\/508","targetHints":{"allow":["GET"]}}],"collection":[{"href":"https:\/\/www.bc-maps.com\/mapa-vectorial-eps\/wp-json\/wp\/v2\/pages"}],"about":[{"href":"https:\/\/www.bc-maps.com\/mapa-vectorial-eps\/wp-json\/wp\/v2\/types\/page"}],"author":[{"embeddable":true,"href":"https:\/\/www.bc-maps.com\/mapa-vectorial-eps\/wp-json\/wp\/v2\/users\/1"}],"replies":[{"embeddable":true,"href":"https:\/\/www.bc-maps.com\/mapa-vectorial-eps\/wp-json\/wp\/v2\/comments?post=508"}],"version-history":[{"count":4,"href":"https:\/\/www.bc-maps.com\/mapa-vectorial-eps\/wp-json\/wp\/v2\/pages\/508\/revisions"}],"predecessor-version":[{"id":4943,"href":"https:\/\/www.bc-maps.com\/mapa-vectorial-eps\/wp-json\/wp\/v2\/pages\/508\/revisions\/4943"}],"up":[{"embeddable":true,"href":"https:\/\/www.bc-maps.com\/mapa-vectorial-eps\/wp-json\/wp\/v2\/pages\/52"}],"wp:attachment":[{"href":"https:\/\/www.bc-maps.com\/mapa-vectorial-eps\/wp-json\/wp\/v2\/media?parent=508"}],"curies":[{"name":"wp","href":"https:\/\/api.w.org\/{rel}","templated":true}]}}