{"id":506,"date":"2012-05-03T09:50:15","date_gmt":"2012-05-03T09:50:15","guid":{"rendered":"http:\/\/www.bc-maps.com\/mapa-vectorial-eps\/?page_id=506"},"modified":"2022-06-13T07:11:19","modified_gmt":"2022-06-13T07:11:19","slug":"salamanca","status":"publish","type":"page","link":"https:\/\/www.bc-maps.com\/mapa-vectorial-eps\/mapas-vectoriales\/espana\/ciudades\/salamanca\/","title":{"rendered":"Salamanca mapa vectorial illustrator eps editable"},"content":{"rendered":"<h1>Planos y mapas vectoriales de Salamanca<\/h1>\n<h2>Mapas vectoriales editables eps, illustrator, freehand,pdf de las calles de Salamanca<\/h2>\n<h3>Planos vectoriales de ciudades<\/h3>\n<p>Podemos crear cualquier tipo de mapa de la ciudad de Salamanca, planos parciales, planos generales, planos de detalle\u2026etc.<\/p>\n<figure id=\"attachment_3470\" aria-describedby=\"caption-attachment-3470\" style=\"width: 340px\" class=\"wp-caption alignnone\"><a href=\"http:\/\/www.bc-maps.com\/wp-content\/uploads\/2012\/05\/Mapa-vectorial-illustrator-eps-Salamanca.jpg\" target=\"_blank\" rel=\"noopener noreferrer\"><img loading=\"lazy\" decoding=\"async\" class=\"wp-image-3470 \" title=\"Mapa vectorial illustrator eps Salamanca\" src=\"http:\/\/www.bc-maps.com\/wp-content\/uploads\/2012\/05\/Mapa-vectorial-illustrator-eps-Salamanca-300x212.jpg\" alt=\"Mapa vectorial illustrator eps Salamanca\" width=\"340\" height=\"240\" srcset=\"https:\/\/www.bc-maps.com\/wp-content\/uploads\/2012\/05\/Mapa-vectorial-illustrator-eps-Salamanca-300x212.jpg 300w, https:\/\/www.bc-maps.com\/wp-content\/uploads\/2012\/05\/Mapa-vectorial-illustrator-eps-Salamanca-768x542.jpg 768w, https:\/\/www.bc-maps.com\/wp-content\/uploads\/2012\/05\/Mapa-vectorial-illustrator-eps-Salamanca-1024x722.jpg 1024w\" sizes=\"auto, (max-width: 340px) 100vw, 340px\" \/><\/a><figcaption id=\"caption-attachment-3470\" class=\"wp-caption-text\">Mapa vectorial illustrator eps Salamanca<\/figcaption><\/figure>\n<p>La informaci\u00f3n disponible va desde\u00a0monumentos, lugares de inter\u00e9s y populares, museos, oficinas de turismo, centros comerciales, medios de transporte.<\/p>\n<p>Tambi\u00e9n podemos a\u00f1adir cualquier otra informaci\u00f3n pr\u00e1ctica que nos soliciten ustedes.<\/p>\n<p>Nuestros mapas est\u00e1n estructurados por medio de capas y son totalmente editables, modificables, \u00a0tanto \u00a0colores y\u00a0fuentes\/textos.<\/p>\n<p>Nuestro ficheros\u00a0son libres de derechos para cualquier reproducci\u00f3n, incluyendo nuestro copyright.<\/p>\n<p>Los maps\u00a0est\u00e1n creados con licencias oficiales de programas de <a href=\"http:\/\/www.adobe.com\/es\">Adobe,<\/a> habitualmente entregamos en version CC, pero podemos entregar tambi\u00e9n en otras versiones.<\/p>\n<p>El contenido de informaci\u00f3n depender\u00e1 del tama\u00f1o de la zona y la escala o medidas de reproducci\u00f3n, ya que no trabajamos con textos inferiores a 5 puntos para que sean legibles.<\/p>\n","protected":false},"excerpt":{"rendered":"<p>Planos y mapas vectoriales de Salamanca Mapas vectoriales editables eps, illustrator, freehand,pdf de las calles de Salamanca Planos vectoriales de ciudades Podemos crear cualquier tipo de mapa de la ciudad de Salamanca, planos parciales, planos generales, planos de detalle\u2026etc. La informaci\u00f3n disponible va desde\u00a0monumentos, lugares de inter\u00e9s y populares, museos, oficinas de turismo, centros comerciales, &hellip; <a href=\"https:\/\/www.bc-maps.com\/mapa-vectorial-eps\/mapas-vectoriales\/espana\/ciudades\/salamanca\/\" class=\"more-link\">Seguir leyendo <span class=\"screen-reader-text\">Salamanca mapa vectorial illustrator eps editable<\/span> <span class=\"meta-nav\">&rarr;<\/span><\/a><\/p>\n","protected":false},"author":1,"featured_media":0,"parent":52,"menu_order":0,"comment_status":"closed","ping_status":"closed","template":"","meta":{"footnotes":""},"class_list":["post-506","page","type-page","status-publish","hentry"],"_links":{"self":[{"href":"https:\/\/www.bc-maps.com\/mapa-vectorial-eps\/wp-json\/wp\/v2\/pages\/506","targetHints":{"allow":["GET"]}}],"collection":[{"href":"https:\/\/www.bc-maps.com\/mapa-vectorial-eps\/wp-json\/wp\/v2\/pages"}],"about":[{"href":"https:\/\/www.bc-maps.com\/mapa-vectorial-eps\/wp-json\/wp\/v2\/types\/page"}],"author":[{"embeddable":true,"href":"https:\/\/www.bc-maps.com\/mapa-vectorial-eps\/wp-json\/wp\/v2\/users\/1"}],"replies":[{"embeddable":true,"href":"https:\/\/www.bc-maps.com\/mapa-vectorial-eps\/wp-json\/wp\/v2\/comments?post=506"}],"version-history":[{"count":4,"href":"https:\/\/www.bc-maps.com\/mapa-vectorial-eps\/wp-json\/wp\/v2\/pages\/506\/revisions"}],"predecessor-version":[{"id":5064,"href":"https:\/\/www.bc-maps.com\/mapa-vectorial-eps\/wp-json\/wp\/v2\/pages\/506\/revisions\/5064"}],"up":[{"embeddable":true,"href":"https:\/\/www.bc-maps.com\/mapa-vectorial-eps\/wp-json\/wp\/v2\/pages\/52"}],"wp:attachment":[{"href":"https:\/\/www.bc-maps.com\/mapa-vectorial-eps\/wp-json\/wp\/v2\/media?parent=506"}],"curies":[{"name":"wp","href":"https:\/\/api.w.org\/{rel}","templated":true}]}}