{"id":5005,"date":"2021-10-04T08:53:46","date_gmt":"2021-10-04T08:53:46","guid":{"rendered":"http:\/\/www.bc-maps.com\/mapa-vectorial-eps\/?page_id=5005"},"modified":"2021-10-06T15:33:13","modified_gmt":"2021-10-06T15:33:13","slug":"oviedo-mapa-vectorial-illustrator-eps-ai-cc","status":"publish","type":"page","link":"https:\/\/www.bc-maps.com\/mapa-vectorial-eps\/oviedo-mapa-vectorial-illustrator-eps-ai-cc\/","title":{"rendered":"OVIEDO mapa vectorial Illustrator eps ai CC"},"content":{"rendered":"<h1>Planos y mapas vectoriales de Oviedo<\/h1>\n<h2>Mapas vectoriales editables estructurados con capas de Oviedo<\/h2>\n<h3>Planos vectoriales de ciudades del Principado de Asturias<\/h3>\n<p>Podemos crear cualquier tipo de mapa de Oviedo planos parciales, planos generales, planos de detalle, \u2026etc.<\/p>\n<p>Los mapas se entregan en formatos editables <a href=\"http:\/\/www.adobe.com\/es\">adobe<\/a> illustrator, eps, corel, freehand.<\/p>\n<figure id=\"attachment_5006\" aria-describedby=\"caption-attachment-5006\" style=\"width: 300px\" class=\"wp-caption alignnone\"><a href=\"http:\/\/www.bc-maps.com\/wp-content\/uploads\/2021\/10\/Oviedo-AM-mapa-vectorial-illustrator-eps-ai-cc.jpg\" target=\"_blank\" rel=\"noopener\"><img loading=\"lazy\" decoding=\"async\" class=\"wp-image-5006 size-medium\" title=\"Oviedo AM mapa vectorial illustrator eps ai cc\" src=\"http:\/\/www.bc-maps.com\/wp-content\/uploads\/2021\/10\/Oviedo-AM-mapa-vectorial-illustrator-eps-ai-cc-300x212.jpg\" alt=\"Oviedo AM mapa vectorial illustrator eps ai cc\" width=\"300\" height=\"212\" srcset=\"https:\/\/www.bc-maps.com\/wp-content\/uploads\/2021\/10\/Oviedo-AM-mapa-vectorial-illustrator-eps-ai-cc-300x212.jpg 300w, https:\/\/www.bc-maps.com\/wp-content\/uploads\/2021\/10\/Oviedo-AM-mapa-vectorial-illustrator-eps-ai-cc-1024x722.jpg 1024w, https:\/\/www.bc-maps.com\/wp-content\/uploads\/2021\/10\/Oviedo-AM-mapa-vectorial-illustrator-eps-ai-cc-768x542.jpg 768w, https:\/\/www.bc-maps.com\/wp-content\/uploads\/2021\/10\/Oviedo-AM-mapa-vectorial-illustrator-eps-ai-cc-1536x1084.jpg 1536w, https:\/\/www.bc-maps.com\/wp-content\/uploads\/2021\/10\/Oviedo-AM-mapa-vectorial-illustrator-eps-ai-cc.jpg 1701w\" sizes=\"auto, (max-width: 300px) 100vw, 300px\" \/><\/a><figcaption id=\"caption-attachment-5006\" class=\"wp-caption-text\">Oviedo AM mapa vectorial illustrator eps ai cc<\/figcaption><\/figure>\n<p>El contenido de informaci\u00f3n depender\u00e1 del tama\u00f1o de la zona y la escala o medidas de reproducci\u00f3n, ya que no trabajamos con textos inferiores a 5 puntos para que sean legibles.<\/p>\n<p>El contenido depender\u00e1 del tama\u00f1o de la zona y la escala o medidas de reproducci\u00f3n, no trabajamos con textos inferiores a 5 puntos para que sean legibles.<\/p>\n<p>La informaci\u00f3n disponible va desde\u00a0monumentos, lugares de inter\u00e9s y populares, museos, oficinas de turismo, centros comerciales, medios de transporte.<\/p>\n<p>Tambi\u00e9n podemos a\u00f1adir cualquier otra informaci\u00f3n pr\u00e1ctica que nos soliciten ustedes.<\/p>\n<p>Nuestros mapas est\u00e1n estructurados por medio de capas y son totalmente editables, modificables, \u00a0tanto \u00a0colores y\u00a0fuentes\/textos.<\/p>\n<p>Nuestro ficheros\u00a0son libres de derechos para cualquier reproducci\u00f3n, incluyendo nuestro copyright.<\/p>\n<p>Los maps\u00a0est\u00e1n creados con licencias oficiales de programas de<a href=\"https:\/\/www.adobe.com\/es\/\"> Adobe<\/a>, habitualmente entregamos en version CC, pero podemos entregar tambi\u00e9n en otras versiones.<\/p>\n<p>SI lo desean tambi\u00e9n podemos entregar el mapa impreso y personalizado en la medida y plegado que les interese creando lo que conocemos como <a href=\"https:\/\/www.bc-maps.com\/mapa-vectorial-eps\/mapa-ibiza-resort-7-pines-2021\/\">mapa personalizado<\/a><\/p>\n","protected":false},"excerpt":{"rendered":"<p>Planos y mapas vectoriales de Oviedo Mapas vectoriales editables estructurados con capas de Oviedo Planos vectoriales de ciudades del Principado de Asturias Podemos crear cualquier tipo de mapa de Oviedo planos parciales, planos generales, planos de detalle, \u2026etc. Los mapas se entregan en formatos editables adobe illustrator, eps, corel, freehand. El contenido de informaci\u00f3n depender\u00e1 &hellip; <a href=\"https:\/\/www.bc-maps.com\/mapa-vectorial-eps\/oviedo-mapa-vectorial-illustrator-eps-ai-cc\/\" class=\"more-link\">Seguir leyendo <span class=\"screen-reader-text\">OVIEDO mapa vectorial Illustrator eps ai CC<\/span> <span class=\"meta-nav\">&rarr;<\/span><\/a><\/p>\n","protected":false},"author":1,"featured_media":5006,"parent":0,"menu_order":0,"comment_status":"closed","ping_status":"closed","template":"","meta":{"footnotes":""},"class_list":["post-5005","page","type-page","status-publish","has-post-thumbnail","hentry"],"_links":{"self":[{"href":"https:\/\/www.bc-maps.com\/mapa-vectorial-eps\/wp-json\/wp\/v2\/pages\/5005","targetHints":{"allow":["GET"]}}],"collection":[{"href":"https:\/\/www.bc-maps.com\/mapa-vectorial-eps\/wp-json\/wp\/v2\/pages"}],"about":[{"href":"https:\/\/www.bc-maps.com\/mapa-vectorial-eps\/wp-json\/wp\/v2\/types\/page"}],"author":[{"embeddable":true,"href":"https:\/\/www.bc-maps.com\/mapa-vectorial-eps\/wp-json\/wp\/v2\/users\/1"}],"replies":[{"embeddable":true,"href":"https:\/\/www.bc-maps.com\/mapa-vectorial-eps\/wp-json\/wp\/v2\/comments?post=5005"}],"version-history":[{"count":1,"href":"https:\/\/www.bc-maps.com\/mapa-vectorial-eps\/wp-json\/wp\/v2\/pages\/5005\/revisions"}],"predecessor-version":[{"id":5007,"href":"https:\/\/www.bc-maps.com\/mapa-vectorial-eps\/wp-json\/wp\/v2\/pages\/5005\/revisions\/5007"}],"wp:featuredmedia":[{"embeddable":true,"href":"https:\/\/www.bc-maps.com\/mapa-vectorial-eps\/wp-json\/wp\/v2\/media\/5006"}],"wp:attachment":[{"href":"https:\/\/www.bc-maps.com\/mapa-vectorial-eps\/wp-json\/wp\/v2\/media?parent=5005"}],"curies":[{"name":"wp","href":"https:\/\/api.w.org\/{rel}","templated":true}]}}