{"id":5,"date":"2010-11-17T14:08:19","date_gmt":"2010-11-17T14:08:19","guid":{"rendered":"http:\/\/www.bc-maps.com\/mapa-vectorial-eps\/?page_id=4"},"modified":"2026-02-11T12:36:08","modified_gmt":"2026-02-11T12:36:08","slug":"empresa","status":"publish","type":"page","link":"https:\/\/www.bc-maps.com\/mapa-vectorial-eps\/empresa\/","title":{"rendered":"Empresa"},"content":{"rendered":"\n<h1 class=\"wp-block-heading\">Mapa Vectorial Eps y cartografia digital.<\/h1>\n\n\n\n<h2 class=\"wp-block-heading\">Bc Maps creamos&nbsp;<a title=\"Mapas vectoriales\" href=\"https:\/\/www.bc-maps.com\/mapa-vectorial-eps\/mapas-vectoriales\/\" target=\"_self\">mapas vectoriales<\/a>.<\/h2>\n\n\n\n<p>Bc Maps es un estudio especializado en dise\u00f1o cartogr\u00e1fico para comunicaci\u00f3n visual, nuestra misi\u00f3n es suministrar de forma \u00e1gil <strong><a title=\"Mapas vectoriales\" href=\"https:\/\/www.bc-maps.com\/mapa-vectorial-eps\/mapas-vectoriales\/\" target=\"_self\">mapas vectoriales<\/a><\/strong> y convertirlos en piezas de comunicaci\u00f3n que se integran perfectamente en sus sistemas de marca y campa\u00f1as.<\/p>\n\n\n\n<p>Nuestro mapas vectoriales personalizados, de cualquier lugar del mundo, para editoriales, empresas y administraciones p\u00fablicas, en <strong>formatos editables<\/strong>, <strong><a title=\"mapas eps\" href=\"http:\/\/bc-maps.com\/mapa-vectorial-eps\/mapas-vectoriales\/espana\/\" target=\"_self\">mapas eps<\/a><\/strong>,\u00a0<strong><a title=\"Mapas Illustrator\" href=\"http:\/\/bc-maps.com\/mapa-vectorial-eps\/mapas-vectoriales\/espana\/\" target=\"_self\">mapas en illustrator <\/a><\/strong><\/p>\n\n\n\n<p>Tambi\u00e9n podemos entregar &nbsp;mapas impresos para Ayuntamientos y empresas personalizados con su logo e informaci\u00f3n corporativa.<\/p>\n\n\n<div class=\"wp-block-image alignnone\">\n<figure class=\"aligncenter\"><a href=\"http:\/\/www.bc-maps.com\/wp-content\/uploads\/2014\/03\/COMUNIDAD-VALENCIA-CONTROL-COURIER.jpg\" rel=\"noopener\"><img loading=\"lazy\" decoding=\"async\" width=\"164\" height=\"300\" src=\"http:\/\/www.bc-maps.com\/wp-content\/uploads\/2014\/03\/COMUNIDAD-VALENCIA-CONTROL-COURIER-164x300.jpg\" alt=\"Bc Maps municipios Valencia\" class=\"wp-image-3248\" srcset=\"https:\/\/www.bc-maps.com\/wp-content\/uploads\/2014\/03\/COMUNIDAD-VALENCIA-CONTROL-COURIER-164x300.jpg 164w, https:\/\/www.bc-maps.com\/wp-content\/uploads\/2014\/03\/COMUNIDAD-VALENCIA-CONTROL-COURIER-768x1408.jpg 768w, https:\/\/www.bc-maps.com\/wp-content\/uploads\/2014\/03\/COMUNIDAD-VALENCIA-CONTROL-COURIER-559x1024.jpg 559w\" sizes=\"auto, (max-width: 164px) 100vw, 164px\" \/><\/a><figcaption class=\"wp-element-caption\">Bc Maps municipios Valencia<\/figcaption><\/figure>\n<\/div>\n\n\n<p>Nuestro equipo de t\u00e9cnico, con m\u00e1s de 25 a\u00f1os de experiencia en el sector, asegura un servicio profesional \u00e1gil y de gran calidad a un precio muy ajustado.<\/p>\n\n\n\n<p>Los mapas vectoriales estructurados con capas y 100% editables permiten realizar cualquier tipo de obra o proyecto editorial y as\u00ed poder personalizar &nbsp;y adaptar los contenidos a una l\u00ednea editorial.<\/p>\n","protected":false},"excerpt":{"rendered":"<p>Mapa Vectorial Eps y cartografia digital. Bc Maps creamos&nbsp;mapas vectoriales. Bc Maps es un estudio especializado en dise\u00f1o cartogr\u00e1fico para comunicaci\u00f3n visual, nuestra misi\u00f3n es suministrar de forma \u00e1gil mapas vectoriales y convertirlos en piezas de comunicaci\u00f3n que se integran perfectamente en sus sistemas de marca y campa\u00f1as. Nuestro mapas vectoriales personalizados, de cualquier lugar &hellip; <a href=\"https:\/\/www.bc-maps.com\/mapa-vectorial-eps\/empresa\/\" class=\"more-link\">Seguir leyendo <span class=\"screen-reader-text\">Empresa<\/span> <span class=\"meta-nav\">&rarr;<\/span><\/a><\/p>\n","protected":false},"author":1,"featured_media":0,"parent":0,"menu_order":1,"comment_status":"closed","ping_status":"closed","template":"","meta":{"footnotes":""},"class_list":["post-5","page","type-page","status-publish","hentry"],"_links":{"self":[{"href":"https:\/\/www.bc-maps.com\/mapa-vectorial-eps\/wp-json\/wp\/v2\/pages\/5","targetHints":{"allow":["GET"]}}],"collection":[{"href":"https:\/\/www.bc-maps.com\/mapa-vectorial-eps\/wp-json\/wp\/v2\/pages"}],"about":[{"href":"https:\/\/www.bc-maps.com\/mapa-vectorial-eps\/wp-json\/wp\/v2\/types\/page"}],"author":[{"embeddable":true,"href":"https:\/\/www.bc-maps.com\/mapa-vectorial-eps\/wp-json\/wp\/v2\/users\/1"}],"replies":[{"embeddable":true,"href":"https:\/\/www.bc-maps.com\/mapa-vectorial-eps\/wp-json\/wp\/v2\/comments?post=5"}],"version-history":[{"count":10,"href":"https:\/\/www.bc-maps.com\/mapa-vectorial-eps\/wp-json\/wp\/v2\/pages\/5\/revisions"}],"predecessor-version":[{"id":8445,"href":"https:\/\/www.bc-maps.com\/mapa-vectorial-eps\/wp-json\/wp\/v2\/pages\/5\/revisions\/8445"}],"wp:attachment":[{"href":"https:\/\/www.bc-maps.com\/mapa-vectorial-eps\/wp-json\/wp\/v2\/media?parent=5"}],"curies":[{"name":"wp","href":"https:\/\/api.w.org\/{rel}","templated":true}]}}