{"id":4984,"date":"2021-10-05T15:40:36","date_gmt":"2021-10-05T15:40:36","guid":{"rendered":"http:\/\/www.bc-maps.com\/mapa-vectorial-eps\/?page_id=4984"},"modified":"2021-10-05T15:52:16","modified_gmt":"2021-10-05T15:52:16","slug":"mapa-vectorial-hospitalet-de-llobregat-illustrator","status":"publish","type":"page","link":"https:\/\/www.bc-maps.com\/mapa-vectorial-eps\/mapas-vectoriales\/espana\/ciudades\/mapa-vectorial-hospitalet-de-llobregat-illustrator\/","title":{"rendered":"Mapa vectorial l&#8217;Hospitalet de Llobregat illustrator eps editable"},"content":{"rendered":"<h1>Mapa vectorial l&#8217;Hospitalet de Llobregat Illustrator eps<\/h1>\n<h2>Mapas vectoriales en Illustrator editables de Catalu\u00f1a<\/h2>\n<h3>Mapa vectorial l&#8217;Hospitalet de Llobregat en formato ai, eps, CC<\/h3>\n<p>En <a href=\"https:\/\/www.bc-maps.com\/mapa-vectorial-eps\/empresa\/\">Bc Maps<\/a> podemos crear cualquier tipo de mapa vectorial\u00a0de la ciudad de l&#8217;Hospitalet de Llobregat o cualquier otra de la provincia de Barcelona.<\/p>\n<p>Tambi\u00e9n podemos entregar planos parciales, planos generales, planos de detalle, mapas de carreteras, mapas de comarcas, mapas municipales, rutas\u2026etc.<\/p>\n<p>Formatos editables, textos y colores, estructurados por medio de capas de informaci\u00f3n, illustrator, eps, pdf, svg, freehand, corel, inskape<\/p>\n<figure id=\"attachment_4471\" aria-describedby=\"caption-attachment-4471\" style=\"width: 217px\" class=\"wp-caption alignnone\"><a href=\"http:\/\/www.bc-maps.com\/wp-content\/uploads\/2021\/09\/lHospitalet-AM-mapa-vectorial-illustrator-eps-.jpg\" target=\"_blank\" rel=\"noopener\"><img loading=\"lazy\" decoding=\"async\" class=\"wp-image-4471 size-medium\" title=\"l'Hospitalet AM mapa vectorial illustrator eps\" src=\"http:\/\/www.bc-maps.com\/wp-content\/uploads\/2021\/09\/lHospitalet-AM-mapa-vectorial-illustrator-eps--217x300.jpg\" alt=\"l'Hospitalet AM mapa vectorial illustrator eps\" width=\"217\" height=\"300\" srcset=\"https:\/\/www.bc-maps.com\/wp-content\/uploads\/2021\/09\/lHospitalet-AM-mapa-vectorial-illustrator-eps--217x300.jpg 217w, https:\/\/www.bc-maps.com\/wp-content\/uploads\/2021\/09\/lHospitalet-AM-mapa-vectorial-illustrator-eps--740x1024.jpg 740w, https:\/\/www.bc-maps.com\/wp-content\/uploads\/2021\/09\/lHospitalet-AM-mapa-vectorial-illustrator-eps-.jpg 745w\" sizes=\"auto, (max-width: 217px) 100vw, 217px\" \/><\/a><figcaption id=\"caption-attachment-4471\" class=\"wp-caption-text\">l&#8217;Hospitalet AM mapa vectorial illustrator eps<\/figcaption><\/figure>\n<p>El contenido de informaci\u00f3n depender\u00e1 del tama\u00f1o de la zona y la escala o medidas de reproducci\u00f3n, ya que no trabajamos con textos inferiores a 5 puntos para que sean legibles.<\/p>\n<p>Habitualmente se entregan ficheros en formato\u00a0<a href=\"http:\/\/www.adobe.com\/es\/products\/illustrator.html\">Illustrator CC<\/a>, totalmente editables, colores y textos, estructurados por medio de capas de informaci\u00f3n para facilitar los cambios y personalizaciones.<\/p>\n<p>Incluimos de lugares de inter\u00e9s, Museos, Colegios, monumentos,..etc<\/p>\n<p>Asimismo podemos incluir medios de transporte p\u00fablico como autobuses, trenes, tranv\u00edas&#8230;etc y rutas tur\u00edsticas.<\/p>\n<p>Los mapas vectoriales se pueden escalar sin perdida de resoluci\u00f3n ni calidad de forma ilimitada.<\/p>\n<p>Los ficheros son libres de reproducci\u00f3n en cualquier formato tanto sea papel o digital no editable. Por ejemplo para incluir en una web, gu\u00eda, aplicaci\u00f3n, prohibi\u00e9ndose su venta a terceros en formatos abiertos.<\/p>\n<p>Los mapas han sido creados con licencias oficiales de Adobe.<\/p>\n<p>SI lo desean tambi\u00e9n podemos entregar el mapa impreso y personalizado en la medida y plegado que les interese creando lo que conocemos como <a href=\"https:\/\/www.bc-maps.com\/mapa-vectorial-eps\/mapa-ibiza-resort-7-pines-2021\/\">mapa personalizado<\/a><\/p>\n","protected":false},"excerpt":{"rendered":"<p>Mapa vectorial l&#8217;Hospitalet de Llobregat Illustrator eps Mapas vectoriales en Illustrator editables de Catalu\u00f1a Mapa vectorial l&#8217;Hospitalet de Llobregat en formato ai, eps, CC En Bc Maps podemos crear cualquier tipo de mapa vectorial\u00a0de la ciudad de l&#8217;Hospitalet de Llobregat o cualquier otra de la provincia de Barcelona. Tambi\u00e9n podemos entregar planos parciales, planos generales, &hellip; <a href=\"https:\/\/www.bc-maps.com\/mapa-vectorial-eps\/mapas-vectoriales\/espana\/ciudades\/mapa-vectorial-hospitalet-de-llobregat-illustrator\/\" class=\"more-link\">Seguir leyendo <span class=\"screen-reader-text\">Mapa vectorial l&#8217;Hospitalet de Llobregat illustrator eps editable<\/span> <span class=\"meta-nav\">&rarr;<\/span><\/a><\/p>\n","protected":false},"author":1,"featured_media":4471,"parent":52,"menu_order":0,"comment_status":"closed","ping_status":"closed","template":"","meta":{"footnotes":""},"class_list":["post-4984","page","type-page","status-publish","has-post-thumbnail","hentry"],"_links":{"self":[{"href":"https:\/\/www.bc-maps.com\/mapa-vectorial-eps\/wp-json\/wp\/v2\/pages\/4984","targetHints":{"allow":["GET"]}}],"collection":[{"href":"https:\/\/www.bc-maps.com\/mapa-vectorial-eps\/wp-json\/wp\/v2\/pages"}],"about":[{"href":"https:\/\/www.bc-maps.com\/mapa-vectorial-eps\/wp-json\/wp\/v2\/types\/page"}],"author":[{"embeddable":true,"href":"https:\/\/www.bc-maps.com\/mapa-vectorial-eps\/wp-json\/wp\/v2\/users\/1"}],"replies":[{"embeddable":true,"href":"https:\/\/www.bc-maps.com\/mapa-vectorial-eps\/wp-json\/wp\/v2\/comments?post=4984"}],"version-history":[{"count":1,"href":"https:\/\/www.bc-maps.com\/mapa-vectorial-eps\/wp-json\/wp\/v2\/pages\/4984\/revisions"}],"predecessor-version":[{"id":4985,"href":"https:\/\/www.bc-maps.com\/mapa-vectorial-eps\/wp-json\/wp\/v2\/pages\/4984\/revisions\/4985"}],"up":[{"embeddable":true,"href":"https:\/\/www.bc-maps.com\/mapa-vectorial-eps\/wp-json\/wp\/v2\/pages\/52"}],"wp:featuredmedia":[{"embeddable":true,"href":"https:\/\/www.bc-maps.com\/mapa-vectorial-eps\/wp-json\/wp\/v2\/media\/4471"}],"wp:attachment":[{"href":"https:\/\/www.bc-maps.com\/mapa-vectorial-eps\/wp-json\/wp\/v2\/media?parent=4984"}],"curies":[{"name":"wp","href":"https:\/\/api.w.org\/{rel}","templated":true}]}}