{"id":4979,"date":"2021-10-05T15:40:36","date_gmt":"2021-10-05T15:40:36","guid":{"rendered":"http:\/\/www.bc-maps.com\/mapa-vectorial-eps\/?page_id=4979"},"modified":"2021-10-05T15:41:22","modified_gmt":"2021-10-05T15:41:22","slug":"mapa-vectorial-madrid-illustrator","status":"publish","type":"page","link":"https:\/\/www.bc-maps.com\/mapa-vectorial-eps\/mapas-vectoriales\/espana\/ciudades\/mapa-vectorial-madrid-illustrator\/","title":{"rendered":"Mapa vectorial Madrid illustrator eps editable"},"content":{"rendered":"<h1>Mapa vectorial Madrid Illustrator eps<\/h1>\n<h2>Mapas vectoriales en Illustrator editables de la Comunidad de Madrid<\/h2>\n<h3>Mapa vectorial Madrid en formato ai, eps, CC<\/h3>\n<p>En <a href=\"https:\/\/www.bc-maps.com\/mapa-vectorial-eps\/empresa\/\">Bc Maps<\/a> podemos crear cualquier tipo de mapa vectorial\u00a0de la ciudad de Madrid o de su provincia.<\/p>\n<p>Tambi\u00e9n podemos entregar planos parciales, planos generales, planos de detalle, mapas de carreteras, mapas de comarcas, mapas municipales, rutas\u2026etc.<\/p>\n<p>Formatos editables, textos y colores, estructurados por medio de capas de informaci\u00f3n, illustrator, eps, pdf, svg, freehand, corel, inskape<\/p>\n<figure id=\"attachment_3365\" aria-describedby=\"caption-attachment-3365\" style=\"width: 300px\" class=\"wp-caption alignnone\"><a href=\"http:\/\/www.bc-maps.com\/wp-content\/uploads\/2018\/07\/Mapa-vectorial-illustrator-eps-Madrid-MH.jpg\" target=\"_blank\" rel=\"noopener\"><img loading=\"lazy\" decoding=\"async\" class=\"wp-image-3365 size-medium\" title=\"Mapa vectorial illustrator eps Madrid MH\" src=\"http:\/\/www.bc-maps.com\/wp-content\/uploads\/2018\/07\/Mapa-vectorial-illustrator-eps-Madrid-MH-300x214.jpg\" alt=\"Mapa vectorial illustrator eps Madrid MH\" width=\"300\" height=\"214\" srcset=\"https:\/\/www.bc-maps.com\/wp-content\/uploads\/2018\/07\/Mapa-vectorial-illustrator-eps-Madrid-MH-300x214.jpg 300w, https:\/\/www.bc-maps.com\/wp-content\/uploads\/2018\/07\/Mapa-vectorial-illustrator-eps-Madrid-MH-768x547.jpg 768w, https:\/\/www.bc-maps.com\/wp-content\/uploads\/2018\/07\/Mapa-vectorial-illustrator-eps-Madrid-MH-1024x729.jpg 1024w\" sizes=\"auto, (max-width: 300px) 100vw, 300px\" \/><\/a><figcaption id=\"caption-attachment-3365\" class=\"wp-caption-text\">Mapa vectorial illustrator eps Madrid MH<\/figcaption><\/figure>\n<p>El contenido de informaci\u00f3n depender\u00e1 del tama\u00f1o de la zona y la escala o medidas de reproducci\u00f3n, ya que no trabajamos con textos inferiores a 5 puntos para que sean legibles.<\/p>\n<p>Habitualmente se entregan ficheros en formato\u00a0<a href=\"http:\/\/www.adobe.com\/es\/products\/illustrator.html\">Illustrator CC<\/a>, totalmente editables, colores y textos, estructurados por medio de capas de informaci\u00f3n para facilitar los cambios y personalizaciones.<\/p>\n<p>Incluimos de lugares de inter\u00e9s, Museos, Colegios, monumentos,..etc<\/p>\n<p>Asimismo podemos incluir medios de transporte p\u00fablico como autobuses, trenes, tranv\u00edas&#8230;etc y rutas tur\u00edsticas.<\/p>\n<p>Los mapas vectoriales se pueden escalar sin perdida de resoluci\u00f3n ni calidad de forma ilimitada.<\/p>\n<p>Los ficheros son libres de reproducci\u00f3n en cualquier formato tanto sea papel o digital no editable. Por ejemplo para incluir en una web, gu\u00eda, aplicaci\u00f3n, prohibi\u00e9ndose su venta a terceros en formatos abiertos.<\/p>\n<p>Los mapas han sido creados con licencias oficiales de Adobe.<\/p>\n<p>SI lo desean tambi\u00e9n podemos entregar el mapa impreso y personalizado en la medida y plegado que les interese creando lo que conocemos como <a href=\"https:\/\/www.bc-maps.com\/mapa-vectorial-eps\/mapa-ibiza-resort-7-pines-2021\/\">mapa personalizado<\/a><\/p>\n","protected":false},"excerpt":{"rendered":"<p>Mapa vectorial Madrid Illustrator eps Mapas vectoriales en Illustrator editables de la Comunidad de Madrid Mapa vectorial Madrid en formato ai, eps, CC En Bc Maps podemos crear cualquier tipo de mapa vectorial\u00a0de la ciudad de Madrid o de su provincia. Tambi\u00e9n podemos entregar planos parciales, planos generales, planos de detalle, mapas de carreteras, mapas &hellip; <a href=\"https:\/\/www.bc-maps.com\/mapa-vectorial-eps\/mapas-vectoriales\/espana\/ciudades\/mapa-vectorial-madrid-illustrator\/\" class=\"more-link\">Seguir leyendo <span class=\"screen-reader-text\">Mapa vectorial Madrid illustrator eps editable<\/span> <span class=\"meta-nav\">&rarr;<\/span><\/a><\/p>\n","protected":false},"author":1,"featured_media":3365,"parent":52,"menu_order":0,"comment_status":"closed","ping_status":"closed","template":"","meta":{"footnotes":""},"class_list":["post-4979","page","type-page","status-publish","has-post-thumbnail","hentry"],"_links":{"self":[{"href":"https:\/\/www.bc-maps.com\/mapa-vectorial-eps\/wp-json\/wp\/v2\/pages\/4979","targetHints":{"allow":["GET"]}}],"collection":[{"href":"https:\/\/www.bc-maps.com\/mapa-vectorial-eps\/wp-json\/wp\/v2\/pages"}],"about":[{"href":"https:\/\/www.bc-maps.com\/mapa-vectorial-eps\/wp-json\/wp\/v2\/types\/page"}],"author":[{"embeddable":true,"href":"https:\/\/www.bc-maps.com\/mapa-vectorial-eps\/wp-json\/wp\/v2\/users\/1"}],"replies":[{"embeddable":true,"href":"https:\/\/www.bc-maps.com\/mapa-vectorial-eps\/wp-json\/wp\/v2\/comments?post=4979"}],"version-history":[{"count":2,"href":"https:\/\/www.bc-maps.com\/mapa-vectorial-eps\/wp-json\/wp\/v2\/pages\/4979\/revisions"}],"predecessor-version":[{"id":4981,"href":"https:\/\/www.bc-maps.com\/mapa-vectorial-eps\/wp-json\/wp\/v2\/pages\/4979\/revisions\/4981"}],"up":[{"embeddable":true,"href":"https:\/\/www.bc-maps.com\/mapa-vectorial-eps\/wp-json\/wp\/v2\/pages\/52"}],"wp:featuredmedia":[{"embeddable":true,"href":"https:\/\/www.bc-maps.com\/mapa-vectorial-eps\/wp-json\/wp\/v2\/media\/3365"}],"wp:attachment":[{"href":"https:\/\/www.bc-maps.com\/mapa-vectorial-eps\/wp-json\/wp\/v2\/media?parent=4979"}],"curies":[{"name":"wp","href":"https:\/\/api.w.org\/{rel}","templated":true}]}}