{"id":495,"date":"2012-05-03T09:42:11","date_gmt":"2012-05-03T09:42:11","guid":{"rendered":"http:\/\/www.bc-maps.com\/mapa-vectorial-eps\/?page_id=495"},"modified":"2021-10-05T09:30:50","modified_gmt":"2021-10-05T09:30:50","slug":"lugo","status":"publish","type":"page","link":"https:\/\/www.bc-maps.com\/mapa-vectorial-eps\/mapas-vectoriales\/espana\/ciudades\/lugo\/","title":{"rendered":"Lugo mapa vectorial illustrator eps editable"},"content":{"rendered":"<h1>Planos y mapas vectoriales de Lugo<\/h1>\n<h2><a href=\"https:\/\/www.bc-maps.com\/mapa-vectorial-eps\/mapas-vectoriales-2\/\">Mapas vectoriales<\/a> editables eps, illustrator, freehand,pdf<\/h2>\n<h3>Planos vectoriales de ciudades<\/h3>\n<p>Podemos crear cualquier tipo de mapa de la ciudad de Lugo, planos parciales, planos generales, planos de detalle,\u00a0\u00a0en formato <a href=\"http:\/\/www.adobe.com\/es\">illustrator<\/a>.<\/p>\n<figure id=\"attachment_3541\" aria-describedby=\"caption-attachment-3541\" style=\"width: 300px\" class=\"wp-caption alignnone\"><a href=\"http:\/\/www.bc-maps.com\/wp-content\/uploads\/2018\/10\/LUGO-C.jpg\" target=\"_blank\" rel=\"noopener\"><img loading=\"lazy\" decoding=\"async\" class=\"Lugo mapa vectorial illustrator eps centro wp-image-3541 size-medium\" title=\"Lugo mapa vectorial illustrator eps centro\" src=\"http:\/\/www.bc-maps.com\/wp-content\/uploads\/2018\/10\/LUGO-C-300x226.jpg\" alt=\"Lugo mapa vectorial illustrator eps centro\" width=\"300\" height=\"226\" srcset=\"https:\/\/www.bc-maps.com\/wp-content\/uploads\/2018\/10\/LUGO-C-300x226.jpg 300w, https:\/\/www.bc-maps.com\/wp-content\/uploads\/2018\/10\/LUGO-C-768x578.jpg 768w, https:\/\/www.bc-maps.com\/wp-content\/uploads\/2018\/10\/LUGO-C.jpg 794w\" sizes=\"auto, (max-width: 300px) 100vw, 300px\" \/><\/a><figcaption id=\"caption-attachment-3541\" class=\"wp-caption-text\">Lugo mapa vectorial illustrator eps centro<\/figcaption><\/figure>\n<figure id=\"attachment_3542\" aria-describedby=\"caption-attachment-3542\" style=\"width: 219px\" class=\"wp-caption alignnone\"><a href=\"http:\/\/www.bc-maps.com\/wp-content\/uploads\/2018\/10\/LUGO-PROVISIONAL.jpg\" target=\"_blank\" rel=\"noopener\"><img loading=\"lazy\" decoding=\"async\" class=\"Lugo mapa vectorial illustrator eps provincia 200 wp-image-3542 size-medium\" title=\"Lugo mapa vectorial illustrator eps provincia 200\" src=\"http:\/\/www.bc-maps.com\/wp-content\/uploads\/2018\/10\/LUGO-PROVISIONAL-219x300.jpg\" alt=\"Lugo mapa vectorial illustrator eps provincia 200\" width=\"219\" height=\"300\" srcset=\"https:\/\/www.bc-maps.com\/wp-content\/uploads\/2018\/10\/LUGO-PROVISIONAL-219x300.jpg 219w, https:\/\/www.bc-maps.com\/wp-content\/uploads\/2018\/10\/LUGO-PROVISIONAL-768x1050.jpg 768w, https:\/\/www.bc-maps.com\/wp-content\/uploads\/2018\/10\/LUGO-PROVISIONAL-749x1024.jpg 749w\" sizes=\"auto, (max-width: 219px) 100vw, 219px\" \/><\/a><figcaption id=\"caption-attachment-3542\" class=\"wp-caption-text\">Lugo mapa vectorial illustrator eps provincia 200<\/figcaption><\/figure>\n<p>El contenido depender\u00e1 del tama\u00f1o de la zona y la escala o medidas de reproducci\u00f3n, no trabajamos con textos inferiores a 5 puntos para que sean legibles.<\/p>\n<p>La informaci\u00f3n disponible va desde\u00a0monumentos, lugares de inter\u00e9s y populares, museos, oficinas de turismo, centros comerciales, medios de transporte.<\/p>\n<p>Tambi\u00e9n podemos a\u00f1adir cualquier otra informaci\u00f3n pr\u00e1ctica que nos soliciten ustedes.<\/p>\n<p>Nuestros mapas est\u00e1n estructurados por medio de capas y son totalmente editables, modificables, \u00a0tanto \u00a0colores y\u00a0fuentes\/textos.<\/p>\n<p>Nuestro ficheros\u00a0son libres de derechos para cualquier reproducci\u00f3n, incluyendo nuestro copyright.<\/p>\n<p>&nbsp;<\/p>\n","protected":false},"excerpt":{"rendered":"<p>Planos y mapas vectoriales de Lugo Mapas vectoriales editables eps, illustrator, freehand,pdf Planos vectoriales de ciudades Podemos crear cualquier tipo de mapa de la ciudad de Lugo, planos parciales, planos generales, planos de detalle,\u00a0\u00a0en formato illustrator. El contenido depender\u00e1 del tama\u00f1o de la zona y la escala o medidas de reproducci\u00f3n, no trabajamos con textos &hellip; <a href=\"https:\/\/www.bc-maps.com\/mapa-vectorial-eps\/mapas-vectoriales\/espana\/ciudades\/lugo\/\" class=\"more-link\">Seguir leyendo <span class=\"screen-reader-text\">Lugo mapa vectorial illustrator eps editable<\/span> <span class=\"meta-nav\">&rarr;<\/span><\/a><\/p>\n","protected":false},"author":1,"featured_media":0,"parent":52,"menu_order":0,"comment_status":"closed","ping_status":"closed","template":"","meta":{"footnotes":""},"class_list":["post-495","page","type-page","status-publish","hentry"],"_links":{"self":[{"href":"https:\/\/www.bc-maps.com\/mapa-vectorial-eps\/wp-json\/wp\/v2\/pages\/495","targetHints":{"allow":["GET"]}}],"collection":[{"href":"https:\/\/www.bc-maps.com\/mapa-vectorial-eps\/wp-json\/wp\/v2\/pages"}],"about":[{"href":"https:\/\/www.bc-maps.com\/mapa-vectorial-eps\/wp-json\/wp\/v2\/types\/page"}],"author":[{"embeddable":true,"href":"https:\/\/www.bc-maps.com\/mapa-vectorial-eps\/wp-json\/wp\/v2\/users\/1"}],"replies":[{"embeddable":true,"href":"https:\/\/www.bc-maps.com\/mapa-vectorial-eps\/wp-json\/wp\/v2\/comments?post=495"}],"version-history":[{"count":4,"href":"https:\/\/www.bc-maps.com\/mapa-vectorial-eps\/wp-json\/wp\/v2\/pages\/495\/revisions"}],"predecessor-version":[{"id":4953,"href":"https:\/\/www.bc-maps.com\/mapa-vectorial-eps\/wp-json\/wp\/v2\/pages\/495\/revisions\/4953"}],"up":[{"embeddable":true,"href":"https:\/\/www.bc-maps.com\/mapa-vectorial-eps\/wp-json\/wp\/v2\/pages\/52"}],"wp:attachment":[{"href":"https:\/\/www.bc-maps.com\/mapa-vectorial-eps\/wp-json\/wp\/v2\/media?parent=495"}],"curies":[{"name":"wp","href":"https:\/\/api.w.org\/{rel}","templated":true}]}}