{"id":493,"date":"2012-05-03T09:39:53","date_gmt":"2012-05-03T09:39:53","guid":{"rendered":"http:\/\/www.bc-maps.com\/mapa-vectorial-eps\/?page_id=493"},"modified":"2021-10-05T09:30:39","modified_gmt":"2021-10-05T09:30:39","slug":"lleida","status":"publish","type":"page","link":"https:\/\/www.bc-maps.com\/mapa-vectorial-eps\/mapas-vectoriales\/espana\/ciudades\/lleida\/","title":{"rendered":"Lleida mapa vectorial illustrator eps editable"},"content":{"rendered":"<h1>Planos y mapas vectoriales de Lleida<\/h1>\n<h2><a href=\"https:\/\/www.bc-maps.com\/mapa-vectorial-eps\/mapas-vectoriales\">Mapas vectoriales<\/a> editables eps, illustrator, freehand,pdf de las calles de Lleida<\/h2>\n<h3>Planos vectoriales de ciudades<\/h3>\n<p>Podemos crear cualquier tipo de mapa de la ciudad de Lleida, planos parciales, planos generales, planos de detalle,\u00a0\u00a0en formato <a href=\"http:\/\/www.adobe.com\/es\">illustrator<\/a>.<\/p>\n<figure id=\"attachment_3538\" aria-describedby=\"caption-attachment-3538\" style=\"width: 300px\" class=\"wp-caption alignnone\"><a href=\"http:\/\/www.bc-maps.com\/wp-content\/uploads\/2018\/10\/LLEIDA-C.jpg\" target=\"_blank\" rel=\"noopener\"><img loading=\"lazy\" decoding=\"async\" class=\"Lleida mapa vectorial illustrator eps centro wp-image-3538 size-medium\" title=\"Lleida mapa vectorial illustrator eps centro\" src=\"http:\/\/www.bc-maps.com\/wp-content\/uploads\/2018\/10\/LLEIDA-C-300x225.jpg\" alt=\"Lleida mapa vectorial illustrator eps centro\" width=\"300\" height=\"225\" srcset=\"https:\/\/www.bc-maps.com\/wp-content\/uploads\/2018\/10\/LLEIDA-C-300x225.jpg 300w, https:\/\/www.bc-maps.com\/wp-content\/uploads\/2018\/10\/LLEIDA-C-768x575.jpg 768w, https:\/\/www.bc-maps.com\/wp-content\/uploads\/2018\/10\/LLEIDA-C.jpg 796w\" sizes=\"auto, (max-width: 300px) 100vw, 300px\" \/><\/a><figcaption id=\"caption-attachment-3538\" class=\"wp-caption-text\">Lleida mapa vectorial illustrator eps centro<\/figcaption><\/figure>\n<figure id=\"attachment_3537\" aria-describedby=\"caption-attachment-3537\" style=\"width: 227px\" class=\"wp-caption alignnone\"><a href=\"http:\/\/www.bc-maps.com\/wp-content\/uploads\/2018\/10\/LLEIDA-AVE-OK-2.jpg\" target=\"_blank\" rel=\"noopener\"><img loading=\"lazy\" decoding=\"async\" class=\"Lleida mapa vectorial illustrator eps Ave wp-image-3537 size-medium\" title=\"Lleida mapa vectorial illustrator eps Ave\" src=\"http:\/\/www.bc-maps.com\/wp-content\/uploads\/2018\/10\/LLEIDA-AVE-OK-2-227x300.jpg\" alt=\"Lleida mapa vectorial illustrator eps Ave\" width=\"227\" height=\"300\" srcset=\"https:\/\/www.bc-maps.com\/wp-content\/uploads\/2018\/10\/LLEIDA-AVE-OK-2-227x300.jpg 227w, https:\/\/www.bc-maps.com\/wp-content\/uploads\/2018\/10\/LLEIDA-AVE-OK-2-768x1015.jpg 768w, https:\/\/www.bc-maps.com\/wp-content\/uploads\/2018\/10\/LLEIDA-AVE-OK-2-775x1024.jpg 775w, https:\/\/www.bc-maps.com\/wp-content\/uploads\/2018\/10\/LLEIDA-AVE-OK-2.jpg 1382w\" sizes=\"auto, (max-width: 227px) 100vw, 227px\" \/><\/a><figcaption id=\"caption-attachment-3537\" class=\"wp-caption-text\">Lleida mapa vectorial illustrator eps Ave<\/figcaption><\/figure>\n<p>El contenido depender\u00e1 del tama\u00f1o de la zona y la escala o medidas de reproducci\u00f3n, no trabajamos con textos inferiores a 5 puntos para que sean legibles.<\/p>\n<p>La informaci\u00f3n disponible va desde\u00a0monumentos, lugares de inter\u00e9s y populares, museos, oficinas de turismo, centros comerciales, medios de transporte.<\/p>\n<p>Tambi\u00e9n podemos a\u00f1adir cualquier otra informaci\u00f3n pr\u00e1ctica que nos soliciten ustedes.<\/p>\n<p>Nuestros mapas est\u00e1n estructurados por medio de capas y son totalmente editables, modificables, \u00a0tanto \u00a0colores y\u00a0fuentes\/textos.<\/p>\n<p>Nuestro ficheros\u00a0son libres de derechos para cualquier reproducci\u00f3n, incluyendo nuestro copyright.<\/p>\n<p>Los maps\u00a0est\u00e1n creados con licencias oficiales de programas de Adobe, habitualmente entregamos en version CC, pero podemos entregar tambi\u00e9n en otras versiones.<\/p>\n<p>&nbsp;<\/p>\n","protected":false},"excerpt":{"rendered":"<p>Planos y mapas vectoriales de Lleida Mapas vectoriales editables eps, illustrator, freehand,pdf de las calles de Lleida Planos vectoriales de ciudades Podemos crear cualquier tipo de mapa de la ciudad de Lleida, planos parciales, planos generales, planos de detalle,\u00a0\u00a0en formato illustrator. El contenido depender\u00e1 del tama\u00f1o de la zona y la escala o medidas de &hellip; <a href=\"https:\/\/www.bc-maps.com\/mapa-vectorial-eps\/mapas-vectoriales\/espana\/ciudades\/lleida\/\" class=\"more-link\">Seguir leyendo <span class=\"screen-reader-text\">Lleida mapa vectorial illustrator eps editable<\/span> <span class=\"meta-nav\">&rarr;<\/span><\/a><\/p>\n","protected":false},"author":1,"featured_media":0,"parent":52,"menu_order":0,"comment_status":"closed","ping_status":"closed","template":"","meta":{"footnotes":""},"class_list":["post-493","page","type-page","status-publish","hentry"],"_links":{"self":[{"href":"https:\/\/www.bc-maps.com\/mapa-vectorial-eps\/wp-json\/wp\/v2\/pages\/493","targetHints":{"allow":["GET"]}}],"collection":[{"href":"https:\/\/www.bc-maps.com\/mapa-vectorial-eps\/wp-json\/wp\/v2\/pages"}],"about":[{"href":"https:\/\/www.bc-maps.com\/mapa-vectorial-eps\/wp-json\/wp\/v2\/types\/page"}],"author":[{"embeddable":true,"href":"https:\/\/www.bc-maps.com\/mapa-vectorial-eps\/wp-json\/wp\/v2\/users\/1"}],"replies":[{"embeddable":true,"href":"https:\/\/www.bc-maps.com\/mapa-vectorial-eps\/wp-json\/wp\/v2\/comments?post=493"}],"version-history":[{"count":5,"href":"https:\/\/www.bc-maps.com\/mapa-vectorial-eps\/wp-json\/wp\/v2\/pages\/493\/revisions"}],"predecessor-version":[{"id":4951,"href":"https:\/\/www.bc-maps.com\/mapa-vectorial-eps\/wp-json\/wp\/v2\/pages\/493\/revisions\/4951"}],"up":[{"embeddable":true,"href":"https:\/\/www.bc-maps.com\/mapa-vectorial-eps\/wp-json\/wp\/v2\/pages\/52"}],"wp:attachment":[{"href":"https:\/\/www.bc-maps.com\/mapa-vectorial-eps\/wp-json\/wp\/v2\/media?parent=493"}],"curies":[{"name":"wp","href":"https:\/\/api.w.org\/{rel}","templated":true}]}}