{"id":490,"date":"2012-04-27T14:23:05","date_gmt":"2012-04-27T14:23:05","guid":{"rendered":"http:\/\/www.bc-maps.com\/mapa-vectorial-eps\/?page_id=490"},"modified":"2021-10-05T09:30:34","modified_gmt":"2021-10-05T09:30:34","slug":"leon","status":"publish","type":"page","link":"https:\/\/www.bc-maps.com\/mapa-vectorial-eps\/mapas-vectoriales\/espana\/ciudades\/leon\/","title":{"rendered":"Le\u00f3n mapa vectorial illustrator eps editable"},"content":{"rendered":"<h1>Planos y mapas vectoriales de Le\u00f3n<\/h1>\n<h2><a href=\"https:\/\/www.bc-maps.com\/mapa-vectorial-eps\/mapas-vectoriales\">Mapas vectoriales<\/a> editables eps, illustrator, freehand,pdf de las calles de Le\u00f3n<\/h2>\n<h3>Planos vectoriales de ciudades<\/h3>\n<p>Podemos crear cualquier tipo de mapa de la ciudad de Le\u00f3n, planos parciales, planos generales, planos de detalle,\u00a0\u00a0en formato <a href=\"http:\/\/www.adobe.com\/es\">illustrator<\/a>.<\/p>\n<figure id=\"attachment_3534\" aria-describedby=\"caption-attachment-3534\" style=\"width: 287px\" class=\"wp-caption alignnone\"><a href=\"http:\/\/www.bc-maps.com\/wp-content\/uploads\/2018\/10\/Leon-mapa-vectorial-illustrator-eps.jpg\" target=\"_blank\" rel=\"noopener\"><img loading=\"lazy\" decoding=\"async\" class=\"Leon mapa vectorial illustrator eps mudo wp-image-3534 size-medium\" title=\"Leon mapa vectorial illustrator eps mudo\" src=\"http:\/\/www.bc-maps.com\/wp-content\/uploads\/2018\/10\/Leon-mapa-vectorial-illustrator-eps-287x300.jpg\" alt=\"Leon mapa vectorial illustrator eps mudo\" width=\"287\" height=\"300\" srcset=\"https:\/\/www.bc-maps.com\/wp-content\/uploads\/2018\/10\/Leon-mapa-vectorial-illustrator-eps-287x300.jpg 287w, https:\/\/www.bc-maps.com\/wp-content\/uploads\/2018\/10\/Leon-mapa-vectorial-illustrator-eps-768x803.jpg 768w, https:\/\/www.bc-maps.com\/wp-content\/uploads\/2018\/10\/Leon-mapa-vectorial-illustrator-eps-980x1024.jpg 980w\" sizes=\"auto, (max-width: 287px) 100vw, 287px\" \/><\/a><figcaption id=\"caption-attachment-3534\" class=\"wp-caption-text\">Leon mapa vectorial illustrator eps mudo<\/figcaption><\/figure>\n<figure id=\"attachment_3533\" aria-describedby=\"caption-attachment-3533\" style=\"width: 300px\" class=\"wp-caption alignnone\"><a href=\"http:\/\/www.bc-maps.com\/wp-content\/uploads\/2018\/10\/LEON-C.jpg\" target=\"_blank\" rel=\"noopener\"><img loading=\"lazy\" decoding=\"async\" class=\"Leon mapa vectorial illustrator eps centro wp-image-3533 size-medium\" title=\"Leon mapa vectorial illustrator eps centro\" src=\"http:\/\/www.bc-maps.com\/wp-content\/uploads\/2018\/10\/LEON-C-300x225.jpg\" alt=\"Leon mapa vectorial illustrator eps centro\" width=\"300\" height=\"225\" srcset=\"https:\/\/www.bc-maps.com\/wp-content\/uploads\/2018\/10\/LEON-C-300x225.jpg 300w, https:\/\/www.bc-maps.com\/wp-content\/uploads\/2018\/10\/LEON-C-768x577.jpg 768w, https:\/\/www.bc-maps.com\/wp-content\/uploads\/2018\/10\/LEON-C.jpg 795w\" sizes=\"auto, (max-width: 300px) 100vw, 300px\" \/><\/a><figcaption id=\"caption-attachment-3533\" class=\"wp-caption-text\">Leon mapa vectorial illustrator eps centro<\/figcaption><\/figure>\n<p>El contenido depender\u00e1 del tama\u00f1o de la zona y la escala o medidas de reproducci\u00f3n, no trabajamos con textos inferiores a 5 puntos para que sean legibles.<\/p>\n<p>La informaci\u00f3n disponible va desde\u00a0monumentos, lugares de inter\u00e9s y populares, museos, oficinas de turismo, centros comerciales, medios de transporte.<\/p>\n<p>Tambi\u00e9n podemos a\u00f1adir cualquier otra informaci\u00f3n pr\u00e1ctica que nos soliciten ustedes.<\/p>\n<p>Nuestros mapas est\u00e1n estructurados por medio de capas y son totalmente editables, modificables, \u00a0tanto \u00a0colores y\u00a0fuentes\/textos.<\/p>\n<p>Nuestro ficheros\u00a0son libres de derechos para cualquier reproducci\u00f3n, incluyendo nuestro copyright.<\/p>\n<p>Los maps\u00a0est\u00e1n creados con licencias oficiales de programas de Adobe, habitualmente entregamos en version CC, pero podemos entregar tambi\u00e9n en otras versiones.<\/p>\n<p>&nbsp;<\/p>\n","protected":false},"excerpt":{"rendered":"<p>Planos y mapas vectoriales de Le\u00f3n Mapas vectoriales editables eps, illustrator, freehand,pdf de las calles de Le\u00f3n Planos vectoriales de ciudades Podemos crear cualquier tipo de mapa de la ciudad de Le\u00f3n, planos parciales, planos generales, planos de detalle,\u00a0\u00a0en formato illustrator. El contenido depender\u00e1 del tama\u00f1o de la zona y la escala o medidas de &hellip; <a href=\"https:\/\/www.bc-maps.com\/mapa-vectorial-eps\/mapas-vectoriales\/espana\/ciudades\/leon\/\" class=\"more-link\">Seguir leyendo <span class=\"screen-reader-text\">Le\u00f3n mapa vectorial illustrator eps editable<\/span> <span class=\"meta-nav\">&rarr;<\/span><\/a><\/p>\n","protected":false},"author":1,"featured_media":0,"parent":52,"menu_order":0,"comment_status":"closed","ping_status":"closed","template":"","meta":{"footnotes":""},"class_list":["post-490","page","type-page","status-publish","hentry"],"_links":{"self":[{"href":"https:\/\/www.bc-maps.com\/mapa-vectorial-eps\/wp-json\/wp\/v2\/pages\/490","targetHints":{"allow":["GET"]}}],"collection":[{"href":"https:\/\/www.bc-maps.com\/mapa-vectorial-eps\/wp-json\/wp\/v2\/pages"}],"about":[{"href":"https:\/\/www.bc-maps.com\/mapa-vectorial-eps\/wp-json\/wp\/v2\/types\/page"}],"author":[{"embeddable":true,"href":"https:\/\/www.bc-maps.com\/mapa-vectorial-eps\/wp-json\/wp\/v2\/users\/1"}],"replies":[{"embeddable":true,"href":"https:\/\/www.bc-maps.com\/mapa-vectorial-eps\/wp-json\/wp\/v2\/comments?post=490"}],"version-history":[{"count":5,"href":"https:\/\/www.bc-maps.com\/mapa-vectorial-eps\/wp-json\/wp\/v2\/pages\/490\/revisions"}],"predecessor-version":[{"id":4950,"href":"https:\/\/www.bc-maps.com\/mapa-vectorial-eps\/wp-json\/wp\/v2\/pages\/490\/revisions\/4950"}],"up":[{"embeddable":true,"href":"https:\/\/www.bc-maps.com\/mapa-vectorial-eps\/wp-json\/wp\/v2\/pages\/52"}],"wp:attachment":[{"href":"https:\/\/www.bc-maps.com\/mapa-vectorial-eps\/wp-json\/wp\/v2\/media?parent=490"}],"curies":[{"name":"wp","href":"https:\/\/api.w.org\/{rel}","templated":true}]}}