{"id":4894,"date":"2021-10-04T08:53:46","date_gmt":"2021-10-04T08:53:46","guid":{"rendered":"http:\/\/www.bc-maps.com\/mapa-vectorial-eps\/?page_id=4894"},"modified":"2025-10-12T07:11:36","modified_gmt":"2025-10-12T07:11:36","slug":"premia-de-mar-mapa-vectorial-illustrator-eps-ai-cc","status":"publish","type":"page","link":"https:\/\/www.bc-maps.com\/mapa-vectorial-eps\/premia-de-mar-mapa-vectorial-illustrator-eps-ai-cc\/","title":{"rendered":"Premi\u00e0 de Mar mapa vectorial Illustrator eps ai CC"},"content":{"rendered":"\n<h1 class=\"wp-block-heading\">Planos y mapas vectoriales de Premi\u00e0 de Mar<\/h1>\n\n\n\n<h2 class=\"wp-block-heading\">Mapas vectoriales editables estructurados con capas de Premi\u00e0 de Mar<\/h2>\n\n\n\n<h3 class=\"wp-block-heading\">Planos vectoriales de ciudades del Maresme<\/h3>\n\n\n\n<p>Podemos crear cualquier tipo de mapa de Premi\u00e0 de Mar planos parciales, planos generales, planos de detalle, \u2026etc.<\/p>\n\n\n\n<p>Los mapas se entregan en formatos editables <a href=\"http:\/\/www.adobe.es\">adobe<\/a> illustrator, eps, corel, freehand.<\/p>\n\n\n\n<figure class=\"wp-block-gallery has-nested-images columns-default is-cropped wp-block-gallery-1 is-layout-flex wp-block-gallery-is-layout-flex\">\n<figure class=\"wp-block-image size-large\"><a href=\"https:\/\/www.bc-maps.com\/wp-content\/uploads\/2018\/11\/Planol-Premia-de-Mar.jpg\" target=\"_blank\" rel=\"noopener noreferrer\"><img loading=\"lazy\" decoding=\"async\" width=\"1024\" height=\"702\" data-id=\"4180\" src=\"https:\/\/www.bc-maps.com\/wp-content\/uploads\/2018\/11\/Planol-Premia-de-Mar-1024x702.jpg\" alt=\"Premia de Mar mapa vectorial illustrator eps ai CC\" class=\"wp-image-4180\" srcset=\"https:\/\/www.bc-maps.com\/wp-content\/uploads\/2018\/11\/Planol-Premia-de-Mar-1024x702.jpg 1024w, https:\/\/www.bc-maps.com\/wp-content\/uploads\/2018\/11\/Planol-Premia-de-Mar-300x206.jpg 300w, https:\/\/www.bc-maps.com\/wp-content\/uploads\/2018\/11\/Planol-Premia-de-Mar-768x526.jpg 768w\" sizes=\"auto, (max-width: 1024px) 100vw, 1024px\" \/><\/a><figcaption class=\"wp-element-caption\">Premia de Mar mapa vectorial illustrator eps ai CC<\/figcaption><\/figure>\n<\/figure>\n\n\n\n<p>El contenido de informaci\u00f3n depender\u00e1 del tama\u00f1o de la zona y la escala o medidas de reproducci\u00f3n, ya que no trabajamos con textos inferiores a 5 puntos para que sean legibles.<\/p>\n\n\n\n<p>El contenido depender\u00e1 del tama\u00f1o de la zona y la escala o medidas de reproducci\u00f3n, no trabajamos con textos inferiores a 5 puntos para que sean legibles.<\/p>\n\n\n\n<p>La informaci\u00f3n disponible va desde&nbsp;monumentos, lugares de inter\u00e9s y populares, museos, oficinas de turismo, centros comerciales, medios de transporte.<\/p>\n\n\n\n<p>Tambi\u00e9n podemos a\u00f1adir cualquier otra informaci\u00f3n pr\u00e1ctica que nos soliciten ustedes.<\/p>\n\n\n\n<p>Nuestros mapas est\u00e1n estructurados por medio de capas y son totalmente editables, modificables, &nbsp;tanto &nbsp;colores y&nbsp;fuentes\/textos.<\/p>\n\n\n\n<p>Nuestro ficheros&nbsp;son libres de derechos para cualquier reproducci\u00f3n, incluyendo nuestro copyright.<\/p>\n\n\n\n<p>Los maps&nbsp;est\u00e1n creados con licencias oficiales de programas de Adobe, habitualmente entregamos en version CC, pero podemos entregar tambi\u00e9n en otras versiones.<\/p>\n\n\n\n<p>SI lo desean tambi\u00e9n podemos entregar el mapa impreso y personalizado en la medida y plegado que les interese creando lo que conocemos como <a href=\"https:\/\/www.bc-maps.com\/mapa-vectorial-eps\/mapa-ibiza-resort-7-pines-2021\/\">mapa personalizado<\/a><\/p>\n","protected":false},"excerpt":{"rendered":"<p>Planos y mapas vectoriales de Premi\u00e0 de Mar Mapas vectoriales editables estructurados con capas de Premi\u00e0 de Mar Planos vectoriales de ciudades del Maresme Podemos crear cualquier tipo de mapa de Premi\u00e0 de Mar planos parciales, planos generales, planos de detalle, \u2026etc. Los mapas se entregan en formatos editables adobe illustrator, eps, corel, freehand. El &hellip; <a href=\"https:\/\/www.bc-maps.com\/mapa-vectorial-eps\/premia-de-mar-mapa-vectorial-illustrator-eps-ai-cc\/\" class=\"more-link\">Seguir leyendo <span class=\"screen-reader-text\">Premi\u00e0 de Mar mapa vectorial Illustrator eps ai CC<\/span> <span class=\"meta-nav\">&rarr;<\/span><\/a><\/p>\n","protected":false},"author":1,"featured_media":4180,"parent":0,"menu_order":0,"comment_status":"closed","ping_status":"closed","template":"","meta":{"footnotes":""},"class_list":["post-4894","page","type-page","status-publish","has-post-thumbnail","hentry"],"_links":{"self":[{"href":"https:\/\/www.bc-maps.com\/mapa-vectorial-eps\/wp-json\/wp\/v2\/pages\/4894","targetHints":{"allow":["GET"]}}],"collection":[{"href":"https:\/\/www.bc-maps.com\/mapa-vectorial-eps\/wp-json\/wp\/v2\/pages"}],"about":[{"href":"https:\/\/www.bc-maps.com\/mapa-vectorial-eps\/wp-json\/wp\/v2\/types\/page"}],"author":[{"embeddable":true,"href":"https:\/\/www.bc-maps.com\/mapa-vectorial-eps\/wp-json\/wp\/v2\/users\/1"}],"replies":[{"embeddable":true,"href":"https:\/\/www.bc-maps.com\/mapa-vectorial-eps\/wp-json\/wp\/v2\/comments?post=4894"}],"version-history":[{"count":3,"href":"https:\/\/www.bc-maps.com\/mapa-vectorial-eps\/wp-json\/wp\/v2\/pages\/4894\/revisions"}],"predecessor-version":[{"id":8160,"href":"https:\/\/www.bc-maps.com\/mapa-vectorial-eps\/wp-json\/wp\/v2\/pages\/4894\/revisions\/8160"}],"wp:featuredmedia":[{"embeddable":true,"href":"https:\/\/www.bc-maps.com\/mapa-vectorial-eps\/wp-json\/wp\/v2\/media\/4180"}],"wp:attachment":[{"href":"https:\/\/www.bc-maps.com\/mapa-vectorial-eps\/wp-json\/wp\/v2\/media?parent=4894"}],"curies":[{"name":"wp","href":"https:\/\/api.w.org\/{rel}","templated":true}]}}