{"id":4892,"date":"2021-10-04T08:53:46","date_gmt":"2021-10-04T08:53:46","guid":{"rendered":"http:\/\/www.bc-maps.com\/mapa-vectorial-eps\/?page_id=4892"},"modified":"2021-10-06T14:33:45","modified_gmt":"2021-10-06T14:33:45","slug":"vinaroz-mapa-vectorial-illustrator-eps-ai-cc","status":"publish","type":"page","link":"https:\/\/www.bc-maps.com\/mapa-vectorial-eps\/vinaroz-mapa-vectorial-illustrator-eps-ai-cc\/","title":{"rendered":"Vinaroz mapa vectorial Illustrator eps ai CC"},"content":{"rendered":"<h1>Planos y mapas vectoriales de Vinaroz<\/h1>\n<h2>Mapas vectoriales editables estructurados con capas de Vinaroz<\/h2>\n<h3>Planos vectoriales de ciudades de la provincia de Castell\u00f3<\/h3>\n<p>Podemos crear cualquier tipo de mapa de Vinaroz planos parciales, planos generales, planos de detalle, \u2026etc.<\/p>\n<p>Los mapas se entregan en formatos editables <a href=\"http:\/\/www.adobe.es\">adobe<\/a> illustrator, eps, corel, freehand.<\/p>\n<figure id=\"attachment_1974\" aria-describedby=\"caption-attachment-1974\" style=\"width: 212px\" class=\"wp-caption alignnone\"><a href=\"http:\/\/www.bc-maps.com\/wp-content\/uploads\/2013\/08\/VINAROS-MAPA-2013.jpg\" target=\"_blank\" rel=\"noopener\"><img loading=\"lazy\" decoding=\"async\" class=\"wp-image-1974 size-medium\" title=\"Vinaroz mapa vectorial illustrator eps ai CC\" src=\"http:\/\/www.bc-maps.com\/wp-content\/uploads\/2013\/08\/VINAROS-MAPA-2013-212x300.jpg\" alt=\"Vinaroz mapa vectorial illustrator eps ai CC\" width=\"212\" height=\"300\" srcset=\"https:\/\/www.bc-maps.com\/wp-content\/uploads\/2013\/08\/VINAROS-MAPA-2013-212x300.jpg 212w, https:\/\/www.bc-maps.com\/wp-content\/uploads\/2013\/08\/VINAROS-MAPA-2013-724x1024.jpg 724w, https:\/\/www.bc-maps.com\/wp-content\/uploads\/2013\/08\/VINAROS-MAPA-2013.jpg 1123w\" sizes=\"auto, (max-width: 212px) 100vw, 212px\" \/><\/a><figcaption id=\"caption-attachment-1974\" class=\"wp-caption-text\">Vinaroz mapa vectorial illustrator eps ai CC<\/figcaption><\/figure>\n<p>El contenido de informaci\u00f3n depender\u00e1 del tama\u00f1o de la zona y la escala o medidas de reproducci\u00f3n, ya que no trabajamos con textos inferiores a 5 puntos para que sean legibles.<\/p>\n<p>El contenido depender\u00e1 del tama\u00f1o de la zona y la escala o medidas de reproducci\u00f3n, no trabajamos con textos inferiores a 5 puntos para que sean legibles.<\/p>\n<p>La informaci\u00f3n disponible va desde\u00a0monumentos, lugares de inter\u00e9s y populares, museos, oficinas de turismo, centros comerciales, medios de transporte.<\/p>\n<p>Tambi\u00e9n podemos a\u00f1adir cualquier otra informaci\u00f3n pr\u00e1ctica que nos soliciten ustedes.<\/p>\n<p>Nuestros mapas est\u00e1n estructurados por medio de capas y son totalmente editables, modificables, \u00a0tanto \u00a0colores y\u00a0fuentes\/textos.<\/p>\n<p>Nuestro ficheros\u00a0son libres de derechos para cualquier reproducci\u00f3n, incluyendo nuestro copyright.<\/p>\n<p>Los maps\u00a0est\u00e1n creados con licencias oficiales de programas de<a href=\"https:\/\/www.adobe.com\/es\/\"> Adobe<\/a>, habitualmente entregamos en version CC, pero podemos entregar tambi\u00e9n en otras versiones.<\/p>\n<p>SI lo desean tambi\u00e9n podemos entregar el mapa impreso y personalizado en la medida y plegado que les interese creando lo que conocemos como <a href=\"https:\/\/www.bc-maps.com\/mapa-vectorial-eps\/mapa-ibiza-resort-7-pines-2021\/\" data-wplink-edit=\"true\">mapa personalizado<\/a><\/p>\n\n","protected":false},"excerpt":{"rendered":"<p>Planos y mapas vectoriales de Vinaroz Mapas vectoriales editables estructurados con capas de Vinaroz Planos vectoriales de ciudades de la provincia de Castell\u00f3 Podemos crear cualquier tipo de mapa de Vinaroz planos parciales, planos generales, planos de detalle, \u2026etc. Los mapas se entregan en formatos editables adobe illustrator, eps, corel, freehand. El contenido de informaci\u00f3n &hellip; <a href=\"https:\/\/www.bc-maps.com\/mapa-vectorial-eps\/vinaroz-mapa-vectorial-illustrator-eps-ai-cc\/\" class=\"more-link\">Seguir leyendo <span class=\"screen-reader-text\">Vinaroz mapa vectorial Illustrator eps ai CC<\/span> <span class=\"meta-nav\">&rarr;<\/span><\/a><\/p>\n","protected":false},"author":1,"featured_media":1974,"parent":0,"menu_order":0,"comment_status":"closed","ping_status":"closed","template":"","meta":{"footnotes":""},"class_list":["post-4892","page","type-page","status-publish","has-post-thumbnail","hentry"],"_links":{"self":[{"href":"https:\/\/www.bc-maps.com\/mapa-vectorial-eps\/wp-json\/wp\/v2\/pages\/4892","targetHints":{"allow":["GET"]}}],"collection":[{"href":"https:\/\/www.bc-maps.com\/mapa-vectorial-eps\/wp-json\/wp\/v2\/pages"}],"about":[{"href":"https:\/\/www.bc-maps.com\/mapa-vectorial-eps\/wp-json\/wp\/v2\/types\/page"}],"author":[{"embeddable":true,"href":"https:\/\/www.bc-maps.com\/mapa-vectorial-eps\/wp-json\/wp\/v2\/users\/1"}],"replies":[{"embeddable":true,"href":"https:\/\/www.bc-maps.com\/mapa-vectorial-eps\/wp-json\/wp\/v2\/comments?post=4892"}],"version-history":[{"count":3,"href":"https:\/\/www.bc-maps.com\/mapa-vectorial-eps\/wp-json\/wp\/v2\/pages\/4892\/revisions"}],"predecessor-version":[{"id":5004,"href":"https:\/\/www.bc-maps.com\/mapa-vectorial-eps\/wp-json\/wp\/v2\/pages\/4892\/revisions\/5004"}],"wp:featuredmedia":[{"embeddable":true,"href":"https:\/\/www.bc-maps.com\/mapa-vectorial-eps\/wp-json\/wp\/v2\/media\/1974"}],"wp:attachment":[{"href":"https:\/\/www.bc-maps.com\/mapa-vectorial-eps\/wp-json\/wp\/v2\/media?parent=4892"}],"curies":[{"name":"wp","href":"https:\/\/api.w.org\/{rel}","templated":true}]}}