{"id":488,"date":"2012-04-27T14:21:15","date_gmt":"2012-04-27T14:21:15","guid":{"rendered":"http:\/\/www.bc-maps.com\/mapa-vectorial-eps\/?page_id=488"},"modified":"2021-10-05T09:30:16","modified_gmt":"2021-10-05T09:30:16","slug":"las-palmas","status":"publish","type":"page","link":"https:\/\/www.bc-maps.com\/mapa-vectorial-eps\/mapas-vectoriales\/espana\/ciudades\/las-palmas\/","title":{"rendered":"Las Palmas mapa vectorial illustrator eps editable"},"content":{"rendered":"<h1>Planos y mapas vectoriales de Las Palmas<\/h1>\n<h2><a href=\"https:\/\/www.bc-maps.com\/mapa-vectorial-eps\/mapas-vectoriales\">Mapas vectoriales<\/a> editables eps, illustrator, freehand,pdf de Las Palmas<\/h2>\n<h3>Planos vectoriales de ciudades de Gran Canaria<\/h3>\n<p>Podemos crear cualquier tipo de mapa de la ciudad de Las Palmas, planos parciales, planos generales, planos de detalle,\u00a0\u00a0en formato <a href=\"http:\/\/www.adobe.com\/es\">illustrator<\/a>.<\/p>\n<figure id=\"attachment_3408\" aria-describedby=\"caption-attachment-3408\" style=\"width: 300px\" class=\"wp-caption alignnone\"><a href=\"http:\/\/www.bc-maps.com\/wp-content\/uploads\/2012\/06\/mapa-vectorial-illustrator-eps-Las-Palmas.jpg\" target=\"_blank\" rel=\"noopener\"><img loading=\"lazy\" decoding=\"async\" class=\"mapa vectorial illustrator eps Las Palmas A3 wp-image-3408 size-medium\" title=\"mapa vectorial illustrator eps Las Palmas A3\" src=\"http:\/\/www.bc-maps.com\/wp-content\/uploads\/2012\/06\/mapa-vectorial-illustrator-eps-Las-Palmas-300x265.jpg\" alt=\"mapa vectorial illustrator eps Las Palmas A3\" width=\"300\" height=\"265\" srcset=\"https:\/\/www.bc-maps.com\/wp-content\/uploads\/2012\/06\/mapa-vectorial-illustrator-eps-Las-Palmas-300x265.jpg 300w, https:\/\/www.bc-maps.com\/wp-content\/uploads\/2012\/06\/mapa-vectorial-illustrator-eps-Las-Palmas-768x677.jpg 768w, https:\/\/www.bc-maps.com\/wp-content\/uploads\/2012\/06\/mapa-vectorial-illustrator-eps-Las-Palmas-1024x903.jpg 1024w, https:\/\/www.bc-maps.com\/wp-content\/uploads\/2012\/06\/mapa-vectorial-illustrator-eps-Las-Palmas.jpg 1971w\" sizes=\"auto, (max-width: 300px) 100vw, 300px\" \/><\/a><figcaption id=\"caption-attachment-3408\" class=\"wp-caption-text\">mapa vectorial illustrator eps Las Palmas A3<\/figcaption><\/figure>\n<figure id=\"attachment_2187\" aria-describedby=\"caption-attachment-2187\" style=\"width: 300px\" class=\"wp-caption alignnone\"><a href=\"http:\/\/www.bc-maps.com\/wp-content\/uploads\/2014\/01\/Las-Palmas-mapa-vectorial-eps.jpg\" target=\"_blank\" rel=\"noopener\"><img loading=\"lazy\" decoding=\"async\" class=\"Mapa vectorial eps illustrator Las Palmas Rolex wp-image-2187 size-medium\" title=\"Mapa vectorial eps illustrator Las Palmas Rolex\" src=\"http:\/\/www.bc-maps.com\/wp-content\/uploads\/2014\/01\/Las-Palmas-mapa-vectorial-eps-300x213.jpg\" alt=\"Mapa vectorial eps illustrator Las Palmas Rolex\" width=\"300\" height=\"213\" srcset=\"https:\/\/www.bc-maps.com\/wp-content\/uploads\/2014\/01\/Las-Palmas-mapa-vectorial-eps-300x213.jpg 300w, https:\/\/www.bc-maps.com\/wp-content\/uploads\/2014\/01\/Las-Palmas-mapa-vectorial-eps-1024x729.jpg 1024w, https:\/\/www.bc-maps.com\/wp-content\/uploads\/2014\/01\/Las-Palmas-mapa-vectorial-eps.jpg 1512w\" sizes=\"auto, (max-width: 300px) 100vw, 300px\" \/><\/a><figcaption id=\"caption-attachment-2187\" class=\"wp-caption-text\">Mapa vectorial eps illustrator Las Palmas Rolex<\/figcaption><\/figure>\n<p>El contenido depender\u00e1 del tama\u00f1o de la zona y la medida de reproducci\u00f3n, no trabajamos con textos inferiores a 5 puntos.<\/p>\n<p>La informaci\u00f3n disponible va desde\u00a0monumentos, lugares de inter\u00e9s y populares, museos, oficinas de turismo, centros comerciales, medios de transporte.<\/p>\n<p>Tambi\u00e9n podemos a\u00f1adir cualquier otra informaci\u00f3n pr\u00e1ctica que nos soliciten ustedes.<\/p>\n<p>Nuestros mapas est\u00e1n estructurados por medio de capas y son totalmente editables, modificables, \u00a0tanto \u00a0colores y\u00a0fuentes\/textos.<\/p>\n<p>Nuestro ficheros\u00a0son libres de derechos para cualquier reproducci\u00f3n, incluyendo nuestro copyright.<\/p>\n<p>Los mapas\u00a0est\u00e1n creados con licencias oficiales de programas de Adobe, habitualmente entregamos en version CC.<\/p>\n<p>Visitar el barrio de Vegueta, Catedral de Santa Ana,\u00a0\u00a0el Mercado de Vegueta y el\u00a0Museo Canario.<\/p>\n<p>Otros edificios de inter\u00e9s son el Palacio Episcopal, las Casas Consistoriales, la Casa de Col\u00f3n y la Ermita de San Antonio Abad.<\/p>\n<p>El auditorio Alfredo Kraus o del Teatro P\u00e9rez Gald\u00f3s y la zona de Vegueta son otros lugares de inter\u00e9s.<\/p>\n","protected":false},"excerpt":{"rendered":"<p>Planos y mapas vectoriales de Las Palmas Mapas vectoriales editables eps, illustrator, freehand,pdf de Las Palmas Planos vectoriales de ciudades de Gran Canaria Podemos crear cualquier tipo de mapa de la ciudad de Las Palmas, planos parciales, planos generales, planos de detalle,\u00a0\u00a0en formato illustrator. El contenido depender\u00e1 del tama\u00f1o de la zona y la medida &hellip; <a href=\"https:\/\/www.bc-maps.com\/mapa-vectorial-eps\/mapas-vectoriales\/espana\/ciudades\/las-palmas\/\" class=\"more-link\">Seguir leyendo <span class=\"screen-reader-text\">Las Palmas mapa vectorial illustrator eps editable<\/span> <span class=\"meta-nav\">&rarr;<\/span><\/a><\/p>\n","protected":false},"author":1,"featured_media":0,"parent":52,"menu_order":0,"comment_status":"closed","ping_status":"closed","template":"","meta":{"footnotes":""},"class_list":["post-488","page","type-page","status-publish","hentry"],"_links":{"self":[{"href":"https:\/\/www.bc-maps.com\/mapa-vectorial-eps\/wp-json\/wp\/v2\/pages\/488","targetHints":{"allow":["GET"]}}],"collection":[{"href":"https:\/\/www.bc-maps.com\/mapa-vectorial-eps\/wp-json\/wp\/v2\/pages"}],"about":[{"href":"https:\/\/www.bc-maps.com\/mapa-vectorial-eps\/wp-json\/wp\/v2\/types\/page"}],"author":[{"embeddable":true,"href":"https:\/\/www.bc-maps.com\/mapa-vectorial-eps\/wp-json\/wp\/v2\/users\/1"}],"replies":[{"embeddable":true,"href":"https:\/\/www.bc-maps.com\/mapa-vectorial-eps\/wp-json\/wp\/v2\/comments?post=488"}],"version-history":[{"count":8,"href":"https:\/\/www.bc-maps.com\/mapa-vectorial-eps\/wp-json\/wp\/v2\/pages\/488\/revisions"}],"predecessor-version":[{"id":4949,"href":"https:\/\/www.bc-maps.com\/mapa-vectorial-eps\/wp-json\/wp\/v2\/pages\/488\/revisions\/4949"}],"up":[{"embeddable":true,"href":"https:\/\/www.bc-maps.com\/mapa-vectorial-eps\/wp-json\/wp\/v2\/pages\/52"}],"wp:attachment":[{"href":"https:\/\/www.bc-maps.com\/mapa-vectorial-eps\/wp-json\/wp\/v2\/media?parent=488"}],"curies":[{"name":"wp","href":"https:\/\/api.w.org\/{rel}","templated":true}]}}