{"id":4850,"date":"2021-09-26T08:55:00","date_gmt":"2021-09-26T08:55:00","guid":{"rendered":"http:\/\/www.bc-maps.com\/mapa-vectorial-eps\/ciudad-real-mapa-vectorial-illustrator-eps-ai-cc-2\/"},"modified":"2021-10-02T05:42:00","modified_gmt":"2021-10-02T05:42:00","slug":"segovia-mapa-vectorial-illustrator-eps-ai-cc","status":"publish","type":"page","link":"https:\/\/www.bc-maps.com\/mapa-vectorial-eps\/segovia-mapa-vectorial-illustrator-eps-ai-cc\/","title":{"rendered":"Segovia mapa vectorial Illustrator eps ai CC"},"content":{"rendered":"<h1>Planos y mapas vectoriales de Segovia<\/h1>\n<h2>Mapas vectoriales editables estructurados con capas de Segovia<\/h2>\n<h3>Planos vectoriales de ciudades de la Comunidad de Castilla-La Mancha<\/h3>\n<p>Podemos crear cualquier tipo de mapa de Segovia planos parciales, planos generales, planos de detalle, \u2026etc.<\/p>\n<p>Los mapas se entregan en formatos editables <a href=\"http:\/\/www.adobe.es\">adobe<\/a> illustrator, eps, corel, freehand.<\/p>\n<figure id=\"attachment_4855\" aria-describedby=\"caption-attachment-4855\" style=\"width: 256px\" class=\"wp-caption alignnone\"><a href=\"http:\/\/www.bc-maps.com\/wp-content\/uploads\/2021\/10\/mapa-vectorial-illustrator-eps-Segovia.jpg\" target=\"_blank\" rel=\"noopener\"><img loading=\"lazy\" decoding=\"async\" class=\"wp-image-4855 \" title=\"Segovia mapa vectorial illustrator eps ai cc Ave\" src=\"http:\/\/www.bc-maps.com\/wp-content\/uploads\/2021\/10\/mapa-vectorial-illustrator-eps-Segovia-178x300.jpg\" alt=\"Segovia mapa vectorial illustrator eps ai cc Ave\" width=\"256\" height=\"432\" srcset=\"https:\/\/www.bc-maps.com\/wp-content\/uploads\/2021\/10\/mapa-vectorial-illustrator-eps-Segovia-178x300.jpg 178w, https:\/\/www.bc-maps.com\/wp-content\/uploads\/2021\/10\/mapa-vectorial-illustrator-eps-Segovia.jpg 680w\" sizes=\"auto, (max-width: 256px) 100vw, 256px\" \/><\/a><figcaption id=\"caption-attachment-4855\" class=\"wp-caption-text\"><strong>Segovia mapa vectorial illustrator eps ai cc Ave<\/strong><\/figcaption><\/figure>\n<figure id=\"attachment_4853\" aria-describedby=\"caption-attachment-4853\" style=\"width: 300px\" class=\"wp-caption alignnone\"><a href=\"http:\/\/www.bc-maps.com\/wp-content\/uploads\/2021\/10\/mapa-vectorial-illustrator-eps-municipios-Segovia.jpg\" target=\"_blank\" rel=\"noopener\"><img loading=\"lazy\" decoding=\"async\" class=\"wp-image-4853 size-medium\" title=\"Segovia mapa vectorial illustrator eps municipios ai cc\" src=\"http:\/\/www.bc-maps.com\/wp-content\/uploads\/2021\/10\/mapa-vectorial-illustrator-eps-municipios-Segovia-300x263.jpg\" alt=\"Segovia mapa vectorial illustrator eps municipios ai cc\" width=\"300\" height=\"263\" srcset=\"https:\/\/www.bc-maps.com\/wp-content\/uploads\/2021\/10\/mapa-vectorial-illustrator-eps-municipios-Segovia-300x263.jpg 300w, https:\/\/www.bc-maps.com\/wp-content\/uploads\/2021\/10\/mapa-vectorial-illustrator-eps-municipios-Segovia-1024x899.jpg 1024w, https:\/\/www.bc-maps.com\/wp-content\/uploads\/2021\/10\/mapa-vectorial-illustrator-eps-municipios-Segovia-768x674.jpg 768w, https:\/\/www.bc-maps.com\/wp-content\/uploads\/2021\/10\/mapa-vectorial-illustrator-eps-municipios-Segovia.jpg 1163w\" sizes=\"auto, (max-width: 300px) 100vw, 300px\" \/><\/a><figcaption id=\"caption-attachment-4853\" class=\"wp-caption-text\"><strong>Segovia mapa vectorial illustrator eps municipios ai cc<\/strong><\/figcaption><\/figure>\n<p>El contenido de informaci\u00f3n depender\u00e1 del tama\u00f1o de la zona y la escala o medidas de reproducci\u00f3n, ya que no trabajamos con textos inferiores a 5 puntos para que sean legibles.<\/p>\n<p>El contenido depender\u00e1 del tama\u00f1o de la zona y la escala o medidas de reproducci\u00f3n, no trabajamos con textos inferiores a 5 puntos para que sean legibles.<\/p>\n<p>La informaci\u00f3n disponible va desde\u00a0monumentos, lugares de inter\u00e9s y populares, museos, oficinas de turismo, centros comerciales, medios de transporte.<\/p>\n<p>Tambi\u00e9n podemos a\u00f1adir cualquier otra informaci\u00f3n pr\u00e1ctica que nos soliciten ustedes.<\/p>\n<p>Nuestros mapas est\u00e1n estructurados por medio de capas y son totalmente editables, modificables, \u00a0tanto \u00a0colores y\u00a0fuentes\/textos.<\/p>\n<p>Nuestro ficheros\u00a0son libres de derechos para cualquier reproducci\u00f3n, incluyendo nuestro copyright.<\/p>\n<p>Los maps\u00a0est\u00e1n creados con licencias oficiales de programas de Adobe, habitualmente entregamos en version CC, pero podemos entregar tambi\u00e9n en otras versiones.<\/p>\n","protected":false},"excerpt":{"rendered":"<p>Planos y mapas vectoriales de Segovia Mapas vectoriales editables estructurados con capas de Segovia Planos vectoriales de ciudades de la Comunidad de Castilla-La Mancha Podemos crear cualquier tipo de mapa de Segovia planos parciales, planos generales, planos de detalle, \u2026etc. Los mapas se entregan en formatos editables adobe illustrator, eps, corel, freehand. El contenido de &hellip; <a href=\"https:\/\/www.bc-maps.com\/mapa-vectorial-eps\/segovia-mapa-vectorial-illustrator-eps-ai-cc\/\" class=\"more-link\">Seguir leyendo <span class=\"screen-reader-text\">Segovia mapa vectorial Illustrator eps ai CC<\/span> <span class=\"meta-nav\">&rarr;<\/span><\/a><\/p>\n","protected":false},"author":1,"featured_media":4855,"parent":0,"menu_order":0,"comment_status":"closed","ping_status":"closed","template":"","meta":{"footnotes":""},"class_list":["post-4850","page","type-page","status-publish","has-post-thumbnail","hentry"],"_links":{"self":[{"href":"https:\/\/www.bc-maps.com\/mapa-vectorial-eps\/wp-json\/wp\/v2\/pages\/4850","targetHints":{"allow":["GET"]}}],"collection":[{"href":"https:\/\/www.bc-maps.com\/mapa-vectorial-eps\/wp-json\/wp\/v2\/pages"}],"about":[{"href":"https:\/\/www.bc-maps.com\/mapa-vectorial-eps\/wp-json\/wp\/v2\/types\/page"}],"author":[{"embeddable":true,"href":"https:\/\/www.bc-maps.com\/mapa-vectorial-eps\/wp-json\/wp\/v2\/users\/1"}],"replies":[{"embeddable":true,"href":"https:\/\/www.bc-maps.com\/mapa-vectorial-eps\/wp-json\/wp\/v2\/comments?post=4850"}],"version-history":[{"count":2,"href":"https:\/\/www.bc-maps.com\/mapa-vectorial-eps\/wp-json\/wp\/v2\/pages\/4850\/revisions"}],"predecessor-version":[{"id":4856,"href":"https:\/\/www.bc-maps.com\/mapa-vectorial-eps\/wp-json\/wp\/v2\/pages\/4850\/revisions\/4856"}],"wp:featuredmedia":[{"embeddable":true,"href":"https:\/\/www.bc-maps.com\/mapa-vectorial-eps\/wp-json\/wp\/v2\/media\/4855"}],"wp:attachment":[{"href":"https:\/\/www.bc-maps.com\/mapa-vectorial-eps\/wp-json\/wp\/v2\/media?parent=4850"}],"curies":[{"name":"wp","href":"https:\/\/api.w.org\/{rel}","templated":true}]}}