{"id":482,"date":"2012-04-27T14:18:24","date_gmt":"2012-04-27T14:18:24","guid":{"rendered":"http:\/\/www.bc-maps.com\/mapa-vectorial-eps\/?page_id=482"},"modified":"2018-10-02T09:39:01","modified_gmt":"2018-10-02T09:39:01","slug":"la-granja","status":"publish","type":"page","link":"https:\/\/www.bc-maps.com\/mapa-vectorial-eps\/mapas-vectoriales\/espana\/ciudades\/la-granja\/","title":{"rendered":"La Granja"},"content":{"rendered":"<h1>Planos y mapas vectoriales de La Granja<\/h1>\n<h2><a href=\"https:\/\/www.bc-maps.com\/mapa-vectorial-eps\/mapas-vectoriales\" target=\"_blank\" rel=\"noopener\">Mapas vectoriales<\/a> editables eps, illustrator, freehand,pdf de las calles de La Granja<\/h2>\n<h3>Planos vectoriales de ciudades de Segovia<\/h3>\n<p>Podemos crear cualquier tipo de mapa de la ciudad de La Granja planos parciales, planos generales, planos de detalle,\u00a0\u00a0en formato <a href=\"http:\/\/www.adobe.com\/es\">illustrator<\/a>.<\/p>\n<figure id=\"attachment_3524\" aria-describedby=\"caption-attachment-3524\" style=\"width: 300px\" class=\"wp-caption alignnone\"><a href=\"http:\/\/www.bc-maps.com\/wp-content\/uploads\/2018\/10\/LA-GRANJA.jpg\" target=\"_blank\" rel=\"noopener\"><img loading=\"lazy\" decoding=\"async\" class=\"La Granja mapa vectorial illustrator eps wp-image-3524 size-medium\" title=\"La Granja mapa vectorial illustrator eps \" src=\"http:\/\/www.bc-maps.com\/wp-content\/uploads\/2018\/10\/LA-GRANJA-300x274.jpg\" alt=\"La Granja mapa vectorial illustrator eps \" width=\"300\" height=\"274\" srcset=\"https:\/\/www.bc-maps.com\/wp-content\/uploads\/2018\/10\/LA-GRANJA-300x274.jpg 300w, https:\/\/www.bc-maps.com\/wp-content\/uploads\/2018\/10\/LA-GRANJA-768x703.jpg 768w, https:\/\/www.bc-maps.com\/wp-content\/uploads\/2018\/10\/LA-GRANJA-1024x937.jpg 1024w, https:\/\/www.bc-maps.com\/wp-content\/uploads\/2018\/10\/LA-GRANJA.jpg 1243w\" sizes=\"auto, (max-width: 300px) 100vw, 300px\" \/><\/a><figcaption id=\"caption-attachment-3524\" class=\"wp-caption-text\">La Granja mapa vectorial illustrator eps<\/figcaption><\/figure>\n<p>El contenido depender\u00e1 del tama\u00f1o de la zona y la escala o medidas de reproducci\u00f3n, no trabajamos con textos inferiores a 5 puntos para que sean legibles.<\/p>\n<p>La informaci\u00f3n disponible va desde\u00a0monumentos, lugares de inter\u00e9s y populares, museos, oficinas de turismo, centros comerciales, medios de transporte.<\/p>\n<p>Tambi\u00e9n podemos a\u00f1adir cualquier otra informaci\u00f3n pr\u00e1ctica que nos soliciten ustedes.<\/p>\n<p>Nuestros mapas est\u00e1n estructurados por medio de capas y son totalmente editables, modificables, \u00a0tanto \u00a0colores y\u00a0fuentes\/textos.<\/p>\n<p>Nuestro ficheros\u00a0son libres de derechos para cualquier reproducci\u00f3n, incluyendo nuestro copyright.<\/p>\n<p>Los mapas\u00a0est\u00e1n creados con licencias oficiales de programas de Adobe, habitualmente entregamos en version CC, pero podemos entregar tambi\u00e9n en otras versiones.<\/p>\n<p>&nbsp;<\/p>\n","protected":false},"excerpt":{"rendered":"<p>Planos y mapas vectoriales de La Granja Mapas vectoriales editables eps, illustrator, freehand,pdf de las calles de La Granja Planos vectoriales de ciudades de Segovia Podemos crear cualquier tipo de mapa de la ciudad de La Granja planos parciales, planos generales, planos de detalle,\u00a0\u00a0en formato illustrator. El contenido depender\u00e1 del tama\u00f1o de la zona y &hellip; <a href=\"https:\/\/www.bc-maps.com\/mapa-vectorial-eps\/mapas-vectoriales\/espana\/ciudades\/la-granja\/\" class=\"more-link\">Seguir leyendo <span class=\"screen-reader-text\">La Granja<\/span> <span class=\"meta-nav\">&rarr;<\/span><\/a><\/p>\n","protected":false},"author":1,"featured_media":0,"parent":52,"menu_order":0,"comment_status":"closed","ping_status":"open","template":"","meta":{"footnotes":""},"class_list":["post-482","page","type-page","status-publish","hentry"],"_links":{"self":[{"href":"https:\/\/www.bc-maps.com\/mapa-vectorial-eps\/wp-json\/wp\/v2\/pages\/482","targetHints":{"allow":["GET"]}}],"collection":[{"href":"https:\/\/www.bc-maps.com\/mapa-vectorial-eps\/wp-json\/wp\/v2\/pages"}],"about":[{"href":"https:\/\/www.bc-maps.com\/mapa-vectorial-eps\/wp-json\/wp\/v2\/types\/page"}],"author":[{"embeddable":true,"href":"https:\/\/www.bc-maps.com\/mapa-vectorial-eps\/wp-json\/wp\/v2\/users\/1"}],"replies":[{"embeddable":true,"href":"https:\/\/www.bc-maps.com\/mapa-vectorial-eps\/wp-json\/wp\/v2\/comments?post=482"}],"version-history":[{"count":5,"href":"https:\/\/www.bc-maps.com\/mapa-vectorial-eps\/wp-json\/wp\/v2\/pages\/482\/revisions"}],"predecessor-version":[{"id":3584,"href":"https:\/\/www.bc-maps.com\/mapa-vectorial-eps\/wp-json\/wp\/v2\/pages\/482\/revisions\/3584"}],"up":[{"embeddable":true,"href":"https:\/\/www.bc-maps.com\/mapa-vectorial-eps\/wp-json\/wp\/v2\/pages\/52"}],"wp:attachment":[{"href":"https:\/\/www.bc-maps.com\/mapa-vectorial-eps\/wp-json\/wp\/v2\/media?parent=482"}],"curies":[{"name":"wp","href":"https:\/\/api.w.org\/{rel}","templated":true}]}}