{"id":477,"date":"2012-04-27T14:14:54","date_gmt":"2012-04-27T14:14:54","guid":{"rendered":"http:\/\/www.bc-maps.com\/mapa-vectorial-eps\/?page_id=477"},"modified":"2018-10-02T09:50:24","modified_gmt":"2018-10-02T09:50:24","slug":"huesca","status":"publish","type":"page","link":"https:\/\/www.bc-maps.com\/mapa-vectorial-eps\/mapas-vectoriales\/espana\/ciudades\/huesca\/","title":{"rendered":"Huesca"},"content":{"rendered":"<h1>Planos y mapas vectoriales de Huesca<\/h1>\n<h2><a href=\"https:\/\/www.bc-maps.com\/mapa-vectorial-eps\/mapas-vectoriales\">Mapas vectoriales<\/a> editables eps, illustrator, freehand,pdf de las calles de Huesca<\/h2>\n<h3>Planos vectoriales de ciudades<\/h3>\n<p>Podemos crear cualquier tipo de mapa de la ciudad de Huesca, planos parciales, planos generales, planos de detalle,\u00a0\u00a0en formato <a href=\"http:\/\/www.adobe.com\/es\">illustrator<\/a>.<\/p>\n<figure id=\"attachment_3512\" aria-describedby=\"caption-attachment-3512\" style=\"width: 300px\" class=\"wp-caption alignnone\"><a href=\"http:\/\/www.bc-maps.com\/wp-content\/uploads\/2018\/10\/HUESCA-C.jpg\" target=\"_blank\" rel=\"noopener\"><img loading=\"lazy\" decoding=\"async\" class=\"Huesca mapa vectorial illustrator eps centro wp-image-3512 size-medium\" title=\"Huesca mapa vectorial illustrator eps centro\" src=\"http:\/\/www.bc-maps.com\/wp-content\/uploads\/2018\/10\/HUESCA-C-300x225.jpg\" alt=\"Huesca mapa vectorial illustrator eps centro\" width=\"300\" height=\"225\" srcset=\"https:\/\/www.bc-maps.com\/wp-content\/uploads\/2018\/10\/HUESCA-C-300x225.jpg 300w, https:\/\/www.bc-maps.com\/wp-content\/uploads\/2018\/10\/HUESCA-C-768x576.jpg 768w, https:\/\/www.bc-maps.com\/wp-content\/uploads\/2018\/10\/HUESCA-C.jpg 794w\" sizes=\"auto, (max-width: 300px) 100vw, 300px\" \/><\/a><figcaption id=\"caption-attachment-3512\" class=\"wp-caption-text\">Huesca mapa vectorial illustrator eps centro<\/figcaption><\/figure>\n<figure id=\"attachment_3511\" aria-describedby=\"caption-attachment-3511\" style=\"width: 222px\" class=\"wp-caption alignnone\"><a href=\"http:\/\/www.bc-maps.com\/wp-content\/uploads\/2018\/10\/HUESCA-AVE.jpg\" target=\"_blank\" rel=\"noopener\"><img loading=\"lazy\" decoding=\"async\" class=\"Huesca mapa vectorial illustrator eps Ave wp-image-3511 size-medium\" title=\"Huesca mapa vectorial illustrator eps Ave\" src=\"http:\/\/www.bc-maps.com\/wp-content\/uploads\/2018\/10\/HUESCA-AVE-222x300.jpg\" alt=\"Huesca mapa vectorial illustrator eps Ave\" width=\"222\" height=\"300\" srcset=\"https:\/\/www.bc-maps.com\/wp-content\/uploads\/2018\/10\/HUESCA-AVE-222x300.jpg 222w, https:\/\/www.bc-maps.com\/wp-content\/uploads\/2018\/10\/HUESCA-AVE-768x1040.jpg 768w, https:\/\/www.bc-maps.com\/wp-content\/uploads\/2018\/10\/HUESCA-AVE-756x1024.jpg 756w, https:\/\/www.bc-maps.com\/wp-content\/uploads\/2018\/10\/HUESCA-AVE.jpg 1273w\" sizes=\"auto, (max-width: 222px) 100vw, 222px\" \/><\/a><figcaption id=\"caption-attachment-3511\" class=\"wp-caption-text\">Huesca mapa vectorial illustrator eps Ave<\/figcaption><\/figure>\n<p>El contenido depender\u00e1 del tama\u00f1o de la zona y la escala o medidas de reproducci\u00f3n, no trabajamos con textos inferiores a 5 puntos para que sean legibles.<\/p>\n<p>La informaci\u00f3n disponible va desde\u00a0monumentos, lugares de inter\u00e9s y populares, museos, oficinas de turismo, centros comerciales, medios de transporte.<\/p>\n<p>Tambi\u00e9n podemos a\u00f1adir cualquier otra informaci\u00f3n pr\u00e1ctica que nos soliciten ustedes.<\/p>\n<p>Nuestros mapas est\u00e1n estructurados por medio de capas y son totalmente editables, modificables, \u00a0tanto \u00a0colores y\u00a0fuentes\/textos.<\/p>\n<p>Nuestro ficheros\u00a0son libres de derechos para cualquier reproducci\u00f3n, incluyendo nuestro copyright.<\/p>\n<p>Los mapas\u00a0est\u00e1n creados con licencias oficiales de programas de Adobe, habitualmente entregamos en version CC, pero podemos entregar tambi\u00e9n en otras versiones.<\/p>\n<p>&nbsp;<\/p>\n<div class=\"mceTemp\"><\/div>\n","protected":false},"excerpt":{"rendered":"<p>Planos y mapas vectoriales de Huesca Mapas vectoriales editables eps, illustrator, freehand,pdf de las calles de Huesca Planos vectoriales de ciudades Podemos crear cualquier tipo de mapa de la ciudad de Huesca, planos parciales, planos generales, planos de detalle,\u00a0\u00a0en formato illustrator. El contenido depender\u00e1 del tama\u00f1o de la zona y la escala o medidas de &hellip; <a href=\"https:\/\/www.bc-maps.com\/mapa-vectorial-eps\/mapas-vectoriales\/espana\/ciudades\/huesca\/\" class=\"more-link\">Seguir leyendo <span class=\"screen-reader-text\">Huesca<\/span> <span class=\"meta-nav\">&rarr;<\/span><\/a><\/p>\n","protected":false},"author":1,"featured_media":0,"parent":52,"menu_order":0,"comment_status":"closed","ping_status":"open","template":"","meta":{"footnotes":""},"class_list":["post-477","page","type-page","status-publish","hentry"],"_links":{"self":[{"href":"https:\/\/www.bc-maps.com\/mapa-vectorial-eps\/wp-json\/wp\/v2\/pages\/477","targetHints":{"allow":["GET"]}}],"collection":[{"href":"https:\/\/www.bc-maps.com\/mapa-vectorial-eps\/wp-json\/wp\/v2\/pages"}],"about":[{"href":"https:\/\/www.bc-maps.com\/mapa-vectorial-eps\/wp-json\/wp\/v2\/types\/page"}],"author":[{"embeddable":true,"href":"https:\/\/www.bc-maps.com\/mapa-vectorial-eps\/wp-json\/wp\/v2\/users\/1"}],"replies":[{"embeddable":true,"href":"https:\/\/www.bc-maps.com\/mapa-vectorial-eps\/wp-json\/wp\/v2\/comments?post=477"}],"version-history":[{"count":6,"href":"https:\/\/www.bc-maps.com\/mapa-vectorial-eps\/wp-json\/wp\/v2\/pages\/477\/revisions"}],"predecessor-version":[{"id":3592,"href":"https:\/\/www.bc-maps.com\/mapa-vectorial-eps\/wp-json\/wp\/v2\/pages\/477\/revisions\/3592"}],"up":[{"embeddable":true,"href":"https:\/\/www.bc-maps.com\/mapa-vectorial-eps\/wp-json\/wp\/v2\/pages\/52"}],"wp:attachment":[{"href":"https:\/\/www.bc-maps.com\/mapa-vectorial-eps\/wp-json\/wp\/v2\/media?parent=477"}],"curies":[{"name":"wp","href":"https:\/\/api.w.org\/{rel}","templated":true}]}}