{"id":473,"date":"2012-04-27T14:12:13","date_gmt":"2012-04-27T14:12:13","guid":{"rendered":"http:\/\/www.bc-maps.com\/mapa-vectorial-eps\/?page_id=473"},"modified":"2025-12-22T16:45:51","modified_gmt":"2025-12-22T16:45:51","slug":"girona","status":"publish","type":"page","link":"https:\/\/www.bc-maps.com\/mapa-vectorial-eps\/mapas-vectoriales\/espana\/ciudades\/girona\/","title":{"rendered":"Girona"},"content":{"rendered":"<h1>Planos y mapas vectoriales de Girona<\/h1>\n<h2>Mapas vectoriales editables eps, illustrator,pdf de las calles de Girona<\/h2>\n<h3>Planos vectoriales de ciudades<\/h3>\n<p>Podemos crear cualquier tipo de mapa de la ciudad de Girona \u00a0planos parciales, planos generales, planos de detalle,\u00a0\u00a0en formato <a href=\"http:\/\/www.adobe.com\/es\">illustrator<\/a>.<\/p>\n<figure id=\"attachment_3498\" aria-describedby=\"caption-attachment-3498\" style=\"width: 300px\" class=\"wp-caption alignnone\"><a href=\"http:\/\/www.bc-maps.com\/wp-content\/uploads\/2018\/10\/GIRONA-Vector-map.jpg\" target=\"_blank\" rel=\"noopener\"><img loading=\"lazy\" decoding=\"async\" class=\"Girona mapa vectorial illustrator eps Viva Tours wp-image-3498 size-medium\" title=\"Girona mapa vectorial illustrator eps Viva Tours\" src=\"http:\/\/www.bc-maps.com\/wp-content\/uploads\/2018\/10\/GIRONA-Vector-map-300x226.jpg\" alt=\"Girona mapa vectorial illustrator eps Viva Tours\" width=\"300\" height=\"226\" srcset=\"https:\/\/www.bc-maps.com\/wp-content\/uploads\/2018\/10\/GIRONA-Vector-map-300x226.jpg 300w, https:\/\/www.bc-maps.com\/wp-content\/uploads\/2018\/10\/GIRONA-Vector-map-768x580.jpg 768w, https:\/\/www.bc-maps.com\/wp-content\/uploads\/2018\/10\/GIRONA-Vector-map.jpg 1012w\" sizes=\"auto, (max-width: 300px) 100vw, 300px\" \/><\/a><figcaption id=\"caption-attachment-3498\" class=\"wp-caption-text\">Girona mapa vectorial illustrator eps Viva Tours<\/figcaption><\/figure>\n<figure id=\"attachment_1947\" aria-describedby=\"caption-attachment-1947\" style=\"width: 300px\" class=\"wp-caption alignnone\"><a href=\"http:\/\/www.bc-maps.com\/wp-content\/uploads\/2013\/03\/PLANOL-MAPA-PORTBOU.jpg\" target=\"_blank\" rel=\"noopener\"><img loading=\"lazy\" decoding=\"async\" class=\"Portbou mapa vectorial illustrator eps Ajuntament wp-image-1947 size-medium\" title=\"Portbou mapa vectorial illustrator eps Ajuntament\" src=\"http:\/\/www.bc-maps.com\/wp-content\/uploads\/2013\/03\/PLANOL-MAPA-PORTBOU-300x212.jpg\" alt=\"Portbou mapa vectorial illustrator eps Ajuntament\" width=\"300\" height=\"212\" srcset=\"https:\/\/www.bc-maps.com\/wp-content\/uploads\/2013\/03\/PLANOL-MAPA-PORTBOU-300x212.jpg 300w, https:\/\/www.bc-maps.com\/wp-content\/uploads\/2013\/03\/PLANOL-MAPA-PORTBOU-1024x724.jpg 1024w, https:\/\/www.bc-maps.com\/wp-content\/uploads\/2013\/03\/PLANOL-MAPA-PORTBOU.jpg 1587w\" sizes=\"auto, (max-width: 300px) 100vw, 300px\" \/><\/a><figcaption id=\"caption-attachment-1947\" class=\"wp-caption-text\">Portbou mapa vectorial illustrator eps Ajuntament<\/figcaption><\/figure>\n<p>El contenido depender\u00e1 del tama\u00f1o de la zona y la escala o medidas de reproducci\u00f3n, no trabajamos con textos inferiores a 5 puntos para que sean legibles.<\/p>\n<p>La informaci\u00f3n disponible va desde\u00a0monumentos, lugares de inter\u00e9s y populares, museos, oficinas de turismo, centros comerciales, medios de transporte.<\/p>\n<p>Tambi\u00e9n podemos a\u00f1adir cualquier otra informaci\u00f3n pr\u00e1ctica que nos soliciten ustedes.<\/p>\n<p>Nuestros mapas est\u00e1n estructurados por medio de capas y son totalmente editables, modificables, \u00a0tanto \u00a0colores y\u00a0fuentes\/textos.<\/p>\n<p>Nuestro ficheros\u00a0son libres de derechos para cualquier reproducci\u00f3n, incluyendo nuestro copyright.<\/p>\n<p>Los maps\u00a0est\u00e1n creados con licencias oficiales de programas de Adobe, habitualmente entregamos en version CC, pero podemos entregar tambi\u00e9n en otras versiones.<\/p>\n","protected":false},"excerpt":{"rendered":"<p>Planos y mapas vectoriales de Girona Mapas vectoriales editables eps, illustrator,pdf de las calles de Girona Planos vectoriales de ciudades Podemos crear cualquier tipo de mapa de la ciudad de Girona \u00a0planos parciales, planos generales, planos de detalle,\u00a0\u00a0en formato illustrator. El contenido depender\u00e1 del tama\u00f1o de la zona y la escala o medidas de reproducci\u00f3n, &hellip; <a href=\"https:\/\/www.bc-maps.com\/mapa-vectorial-eps\/mapas-vectoriales\/espana\/ciudades\/girona\/\" class=\"more-link\">Seguir leyendo <span class=\"screen-reader-text\">Girona<\/span> <span class=\"meta-nav\">&rarr;<\/span><\/a><\/p>\n","protected":false},"author":1,"featured_media":3498,"parent":52,"menu_order":0,"comment_status":"closed","ping_status":"open","template":"","meta":{"footnotes":""},"class_list":["post-473","page","type-page","status-publish","has-post-thumbnail","hentry"],"_links":{"self":[{"href":"https:\/\/www.bc-maps.com\/mapa-vectorial-eps\/wp-json\/wp\/v2\/pages\/473","targetHints":{"allow":["GET"]}}],"collection":[{"href":"https:\/\/www.bc-maps.com\/mapa-vectorial-eps\/wp-json\/wp\/v2\/pages"}],"about":[{"href":"https:\/\/www.bc-maps.com\/mapa-vectorial-eps\/wp-json\/wp\/v2\/types\/page"}],"author":[{"embeddable":true,"href":"https:\/\/www.bc-maps.com\/mapa-vectorial-eps\/wp-json\/wp\/v2\/users\/1"}],"replies":[{"embeddable":true,"href":"https:\/\/www.bc-maps.com\/mapa-vectorial-eps\/wp-json\/wp\/v2\/comments?post=473"}],"version-history":[{"count":3,"href":"https:\/\/www.bc-maps.com\/mapa-vectorial-eps\/wp-json\/wp\/v2\/pages\/473\/revisions"}],"predecessor-version":[{"id":8362,"href":"https:\/\/www.bc-maps.com\/mapa-vectorial-eps\/wp-json\/wp\/v2\/pages\/473\/revisions\/8362"}],"up":[{"embeddable":true,"href":"https:\/\/www.bc-maps.com\/mapa-vectorial-eps\/wp-json\/wp\/v2\/pages\/52"}],"wp:featuredmedia":[{"embeddable":true,"href":"https:\/\/www.bc-maps.com\/mapa-vectorial-eps\/wp-json\/wp\/v2\/media\/3498"}],"wp:attachment":[{"href":"https:\/\/www.bc-maps.com\/mapa-vectorial-eps\/wp-json\/wp\/v2\/media?parent=473"}],"curies":[{"name":"wp","href":"https:\/\/api.w.org\/{rel}","templated":true}]}}