{"id":4709,"date":"2021-09-26T08:55:00","date_gmt":"2021-09-26T08:55:00","guid":{"rendered":"http:\/\/www.bc-maps.com\/mapa-vectorial-eps\/tenerife-mapa-vectorial-illustrator-eps-ai-2\/"},"modified":"2021-09-27T18:07:29","modified_gmt":"2021-09-27T18:07:29","slug":"maspalomas-mapa-vectorial-illustrator-eps-ai","status":"publish","type":"page","link":"https:\/\/www.bc-maps.com\/mapa-vectorial-eps\/maspalomas-mapa-vectorial-illustrator-eps-ai\/","title":{"rendered":"Maspalomas mapa vectorial Illustrator eps"},"content":{"rendered":"<h1>Planos y mapas vectoriales de la ciudad de Maspalomas<\/h1>\n<h2>Mapas vectoriales editables estructurados con capas de carreteras de Canarias<\/h2>\n<h3>Planos vectoriales de ciudades de Gran Canaria<\/h3>\n<p>Podemos crear cualquier tipo de mapa de la poblaci\u00f3n de Maspalomas, planos parciales, planos generales, planos de detalle, planos de ciudades\u2026etc.<\/p>\n<p>Los mapas se entregan en formatos editables <a href=\"http:\/\/www.adobe.es\">adobe<\/a> illustrator, eps, corel, freehand.<\/p>\n<p>El contenido de informaci\u00f3n depender\u00e1 del tama\u00f1o de la zona y la escala o medidas de reproducci\u00f3n, ya que no trabajamos con textos inferiores a 5 puntos para que sean legibles.<\/p>\n<figure id=\"attachment_4712\" aria-describedby=\"caption-attachment-4712\" style=\"width: 300px\" class=\"wp-caption alignnone\"><a href=\"http:\/\/www.bc-maps.com\/wp-content\/uploads\/2021\/09\/Maspalomas-mapa-vectorial-illustrator-eps-scaled.jpg\" target=\"_blank\" rel=\"noopener\"><img loading=\"lazy\" decoding=\"async\" class=\"wp-image-4712 size-medium\" title=\"Maspalomas mapa vectorial illustrator eps ai\" src=\"http:\/\/www.bc-maps.com\/wp-content\/uploads\/2021\/09\/Maspalomas-mapa-vectorial-illustrator-eps-300x163.jpg\" alt=\"Maspalomas mapa vectorial illustrator eps ai\" width=\"300\" height=\"163\" srcset=\"https:\/\/www.bc-maps.com\/wp-content\/uploads\/2021\/09\/Maspalomas-mapa-vectorial-illustrator-eps-300x163.jpg 300w, https:\/\/www.bc-maps.com\/wp-content\/uploads\/2021\/09\/Maspalomas-mapa-vectorial-illustrator-eps-1024x557.jpg 1024w, https:\/\/www.bc-maps.com\/wp-content\/uploads\/2021\/09\/Maspalomas-mapa-vectorial-illustrator-eps-768x418.jpg 768w, https:\/\/www.bc-maps.com\/wp-content\/uploads\/2021\/09\/Maspalomas-mapa-vectorial-illustrator-eps-1536x836.jpg 1536w, https:\/\/www.bc-maps.com\/wp-content\/uploads\/2021\/09\/Maspalomas-mapa-vectorial-illustrator-eps-2048x1115.jpg 2048w\" sizes=\"auto, (max-width: 300px) 100vw, 300px\" \/><\/a><figcaption id=\"caption-attachment-4712\" class=\"wp-caption-text\">Maspalomas mapa vectorial illustrator eps ai<\/figcaption><\/figure>\n<p>El contenido depender\u00e1 del tama\u00f1o de la zona y la escala o medidas de reproducci\u00f3n, no trabajamos con textos inferiores a 5 puntos para que sean legibles.<\/p>\n<p>La informaci\u00f3n disponible va desde\u00a0monumentos, lugares de inter\u00e9s y populares, museos, oficinas de turismo, centros comerciales, medios de transporte.<\/p>\n<p>Tambi\u00e9n podemos a\u00f1adir cualquier otra informaci\u00f3n pr\u00e1ctica que nos soliciten ustedes.<\/p>\n<p>Nuestros mapas est\u00e1n estructurados por medio de capas y son totalmente editables, modificables, \u00a0tanto \u00a0colores y\u00a0fuentes\/textos.<\/p>\n<p>Nuestro ficheros\u00a0son libres de derechos para cualquier reproducci\u00f3n, incluyendo nuestro copyright.<\/p>\n<p>Los maps\u00a0est\u00e1n creados con licencias oficiales de programas de Adobe, habitualmente entregamos en version CC, pero podemos entregar tambi\u00e9n en otras versiones.<\/p>\n","protected":false},"excerpt":{"rendered":"<p>Planos y mapas vectoriales de la ciudad de Maspalomas Mapas vectoriales editables estructurados con capas de carreteras de Canarias Planos vectoriales de ciudades de Gran Canaria Podemos crear cualquier tipo de mapa de la poblaci\u00f3n de Maspalomas, planos parciales, planos generales, planos de detalle, planos de ciudades\u2026etc. Los mapas se entregan en formatos editables adobe &hellip; <a href=\"https:\/\/www.bc-maps.com\/mapa-vectorial-eps\/maspalomas-mapa-vectorial-illustrator-eps-ai\/\" class=\"more-link\">Seguir leyendo <span class=\"screen-reader-text\">Maspalomas mapa vectorial Illustrator eps<\/span> <span class=\"meta-nav\">&rarr;<\/span><\/a><\/p>\n","protected":false},"author":1,"featured_media":4712,"parent":0,"menu_order":0,"comment_status":"closed","ping_status":"closed","template":"","meta":{"footnotes":""},"class_list":["post-4709","page","type-page","status-publish","has-post-thumbnail","hentry"],"_links":{"self":[{"href":"https:\/\/www.bc-maps.com\/mapa-vectorial-eps\/wp-json\/wp\/v2\/pages\/4709","targetHints":{"allow":["GET"]}}],"collection":[{"href":"https:\/\/www.bc-maps.com\/mapa-vectorial-eps\/wp-json\/wp\/v2\/pages"}],"about":[{"href":"https:\/\/www.bc-maps.com\/mapa-vectorial-eps\/wp-json\/wp\/v2\/types\/page"}],"author":[{"embeddable":true,"href":"https:\/\/www.bc-maps.com\/mapa-vectorial-eps\/wp-json\/wp\/v2\/users\/1"}],"replies":[{"embeddable":true,"href":"https:\/\/www.bc-maps.com\/mapa-vectorial-eps\/wp-json\/wp\/v2\/comments?post=4709"}],"version-history":[{"count":2,"href":"https:\/\/www.bc-maps.com\/mapa-vectorial-eps\/wp-json\/wp\/v2\/pages\/4709\/revisions"}],"predecessor-version":[{"id":4713,"href":"https:\/\/www.bc-maps.com\/mapa-vectorial-eps\/wp-json\/wp\/v2\/pages\/4709\/revisions\/4713"}],"wp:featuredmedia":[{"embeddable":true,"href":"https:\/\/www.bc-maps.com\/mapa-vectorial-eps\/wp-json\/wp\/v2\/media\/4712"}],"wp:attachment":[{"href":"https:\/\/www.bc-maps.com\/mapa-vectorial-eps\/wp-json\/wp\/v2\/media?parent=4709"}],"curies":[{"name":"wp","href":"https:\/\/api.w.org\/{rel}","templated":true}]}}